{"id":10308,"date":"2019-06-11T13:33:46","date_gmt":"2019-06-11T11:33:46","guid":{"rendered":"https:\/\/trashhero.org\/about-us-trash-hero-world-vorstand\/"},"modified":"2025-05-01T16:55:03","modified_gmt":"2025-05-01T14:55:03","slug":"about-us-trash-hero-world-vorstand","status":"publish","type":"page","link":"https:\/\/trashhero.org\/de\/about-us-trash-hero-world-vorstand\/","title":{"rendered":"\u00dcber uns | Trash Hero World Vorstand"},"content":{"rendered":"<section class=\"section swatch-white  section-text-no-shadow section-inner-no-shadow section-normal section-opaque\"  data-label=\"\">\n    \n    <div class=\"background-overlay grid-overlay-0 \" style=\"background-color: rgba(0,0,0,0);\"><\/div>\n\n    <div class=\"container\">\n        <div class=\"row vertical-top\">\n            <div class=\"col-md-2     text-default small-screen-default\"  ><div class=\"figure  element-short-top element-short-bottom image-filter-none image-filter-onhover fade-in text-center figcaption-middle normalwidth\" data-os-animation=\"none\" data-os-animation-delay=\"0s\">\n            <a href=\"https:\/\/trashhero.org\/wp-content\/uploads\/2019\/05\/TH-Logo-World.jpg\" class=\"figure-image magnific image-all\" data-links=\"\" target=\"_self\">\n    \n    <img decoding=\"async\" src=\"https:\/\/trashhero.org\/wp-content\/uploads\/2019\/05\/TH-Logo-World-300x300.jpg\"   class=\"normalwidth\" \/>    \n            <\/a>\n    \n<\/div>[vc_widget_sidebar sidebar_id=&#8220;sidebar&#8220;]<\/div><div class=\"col-md-10     text-default small-screen-default\"  ><div class=\" element-short-top element-short-bottom\" data-os-animation=\"none\" data-os-animation-delay=\"0s\">\n    <div class=\"tlid-language-bar ls-wrap\">\n<div class=\"tl-wrap\">\n<div class=\"tl-sugg\">\n<div class=\"gt-hl-layer\" dir=\"\"><span class=\"tlid-translation translation\" lang=\"de\"><span title=\"\">Trash Hero World hat einen unabh\u00e4ngigen Vereinsvorstand, der sich aus Schweizer B\u00fcrgerInnen zusammensetzt.<\/span> <span title=\"\">Die Managementverantwortung wird an <\/span><\/span><span class=\"tlid-translation translation\" lang=\"de\"><span title=\"\">ein internationales Support-Kernteam delegiert.<\/span><\/span><\/div>\n<\/div>\n<\/div>\n<\/div>\n<div class=\"source-wrap\">\n<div class=\"input-full-height-wrapper tlid-input-full-height-wrapper\">\n<div class=\"source-input\">\n<div id=\"input-wrap\" class=\"tlid-input-area input-area less-padding\">\n<div tabindex=\"0\"><\/div>\n<div class=\"result-shield-container tlid-copy-target\" tabindex=\"0\">\n<p><span class=\"tlid-translation translation\" lang=\"de\">Das Team setzt die von Trash Hero World beschlossene Strategie um und entwickelt und koordiniert die Programmdurchf\u00fchrung entsprechend. <span title=\"\">Zusammen bieten sie F\u00fchrung, Kontrolle und Unterst\u00fctzung f\u00fcr das gesamte Trash Hero-Netzwerk mit Inputs der L\u00e4nderorganisationen und Chapters.<\/span><\/span><\/p>\n<p>Als Organisation profitieren wir auch von der fachlichen Beratung durch professionelle ExpertInnen, unter anderem in den Bereichen Fundraising, Recht und Wissenschaft. Die meisten bieten ihre Dienste pro bono an, wof\u00fcr wir sehr dankbar sind.<\/p>\n<\/div>\n<\/div>\n<\/div>\n<\/div>\n<\/div>\n<\/div><div class=\"divider-wrapper\" style=\"visibility:visible;background-color:#cecece\">\n    <div class=\"visible-xs\" style=\"height:24px;\"><\/div>\n    <div class=\"visible-sm\" style=\"height:24px;\"><\/div>\n    <div class=\"visible-md\" style=\"height:24px;\"><\/div>\n    <div class=\"visible-lg\" style=\"height:24px;\"><\/div>\n<\/div><div class=\" element-short-top element-short-bottom\" data-os-animation=\"none\" data-os-animation-delay=\"0s\">\n    <h2>VORSTANDSMITGLIEDER<\/h2>\n<hr \/>\n<p><strong>Stephanie Bieri, Luzern<br \/>\n<\/strong><strong><em>Vorstandsmitglied<br \/>\nAnw\u00e4ltin<\/em><\/strong><\/p>\n<p>&#8222;Nach meiner Primarlehrerausbildung und einer Unterrichtst\u00e4tigkeit habe ich Rechtswissenschaften studiert. Nach diversen Praktika in unterschiedlichsten Bereichen habe ich die Anwaltspr\u00fcfung absolviert. Ich arbeite nun in einer Anwaltskanzlei als Rechtsanw\u00e4ltin und bin in der Polizeiausbildung t\u00e4tig. Da mich die Themen Abfall und Recycling schon immer besch\u00e4ftigt haben, freue ich mich, dass ich nun bei Trash Hero World mitwirken kann und mein rechtliches Wissen einsetzen kann.&#8220;<\/p>\n<hr \/>\n<p><strong>Silvia Frey, PhD, Reitnau<br \/>\n<em>Aktuarin<\/em><\/strong><\/p>\n<p>Silvia wurde in der Schweiz geboren und hat einen Masterabschluss in Umweltnaturwissenschaften und absolvierte ein Doktorat in Neurobiologie. Sie arbeitet seit \u00fcber 20 Jahren als Meeresschutzbiologin. Seit den Anf\u00e4ngen von Trash Hero World war sie beeindruckt von den positiven Auswirkungen der Organisation auf Natur und Menschen und f\u00fchlt sich geehrt, diese zu unterst\u00fctzen und Teil der Bewegung zu sein.<\/p>\n<hr \/>\n<p><strong>Rolf Gm\u00fcr, Udligenswil<br \/>\n<em>Vorstandsmitglied<br \/>\nGesch\u00e4ftsf\u00fchrer HM2R Baukultur AG<br \/>\n<\/em><\/strong><\/p>\n<p>&#8222;Als Architekten besch\u00e4ftigen wir uns t\u00e4glich mit dem Thema Lebensraum. Ein ganzheitliches Engagement f\u00fcr unsere Umwelt ist f\u00fcr mich daher eine unabdingbare Sache &#8211; f\u00fcr eine lebenswerte Welt, f\u00fcr unsere Kinder und Enkelkinder. Mit meiner Arbeit im Vorstand kann ich einen aktiven Beitrag zu einem der gr\u00f6ssten Herausforderungen unsere Zeit leisten. Der Spirit der Trash Hero &#8211; Bewegung ist inspirierend und ansteckend. Ich bin stolz darauf, ein Teil dieser Bewegung zu sein.&#8220;<\/p>\n<hr \/>\n<p><strong>Roman Peter, Inwil<br \/>\n<em>Pr\u00e4sident<\/em><\/strong><\/p>\n<p>Roman ist einer der Mitbegr\u00fcnder von Trash Hero und initiierte im Dezember 2013 zusammen mit Freunden die allererste M\u00fcllsammelaktion in Thailand. Seitdem arbeitet er unerm\u00fcdlich als Freiwilliger am Aufbau und der Leitung der globalen Bewegung und meldete 2016 Trash Hero World in der Schweiz als Verein an. 2024 zog er sich von seiner Position als ehrenamtlicher Gesch\u00e4ftsf\u00fchrer zur\u00fcck, um einen Platz im Vorstand einzunehmen, in dem er derzeit das Amt des Pr\u00e4sidenten aus\u00fcbt. Er hat einen Bachelorabschluss in Informatik und arbeitet Teilzeit im Familienunternehmen im Kanton Luzern.<\/p>\n<hr \/>\n<p><strong>Silvia Selber-Deluca, Monteceneri<br \/>\n<em>Kassierin<\/em><\/strong><\/p>\n<p>Silvia arbeitet, nach 20 j\u00e4hriger T\u00e4tigkeit in einem Treuhandb\u00fcro seit 2001 f\u00fcr die eigene Firma welche Dienstleistungen, vorwiegend im Bereich Buchhaltung und Administration, anbietet. Sie war bis 2023 VR Mitglied der <a href=\"http:\/\/www.bioma.com\">Bioma SA<\/a> in Quartino, welche Produkte f\u00fcr eine chemiefreie Umwelt entwickelt. Sie hat Trash Hero durch Roman Peter kennengelernt. Ihre vier Kinder sind f\u00fcr sie der wichtigste Grund, ihre Erfahrung und Kenntnisse daf\u00fcr einzusetzen, die Umwelt auch f\u00fcr die n\u00e4chsten Generationen lebenswert zu erhalten.<\/p>\n<hr \/>\n<\/div><div class=\"divider-wrapper\" style=\"visibility:visible;background-color:#cecece\">\n    <div class=\"visible-xs\" style=\"height:24px;\"><\/div>\n    <div class=\"visible-sm\" style=\"height:24px;\"><\/div>\n    <div class=\"visible-md\" style=\"height:24px;\"><\/div>\n    <div class=\"visible-lg\" style=\"height:24px;\"><\/div>\n<\/div><div class=\" element-short-top element-short-bottom\" data-os-animation=\"none\" data-os-animation-delay=\"0s\">\n    <h2>REVISIONSSTELLE<\/h2>\n<hr \/>\n<p><strong>LUFIDA REVISIONS AG<\/strong><br \/>\nDie Lufida-Revision bietet seiner Klientel aus kleinen und mittelgrossen Unternehmen aber auch Non-Profit-Organisationen und Gemeinden ihre Dienstleistungen an als unabh\u00e4ngiges und flexibles Wirtschaftspr\u00fcfungs-Unternehmen.<\/p>\n<p>Als Unternehmen, das sich daf\u00fcr einsetzt, die Welt f\u00fcr zuk\u00fcnftige Generationen sauber zu halten, sorgt es f\u00fcr einen umweltfreundlichen Arbeitsplatz und folgt nachhaltigen Gesch\u00e4ftspraktiken. Dar\u00fcber hinaus unterst\u00fctzen sie Trash Hero World mit ihrer Expertise als Revisionsstelle. <a href=\"https:\/\/www.lufida.ch\/\">www.lufida.ch<\/a><\/p>\n<hr \/>\n<\/div><div class=\"divider-wrapper\" style=\"visibility:visible;background-color:#cecece\">\n    <div class=\"visible-xs\" style=\"height:24px;\"><\/div>\n    <div class=\"visible-sm\" style=\"height:24px;\"><\/div>\n    <div class=\"visible-md\" style=\"height:24px;\"><\/div>\n    <div class=\"visible-lg\" style=\"height:24px;\"><\/div>\n<\/div><div class=\" element-short-top element-short-bottom\" data-os-animation=\"none\" data-os-animation-delay=\"0s\">\n    <h2>FACHBERATER<\/h2>\n<hr \/>\n<p><strong>DUNEKAMP GmbH<br \/>\n<em>Fundraising Beratung<\/em><\/strong><\/p>\n<p>Die DUNEKAMP GmbH ist ein von Felizitas Dunekamp gegr\u00fcndetes Beratungsunternehmen mit mehr als 30 Jahren Erfahrung im Fundraising mit gro\u00dfen und kleinen, nationalen und internationalen Organisationen. Sie verf\u00fcgen \u00fcber fundierte Kenntnisse in allen Bereichen der Mittelbeschaffung und sind spezialisiert auf das Major Donor Fundraising.<\/p>\n<p>Die Philosophie von DUNEKAMP besteht darin, Organisationen in die Lage zu versetzen, ihre Fundraising-Ziele selbst\u00e4ndig zu verwirklichen.\u00a0 Sie haben Trash Hero World bei der Erstellung und Weiterentwicklung von integrierten Fundraising-Strategien unterst\u00fctzt und bei der erfolgreichen Umsetzung aller Fundraising-Instrumente geholfen. <a href=\"https:\/\/www.dunekamp.ch\">www.dunecamp.ch<\/a><\/p>\n<hr \/>\n<p><strong>Daniel Greif<br \/>\n<em>Weltweite Markenrechtsberatung<\/em><\/strong><br \/>\nDan ist der Direktor f\u00fcr S\u00fcdosasien und Senior Anwalt f\u00fcr Markenrecht bei S&amp;O Intellectual Property. S&amp;O bietet Marken-, Urheberrechts- und andere Rechtsdienstleistungen im Bereich geistiges Eigentum in ganz S\u00fcdostasien an. Dan ist auf Markenrecht spezialisiert und vertritt Markeninhaber in strittigen und nicht strittigen Markenangelegenheiten. Er wurde von der World Trademark Review und anderen f\u00fchrenden Markenbewertungsunternehmen durchweg als einer der f\u00fchrenden Markenanw\u00e4lte im asiatisch-pazifischen Raum eingestuft. Zuvor war Dan International Internationaler Markenrechtsberater f\u00fcr COCA-COLA und davor Senior Anwalt f\u00fcr Markenrechte bei SONY CORPORATION.<\/p>\n<hr \/>\n<p><strong>Meyerlustenberger Lachenal Rechtsanw\u00e4lte<br \/>\n<em>Rechtsberatung<\/em><\/strong><br \/>\nAls eine der f\u00fchrenden Anwaltskanzleien der Schweiz ber\u00e4t MLL Unternehmen sowie erfolgreiche Privatpersonen aus aller Welt. Mit vier Standorten in der Schweiz und einem internationalen Netzwerk von Partnerkanzleien bietet MLL eine kompetente Rechtsberatung und Unterst\u00fctzung bei nationalen und internationalen Gesch\u00e4ftst\u00e4tigkeiten.<\/p>\n<p>MLL ist stolzer Unterst\u00fctzer des Vereins Trash Hero World in Bezug auf ausgew\u00e4hlte Schweizer Rechtsfragen. So unterst\u00fctzt die Kanzlei den Verein beispielsweise bei der Ausgestaltung der Vereinsorganisation und entsprechenden Reglementen. <a href=\"https:\/\/mll-legal.com\/\">www.mll-legal.com<\/a><\/p>\n<hr \/>\n<\/div><\/div>        <\/div>\n    <\/div>\n<\/section>\n\n","protected":false},"excerpt":{"rendered":"[vc_widget_sidebar sidebar_id=\"sidebar\"] Trash Hero World hat einen unabh\u00e4ngigen Vereinsvorstand, der sich aus Schweizer B\u00fcrgerInnen zusammensetzt. Die Managementverantwortung wird an ein internationales Support-Kernteam delegiert. Das Team setzt die von Trash Hero World beschlossene Strategie um und entwickelt und koordiniert die Programmdurchf\u00fchrung entsprechend. Zusammen bieten sie F\u00fchrung, Kontrolle und Unterst\u00fctzung f\u00fcr das gesamte Trash Hero-Netzwerk mit Inputs","protected":false},"author":8,"featured_media":0,"parent":0,"menu_order":0,"comment_status":"closed","ping_status":"closed","template":"","meta":{"footnotes":""},"class_list":["post-10308","page","type-page","status-publish","hentry"],"_links":{"self":[{"href":"https:\/\/trashhero.org\/de\/wp-json\/wp\/v2\/pages\/10308","targetHints":{"allow":["GET"]}}],"collection":[{"href":"https:\/\/trashhero.org\/de\/wp-json\/wp\/v2\/pages"}],"about":[{"href":"https:\/\/trashhero.org\/de\/wp-json\/wp\/v2\/types\/page"}],"author":[{"embeddable":true,"href":"https:\/\/trashhero.org\/de\/wp-json\/wp\/v2\/users\/8"}],"replies":[{"embeddable":true,"href":"https:\/\/trashhero.org\/de\/wp-json\/wp\/v2\/comments?post=10308"}],"version-history":[{"count":75,"href":"https:\/\/trashhero.org\/de\/wp-json\/wp\/v2\/pages\/10308\/revisions"}],"predecessor-version":[{"id":45559,"href":"https:\/\/trashhero.org\/de\/wp-json\/wp\/v2\/pages\/10308\/revisions\/45559"}],"wp:attachment":[{"href":"https:\/\/trashhero.org\/de\/wp-json\/wp\/v2\/media?parent=10308"}],"curies":[{"name":"wp","href":"https:\/\/api.w.org\/{rel}","templated":true}]}}