{"id":10402,"date":"2019-06-20T11:41:12","date_gmt":"2019-06-20T09:41:12","guid":{"rendered":"https:\/\/trashhero.org\/uber-uns-finanzen\/"},"modified":"2025-06-05T10:19:18","modified_gmt":"2025-06-05T08:19:18","slug":"uber-uns-finanzen","status":"publish","type":"page","link":"https:\/\/trashhero.org\/de\/uber-uns-finanzen\/","title":{"rendered":"\u00dcber uns | Finanzen"},"content":{"rendered":"<section class=\"section swatch-white  section-text-no-shadow section-inner-no-shadow section-normal section-opaque\"  data-label=\"\">\n    \n    <div class=\"background-overlay grid-overlay-0 \" style=\"background-color: rgba(0,0,0,0);\"><\/div>\n\n    <div class=\"container\">\n        <div class=\"row vertical-top\">\n            <div class=\"col-md-2     text-default small-screen-default\"  ><div class=\"figure  element-short-top element-short-bottom image-filter-none image-filter-onhover fade-in text-center figcaption-middle normalwidth\" data-os-animation=\"none\" data-os-animation-delay=\"0s\">\n            <a href=\"https:\/\/trashhero.org\/wp-content\/uploads\/2019\/05\/TH-Logo-World.jpg\" class=\"figure-image magnific image-all\" data-links=\"\" target=\"_self\">\n    \n    <img decoding=\"async\" src=\"https:\/\/trashhero.org\/wp-content\/uploads\/2019\/05\/TH-Logo-World-300x300.jpg\"   class=\"normalwidth\" \/>    \n            <\/a>\n    \n<\/div>[vc_widget_sidebar sidebar_id=&#8220;sidebar&#8220;]<\/div><div class=\"col-md-10     text-default small-screen-default\"  ><div class=\" element-short-top element-short-bottom\" data-os-animation=\"none\" data-os-animation-delay=\"0s\">\n    <p>Trash Hero ist eine registrierte Non-Profit-Organisation. Unsere Einnahmen f\u00fcr das Jahr 2024 beliefen sich auf 291&#8217;562 CHF. Im Jahr 2023 waren es 322&#8217;405 CHF. Die Unterst\u00fctzung kommt aus drei Hauptbereichen:<\/p>\n<hr \/>\n<h2>Spenden und Sponsoren<\/h2>\n<p>Unsere Haupteinnahmequelle sind Stiftungen und andere Geldgeber, die Trash Hero World sowohl eingeschr\u00e4nkte als auch uneingeschr\u00e4nkte Gelder zur Verf\u00fcgung stellen. Wir erhalten auch Geld von Privatpersonen, die unsere Arbeit sowohl allgemein als auch f\u00fcr bestimmte Projektideen unterst\u00fctzen, wie z. B. das durchgef\u00fchrte Online-Crowdfunding f\u00fcr unser <a href=\"https:\/\/trashhero.org\/blog\/trash-hero-kids-book\/\">Kinderbuch<\/a>. <a href=\"https:\/\/trashhero.org\/de\/ueber-uns-finanzen-firmen-sponsoren\/\">Unternehmensspenden<\/a> sind willkommen, werden aber sorgf\u00e4ltig gepr\u00fcft: Wir akzeptieren nur Beitr\u00e4ge von sozial verantwortlichen Unternehmen, die keine Verbindung zur Kunststoffindustrie haben. Idealerweise sollten sie bereits jetzt schon konkrete Schritte zur Abfallreduzierung in ihrem gesamten Betrieb unternehmen. Es ist allen bei Trash Hero wichtig, dass unsere Finanzierung aus Quellen erfolgt, die mit unseren Werten und unserer Mission vereinbar sind. Alle unsere Fundraising-Aktivit\u00e4ten werden durch unsere <a href=\"https:\/\/trashhero.org\/wp-content\/uploads\/2021\/04\/THW-Ethische-Finanzierungsrichtlinien.pdf\">ethischen Finanzierungs<\/a>&#8211; und <a href=\"https:\/\/trashhero.org\/wp-content\/uploads\/2020\/03\/THW-ethical-fundraising-2020.pdf\">Fundraising-Richtlinien<\/a> bestimmt. (Die Ethischen Finanzierungsrichtlinien sind auch in folgenden Sprachen verf\u00fcgbar: <a href=\"https:\/\/trashhero.org\/wp-content\/uploads\/2021\/04\/THW-ethical-funding-policy.pdf\">Englisch<\/a>, <a href=\"https:\/\/trashhero.org\/wp-content\/uploads\/2021\/11\/%E0%B8%99%E0%B9%82%E0%B8%A2%E0%B8%9A%E0%B8%B2%E0%B8%A2%E0%B8%81%E0%B8%B2%E0%B8%A3%E0%B8%A3%E0%B8%B0%E0%B8%94%E0%B8%A1%E0%B8%97%E0%B8%B8%E0%B8%99%E0%B8%95%E0%B8%B2%E0%B8%A1%E0%B8%AB%E0%B8%A5%E0%B8%B1%E0%B8%81%E0%B8%88%E0%B8%A3%E0%B8%B4%E0%B8%A2%E0%B8%98%E0%B8%A3%E0%B8%A3%E0%B8%A1.pdf\">\u0e44\u0e17\u0e22<\/a>, <a href=\"https:\/\/trashhero.org\/wp-content\/uploads\/2021\/11\/Kebijakan-Pendanaan-Etis-THI.pdf\">Bahasa Indonesia<\/a>, <a href=\"https:\/\/trashhero.org\/wp-content\/uploads\/2023\/01\/THW-Polisi-Pembiayaan-Beretika.pdf\">Bahasa Melayu<\/a>, <a href=\"https:\/\/trashhero.org\/wp-content\/uploads\/2024\/06\/Trash-Hero-Ethical-Funding-Policy-Arabic-1.pdf\">Arabic)<\/a><\/p>\n<hr \/>\n<h2>Selbst erwirtschaftetes Einkommen<\/h2>\n<p>Trash Hero World erh\u00e4lt Einnahmen aus einer Reihe von Partnerschaften mit Unternehmen, die unsere ethischen <a href=\"https:\/\/trashhero.org\/wp-content\/uploads\/2024\/06\/Trash-Hero-World-Ethische-Finanzierungsrichtlinien.pdf\">Finanzierungsrichtlinien<\/a> einhalten, sowie aus verschiedenen Veranstaltungen und bezahlten Vortr\u00e4gen im Laufe des Jahres. In der Vergangenheit haben wir in der Schweiz das Programm Trash Hero @ Work durchgef\u00fchrt, das bescheidene Einnahmen zur Unterst\u00fctzung globaler Programme generierte. Dieses Programm wird nicht mehr durchgef\u00fchrt.<\/p>\n<hr \/>\n<h2>Sachspenden<\/h2>\n<p>Auf Chapter-Ebene erlauben wir nur Sachspenden, um uns bei der Durchf\u00fchrung unserer Programme zu unterst\u00fctzen. Diese stammen von lokalen Unternehmen in Form von Handschuhen, Transportmitteln, Verpflegung etc. f\u00fcr die Cleanup-Teilnehmenden. Verantwortlich f\u00fcr Gelder ist unsere Hauptorganisation und kein Chapter sucht oder erh\u00e4lt Geldspenden. Wir sind auch sehr dankbar f\u00fcr Zeit- und Sachspenden von Freiwilligen aus der ganzen Welt die uns helfen, Programme zu koordinieren und durchzuf\u00fchren sowie Design-, \u00dcbersetzungs-, Projektmanagement-, Rechts-, Verwaltungs- und Buchhaltungsarbeiten f\u00fcr uns erledigen. 2024 haben unsere Freiwilligen total 151&#8217;965 Stunden ehrenamtliche Arbeit geleistet! Derzeit werden Sachspenden in unseren Gesamtzahlen nicht ber\u00fccksichtigt, da es schwierig ist, den aus verschiedenen Teilen der Welt stammenden Spenden einen einheitlichen finanziellen Wert zuzuordnen.<\/p>\n<hr \/>\n<p>Wir danken allen, die Trash Hero und unsere Mission f\u00fcr ein sauberes Meer und eine saubere Umwelt unterst\u00fctzen, vor allem unseren leidenschaftlichen und engagierten Freiwilligen: Die kontinuierliche Spende ihrer Zeit macht diese Organisation so stark. Auch unsere Geldgebenden werden sehr gesch\u00e4tzt: Sie sind der Schl\u00fcssel f\u00fcr unser Wachstum und unsere Expansion. Herzlichen Dank! Auch du kannst Trash Hero mit einer <a href=\"https:\/\/trashhero.org\/de\/?page_id=5884\">Spende<\/a> oder <a href=\"https:\/\/trashhero.org\/de\/jobportal-fuer-freiwillige\/\">deiner Zeit<\/a> unterst\u00fctzen!<\/p>\n<\/div><div class=\"figure  element-short-top element-short-bottom image-filter-none image-filter-onhover fade-in text-center figcaption-middle normalwidth\" data-os-animation=\"none\" data-os-animation-delay=\"0s\">\n            <a href=\"https:\/\/trashhero.org\/wp-content\/uploads\/2019\/05\/maumere8.jpg\" class=\"figure-image magnific image-all\" data-links=\"\" target=\"_self\">\n    \n    <img decoding=\"async\" src=\"https:\/\/trashhero.org\/wp-content\/uploads\/2019\/05\/maumere8.jpg\"   class=\"normalwidth\" \/>    \n            <\/a>\n    \n<\/div><div class=\" element-short-top element-short-bottom\" data-os-animation=\"none\" data-os-animation-delay=\"0s\">\n    <h2>Wie verwenden wir das Geld?<\/h2>\n<p>Im Jahr 2024 wurden gut 87 % unserer Einnahmen f\u00fcr unsere Programme ausgegeben: f\u00fcr die Schulung und Unterst\u00fctzung unserer ehrenamtlichen Community Leader und die Bereitstellung von Materialien f\u00fcr die Bildungs-, Aufr\u00e4um- und Flaschennachf\u00fcll- Programme. Wir finanzierten auch die Besch\u00e4ftigung von sieben Mitarbeitenden \u00fcber unser internationales Netzwerk und einer Mitarbeiterin in der Schweiz. Ein grosser Teil der allgemeinen Organisationskosten im Jahr 2024, einschliesslich Buchhaltung, Verwaltung und Compliance, wurden durch selbst erwirtschaftete Einnahmen gedeckt (siehe oben); ein Teil dieser Arbeit wird derzeit auch <em>pro bono<\/em> geleistet. Dank unserer engagierten Gruppe von Freiwilligen sind wir in der Lage, unsere Kosten auf ein Minimum zu beschr\u00e4nken. Wir sind jedoch dringend auf der Suche nach finanziellen Mitteln, um zus\u00e4tzliches Schl\u00fcsselpersonal zu bezahlen und langfristig in unsere Programme zu investieren.<\/p>\n<h2>Unsere Jahresberichte<\/h2>\n<p>Wenn du mehr \u00fcber unsere Finanzen und unsere Auswirkungen erfahren m\u00f6chtest, <a href=\"https:\/\/trashhero.org\/de\/jahresberichte\/\">findest du mehr Details in unseren Jahresberichten<\/a>, die als PDF-Downloads verf\u00fcgbar sind.<\/p>\n<\/div><\/div>        <\/div>\n    <\/div>\n<\/section>\n\n","protected":false},"excerpt":{"rendered":"[vc_widget_sidebar sidebar_id=\"sidebar\"] Trash Hero ist eine registrierte Non-Profit-Organisation. Unsere Einnahmen f\u00fcr das Jahr 2024 beliefen sich auf 291'562 CHF. Im Jahr 2023 waren es 322'405 CHF. Die Unterst\u00fctzung kommt aus drei Hauptbereichen: Spenden und Sponsoren Unsere Haupteinnahmequelle sind Stiftungen und andere Geldgeber, die Trash Hero World sowohl eingeschr\u00e4nkte als auch uneingeschr\u00e4nkte Gelder zur Verf\u00fcgung stellen.","protected":false},"author":8,"featured_media":0,"parent":0,"menu_order":0,"comment_status":"closed","ping_status":"closed","template":"","meta":{"footnotes":""},"class_list":["post-10402","page","type-page","status-publish","hentry"],"_links":{"self":[{"href":"https:\/\/trashhero.org\/de\/wp-json\/wp\/v2\/pages\/10402","targetHints":{"allow":["GET"]}}],"collection":[{"href":"https:\/\/trashhero.org\/de\/wp-json\/wp\/v2\/pages"}],"about":[{"href":"https:\/\/trashhero.org\/de\/wp-json\/wp\/v2\/types\/page"}],"author":[{"embeddable":true,"href":"https:\/\/trashhero.org\/de\/wp-json\/wp\/v2\/users\/8"}],"replies":[{"embeddable":true,"href":"https:\/\/trashhero.org\/de\/wp-json\/wp\/v2\/comments?post=10402"}],"version-history":[{"count":96,"href":"https:\/\/trashhero.org\/de\/wp-json\/wp\/v2\/pages\/10402\/revisions"}],"predecessor-version":[{"id":45823,"href":"https:\/\/trashhero.org\/de\/wp-json\/wp\/v2\/pages\/10402\/revisions\/45823"}],"wp:attachment":[{"href":"https:\/\/trashhero.org\/de\/wp-json\/wp\/v2\/media?parent=10402"}],"curies":[{"name":"wp","href":"https:\/\/api.w.org\/{rel}","templated":true}]}}