{"id":10408,"date":"2019-06-20T12:17:50","date_gmt":"2019-06-20T10:17:50","guid":{"rendered":"https:\/\/trashhero.org\/uber-uns-wie-wir-organisiert-sind\/"},"modified":"2024-09-16T14:16:22","modified_gmt":"2024-09-16T12:16:22","slug":"uber-uns-wie-wir-organisiert-sind","status":"publish","type":"page","link":"https:\/\/trashhero.org\/de\/uber-uns-wie-wir-organisiert-sind\/","title":{"rendered":"\u00dcber uns | Wie wir organisiert sind"},"content":{"rendered":"<p>.<section class=\"section swatch-white  section-text-no-shadow section-inner-no-shadow section-normal section-opaque\"  data-label=\"\">\n    \n    <div class=\"background-overlay grid-overlay-0 \" style=\"background-color: rgba(0,0,0,0);\"><\/div>\n\n    <div class=\"container\">\n        <div class=\"row vertical-top\">\n            <div class=\"col-md-2     text-default small-screen-default\"  ><div class=\"figure  element-short-top element-short-bottom image-filter-none image-filter-onhover fade-in text-center figcaption-middle normalwidth\" data-os-animation=\"none\" data-os-animation-delay=\"0s\">\n            <a href=\"https:\/\/trashhero.org\/wp-content\/uploads\/2019\/05\/TH-Logo-World.jpg\" class=\"figure-image magnific image-all\" data-links=\"\" target=\"_self\">\n    \n    <img decoding=\"async\" src=\"https:\/\/trashhero.org\/wp-content\/uploads\/2019\/05\/TH-Logo-World-300x300.jpg\"   class=\"normalwidth\" \/>    \n            <\/a>\n    \n<\/div>[vc_widget_sidebar sidebar_id=&#8220;sidebar&#8220;]<\/div><div class=\"col-md-10     text-default small-screen-default\"  ><div class=\" element-short-top element-short-bottom\" data-os-animation=\"none\" data-os-animation-delay=\"0s\">\n    <p><span class=\"tlid-translation translation\" lang=\"de\"><span class=\"\" title=\"\">Trash Hero ist eine globale Bewegung von Freiwilligen, die von Trash Hero World gef\u00fchrt, unterst\u00fctzt und geleitet wird.<\/span><\/span><\/p>\n<p><span class=\"tlid-translation translation\" lang=\"de\"><span class=\"\" title=\"\">Das Herzst\u00fcck ist ein wachsendes <a href=\"https:\/\/trashhero.org\/de\/unser-netzwerk\/\">Netzwerk von Chapters<\/a>: lokale Organisationen (Chapter) ohne eigene Rechtspers\u00f6nlichkeit, die unsere Programme durchf\u00fchren.<\/span> <span class=\"\" title=\"\">Jedes Chapter ist Mitglied von Trash Hero World und seiner nationalen Trash Hero-Organisation, sofern vorhanden.<\/span><\/span><\/p>\n<p><span class=\"tlid-translation translation\" lang=\"de\"><span class=\"\" title=\"\">Derzeit erstreckt sich unser Netzwerk auf 13 L\u00e4nder auf der ganzen Welt: Indonesien, Thailand, Malaysia, Myanmar, Vietnam, Kambodscha, Kuwait, Singapur, Tschechische Republik, Polen, Serbien, Schweiz und Deutschland.<\/span><\/span><\/p>\n<p><span class=\"tlid-translation translation\" lang=\"de\"><span class=\"\" title=\"\">In L\u00e4ndern mit einer bedeutenden Anzahl von Chapters haben wir damit begonnen, Organisationen auf L\u00e4nderebene zu registrieren, um die Programmkoordinierung zu erleichtern und die lokalen Stimmen sowohl auf der nationalen Ebene als auch innerhalb der Bewegung zu vertreten.<\/span><\/span><\/p>\n<p>Bis Dezember 2023 wurden bereits folgende Non-Profit-Organisationen registriert:<\/p>\n<ul>\n<li>Trash Hero Indonesia<\/li>\n<li>Trash Hero Thailand<\/li>\n<li>Trash Hero Myanmar<\/li>\n<\/ul>\n<p><strong>Trash Hero World<\/strong> fungiert als Dachorganisation f\u00fcr das globale Netzwerk von Chapters und L\u00e4nderorganisationen und unterst\u00fctzt die Bewegung <span class=\"tlid-translation translation\" lang=\"de\"><span class=\"\" title=\"\">sowohl finanziell als auch strukturell.<\/span> <span class=\"\" title=\"\">Trash Hero World ist ein gemeinn\u00fctziger Verein, der in der Schweiz registriert ist<\/span><\/span> (<a href=\"https:\/\/trashhero.org\/wp-content\/uploads\/CommercialRegisterEntry.pdf\">UID CHE-234.539.479<\/a>) und nach Schweizer Recht steuerbefreit ist (<a href=\"https:\/\/trashhero.org\/wp-content\/uploads\/2017\/08\/Steuer-Befreiung-Trash-Hero-World-.pdf\">Register Nr. 1993507, Kanton Luzern<\/a>). <span class=\"tlid-translation translation\" lang=\"de\"><span class=\"\" title=\"\">Der Verein wird gem\u00e4ss seiner Statuten von einem unbezahlten <a href=\"https:\/\/trashhero.org\/de\/about-us-trash-hero-world-vorstand\/\">Vorstand<\/a> geleitet, der aus verschiedenen Bereichen des Gesch\u00e4fts- und Berufslebens stammt.<\/span><\/span><\/p>\n<p><span class=\"tlid-translation translation\" lang=\"de\"><span class=\"\" title=\"\">Zus\u00e4tzliche Programmunterst\u00fctzung f\u00fcr das globale Netzwerk bietet<a href=\"https:\/\/trashhero.org.uk\/\"> Trash Hero UK<\/a>, eine eingetragene Wohlt\u00e4tigkeitsorganisation (Charity) mit Sitz in England.<\/span><\/span><\/p>\n<p><strong>Friends of Trash Hero Worl<\/strong>d ist eine US-amerikanische Non-Profit-Organisation, welche die globale Trash Hero-Bewegung finanziell unterst\u00fctzt. Sie ist als 501(c)3 im Bundesstaat Washington registriert und von der US-Steuerbeh\u00f6rde Internal Revenue Service als steuerbefreit anerkannt (EIN: 93-3358448). Um mehr \u00fcber eine steuerlich absetzbare Spende zu erfahren, klicke<a href=\"https:\/\/trashhero.org\/de\/?page_id=42939\"> hier.<\/a><\/p>\n<\/div><\/div>        <\/div>\n    <\/div>\n<\/section>\n.<\/p>\n","protected":false},"excerpt":{"rendered":"<p>..<\/p>\n","protected":false},"author":8,"featured_media":0,"parent":0,"menu_order":0,"comment_status":"closed","ping_status":"closed","template":"","meta":{"footnotes":""},"class_list":["post-10408","page","type-page","status-publish","hentry"],"_links":{"self":[{"href":"https:\/\/trashhero.org\/de\/wp-json\/wp\/v2\/pages\/10408","targetHints":{"allow":["GET"]}}],"collection":[{"href":"https:\/\/trashhero.org\/de\/wp-json\/wp\/v2\/pages"}],"about":[{"href":"https:\/\/trashhero.org\/de\/wp-json\/wp\/v2\/types\/page"}],"author":[{"embeddable":true,"href":"https:\/\/trashhero.org\/de\/wp-json\/wp\/v2\/users\/8"}],"replies":[{"embeddable":true,"href":"https:\/\/trashhero.org\/de\/wp-json\/wp\/v2\/comments?post=10408"}],"version-history":[{"count":42,"href":"https:\/\/trashhero.org\/de\/wp-json\/wp\/v2\/pages\/10408\/revisions"}],"predecessor-version":[{"id":43782,"href":"https:\/\/trashhero.org\/de\/wp-json\/wp\/v2\/pages\/10408\/revisions\/43782"}],"wp:attachment":[{"href":"https:\/\/trashhero.org\/de\/wp-json\/wp\/v2\/media?parent=10408"}],"curies":[{"name":"wp","href":"https:\/\/api.w.org\/{rel}","templated":true}]}}