{"id":14013,"date":"2020-05-25T18:14:42","date_gmt":"2020-05-25T16:14:42","guid":{"rendered":"https:\/\/trashhero.org\/trash-hero-kids-grossartig\/"},"modified":"2020-12-16T09:37:52","modified_gmt":"2020-12-16T08:37:52","slug":"trash-hero-kids-grossartig","status":"publish","type":"page","link":"https:\/\/trashhero.org\/de\/trash-hero-kids-grossartig\/","title":{"rendered":"Trash Hero Kids | #Grossartig"},"content":{"rendered":"<section class=\"section swatch-white  section-text-no-shadow section-inner-no-shadow section-normal section-opaque\"  data-label=\"\">\n    \n    <div class=\"background-overlay grid-overlay-0 \" style=\"background-color: rgba(0,0,0,0);\"><\/div>\n\n    <div class=\"container-fullwidth\">\n        <div class=\"row vertical-top\">\n            <div class=\"col-md-12     text-default small-screen-default\"  ><div id=\"masthead\" class=\"navbar navbar-static-top oxy-mega-menu navbar-sticky swatch-white no-underline text-none\" role=\"banner\">\n    <div class=\"container\">\n\n        <div class=\"navbar-header\">\n            <button type=\"button\" class=\"navbar-toggle collapsed\" data-toggle=\"collapse\" data-target=\"#main-navbar\">\n                <span class=\"icon-bar\"><\/span>\n                <span class=\"icon-bar\"><\/span>\n                <span class=\"icon-bar\"><\/span>\n            <\/button>\n            <a href=\"https:\/\/trashhero.org\/de\/\" class=\"navbar-brand\"><img decoding=\"async\" src=\"http:\/\/trashhero.org\/wp-content\/uploads\/2017\/08\/THW_transparent_black-e1459069448640.png\" alt=\"Trash Hero World\"\/><\/a>        <\/div>\n\n        <nav id=\"main-navbar\" class=\"collapse navbar-collapse\" role=\"navigation\">\n\n            <div class=\"menu-sidebar pull-right\">\n                            <\/div>\n\n            <div class=\"menu-th-kids-de-container\"><ul id=\"menu-th-kids-de\" class=\"nav navbar-nav navbar-right\"><li id=\"menu-item-16189\" class=\"menu-item menu-item-type-post_type menu-item-object-page menu-item-16189\"><a href=\"https:\/\/trashhero.org\/de\/trash-hero-kids-videos\/\"><i class=\"menu-icon fa fa-play-circle-o\"><\/i>&nbsp;VIDEOS<\/a><\/li>\n<li id=\"menu-item-16191\" class=\"menu-item menu-item-type-post_type menu-item-object-page menu-item-16191\"><a href=\"https:\/\/trashhero.org\/de\/trash-hero-kids-themen\/\"><i class=\"menu-icon fa fa-file-text-o\"><\/i>&nbsp;THEMEN<\/a><\/li>\n<li id=\"menu-item-16192\" class=\"menu-item menu-item-type-post_type menu-item-object-page menu-item-16192\"><a href=\"https:\/\/trashhero.org\/de\/trash-hero-kids-werde-aktiv\/\"><i class=\"menu-icon fa fa-hand-o-up\"><\/i>&nbsp;WERDE AKTIV<\/a><\/li>\n<li id=\"menu-item-16190\" class=\"menu-item menu-item-type-post_type menu-item-object-page menu-item-16190\"><a href=\"https:\/\/trashhero.org\/de\/trash-hero-kids-spiele\/\"><i class=\"menu-icon fa fa-question-circle-o\"><\/i>&nbsp;SPIELE<\/a><\/li>\n<li id=\"menu-item-16179\" class=\"menu-item menu-item-type-post_type menu-item-object-page menu-item-16179\"><a href=\"https:\/\/trashhero.org\/de\/trash-hero-kids-grossartig\/\"><i class=\"menu-icon fa fa-star-o\"><\/i>&nbsp;#GROSSARTIG<\/a><\/li>\n<li id=\"menu-item-16178\" class=\"menu-item menu-item-type-post_type menu-item-object-page menu-item-16178\"><a href=\"https:\/\/trashhero.org\/de\/trash-hero-kids\/\"><i class=\"menu-icon fa fa-mail-reply\"><\/i>&nbsp;zur\u00fcck zu Trash Hero Kids<\/a><\/li>\n<\/ul><\/div>\n        <\/nav>\n    <\/div>\n<\/div>\n<\/div>        <\/div>\n    <\/div>\n<\/section>\n<section class=\"section swatch-white  section-text-no-shadow section-inner-no-shadow section-normal section-opaque\"  data-label=\"\">\n    \n    <div class=\"background-overlay grid-overlay-0 \" style=\"background-color: rgba(0,0,0,0);\"><\/div>\n\n    <div class=\"container\">\n        <div class=\"row vertical-top\">\n            <div class=\"col-md-12     text-default small-screen-default\"  ><header class=\"text-center  element-short-top element-short-bottom not-condensed\" data-os-animation=\"none\" data-os-animation-delay=\"0s\" >\n    <h1 class=\"bigger regular no-bordered-header bordered-normal\" >\n        Trash Hero Kids | Du bist grossartig!    <\/h1>\n    <\/header>\n<div class=\" element-short-top element-short-bottom\" data-os-animation=\"none\" data-os-animation-delay=\"0s\">\n    <p>Wir freuen uns sehr, von Trash Hero Kids aus aller Welt zu h\u00f6ren. Wenn du dich aktiv f\u00fcr das Sammeln, Reduzieren oder Wiederverwenden von M\u00fcll einsetzt, wollen wir davon wissen!<\/p>\n<p>Schicke uns Bilder, Zeichnungen und Videos, und wir werden sie hier auf unserer Trash Hero Kids Club Seite ver\u00f6ffentlichen.<\/p>\n<p>Wir w\u00fcrden auch gerne alle Ideen, Tipps und Vorschl\u00e4ge h\u00f6ren, die du f\u00fcr deine Heldenfreunde hast. \ud83d\ude42<\/p>\n<p>Schicke uns einfach eine E-Mail an kids@trashhero.org oder hinterlasse einen Kommentar zu einem Beitrag. DANKE!<\/p>\n<\/div>[vc_basic_grid post_type=&#8220;post&#8220; max_items=&#8220;-1&#8243; style=&#8220;lazy&#8220; item=&#8220;basicGrid_SlideFromLeft&#8220; grid_id=&#8220;vc_gid:1590422697896-bdd0b9d3-f25f-3&#8243; taxonomies=&#8220;125&#8243;]<\/div>        <\/div>\n    <\/div>\n<\/section>\n","protected":false},"excerpt":{"rendered":"&nbsp;VIDEOS &nbsp;THEMEN &nbsp;WERDE AKTIV &nbsp;SPIELE &nbsp;#GROSSARTIG &nbsp;zur\u00fcck zu Trash Hero Kids Trash Hero Kids | Du bist grossartig! Wir freuen uns sehr, von Trash Hero Kids aus aller Welt zu h\u00f6ren. Wenn du dich aktiv f\u00fcr das Sammeln, Reduzieren oder Wiederverwenden von M\u00fcll einsetzt, wollen wir davon wissen! Schicke uns Bilder, Zeichnungen und Videos, und","protected":false},"author":8,"featured_media":0,"parent":0,"menu_order":0,"comment_status":"closed","ping_status":"closed","template":"","meta":{"footnotes":""},"class_list":["post-14013","page","type-page","status-publish","hentry"],"_links":{"self":[{"href":"https:\/\/trashhero.org\/de\/wp-json\/wp\/v2\/pages\/14013","targetHints":{"allow":["GET"]}}],"collection":[{"href":"https:\/\/trashhero.org\/de\/wp-json\/wp\/v2\/pages"}],"about":[{"href":"https:\/\/trashhero.org\/de\/wp-json\/wp\/v2\/types\/page"}],"author":[{"embeddable":true,"href":"https:\/\/trashhero.org\/de\/wp-json\/wp\/v2\/users\/8"}],"replies":[{"embeddable":true,"href":"https:\/\/trashhero.org\/de\/wp-json\/wp\/v2\/comments?post=14013"}],"version-history":[{"count":2,"href":"https:\/\/trashhero.org\/de\/wp-json\/wp\/v2\/pages\/14013\/revisions"}],"predecessor-version":[{"id":16288,"href":"https:\/\/trashhero.org\/de\/wp-json\/wp\/v2\/pages\/14013\/revisions\/16288"}],"wp:attachment":[{"href":"https:\/\/trashhero.org\/de\/wp-json\/wp\/v2\/media?parent=14013"}],"curies":[{"name":"wp","href":"https:\/\/api.w.org\/{rel}","templated":true}]}}