{"id":14037,"date":"2020-06-22T09:47:00","date_gmt":"2020-06-22T07:47:00","guid":{"rendered":"https:\/\/trashhero.org\/erfolge\/"},"modified":"2026-04-10T12:03:26","modified_gmt":"2026-04-10T10:03:26","slug":"erfolge","status":"publish","type":"page","link":"https:\/\/trashhero.org\/de\/erfolge\/","title":{"rendered":"Erfolge"},"content":{"rendered":"<p>[vc_section]<section class=\"section swatch-white  section-text-no-shadow section-inner-no-shadow section-normal section-opaque\" id=\"movement\"  data-label=\"\">\n    \n    <div class=\"background-overlay grid-overlay-0 \" style=\"background-color: rgba(0,0,0,0);\"><\/div>\n\n    <div class=\"container\">\n        <div class=\"row vertical-top\">\n            <div class=\"col-md-12     text-default small-screen-default\"  ><\/div>        <\/div>\n    <\/div>\n<\/section>\n<section class=\"section swatch-white  section-text-no-shadow section-inner-no-shadow section-normal section-opaque\" id=\"movement\"  data-label=\"\">\n    \n    <div class=\"background-overlay grid-overlay-0 \" style=\"background-color: rgba(0,0,0,0);\"><\/div>\n\n    <div class=\"container\">\n        <div class=\"row vertical-top\">\n            <div class=\"col-md-8     text-default small-screen-default\"  ><header class=\"text-left  element-short-top element-short-bottom not-condensed\" data-os-animation=\"none\" data-os-animation-delay=\"0s\" >\n    <h1 class=\"normal regular no-bordered-header bordered-normal\" >\n        &#8222;Wir r\u00e4umen auf. Wir bilden aus. Wir ver\u00e4ndern.&#8220;    <\/h1>\n            <p class=\"normal\" >Dezember 2013 bis jetzt<\/p>\n    <\/header>\n<div class=\" element-short-top element-short-bottom\" data-os-animation=\"none\" data-os-animation-delay=\"0s\">\n    <p>Trash Hero wurde 2013 in Thailand von einer Gruppe Gleichgesinnter ins Leben gerufen, die etwas gegen die lokale M\u00fcllkrise unternehmen wollten. Wir organisierten w\u00f6chentliche Strands\u00e4uberungen und kl\u00e4rten Freiwillige \u00fcber die Auswirkungen von M\u00fcll &#8211; und insbesondere von Plastik &#8211; auf unsere Umwelt auf.<\/p>\n<p>Heute besteht die Organisation aus 95 offiziellen Chaptern in folgenden L\u00e4ndern: <span style=\"font-weight: 400;\">Thailand, Indonesien, Malaysia, Myanmar, Vietnam, <\/span><span style=\"font-weight: 400;\">Kambodscha<\/span><span style=\"font-weight: 400;\">, <\/span><span style=\"font-weight: 400;\">S\u00fcdkorea<\/span><span style=\"font-weight: 400;\">, Japan, Kuwait, Schweiz, Deutschland, <\/span><span style=\"font-weight: 400;\">Tschechische Republik<\/span><span style=\"font-weight: 400;\">, Serbien und USA. <\/span>Unsere neuesten gesammelten Zahlen* zeigen, dass bis heute dem 31 December 2025 599,248 Freiwillige weltweit an 25,378 Cleanups teilgenommen haben und dabei 2,716,807 Kg M\u00fcll von Str\u00e4nden und St\u00e4dten entfernt haben. Die Teilnehmer der Veranstaltung werden f\u00fcr das globale Abfallproblem sensibilisiert und dazu ermutigt, nach Hause zu gehen und sich genauer anzusehen, was sie in ihrem Alltag tun k\u00f6nnen.<\/p>\n<p>*Die Zahlen werden regelm\u00e4ssig nach jedem Cleanup von unseren Chapters gemeldet und mit einem Post in den sozialen Medien begleitet. Live-Feeds der Daten k\u00f6nnen auf den Seiten der <a href=\"https:\/\/trashhero.org\/de\/unser-netzwerk\/\">einzelnen Chapters eingesehen<\/a> werden.<\/p>\n<\/div><\/div><div class=\"col-md-4     text-center small-screen-default\"  ><p class=\"lead text-center center  element-short-top element-short-bottom\" data-os-animation=\"none\" data-os-animation-delay=\"0s\">Globale Cleanups<\/p><div class=\"counter no-bordered text-default  element-short-top element-short-bottom\" data-count=\"22,113\" data-format=\"(,ddd)\" data-os-animation=\"none\" data-os-animation-delay=\"0s\">\n    <span class=\"value odometer-counter super regular\">\n        0    <\/span>\n<\/div><p class=\"lead text-center center  element-short-top element-short-bottom\" data-os-animation=\"none\" data-os-animation-delay=\"0s\">Freiwillige Helfer weltweit<\/p><div class=\"counter no-bordered text-default  element-short-top element-short-bottom\" data-count=\"538,530\" data-format=\"(,ddd)\" data-os-animation=\"none\" data-os-animation-delay=\"0s\">\n    <span class=\"value odometer-counter super regular\">\n        0    <\/span>\n<\/div><p class=\"lead text-center center  element-short-top element-short-bottom\" data-os-animation=\"none\" data-os-animation-delay=\"0s\">Gesammelter Abfall weltweit in Kg<\/p><div class=\"counter no-bordered text-default  element-short-top element-short-bottom\" data-count=\"2,534,487\" data-format=\"(,ddd)\" data-os-animation=\"none\" data-os-animation-delay=\"0s\">\n    <span class=\"value odometer-counter super regular\">\n        0    <\/span>\n<\/div><\/div>        <\/div>\n    <\/div>\n<\/section>\n<section class=\"section swatch-white  section-text-no-shadow section-inner-no-shadow section-normal section-opaque\" id=\"bottles\"  data-label=\"\">\n    \n    <div class=\"background-overlay grid-overlay-0 \" style=\"background-color: rgba(0,0,0,0);\"><\/div>\n\n    <div class=\"container\">\n        <div class=\"row vertical-top\">\n            <div class=\"col-md-8     text-default small-screen-default\"  ><header class=\"text-left  element-short-top element-short-bottom not-condensed\" data-os-animation=\"none\" data-os-animation-delay=\"0s\" >\n    <h1 class=\"normal regular no-bordered-header bordered-normal\" >\n        Trash Hero Flaschen    <\/h1>\n            <p class=\"normal\" >Dezember 2014 bis jetzt<\/p>\n    <\/header>\n<div class=\" element-short-top element-short-bottom\" data-os-animation=\"none\" data-os-animation-delay=\"0s\">\n    <p>Seit dem Start des <a href=\"https:\/\/trashhero.org\/de\/flaschen-taschen-programm\/\">Flaschen &amp; Taschen-Programms<\/a> wurden 113,088 wiederverwendbare Wasserflaschen gekauft. Jede gekaufte wiederverwendbare Wasserflasche steht f\u00fcr eine Plastikflasche, die nicht gekauft und dann weggeworfen wird. Und jedes Mal, wenn diese Flasche nachgef\u00fcllt wird, zu Hause oder an einer unserer kostenlosen Nachf\u00fcllstationen, ist das eine weitere Plastikflasche, die nicht im M\u00fcll landet.<\/p>\n<p>Selbst wenn man davon ausgeht, dass die Flasche ein Jahr lang einmal pro Tag benutzt wird (in der Praxis kann sie ein Leben lang verwendet werden), ist das eine riesige Menge an Plastikm\u00fcll, der nicht auf M\u00fclldeponien oder im Meer landet. In S\u00fcdostasien, wo Wasser in Flaschen die Norm ist (es ist nicht sicher, Leitungswasser zu trinken), ist dies eine klare und langfristige L\u00f6sung, um den derzeitigen Plastikverbrauch zu reduzieren.<\/p>\n<p>Wir <a href=\"https:\/\/trashhero.org\/de\/spende\/\">sammeln kontinuierlich finanzielle Mittel<\/a>, um unseren Chaptern einen nachhaltigen Flaschenbestand zur Verf\u00fcgung zu stellen, damit sie das Verkaufs- und Nachf\u00fcllnetz in ihren Gemeinschaften ausbauen k\u00f6nnen. Die Chapter geben diese Flaschen zum Selbstkostenpreis an lokale Unternehmen ab und reinvestieren den Erl\u00f6s in neue Flaschen f\u00fcr die Zukunft.<\/p>\n<p>Die Unternehmen verkaufen die Flaschen dann mit einem kleinen Gewinn weiter, w\u00e4hrend sie jedem, der eine Flasche besitzt, kostenloses Trinkwasser zur Verf\u00fcgung stellen. Der Kunde profitiert von dem Nachf\u00fcllnetz, wenn er unterwegs ist und das Unternehmen profitiert von mehr Kunden und der Bekanntheit durch unsere Medienkan\u00e4le und der <a href=\"https:\/\/trashhero.org\/de\/trash-hero-bottle-refill-karte\/\">Refill-Map.<\/a><\/p>\n<p>Auf diese Weise k\u00f6nnen Verbraucher und Unternehmen gemeinsam dazu beitragen, dass unsere St\u00e4dte, Str\u00e4nde und Meere sauberer und ges\u00fcnder bleiben. Bis heute haben wir 584 teilnehmende Nachf\u00fcllstellen in ganz S\u00fcdostasien und Europa.<\/p>\n<p>M\u00f6chtest du wissen, wie du das Flaschen &amp; Taschen-Programm in deinem Unternehmen oder in deiner Gemeinschaft einf\u00fchren kannst? Das ist einfacher als du denkst: <a href=\"https:\/\/trashhero.org\/wp-content\/uploads\/2018\/06\/TH-Bottles-Bags-FAQ-Thailand.pdf\">Klick hier, f\u00fcr mehr Infos.<\/a><\/p>\n<\/div><\/div><div class=\"col-md-4     text-center small-screen-default\"  ><p class=\"lead text-center center  element-short-top element-short-bottom\" data-os-animation=\"none\" data-os-animation-delay=\"0s\">Wiederverwendbare Wasserflaschen verkauft<\/p><div class=\"counter no-bordered text-default  element-short-top element-short-bottom\" data-count=\"109,828\" data-format=\"(,ddd)\" data-os-animation=\"none\" data-os-animation-delay=\"0s\">\n    <span class=\"value odometer-counter super regular\">\n        0    <\/span>\n<\/div><p class=\"lead text-center center  element-short-top element-short-bottom\" data-os-animation=\"none\" data-os-animation-delay=\"0s\">Number of plastic bottles &#8222;saved&#8220;<br \/>\n<\/p><div class=\"counter no-bordered text-default  element-short-top element-short-bottom\" data-count=\"41,019,795\" data-format=\"(,ddd)\" data-os-animation=\"none\" data-os-animation-delay=\"0s\">\n    <span class=\"value odometer-counter super regular\">\n        0    <\/span>\n<\/div><p class=\"lead text-center center  element-short-top element-short-bottom\" data-os-animation=\"none\" data-os-animation-delay=\"0s\">Reusable bags sold<\/p><div class=\"counter no-bordered text-default  element-short-top element-short-bottom\" data-count=\"29,910\" data-format=\"(,ddd)\" data-os-animation=\"none\" data-os-animation-delay=\"0s\">\n    <span class=\"value odometer-counter super regular\">\n        0    <\/span>\n<\/div><p class=\"lead text-center center  element-short-top element-short-bottom\" data-os-animation=\"none\" data-os-animation-delay=\"0s\">Number of plastic bags &#8222;saved&#8220;<br \/>\n<\/p><div class=\"counter no-bordered text-default  element-short-top element-short-bottom\" data-count=\"10,917,150\" data-format=\"(,ddd)\" data-os-animation=\"none\" data-os-animation-delay=\"0s\">\n    <span class=\"value odometer-counter super regular\">\n        0    <\/span>\n<\/div><\/div>        <\/div>\n    <\/div>\n<\/section>\n[\/vc_section]<section class=\"section swatch-white  section-text-no-shadow section-inner-no-shadow section-normal section-opaque\" id=\"workshops\"  data-label=\"\">\n    \n    <div class=\"background-overlay grid-overlay-0 \" style=\"background-color: rgba(0,0,0,0);\"><\/div>\n\n    <div class=\"container\">\n        <div class=\"row vertical-top\">\n            <div class=\"col-md-8     text-default small-screen-default\"  ><header class=\"text-left  element-short-top element-short-bottom not-condensed\" data-os-animation=\"none\" data-os-animation-delay=\"0s\" >\n    <h1 class=\"normal regular no-bordered-header bordered-normal\" >\n        Workshops, die einen Unterschied machen    <\/h1>\n    <\/header>\n<div class=\" element-short-top element-short-bottom\" data-os-animation=\"none\" data-os-animation-delay=\"0s\">\n    <p>In S\u00fcdostasien unterst\u00fctzt <a href=\"https:\/\/trashhero.org\/de\/abfallmanagement\/\">Trash Hero World lokale Gemeinschaften bei der Entwicklung von Abfallbewirtschaftungsstrategien<\/a> und organisiert Workshops zur Bewusstseinsbildung \u00fcber Abfallverschmutzung und verantwortungsvolle Abfallbewirtschaftung in Schulen, arbeitet mit \u00e4hnlichen gemeinn\u00fctzigen Organisationen zusammen und setzt sich auf politischer Ebene f\u00fcr Ver\u00e4nderungen ein.<\/p>\n<p>In den Jahren 2015 und 2016 wurde Trash Hero Thailand mit dem renommierten &#8222;Thailand Green Excellence Award&#8220; ausgezeichnet, mit dem Organisationen gew\u00fcrdigt werden sollen, die einen herausragenden Beitrag zur Entwicklung Thailands als nachhaltiges Reiseziel geleistet haben.<\/p>\n<\/div><\/div><div class=\"col-md-4     text-center small-screen-default\"  ><div class=\"figure  element-short-top element-short-bottom image-filter-none image-filter-onhover fade-in text-center figcaption-middle normalwidth\" data-os-animation=\"none\" data-os-animation-delay=\"0s\">\n            <span class=\"figure-image\">\n    \n    <img decoding=\"async\" src=\"https:\/\/trashhero.org\/wp-content\/uploads\/revslider\/home\/Thai_Green_Awards_2016_Winner-1.png\"   class=\"normalwidth\" \/>    \n            <\/span>\n    \n<\/div><\/div>        <\/div>\n    <\/div>\n<\/section>\n","protected":false},"excerpt":{"rendered":"<p>[vc_section][\/vc_section]<\/p>\n","protected":false},"author":1,"featured_media":0,"parent":0,"menu_order":0,"comment_status":"closed","ping_status":"closed","template":"","meta":{"footnotes":""},"class_list":["post-14037","page","type-page","status-publish","hentry"],"_links":{"self":[{"href":"https:\/\/trashhero.org\/de\/wp-json\/wp\/v2\/pages\/14037","targetHints":{"allow":["GET"]}}],"collection":[{"href":"https:\/\/trashhero.org\/de\/wp-json\/wp\/v2\/pages"}],"about":[{"href":"https:\/\/trashhero.org\/de\/wp-json\/wp\/v2\/types\/page"}],"author":[{"embeddable":true,"href":"https:\/\/trashhero.org\/de\/wp-json\/wp\/v2\/users\/1"}],"replies":[{"embeddable":true,"href":"https:\/\/trashhero.org\/de\/wp-json\/wp\/v2\/comments?post=14037"}],"version-history":[{"count":45,"href":"https:\/\/trashhero.org\/de\/wp-json\/wp\/v2\/pages\/14037\/revisions"}],"predecessor-version":[{"id":48245,"href":"https:\/\/trashhero.org\/de\/wp-json\/wp\/v2\/pages\/14037\/revisions\/48245"}],"wp:attachment":[{"href":"https:\/\/trashhero.org\/de\/wp-json\/wp\/v2\/media?parent=14037"}],"curies":[{"name":"wp","href":"https:\/\/api.w.org\/{rel}","templated":true}]}}