{"id":14564,"date":"2020-09-09T17:43:31","date_gmt":"2020-09-09T15:43:31","guid":{"rendered":"https:\/\/trashhero.org\/?page_id=14564"},"modified":"2025-09-01T10:26:44","modified_gmt":"2025-09-01T08:26:44","slug":"ueber-uns-finanzen-firmen-sponsoren","status":"publish","type":"page","link":"https:\/\/trashhero.org\/de\/ueber-uns-finanzen-firmen-sponsoren\/","title":{"rendered":"\u00dcber uns | Finanzen &#8211; Firmen-Sponsoren"},"content":{"rendered":"<section class=\"section swatch-white  section-text-no-shadow section-inner-no-shadow section-normal section-opaque\"  data-label=\"\">\n    \n    <div class=\"background-overlay grid-overlay-0 \" style=\"background-color: rgba(0,0,0,0);\"><\/div>\n\n    <div class=\"container\">\n        <div class=\"row vertical-top\">\n            <div class=\"col-md-2     text-default small-screen-default\"  ><div class=\"figure  element-short-top element-short-bottom image-filter-none image-filter-onhover fade-in text-center figcaption-middle normalwidth\" data-os-animation=\"none\" data-os-animation-delay=\"0s\">\n            <a href=\"https:\/\/trashhero.org\/wp-content\/uploads\/2019\/05\/TH-Logo-World.jpg\" class=\"figure-image magnific image-all\" data-links=\"\" target=\"_self\">\n    \n    <img decoding=\"async\" src=\"https:\/\/trashhero.org\/wp-content\/uploads\/2019\/05\/TH-Logo-World-300x300.jpg\"   class=\"normalwidth\" \/>    \n            <\/a>\n    \n<\/div>[vc_widget_sidebar sidebar_id=&#8220;sidebar&#8220;]<\/div><div class=\"col-md-10     text-default small-screen-default\"  ><div class=\" element-short-top element-short-bottom\" data-os-animation=\"none\" data-os-animation-delay=\"0s\">\n    <p>Wenn bestimmte Bedingungen erf\u00fcllt sind &#8211; wie die \u00dcbereinstimmung mit unserer Mission und ein klares Bekenntnis zur Abfallreduzierung in allen Aspekten ihrer T\u00e4tigkeit &#8211; nimmt Trash Hero World gerne Sponsoring und Unterst\u00fctzung von kommerziellen Organisationen an. Unsere <a href=\"https:\/\/trashhero.org\/wp-content\/uploads\/2024\/06\/Trash-Hero-World-Ethische-Finanzierungsrichtlinien.pdf\">Richtlinie zur ethischen Finanzierung<\/a> beschreibt diese Bedingungen ausf\u00fchrlicher.<\/p>\n<p><strong>Trash Hero hat und wird nie Gelder von gro\u00dfen Umweltverschmutzern annehmen.<\/strong><\/p>\n<p>Im Folgenden stellen wir mit Stolz unsere Partnerschaften zu Unternehmen vor, die einen Unterschied in ihren Gesch\u00e4ftspraktiken machen.<\/p>\n<hr \/>\n<p><a href=\"https:\/\/impactacoustic.com\/de\"><img loading=\"lazy\" decoding=\"async\" class=\"alignleft wp-image-26017\" src=\"https:\/\/trashhero.org\/wp-content\/uploads\/2022\/06\/Impact-Acoustic-Logo_square-300x300.png\" alt=\"\" width=\"126\" height=\"126\" srcset=\"https:\/\/trashhero.org\/wp-content\/uploads\/2022\/06\/Impact-Acoustic-Logo_square-300x300.png 300w, https:\/\/trashhero.org\/wp-content\/uploads\/2022\/06\/Impact-Acoustic-Logo_square-150x150.png 150w, https:\/\/trashhero.org\/wp-content\/uploads\/2022\/06\/Impact-Acoustic-Logo_square.png 500w\" sizes=\"auto, (max-width: 126px) 100vw, 126px\" \/><\/a>IMPACT ACOUSTIC stellt hochwertige Akustikplatten aus recyceltem PET-Material her. Damit zeigt das Unternehmen, was man aus Einweg-PET-Flaschen zaubern kann.<\/p>\n<p>Das Unternehmen unterst\u00fctzt die Aktivit\u00e4ten von Trash Hero World jeden Monat mit einem Beitrag. Zudem nehmen sie regelm\u00e4ssig an den Cleanups in Luzern teil und organisieren sogar selbst Aufr\u00e4umaktionen.<\/p>\n<p>Mehr Informationen gibt es hier: <a href=\"https:\/\/www.impactacoustic.com\/de\/\" target=\"_blank\" rel=\"noopener noreferrer\">https:\/\/www.impactacoustic.com\/<\/a><\/p>\n<hr \/>\n<p>Wenn Sie ein Unternehmen besitzen, das sozial und \u00f6kologisch verantwortungsbewusst ist und sich leidenschaftlich f\u00fcr die Abfallreduzierung in Ihrer gesamten Produktpalette einsetzt, lesen Sie bitte unsere <a href=\"https:\/\/trashhero.org\/wp-content\/uploads\/2024\/06\/Trash-Hero-World-Ethische-Finanzierungsrichtlinien.pdf\">ethischen Finanzierungsrichtlinien<\/a> und setzen Sie sich dann mit uns in <a href=\"https:\/\/trashhero.org\/contact\/\">Verbindung<\/a>, um M\u00f6glichkeiten f\u00fcr Sponsoring zu besprechen.<\/p>\n<p>Wenn Sie in der Schweiz oder in anderen L\u00e4ndern, in denen wir eine registrierte Organisation haben, ans\u00e4ssig sind, k\u00f6nnen wir auch M\u00f6glichkeiten f\u00fcr CSR-Aktivit\u00e4ten und Pr\u00e4sentationen vor Ort anbieten.<\/p>\n<\/div><\/div>        <\/div>\n    <\/div>\n<\/section>\n\n","protected":false},"excerpt":{"rendered":"[vc_widget_sidebar sidebar_id=\"sidebar\"] Wenn bestimmte Bedingungen erf\u00fcllt sind - wie die \u00dcbereinstimmung mit unserer Mission und ein klares Bekenntnis zur Abfallreduzierung in allen Aspekten ihrer T\u00e4tigkeit - nimmt Trash Hero World gerne Sponsoring und Unterst\u00fctzung von kommerziellen Organisationen an. Unsere Richtlinie zur ethischen Finanzierung beschreibt diese Bedingungen ausf\u00fchrlicher. Trash Hero hat und wird nie Gelder von","protected":false},"author":8,"featured_media":0,"parent":0,"menu_order":0,"comment_status":"closed","ping_status":"closed","template":"","meta":{"footnotes":""},"class_list":["post-14564","page","type-page","status-publish","hentry"],"_links":{"self":[{"href":"https:\/\/trashhero.org\/de\/wp-json\/wp\/v2\/pages\/14564","targetHints":{"allow":["GET"]}}],"collection":[{"href":"https:\/\/trashhero.org\/de\/wp-json\/wp\/v2\/pages"}],"about":[{"href":"https:\/\/trashhero.org\/de\/wp-json\/wp\/v2\/types\/page"}],"author":[{"embeddable":true,"href":"https:\/\/trashhero.org\/de\/wp-json\/wp\/v2\/users\/8"}],"replies":[{"embeddable":true,"href":"https:\/\/trashhero.org\/de\/wp-json\/wp\/v2\/comments?post=14564"}],"version-history":[{"count":14,"href":"https:\/\/trashhero.org\/de\/wp-json\/wp\/v2\/pages\/14564\/revisions"}],"predecessor-version":[{"id":46371,"href":"https:\/\/trashhero.org\/de\/wp-json\/wp\/v2\/pages\/14564\/revisions\/46371"}],"wp:attachment":[{"href":"https:\/\/trashhero.org\/de\/wp-json\/wp\/v2\/media?parent=14564"}],"curies":[{"name":"wp","href":"https:\/\/api.w.org\/{rel}","templated":true}]}}