{"id":15977,"date":"2020-12-02T10:45:09","date_gmt":"2020-12-02T09:45:09","guid":{"rendered":"https:\/\/trashhero.org\/trash-hero-kids\/"},"modified":"2025-11-21T13:10:16","modified_gmt":"2025-11-21T12:10:16","slug":"trash-hero-kids","status":"publish","type":"page","link":"https:\/\/trashhero.org\/de\/trash-hero-kids\/","title":{"rendered":"Trash Hero Kids"},"content":{"rendered":"<section class=\"section swatch-white  section-text-no-shadow section-inner-no-shadow section-normal section-opaque\"  data-label=\"\">\n    \n    <div class=\"background-overlay grid-overlay-0 \" style=\"background-color: rgba(0,0,0,0);\"><\/div>\n\n    <div class=\"container-fullwidth\">\n        <div class=\"row vertical-top\">\n            <div class=\"col-md-12     text-default small-screen-default\"  ><div id=\"masthead\" class=\"navbar navbar-static-top oxy-mega-menu navbar-sticky swatch-white no-underline text-none\" role=\"banner\">\n    <div class=\"container\">\n\n        <div class=\"navbar-header\">\n            <button type=\"button\" class=\"navbar-toggle collapsed\" data-toggle=\"collapse\" data-target=\"#main-navbar\">\n                <span class=\"icon-bar\"><\/span>\n                <span class=\"icon-bar\"><\/span>\n                <span class=\"icon-bar\"><\/span>\n            <\/button>\n            <a href=\"https:\/\/trashhero.org\/de\/\" class=\"navbar-brand\"><img decoding=\"async\" src=\"http:\/\/trashhero.org\/wp-content\/uploads\/2017\/08\/THW_transparent_black-e1459069448640.png\" alt=\"Trash Hero World\"\/><\/a>        <\/div>\n\n        <nav id=\"main-navbar\" class=\"collapse navbar-collapse\" role=\"navigation\">\n\n            <div class=\"menu-sidebar pull-right\">\n                            <\/div>\n\n            <div class=\"menu-th-kids-de-container\"><ul id=\"menu-th-kids-de\" class=\"nav navbar-nav navbar-right\"><li id=\"menu-item-16189\" class=\"menu-item menu-item-type-post_type menu-item-object-page menu-item-16189\"><a href=\"https:\/\/trashhero.org\/de\/trash-hero-kids-videos\/\"><i class=\"menu-icon fa fa-play-circle-o\"><\/i>&nbsp;VIDEOS<\/a><\/li>\n<li id=\"menu-item-16191\" class=\"menu-item menu-item-type-post_type menu-item-object-page menu-item-16191\"><a href=\"https:\/\/trashhero.org\/de\/trash-hero-kids-themen\/\"><i class=\"menu-icon fa fa-file-text-o\"><\/i>&nbsp;THEMEN<\/a><\/li>\n<li id=\"menu-item-16192\" class=\"menu-item menu-item-type-post_type menu-item-object-page menu-item-16192\"><a href=\"https:\/\/trashhero.org\/de\/trash-hero-kids-werde-aktiv\/\"><i class=\"menu-icon fa fa-hand-o-up\"><\/i>&nbsp;WERDE AKTIV<\/a><\/li>\n<li id=\"menu-item-16190\" class=\"menu-item menu-item-type-post_type menu-item-object-page menu-item-16190\"><a href=\"https:\/\/trashhero.org\/de\/trash-hero-kids-spiele\/\"><i class=\"menu-icon fa fa-question-circle-o\"><\/i>&nbsp;SPIELE<\/a><\/li>\n<li id=\"menu-item-16179\" class=\"menu-item menu-item-type-post_type menu-item-object-page menu-item-16179\"><a href=\"https:\/\/trashhero.org\/de\/trash-hero-kids-grossartig\/\"><i class=\"menu-icon fa fa-star-o\"><\/i>&nbsp;#GROSSARTIG<\/a><\/li>\n<li id=\"menu-item-16178\" class=\"menu-item menu-item-type-post_type menu-item-object-page menu-item-16178\"><a href=\"https:\/\/trashhero.org\/de\/trash-hero-kids\/\"><i class=\"menu-icon fa fa-mail-reply\"><\/i>&nbsp;zur\u00fcck zu Trash Hero Kids<\/a><\/li>\n<\/ul><\/div>\n        <\/nav>\n    <\/div>\n<\/div>\n<\/div>        <\/div>\n    <\/div>\n<\/section>\n<section class=\"section swatch-white  section-text-shadow section-inner-no-shadow section-fullheight section-opaque\"  data-label=\"\">\n            <div class=\"background-media\" style=\"background-image: url('https:\/\/trashhero.org\/wp-content\/uploads\/2018\/01\/THkids-splash.jpg'); background-repeat:no-repeat; background-size:cover; background-attachment:no-scroll; background-position: 50% 0%;\" >\n                    <\/div>\n    \n    <div class=\"background-overlay grid-overlay-0 \" style=\"background-color: ;\"><\/div>\n\n    <div class=\"container\">\n        <div class=\"row vertical-bottom\">\n            <div class=\"col-md-12     text-default small-screen-default\"  ><header class=\"text-left  element-tall-top element-short-bottom not-condensed os-animation\" data-os-animation=\"bounceInLeft\" data-os-animation-delay=\"0.3s\" >\n    <h1 class=\"super bold no-bordered-header bordered-normal\"style=\"color:#ffffff;\" >\n        Wusstest du schon, dass du ein Held sein kannst, indem du Abfall einsammelst?    <\/h1>\n    <\/header>\n<\/div>        <\/div>\n    <\/div>\n<\/section>\n<section class=\"section swatch-white  section-text-no-shadow section-inner-no-shadow section-normal section-opaque\"  data-label=\"\">\n    \n    <div class=\"background-overlay grid-overlay-0 \" style=\"background-color: rgba(0,0,0,0);\"><\/div>\n\n    <div class=\"container\">\n        <div class=\"row vertical-top\">\n            <div class=\"col-md-12     text-default small-screen-default\"  ><header class=\"text-center  element-short-top element-short-bottom not-condensed\" data-os-animation=\"none\" data-os-animation-delay=\"0s\" >\n    <h2 class=\"super regular no-bordered-header bordered-normal\" >\n        Wie kann das sein? Nun, Abfall einsammeln &#8230;    <\/h2>\n    <\/header>\n<\/div><div class=\"col-md-12     text-default small-screen-default\"  ><div class=\"row \"><div class=\"col-md-3     text-default small-screen-default\"  ><div class=\"box box-round box-medium box-simple  element-short-top element-short-bottom os-animation\" data-os-animation=\"fadeInUpBig\" data-os-animation-delay=\"0.2s\">\n    <div class=\"box-dummy\"><\/div>\n            <div class=\"box-inner grid-overlay-0\" style=\"background-color:#e9e9e9;\">\n        <div class=\"box-animate\" data-animation=\"none\">\n        <img decoding=\"async\" src=\"https:\/\/trashhero.org\/wp-content\/uploads\/2018\/01\/seal-600x600.jpg\"    \/>\n    <\/div>\n            <\/div>\n    <\/div><header class=\"text-center  element-short-top element-short-bottom condensed os-animation\" data-os-animation=\"fadeInUpBig\" data-os-animation-delay=\"0.2s\" >\n    <h4 class=\"big regular bordered bordered-normal\" >\n        rette Leben    <\/h4>\n            <p class=\"lead\" >Tiere, insbesondere Meerestiere und V\u00f6gel, k\u00f6nnen daran sterben, wenn sie Abfall fressen oder sich darin verfangen.<\/p>\n    <\/header>\n<\/div><div class=\"col-md-3     text-default small-screen-default\"  ><div class=\"box box-round box-medium box-simple  element-short-top element-short-bottom os-animation\" data-os-animation=\"fadeInUpBig\" data-os-animation-delay=\"0.3s\">\n    <div class=\"box-dummy\"><\/div>\n            <div class=\"box-inner grid-overlay-0\" style=\"background-color:#e9e9e9;\">\n        <div class=\"box-animate\" data-animation=\"none\">\n        <img decoding=\"async\" src=\"https:\/\/trashhero.org\/wp-content\/uploads\/2018\/01\/jump-600x600.jpg\"    \/>\n    <\/div>\n            <\/div>\n    <\/div><header class=\"text-center  element-short-top element-short-bottom condensed os-animation\" data-os-animation=\"fadeInUpBig\" data-os-animation-delay=\"0.3s\" >\n    <h4 class=\"big regular bordered bordered-normal\" >\n        rettet die Welt    <\/h4>\n            <p class=\"lead\" >Abfall verschmutzt die Umwelt und kann empfindliche \u00d6kosysteme sch\u00e4digen.<\/p>\n    <\/header>\n<\/div><div class=\"col-md-3     text-default small-screen-default\"  ><div class=\"box box-round box-medium box-simple  element-short-top element-short-bottom os-animation\" data-os-animation=\"fadeInUpBig\" data-os-animation-delay=\"0.4s\">\n    <div class=\"box-dummy\"><\/div>\n            <div class=\"box-inner grid-overlay-0\" style=\"background-color:#e9e9e9;\">\n        <div class=\"box-animate\" data-animation=\"none\">\n        <img decoding=\"async\" src=\"https:\/\/trashhero.org\/wp-content\/uploads\/2018\/01\/muscle-600x600.jpg\"    \/>\n    <\/div>\n            <\/div>\n    <\/div><header class=\"text-center  element-short-top element-short-bottom condensed os-animation\" data-os-animation=\"fadeInUpBig\" data-os-animation-delay=\"0.4s\" >\n    <h4 class=\"big regular bordered bordered-normal\" >\n        macht dich st\u00e4rker    <\/h4>\n            <p class=\"lead\" >Draussen sein, h\u00e4lt dich fit und auf die geleistete Arbeit kannst du stolz sein.<\/p>\n    <\/header>\n<\/div><div class=\"col-md-3     text-default small-screen-default\"  ><div class=\"box box-round box-medium box-simple  element-short-top element-short-bottom os-animation\" data-os-animation=\"fadeInUpBig\" data-os-animation-delay=\"0.5s\">\n    <div class=\"box-dummy\"><\/div>\n            <div class=\"box-inner grid-overlay-0\" style=\"background-color:#e9e9e9;\">\n        <div class=\"box-animate\" data-animation=\"none\">\n        <img decoding=\"async\" src=\"https:\/\/trashhero.org\/wp-content\/uploads\/2018\/01\/superhero-600x600.jpg\"    \/>\n    <\/div>\n            <\/div>\n    <\/div><header class=\"text-center  element-short-top element-short-bottom condensed os-animation\" data-os-animation=\"fadeInUpBig\" data-os-animation-delay=\"0.5s\" >\n    <h4 class=\"big regular bordered bordered-normal\" >\n        verleiht dir Superkr\u00e4fte!    <\/h4>\n            <p class=\"lead\" >Wirklich? Ja, gemeinsam k\u00f6nnen wir die Art und Weise ver\u00e4ndern, wie Menschen denken und handeln.<\/p>\n    <\/header>\n<\/div><\/div><\/div>        <\/div>\n    <\/div>\n<\/section>\n<section class=\"section swatch-white  section-text-no-shadow section-inner-no-shadow section-normal section-opaque\"  data-label=\"\">\n    \n    <div class=\"background-overlay grid-overlay-0 \" style=\"background-color: rgba(0,0,0,0);\"><\/div>\n\n    <div class=\"container\">\n        <div class=\"row vertical-top\">\n            <div class=\"col-md-9     text-default small-screen-default\"  ><header class=\"text-center  element-short-top element-short-bottom not-condensed\" data-os-animation=\"none\" data-os-animation-delay=\"0s\" >\n    <h1 class=\"normal regular no-bordered-header bordered-normal\" >\n        Erfahre mehr dar\u00fcber, was es heisst, ein Trash Hero zu sein \u2192    <\/h1>\n    <\/header>\n<div class=\"divider-wrapper\" style=\"visibility:hidden;background-color:\">\n    <div class=\"visible-xs\" style=\"height:24px;\"><\/div>\n    <div class=\"visible-sm\" style=\"height:24px;\"><\/div>\n    <div class=\"visible-md\" style=\"height:36px;\"><\/div>\n    <div class=\"visible-lg\" style=\"height:36px;\"><\/div>\n<\/div><\/div><div class=\"col-md-3     text-default small-screen-default\"  ><a href=\"\/blog\/be-a-trash-hero\/\" class=\"btn btn-primary btn-lg    element-short-top element-short-bottom os-animation\" target= \"_self\" data-os-animation=\"flash\" data-os-animation-delay=\"1.5s \"  >\n\tKLICK ! \t<\/a>\n<\/div>        <\/div>\n    <\/div>\n<\/section>\n<section class=\"section swatch-white  section-text-no-shadow section-inner-no-shadow section-fullheight section-opaque\"  data-label=\"\">\n            <div class=\"background-media\" style=\"background-image: url('https:\/\/trashhero.org\/wp-content\/uploads\/2018\/01\/joinus.jpg'); background-repeat:no-repeat; background-size:cover; background-attachment:no-scroll; background-position: 50% 0%;\" >\n                    <\/div>\n    \n    <div class=\"background-overlay grid-overlay-0 \" style=\"background-color: rgba(0,0,0,0);\"><\/div>\n\n    <div class=\"container\">\n        <div class=\"row vertical-top\">\n            <div class=\"col-md-12     text-default small-screen-default\"  ><header class=\"text-center  element-medium-top element-tall-bottom not-condensed\" data-os-animation=\"none\" data-os-animation-delay=\"0s\" >\n    <h4 class=\"super regular no-bordered-header bordered-normal\"style=\"color:#ffffff;\" >\n        Willst du auch mithelfen?    <\/h4>\n    <\/header>\n<\/div>        <\/div>\n    <\/div>\n<\/section>\n<section class=\"section swatch-white  section-text-no-shadow section-inner-no-shadow section-normal section-opaque\"  data-label=\"\">\n    \n    <div class=\"background-overlay grid-overlay-0 \" style=\"background-color: rgba(0,0,0,0);\"><\/div>\n\n    <div class=\"container\">\n        <div class=\"row vertical-top\">\n            <div class=\"col-md-12     text-default small-screen-default\"  ><p class=\"lead text-center center  element-short-top element-short-bottom\" data-os-animation=\"none\" data-os-animation-delay=\"0s\">Auf der ganzen Welt nehmen Kinder wie du in ihrem Alltag kleine Ver\u00e4nderungen vor, um ein Trash Hero zu werden. M\u00f6chtest du die Herausforderung auch annehmen? Dann sieh dir die Informationen weiter unten an!<\/p><\/div>        <\/div>\n    <\/div>\n<\/section>\n<section class=\"section swatch-white  section-text-no-shadow section-inner-no-shadow section-normal section-opaque\"  data-label=\"\">\n    \n    <div class=\"background-overlay grid-overlay-0 \" style=\"background-color: rgba(0,0,0,0);\"><\/div>\n\n    <div class=\"container\">\n        <div class=\"row vertical-top\">\n            <div class=\"col-md-4     text-default small-screen-default\"  ><div class=\"figure  element-short-top element-short-bottom preview-bottom image-filter-blur image-filter-onhover fade-in text-center figcaption-middle fullwidth\" data-os-animation=\"none\" data-os-animation-delay=\"0s\">\n            <a href=\"\/trash-hero-kids-videos\/\" class=\"figure-image  image-all\" data-links=\"\" target=\"_self\">\n    \n    <img decoding=\"async\" src=\"https:\/\/trashhero.org\/wp-content\/uploads\/2018\/01\/watch.jpg\" alt=\"Watch videos\" title=\"Trash Hero Kids - watch\" class=\"fullwidth\" \/>        <div class=\"figure-overlay grid-overlay-0\">\n        <div class=\"figure-overlay-container\">\n                            <div class=\"figure-caption\">\n                    <h3 class=\"figure-caption-title bordered bordered-small\">Trash Hero Kids Videos<\/h3>\n                    <p class=\"figure-caption-description\">Schau dir die Videos an und lerne mehr \u00fcber Abfall<\/p>\n                <\/div>\n                    <\/div>\n    <\/div>\n    \n            <\/a>\n    \n<\/div><div class=\"figure  element-short-top element-short-bottom preview-bottom image-filter-blur image-filter-onhover fade-in text-center figcaption-middle fullwidth\" data-os-animation=\"none\" data-os-animation-delay=\"0s\">\n            <a href=\"\/trash-hero-kids-book\/\" class=\"figure-image  image-all\" data-links=\"\" target=\"_self\">\n    \n    <img decoding=\"async\" src=\"https:\/\/trashhero.org\/wp-content\/uploads\/2018\/01\/bookcover.jpg\" alt=\"Trash Hero Kids Book\" title=\"Trash Hero Kids Book\" class=\"fullwidth\" \/>        <div class=\"figure-overlay grid-overlay-0\">\n        <div class=\"figure-overlay-container\">\n                            <div class=\"figure-caption\">\n                    <h3 class=\"figure-caption-title bordered bordered-small\">Das Trash Hero Kinderbuch<\/h3>\n                    <p class=\"figure-caption-description\">Erfahre mehr dar\u00fcber!<\/p>\n                <\/div>\n                    <\/div>\n    <\/div>\n    \n            <\/a>\n    \n<\/div><\/div><div class=\"col-md-4     text-default small-screen-default\"  ><div class=\"figure  element-short-top element-short-bottom preview-bottom image-filter-blur image-filter-onhover fade-in text-center figcaption-middle fullwidth\" data-os-animation=\"none\" data-os-animation-delay=\"0s\">\n            <a href=\"\/trash-hero-kids-get-active\/\" class=\"figure-image  image-all\" data-links=\"\" target=\"_self\">\n    \n    <img decoding=\"async\" src=\"https:\/\/trashhero.org\/wp-content\/uploads\/2018\/01\/getinvolved.jpg\" alt=\"Take Action\" title=\"Trash Hero - Take Action\" class=\"fullwidth\" \/>        <div class=\"figure-overlay grid-overlay-0\">\n        <div class=\"figure-overlay-container\">\n                            <div class=\"figure-caption\">\n                    <h3 class=\"figure-caption-title bordered bordered-small\">Tu etwas gegen Abfall!<\/h3>\n                    <p class=\"figure-caption-description\">Finde heraus, was du tun kannst<\/p>\n                <\/div>\n                    <\/div>\n    <\/div>\n    \n            <\/a>\n    \n<\/div><div class=\"figure  element-short-top element-short-bottom preview-bottom image-filter-blur image-filter-onhover fade-in text-center figcaption-middle fullwidth\" data-os-animation=\"none\" data-os-animation-delay=\"0s\">\n            <a href=\"\/trash-hero-kids-learning-centre\/\" class=\"figure-image  image-all\" data-links=\"\" target=\"_self\">\n    \n    <img decoding=\"async\" src=\"https:\/\/trashhero.org\/wp-content\/uploads\/2018\/01\/topics.jpg\" alt=\"Learn\" title=\"Trash Hero Kids - learn\" class=\"fullwidth\" \/>        <div class=\"figure-overlay grid-overlay-0\">\n        <div class=\"figure-overlay-container\">\n                            <div class=\"figure-caption\">\n                    <h3 class=\"figure-caption-title bordered bordered-small\">Lernzentrum<\/h3>\n                    <p class=\"figure-caption-description\">Erfahre mehr \u00fcber die Probleme und m\u00f6gliche L\u00f6sungen<\/p>\n                <\/div>\n                    <\/div>\n    <\/div>\n    \n            <\/a>\n    \n<\/div><\/div><div class=\"col-md-4     text-default small-screen-default\"  ><div class=\"figure  element-short-top element-short-bottom preview-bottom image-filter-blur image-filter-onhover fade-in text-center figcaption-middle fullwidth\" data-os-animation=\"none\" data-os-animation-delay=\"0s\">\n            <a href=\"\/trash-hero-kids-awesome\/\" class=\"figure-image  image-all\" data-links=\"\" target=\"_self\">\n    \n    <img decoding=\"async\" src=\"https:\/\/trashhero.org\/wp-content\/uploads\/2018\/01\/kidsclub.jpg\" alt=\"Trash Hero Kids Club\" title=\"Trash Hero Kids Club\" class=\"fullwidth\" \/>        <div class=\"figure-overlay grid-overlay-0\">\n        <div class=\"figure-overlay-container\">\n                            <div class=\"figure-caption\">\n                    <h3 class=\"figure-caption-title bordered bordered-small\">Trash Hero Kids Club<\/h3>\n                    <p class=\"figure-caption-description\">Lasst uns eure #grossartigen Erfolge feiern!<\/p>\n                <\/div>\n                    <\/div>\n    <\/div>\n    \n            <\/a>\n    \n<\/div><div class=\"figure  element-short-top element-short-bottom preview-bottom image-filter-blur image-filter-onhover fade-in text-center figcaption-middle fullwidth\" data-os-animation=\"none\" data-os-animation-delay=\"0s\">\n            <a href=\"\/blog\/trash-hero-kids-info-grown-ups-downloads\" class=\"figure-image  image-all\" data-links=\"\" target=\"_self\">\n    \n    <img decoding=\"async\" src=\"https:\/\/trashhero.org\/wp-content\/uploads\/2018\/01\/yellow.jpg\" alt=\"Info for parents\" title=\"Info for parents\" class=\"fullwidth\" \/>        <div class=\"figure-overlay grid-overlay-0\">\n        <div class=\"figure-overlay-container\">\n                            <div class=\"figure-caption\">\n                    <h3 class=\"figure-caption-title bordered bordered-small\">Information f\u00fcr Erwachsene<\/h3>\n                    <p class=\"figure-caption-description\">Informationen zum Programm und Downloads<\/p>\n                <\/div>\n                    <\/div>\n    <\/div>\n    \n            <\/a>\n    \n<\/div><\/div>        <\/div>\n    <\/div>\n<\/section>\n<section class=\"section swatch-white  section-text-no-shadow section-inner-no-shadow section-normal section-opaque\"  data-label=\"\">\n    \n    <div class=\"background-overlay grid-overlay-0 \" style=\"background-color: rgba(0,0,0,0);\"><\/div>\n\n    <div class=\"container\">\n        <div class=\"row vertical-top\">\n            <div class=\"col-md-12     text-default small-screen-default\"  ><header class=\"text-center  element-short-top element-short-bottom not-condensed\" data-os-animation=\"none\" data-os-animation-delay=\"0s\" >\n    <h1 class=\"super regular no-bordered-header bordered-normal\" >\n        Weitere M\u00f6glichkeiten, dem Ozean zu helfen    <\/h1>\n    <\/header>\n <div class=\"masonry blog-masonry use-masonry isotope no-transition  element-short-top element-short-bottom\" data-padding=\"14\" data-col-xs=\"1\" data-col-sm=\"2\" data-col-md=\"4\" data-col-lg=\"4\"><article class=\"post-masonry masonry-item masonry-normal\" data-menu-order=\"0\">\n    <div class=\"post-masonry-inner blog-os-animation\" data-os-animation=\"fadeInUp\" data-os-animation-delay=\"0.1s\">\n        <a href=\"https:\/\/trashhero.org\/de\/sag-nein-zu-strohhalmen\/\" class=\"post-masonry-content swatch-white\">\n                            <img decoding=\"async\" src=\"https:\/\/trashhero.org\/wp-content\/uploads\/2018\/01\/refusestraws.jpg\" alt=\"Sag Nein zu Strohhalmen\">\n                        <div class=\"post-head small-screen-center\">\n                <h2 class=\"post-title bordered bordered-small\">Sag Nein zu Strohhalmen<\/h2>\n                <small>\n                                    by                    Seema,\n                                                    27. Januar 2021                                <\/small>\n            <\/div>\n            <p class=\"post-body\"><\/p>\n        <\/a>\n    <\/div>\n<\/article><article class=\"post-masonry masonry-item masonry-normal\" data-menu-order=\"1\">\n    <div class=\"post-masonry-inner blog-os-animation\" data-os-animation=\"fadeInUp\" data-os-animation-delay=\"0.2s\">\n        <a href=\"https:\/\/trashhero.org\/de\/essensreste-sind-kein-abfall\/\" class=\"post-masonry-content swatch-white\">\n                            <img decoding=\"async\" src=\"https:\/\/trashhero.org\/wp-content\/uploads\/2019\/11\/compost-veg.jpg\" alt=\"Essensreste sind kein M\u00fcll!\">\n                        <div class=\"post-head small-screen-center\">\n                <h2 class=\"post-title bordered bordered-small\">Essensreste sind kein M\u00fcll!<\/h2>\n                <small>\n                                    by                    Seema,\n                                                    14. Oktober 2020                                <\/small>\n            <\/div>\n            <p class=\"post-body\">Erfahre, was Kompostieren ist und wie es dir helfen kann, Abfall zu reduzieren und...<\/p>\n        <\/a>\n    <\/div>\n<\/article><article class=\"post-masonry masonry-item masonry-normal\" data-menu-order=\"2\">\n    <div class=\"post-masonry-inner blog-os-animation\" data-os-animation=\"fadeInUp\" data-os-animation-delay=\"0.3s\">\n        <a href=\"https:\/\/trashhero.org\/de\/zahl-ab\/\" class=\"post-masonry-content swatch-white\">\n                            <img decoding=\"async\" src=\"https:\/\/trashhero.org\/wp-content\/uploads\/2020\/09\/countitdown-sm.jpg\" alt=\"Z\u00e4hl ab!\">\n                        <div class=\"post-head small-screen-center\">\n                <h2 class=\"post-title bordered bordered-small\">Z\u00e4hl ab!<\/h2>\n                <small>\n                                    by                    Seema,\n                                                    1. Oktober 2020                                <\/small>\n            <\/div>\n            <p class=\"post-body\">Lerne, wie dir ein Abfalltagebuch helfen kann, den Gebrauch von Plastik zu reduzieren. So...<\/p>\n        <\/a>\n    <\/div>\n<\/article><\/div><div class=\"divider-wrapper\" style=\"visibility:hidden;background-color:\">\n    <div class=\"visible-xs\" style=\"height:125px;\"><\/div>\n    <div class=\"visible-sm\" style=\"height:126px;\"><\/div>\n    <div class=\"visible-md\" style=\"height:130px;\"><\/div>\n    <div class=\"visible-lg\" style=\"height:130px;\"><\/div>\n<\/div><\/div>        <\/div>\n    <\/div>\n<\/section>\n<section class=\"section swatch-white  section-text-no-shadow section-inner-no-shadow section-fullheight section-opaque\"  data-label=\"\">\n            <div class=\"background-media\" style=\"background-image: url('https:\/\/trashhero.org\/wp-content\/uploads\/2018\/01\/turtle.jpg'); background-repeat:no-repeat; background-size:cover; background-attachment:no-scroll; background-position: 50% 0%;\" >\n                    <\/div>\n    \n    <div class=\"background-overlay grid-overlay-0 \" style=\"background-color: rgba(0,0,0,0);\"><\/div>\n\n    <div class=\"container\">\n        <div class=\"row vertical-top\">\n            <div class=\"col-md-12     text-default small-screen-default\"  ><header class=\"text-center  element-short-top element-short-bottom not-condensed\" data-os-animation=\"none\" data-os-animation-delay=\"0s\" >\n    <h5 class=\"bigger regular no-bordered-header bordered-normal\" >\n        Thank you!<br \/>\nTerima Kasih!<br \/>\n\u0e02\u0e2d\u0e1a\u0e04\u0e38\u0e13\u0e04\u0e48\u0e30!    <\/h5>\n    <\/header>\n<\/div>        <\/div>\n    <\/div>\n<\/section>\n","protected":false},"excerpt":{"rendered":"Heutzutage sind Strohhalme (R\u00f6hrli) aus Plastik \u00fcberall! Sie sind in einigen L\u00e4ndern so allt\u00e4glich, dass wir sie gar nicht mehr wahrnehmen. In vielen Restaurants, Caf\u00e9s oder Marktst\u00e4nden werden Getr\u00e4nke mit einem Strohhalm serviert. Sie m\u00f6gen grossartig sein, um deinen Shake oder dein Coca Cola zu schl\u00fcrfen oder Blasen in deine Limonade zu pusten, aber wenn","protected":false},"author":8,"featured_media":0,"parent":0,"menu_order":0,"comment_status":"closed","ping_status":"closed","template":"","meta":{"footnotes":""},"class_list":["post-15977","page","type-page","status-publish","hentry"],"_links":{"self":[{"href":"https:\/\/trashhero.org\/de\/wp-json\/wp\/v2\/pages\/15977","targetHints":{"allow":["GET"]}}],"collection":[{"href":"https:\/\/trashhero.org\/de\/wp-json\/wp\/v2\/pages"}],"about":[{"href":"https:\/\/trashhero.org\/de\/wp-json\/wp\/v2\/types\/page"}],"author":[{"embeddable":true,"href":"https:\/\/trashhero.org\/de\/wp-json\/wp\/v2\/users\/8"}],"replies":[{"embeddable":true,"href":"https:\/\/trashhero.org\/de\/wp-json\/wp\/v2\/comments?post=15977"}],"version-history":[{"count":30,"href":"https:\/\/trashhero.org\/de\/wp-json\/wp\/v2\/pages\/15977\/revisions"}],"predecessor-version":[{"id":47007,"href":"https:\/\/trashhero.org\/de\/wp-json\/wp\/v2\/pages\/15977\/revisions\/47007"}],"wp:attachment":[{"href":"https:\/\/trashhero.org\/de\/wp-json\/wp\/v2\/media?parent=15977"}],"curies":[{"name":"wp","href":"https:\/\/api.w.org\/{rel}","templated":true}]}}