{"id":16183,"date":"2020-12-08T16:57:36","date_gmt":"2020-12-08T15:57:36","guid":{"rendered":"https:\/\/trashhero.org\/trash-hero-kids-themen\/"},"modified":"2025-11-21T12:28:54","modified_gmt":"2025-11-21T11:28:54","slug":"trash-hero-kids-themen","status":"publish","type":"page","link":"https:\/\/trashhero.org\/de\/trash-hero-kids-themen\/","title":{"rendered":"Trash Hero Kids | Themen"},"content":{"rendered":"<section class=\"section swatch-white  section-text-no-shadow section-inner-no-shadow section-normal section-opaque\"  data-label=\"\">\n    \n    <div class=\"background-overlay grid-overlay-0 \" style=\"background-color: rgba(0,0,0,0);\"><\/div>\n\n    <div class=\"container-fullwidth\">\n        <div class=\"row vertical-top\">\n            <div class=\"col-md-12     text-default small-screen-default\"  ><div id=\"masthead\" class=\"navbar navbar-static-top oxy-mega-menu navbar-sticky swatch-white no-underline text-none\" role=\"banner\">\n    <div class=\"container\">\n\n        <div class=\"navbar-header\">\n            <button type=\"button\" class=\"navbar-toggle collapsed\" data-toggle=\"collapse\" data-target=\"#main-navbar\">\n                <span class=\"icon-bar\"><\/span>\n                <span class=\"icon-bar\"><\/span>\n                <span class=\"icon-bar\"><\/span>\n            <\/button>\n            <a href=\"https:\/\/trashhero.org\/de\/\" class=\"navbar-brand\"><img decoding=\"async\" src=\"http:\/\/trashhero.org\/wp-content\/uploads\/2017\/08\/THW_transparent_black-e1459069448640.png\" alt=\"Trash Hero World\"\/><\/a>        <\/div>\n\n        <nav id=\"main-navbar\" class=\"collapse navbar-collapse\" role=\"navigation\">\n\n            <div class=\"menu-sidebar pull-right\">\n                            <\/div>\n\n            <div class=\"menu-th-kids-de-container\"><ul id=\"menu-th-kids-de\" class=\"nav navbar-nav navbar-right\"><li id=\"menu-item-16189\" class=\"menu-item menu-item-type-post_type menu-item-object-page menu-item-16189\"><a href=\"https:\/\/trashhero.org\/de\/trash-hero-kids-videos\/\"><i class=\"menu-icon fa fa-play-circle-o\"><\/i>&nbsp;VIDEOS<\/a><\/li>\n<li id=\"menu-item-16191\" class=\"menu-item menu-item-type-post_type menu-item-object-page menu-item-16191\"><a href=\"https:\/\/trashhero.org\/de\/trash-hero-kids-themen\/\"><i class=\"menu-icon fa fa-file-text-o\"><\/i>&nbsp;THEMEN<\/a><\/li>\n<li id=\"menu-item-16192\" class=\"menu-item menu-item-type-post_type menu-item-object-page menu-item-16192\"><a href=\"https:\/\/trashhero.org\/de\/trash-hero-kids-werde-aktiv\/\"><i class=\"menu-icon fa fa-hand-o-up\"><\/i>&nbsp;WERDE AKTIV<\/a><\/li>\n<li id=\"menu-item-16190\" class=\"menu-item menu-item-type-post_type menu-item-object-page menu-item-16190\"><a href=\"https:\/\/trashhero.org\/de\/trash-hero-kids-spiele\/\"><i class=\"menu-icon fa fa-question-circle-o\"><\/i>&nbsp;SPIELE<\/a><\/li>\n<li id=\"menu-item-16179\" class=\"menu-item menu-item-type-post_type menu-item-object-page menu-item-16179\"><a href=\"https:\/\/trashhero.org\/de\/trash-hero-kids-grossartig\/\"><i class=\"menu-icon fa fa-star-o\"><\/i>&nbsp;#GROSSARTIG<\/a><\/li>\n<li id=\"menu-item-16178\" class=\"menu-item menu-item-type-post_type menu-item-object-page menu-item-16178\"><a href=\"https:\/\/trashhero.org\/de\/trash-hero-kids\/\"><i class=\"menu-icon fa fa-mail-reply\"><\/i>&nbsp;zur\u00fcck zu Trash Hero Kids<\/a><\/li>\n<\/ul><\/div>\n        <\/nav>\n    <\/div>\n<\/div>\n<\/div>        <\/div>\n    <\/div>\n<\/section>\n<section class=\"section swatch-white  section-text-no-shadow section-inner-no-shadow section-normal section-opaque\"  data-label=\"\">\n    \n    <div class=\"background-overlay grid-overlay-0 \" style=\"background-color: rgba(0,0,0,0);\"><\/div>\n\n    <div class=\"container\">\n        <div class=\"row vertical-top\">\n            <div class=\"col-md-12     text-default small-screen-default\"  ><header class=\"text-center  element-short-top element-short-bottom not-condensed\" data-os-animation=\"none\" data-os-animation-delay=\"0s\" >\n    <h1 class=\"bigger regular no-bordered-header bordered-normal\" >\n        Trash Hero Kids | Themen    <\/h1>\n    <\/header>\n<div class=\" element-short-top element-short-bottom\" data-os-animation=\"none\" data-os-animation-delay=\"0s\">\n    <p>Was ist eigentlich das Problem mit dem Abfall? Wir haben einige praktische Informationen f\u00fcr Neugierige zusammengestellt. Finde heraus, wie M\u00fcll unseren Planeten beeinflusst, was Mikroplastik ist und wie wir zusammenarbeiten k\u00f6nnen, um das M\u00fcllproblem zu l\u00f6sen.<\/p>\n<p>Vergiss nicht, <a href=\"https:\/\/trashhero.org\/de\/trash-hero-kids-spiele\/\">das Quiz<\/a> zu l\u00f6sen, wenn du fertig bist \ud83d\ude09<\/p>\n<\/div>[vc_basic_grid post_type=&#8220;post&#8220; max_items=&#8220;-1&#8243; style=&#8220;lazy&#8220; item=&#8220;basicGrid_SlideFromLeft&#8220; grid_id=&#8220;vc_gid:1763724402118-ed58842e-6b7c-2&#8243; taxonomies=&#8220;122&#8243;]<\/div>        <\/div>\n    <\/div>\n<\/section>\n","protected":false},"excerpt":{"rendered":"&nbsp;VIDEOS &nbsp;THEMEN &nbsp;WERDE AKTIV &nbsp;SPIELE &nbsp;#GROSSARTIG &nbsp;zur\u00fcck zu Trash Hero Kids Trash Hero Kids | Themen Was ist eigentlich das Problem mit dem Abfall? Wir haben einige praktische Informationen f\u00fcr Neugierige zusammengestellt. Finde heraus, wie M\u00fcll unseren Planeten beeinflusst, was Mikroplastik ist und wie wir zusammenarbeiten k\u00f6nnen, um das M\u00fcllproblem zu l\u00f6sen. Vergiss nicht, das","protected":false},"author":8,"featured_media":0,"parent":0,"menu_order":0,"comment_status":"closed","ping_status":"closed","template":"","meta":{"footnotes":""},"class_list":["post-16183","page","type-page","status-publish","hentry"],"_links":{"self":[{"href":"https:\/\/trashhero.org\/de\/wp-json\/wp\/v2\/pages\/16183","targetHints":{"allow":["GET"]}}],"collection":[{"href":"https:\/\/trashhero.org\/de\/wp-json\/wp\/v2\/pages"}],"about":[{"href":"https:\/\/trashhero.org\/de\/wp-json\/wp\/v2\/types\/page"}],"author":[{"embeddable":true,"href":"https:\/\/trashhero.org\/de\/wp-json\/wp\/v2\/users\/8"}],"replies":[{"embeddable":true,"href":"https:\/\/trashhero.org\/de\/wp-json\/wp\/v2\/comments?post=16183"}],"version-history":[{"count":5,"href":"https:\/\/trashhero.org\/de\/wp-json\/wp\/v2\/pages\/16183\/revisions"}],"predecessor-version":[{"id":46998,"href":"https:\/\/trashhero.org\/de\/wp-json\/wp\/v2\/pages\/16183\/revisions\/46998"}],"wp:attachment":[{"href":"https:\/\/trashhero.org\/de\/wp-json\/wp\/v2\/media?parent=16183"}],"curies":[{"name":"wp","href":"https:\/\/api.w.org\/{rel}","templated":true}]}}