{"id":16833,"date":"2021-04-13T13:33:18","date_gmt":"2021-04-13T11:33:18","guid":{"rendered":"https:\/\/trashhero.org\/chapter-sign-up\/"},"modified":"2024-02-09T16:50:52","modified_gmt":"2024-02-09T15:50:52","slug":"chapter-sign-up","status":"publish","type":"page","link":"https:\/\/trashhero.org\/de\/chapter-sign-up\/","title":{"rendered":"Chapter Sign-up"},"content":{"rendered":"<section class=\"section swatch-white  section-text-no-shadow section-inner-no-shadow section-normal section-opaque\"  data-label=\"\">\n    \n    <div class=\"background-overlay grid-overlay-0 \" style=\"background-color: rgba(0,0,0,0);\"><\/div>\n\n    <div class=\"container\">\n        <div class=\"row vertical-top\">\n            <div class=\"col-md-2     text-default small-screen-default\"  ><\/div><div class=\"col-md-8     text-default small-screen-default\"  ><header class=\"text-center  element-short-top element-short-bottom not-condensed\" data-os-animation=\"none\" data-os-animation-delay=\"0s\" >\n    <h1 class=\"big regular no-bordered-header bordered-normal\" >\n        So startest du dein Trash Hero Chapter    <\/h1>\n            <p class=\"lead\" >&apos;&apos;Never doubt that a small group of thoughtful, committed citizens can change the world; indeed, it&apos;s the only thing that ever has.&apos;&apos;- Margaret Mead<\/p>\n    <\/header>\n<\/div><div class=\"col-md-2     text-default small-screen-default\"  ><\/div>        <\/div>\n    <\/div>\n<\/section>\n<section class=\"section swatch-white  section-text-no-shadow section-inner-no-shadow section-normal section-opaque\"  data-label=\"\">\n    \n    <div class=\"background-overlay grid-overlay-0 \" style=\"background-color: rgba(0,0,0,0);\"><\/div>\n\n    <div class=\"container\">\n        <div class=\"row vertical-top\">\n            <div class=\"col-md-12     text-default small-screen-default\"  ><div class=\" element-short-top element-short-bottom\" data-os-animation=\"none\" data-os-animation-delay=\"0s\">\n    <p><img loading=\"lazy\" decoding=\"async\" class=\"alignleft size-thumbnail wp-image-19905 crop_circle\" src=\"https:\/\/trashhero.org\/wp-content\/uploads\/2018\/03\/kohmak4-150x150.jpg\" alt=\"\" width=\"150\" height=\"150\" srcset=\"https:\/\/trashhero.org\/wp-content\/uploads\/2018\/03\/kohmak4-150x150.jpg 150w, https:\/\/trashhero.org\/wp-content\/uploads\/2018\/03\/kohmak4-300x300.jpg 300w, https:\/\/trashhero.org\/wp-content\/uploads\/2018\/03\/kohmak4-100x100.jpg 100w, https:\/\/trashhero.org\/wp-content\/uploads\/2018\/03\/kohmak4-600x600.jpg 600w, https:\/\/trashhero.org\/wp-content\/uploads\/2018\/03\/kohmak4-768x768.jpg 768w, https:\/\/trashhero.org\/wp-content\/uploads\/2018\/03\/kohmak4.jpg 960w\" sizes=\"auto, (max-width: 150px) 100vw, 150px\" \/><\/p>\n<h2><b>Was ist Trash Hero?<\/b><\/h2>\n<p>Trash Hero ist eine globale Bewegung, die von Freiwilligen geleitet wird.<\/p>\n<p>Ihr Ziel ist es, Gemeinschaften zusammenzubringen, um die Umwelt zu s\u00e4ubern und Abfall zu reduzieren, eine nachhaltige Zukunft durch Projekte zu schaffen, die helfen, die Plastikverschmutzung zu reduzieren, und langfristige Verhaltens\u00e4nderungen zu f\u00f6rdern.<\/p>\n<p>Sie wurde im Dezember 2013 in Thailand gegr\u00fcndet und ist nun weltweit an <a href=\"https:\/\/trashhero.org\/de\/unser-netzwerk\/\">100 Orten<\/a> aktiv. Koordiniert wird das Netzwerk von Trash Hero World, einem in der Schweiz registrierten gemeinn\u00fctzigen Verein.<\/p>\n<hr \/>\n<p><img loading=\"lazy\" decoding=\"async\" class=\"alignleft size-thumbnail wp-image-19907 crop_circle\" src=\"https:\/\/trashhero.org\/wp-content\/uploads\/2018\/02\/14141829_621305124712032_2283633176557750658_n-150x150.jpg\" alt=\"\" width=\"150\" height=\"150\" srcset=\"https:\/\/trashhero.org\/wp-content\/uploads\/2018\/02\/14141829_621305124712032_2283633176557750658_n-150x150.jpg 150w, https:\/\/trashhero.org\/wp-content\/uploads\/2018\/02\/14141829_621305124712032_2283633176557750658_n-300x300.jpg 300w, https:\/\/trashhero.org\/wp-content\/uploads\/2018\/02\/14141829_621305124712032_2283633176557750658_n-100x100.jpg 100w, https:\/\/trashhero.org\/wp-content\/uploads\/2018\/02\/14141829_621305124712032_2283633176557750658_n-600x600.jpg 600w\" sizes=\"auto, (max-width: 150px) 100vw, 150px\" \/><\/p>\n<h2><b>Was ist ein chapter?<\/b><\/h2>\n<p>Chapter sind lokale Freiwilligengruppen. Sie werden von Einwohnern mit Unterst\u00fctzung unseres Mentorenteams geleitet und organisieren w\u00f6chentliche Cleanups und \/ oder verwalten eines unserer Flaschenprogramme. Sie k\u00f6nnen auch f\u00fcr unser Kids Programm aktiv werden, Pr\u00e4sentationen bei Wirtschaftsverb\u00e4nden halten und andere Aktivit\u00e4ten zur Konsensbildung f\u00fcr abfallfreie St\u00e4dte und Gemeinschaften durchf\u00fchren.<\/p>\n<p>&nbsp;<\/p>\n<hr \/>\n<p><img loading=\"lazy\" decoding=\"async\" class=\"alignleft size-thumbnail wp-image-19909 crop_circle\" src=\"https:\/\/trashhero.org\/wp-content\/uploads\/2018\/03\/khaolak-150x150.jpg\" alt=\"\" width=\"150\" height=\"150\" srcset=\"https:\/\/trashhero.org\/wp-content\/uploads\/2018\/03\/khaolak-150x150.jpg 150w, https:\/\/trashhero.org\/wp-content\/uploads\/2018\/03\/khaolak-300x300.jpg 300w, https:\/\/trashhero.org\/wp-content\/uploads\/2018\/03\/khaolak-100x100.jpg 100w, https:\/\/trashhero.org\/wp-content\/uploads\/2018\/03\/khaolak-600x600.jpg 600w\" sizes=\"auto, (max-width: 150px) 100vw, 150px\" \/><\/p>\n<h2><b>Warum ein Chapter gr\u00fcnden?<\/b><\/h2>\n<p>Es gibt viele Gr\u00fcnde, regelm\u00e4ssige Cleanups in deiner N\u00e4he zu organisieren. Das Hauptziel sollte sein, dass <em>du eine positive Ver\u00e4nderung innerhalb deiner Gemeinschaft und f\u00fcr den Planeten bewirken willst<\/em>.<\/p>\n<p>Du solltest dir auch dar\u00fcber im Klaren sein, dass Trash Hero keine Aktivit\u00e4t ist, um sich selbst oder irgendwelche pers\u00f6nlichen Gesch\u00e4ftsinteressen zu f\u00f6rdern. Die St\u00e4rke von Trash Hero als Ganzes entsteht dadurch, dass jedes Chapter eine unabh\u00e4ngige, aktive und wachsende Pr\u00e4senz in seiner Community schafft und aufrechterh\u00e4lt.<\/p>\n<hr \/>\n<p><img loading=\"lazy\" decoding=\"async\" class=\"alignleft size-thumbnail wp-image-19911 crop_circle\" src=\"https:\/\/trashhero.org\/wp-content\/uploads\/2018\/03\/cm2-150x150.jpg\" alt=\"\" width=\"150\" height=\"150\" srcset=\"https:\/\/trashhero.org\/wp-content\/uploads\/2018\/03\/cm2-150x150.jpg 150w, https:\/\/trashhero.org\/wp-content\/uploads\/2018\/03\/cm2-300x300.jpg 300w, https:\/\/trashhero.org\/wp-content\/uploads\/2018\/03\/cm2-100x100.jpg 100w, https:\/\/trashhero.org\/wp-content\/uploads\/2018\/03\/cm2-600x600.jpg 600w\" sizes=\"auto, (max-width: 150px) 100vw, 150px\" \/><\/p>\n<h2><b>Werde ich ein guter Trash Hero Leader sein?<\/b><\/h2>\n<p>Trash Hero arbeitet auf eine integrative und respektvolle Art und Weise. Daher sind eine positive Einstellung und die F\u00e4higkeit, mit einer Vielzahl von Menschen zu kommunizieren, wichtig. Es ist hilfreich, sowohl die Landessprache als auch Englisch oder Deutsch zu sprechen (oder jemanden im Team zu haben, der das kann).<\/p>\n<p>Diese Qualit\u00e4ten sind wichtiger als vorherige Erfahrungen.<\/p>\n<p>&nbsp;<\/p>\n<hr \/>\n<p><img loading=\"lazy\" decoding=\"async\" class=\"alignleft size-thumbnail wp-image-19913 crop_circle\" src=\"https:\/\/trashhero.org\/wp-content\/uploads\/2018\/03\/IMG_2014-150x150.jpg\" alt=\"\" width=\"150\" height=\"150\" srcset=\"https:\/\/trashhero.org\/wp-content\/uploads\/2018\/03\/IMG_2014-150x150.jpg 150w, https:\/\/trashhero.org\/wp-content\/uploads\/2018\/03\/IMG_2014-300x300.jpg 300w, https:\/\/trashhero.org\/wp-content\/uploads\/2018\/03\/IMG_2014-100x100.jpg 100w, https:\/\/trashhero.org\/wp-content\/uploads\/2018\/03\/IMG_2014-600x600.jpg 600w, https:\/\/trashhero.org\/wp-content\/uploads\/2018\/03\/IMG_2014-768x768.jpg 768w, https:\/\/trashhero.org\/wp-content\/uploads\/2018\/03\/IMG_2014-1024x1024.jpg 1024w, https:\/\/trashhero.org\/wp-content\/uploads\/2018\/03\/IMG_2014.jpg 1363w\" sizes=\"auto, (max-width: 150px) 100vw, 150px\" \/><\/p>\n<h2><b>Wie viel Zeit muss ich aufwenden?<\/b><\/h2>\n<p>Je besser dein Team ist, desto einfacher wird es. Sobald du eingerichtet bist, betr\u00e4gt der \u00fcbliche Umfang etwa 4 Stunden pro Aktion; 2 Stunden f\u00fcr die Cleanups und weitere 2 f\u00fcr die Kommunikation, die Suche nach lokalen Sponsoren und soziale Medien.<\/p>\n<p>Trash Hero ist mehr als ein einmaliges Ereignis, also solltest du dir diese Zeit regelm\u00e4ssig nehmen k\u00f6nnen. Dein Ziel ist es, eine Gemeinschaft zu schaffen, die zusammenarbeitet und etwas bewirkt in deiner Umgebung.<\/p>\n<p>&nbsp;<\/p>\n<hr \/>\n<p><img loading=\"lazy\" decoding=\"async\" class=\"alignleft size-thumbnail wp-image-19915 crop_circle\" src=\"https:\/\/trashhero.org\/wp-content\/uploads\/2018\/01\/26168164_536075003426219_8705639175005371331_n-150x150.jpg\" alt=\"\" width=\"150\" height=\"150\" srcset=\"https:\/\/trashhero.org\/wp-content\/uploads\/2018\/01\/26168164_536075003426219_8705639175005371331_n-150x150.jpg 150w, https:\/\/trashhero.org\/wp-content\/uploads\/2018\/01\/26168164_536075003426219_8705639175005371331_n-300x300.jpg 300w, https:\/\/trashhero.org\/wp-content\/uploads\/2018\/01\/26168164_536075003426219_8705639175005371331_n-100x100.jpg 100w, https:\/\/trashhero.org\/wp-content\/uploads\/2018\/01\/26168164_536075003426219_8705639175005371331_n-600x600.jpg 600w\" sizes=\"auto, (max-width: 150px) 100vw, 150px\" \/><\/p>\n<h2><b>Werde ich bezahlt?<\/b><\/h2>\n<p>Ja, mit viel gutem Karma, einem L\u00e4cheln und positiver Energie &#8211; aber nicht mit Geld.<\/p>\n<p>Und du sollten kein eigenes Geld ausgeben m\u00fcssen, denn durch die Einbindung lokaler Unternehmen solltest du alle laufenden Kosten decken k\u00f6nnen.<\/p>\n<p>&nbsp;<\/p>\n<hr \/>\n<p><img loading=\"lazy\" decoding=\"async\" class=\"alignleft size-thumbnail wp-image-19917 crop_circle\" src=\"https:\/\/trashhero.org\/wp-content\/uploads\/2018\/03\/ecobricks2-150x150.jpg\" alt=\"\" width=\"150\" height=\"150\" srcset=\"https:\/\/trashhero.org\/wp-content\/uploads\/2018\/03\/ecobricks2-150x150.jpg 150w, https:\/\/trashhero.org\/wp-content\/uploads\/2018\/03\/ecobricks2-300x300.jpg 300w, https:\/\/trashhero.org\/wp-content\/uploads\/2018\/03\/ecobricks2-100x100.jpg 100w, https:\/\/trashhero.org\/wp-content\/uploads\/2018\/03\/ecobricks2-600x600.jpg 600w\" sizes=\"auto, (max-width: 150px) 100vw, 150px\" \/><\/p>\n<h2><b>Werde ich geschult?<\/b><\/h2>\n<p>Wir haben ein umfassendes Trash Hero Chapter Handbuch, in dem es um die Organisation von Cleanups, die Einrichtung eines Flaschenprogramms und andere Aktivit\u00e4ten geht. Du wirst auch Zugang zu unserem Mentorenteam haben, das dich coacht und unterst\u00fctzt.<\/p>\n<p>Die Kommunikation mit anderen Chaptern wird gef\u00f6rdert und es finden regelm\u00e4ssig Workshops zum Austausch von Wissen und Ressourcen statt.<\/p>\n<p>&nbsp;<\/p>\n<hr \/>\n<p><img loading=\"lazy\" decoding=\"async\" class=\"alignleft size-thumbnail wp-image-19919 crop_circle\" src=\"https:\/\/trashhero.org\/wp-content\/uploads\/2018\/03\/lanta-150x150.jpg\" alt=\"\" width=\"150\" height=\"150\" srcset=\"https:\/\/trashhero.org\/wp-content\/uploads\/2018\/03\/lanta-150x150.jpg 150w, https:\/\/trashhero.org\/wp-content\/uploads\/2018\/03\/lanta-300x300.jpg 300w, https:\/\/trashhero.org\/wp-content\/uploads\/2018\/03\/lanta-100x100.jpg 100w, https:\/\/trashhero.org\/wp-content\/uploads\/2018\/03\/lanta-600x600.jpg 600w\" sizes=\"auto, (max-width: 150px) 100vw, 150px\" \/><\/p>\n<h2><b>Was sind die ersten Schritte?<\/b><\/h2>\n<p>Finde heraus, wo sich das n\u00e4chste Trash Hero Chapter in deiner N\u00e4he befindet. <a href=\"https:\/\/trashhero.org\/de\/unser-netzwerk\/\">Hier<\/a> findest du die vollst\u00e4ndige Liste. Wenn es eines in deiner N\u00e4he gibt, nimm Kontakt auf und bitte sie, ihre Erfahrungen mit dir zu teilen.<\/p>\n<p>Ihr m\u00fcsst ein Team bilden: Allein kannst du schneller laufen, aber gemeinsam kommt ihr weiter. Dann kontaktierst du dein Umfeld oder machst einen Post in den sozialen Medien, ob jemand daran interessiert ist zu helfen.<\/p>\n<p>Organisiere ein erstes Meeting und gehe das <a href=\"https:\/\/trashhero.org\/blog\/trash-hero-chapter-handbook\/\">Trash Hero Chapter Handbook<\/a> durch.<\/p>\n<p>Nimm mindestens eine Person auf, die gute Verbindungen zur \u00f6rtlichen Gemeinde hat. Wenn du unter 18 bist, brauchst du einen Erwachsenen in deinem Team.<br \/>\nIdealerweise decken 3 &#8211; 4 Teammitglieder folgende Aufgaben ab:<\/p>\n<ul>\n<li>Organisation von Aktivit\u00e4ten;<\/li>\n<li>Kommunikation mit der \u00d6ffentlichkeit;<\/li>\n<li>Einbindung der Gemeinde und lokaler Unternehmen;<\/li>\n<li>Dokumentieren und weitergeben, was ihr tut;<\/li>\n<li>und \u00dcbersetzungen.<\/li>\n<\/ul>\n<p>Es gibt weder eine Anmeldegeb\u00fchr noch ein Mitgliedsbeitrag.<\/p>\n<p>Sobald du bereit bist aktiv zu werden, <a href=\"https:\/\/trashhero.org\/de\/kontaktiere-uns\/\">kontaktiere uns<\/a>, um dein neues Chapter zu starten.<\/p>\n<p>&nbsp;<\/p>\n<hr \/>\n<p><img loading=\"lazy\" decoding=\"async\" class=\"alignleft size-thumbnail wp-image-19921 crop_circle\" src=\"https:\/\/trashhero.org\/wp-content\/uploads\/2017\/11\/19029284_1507709759291319_8752470862548300069_n-150x150.jpg\" alt=\"\" width=\"150\" height=\"150\" srcset=\"https:\/\/trashhero.org\/wp-content\/uploads\/2017\/11\/19029284_1507709759291319_8752470862548300069_n-150x150.jpg 150w, https:\/\/trashhero.org\/wp-content\/uploads\/2017\/11\/19029284_1507709759291319_8752470862548300069_n-300x300.jpg 300w, https:\/\/trashhero.org\/wp-content\/uploads\/2017\/11\/19029284_1507709759291319_8752470862548300069_n-100x100.jpg 100w, https:\/\/trashhero.org\/wp-content\/uploads\/2017\/11\/19029284_1507709759291319_8752470862548300069_n-600x600.jpg 600w\" sizes=\"auto, (max-width: 150px) 100vw, 150px\" \/><\/p>\n<h2><b>Nichts f\u00fcr dich?<\/b><\/h2>\n<p>Es gibt viele andere M\u00f6glichkeiten f\u00fcr Freiwillige, die sich unserer Bewegung anschliessen m\u00f6chten. Schau dir unsere\u00a0<a href=\"https:\/\/trashhero.org\/de\/bewerbung-fuer-freiwillige\/\">Liste der Jobangebote f\u00fcr Freiwillige<\/a>\u00a0an. Oder du kannst <a href=\"https:\/\/trashhero.org\/de\/?page_id=5884\">eine Spende t\u00e4tigen<\/a>, die direkt in unsere Projekte fliesst.<\/p>\n<p>Wenn du an einen Ort reist, wo es bereits ein <a href=\"https:\/\/trashhero.org\/de\/unser-netzwerk\/\">Trash Hero Chapter<\/a> gibt, kannst du einfach bei einem Cleanup mithelfen \u2013 keine Kosten, keine Anmeldung, einfach vorbei kommen.<\/p>\n<\/div><\/div>        <\/div>\n    <\/div>\n<\/section>\n","protected":false},"excerpt":{"rendered":"So startest du dein Trash Hero Chapter &apos;&apos;Never doubt that a small group of thoughtful, committed citizens can change the world; indeed, it&apos;s the only thing that ever has.&apos;&apos;- Margaret Mead Was ist Trash Hero? Trash Hero ist eine globale Bewegung, die von Freiwilligen geleitet wird. Ihr Ziel ist es, Gemeinschaften zusammenzubringen, um die Umwelt","protected":false},"author":1,"featured_media":0,"parent":0,"menu_order":0,"comment_status":"closed","ping_status":"closed","template":"template-normalwidth.php","meta":{"footnotes":""},"class_list":["post-16833","page","type-page","status-publish","hentry"],"_links":{"self":[{"href":"https:\/\/trashhero.org\/de\/wp-json\/wp\/v2\/pages\/16833","targetHints":{"allow":["GET"]}}],"collection":[{"href":"https:\/\/trashhero.org\/de\/wp-json\/wp\/v2\/pages"}],"about":[{"href":"https:\/\/trashhero.org\/de\/wp-json\/wp\/v2\/types\/page"}],"author":[{"embeddable":true,"href":"https:\/\/trashhero.org\/de\/wp-json\/wp\/v2\/users\/1"}],"replies":[{"embeddable":true,"href":"https:\/\/trashhero.org\/de\/wp-json\/wp\/v2\/comments?post=16833"}],"version-history":[{"count":20,"href":"https:\/\/trashhero.org\/de\/wp-json\/wp\/v2\/pages\/16833\/revisions"}],"predecessor-version":[{"id":40959,"href":"https:\/\/trashhero.org\/de\/wp-json\/wp\/v2\/pages\/16833\/revisions\/40959"}],"wp:attachment":[{"href":"https:\/\/trashhero.org\/de\/wp-json\/wp\/v2\/media?parent=16833"}],"curies":[{"name":"wp","href":"https:\/\/api.w.org\/{rel}","templated":true}]}}