{"id":18046,"date":"2021-09-24T16:17:43","date_gmt":"2021-09-24T14:17:43","guid":{"rendered":"https:\/\/trashhero.org\/?page_id=18046"},"modified":"2025-10-31T08:44:25","modified_gmt":"2025-10-31T07:44:25","slug":"refill","status":"publish","type":"page","link":"https:\/\/trashhero.org\/de\/refill\/","title":{"rendered":"Trash Hero Bottle Refill Karte"},"content":{"rendered":"<section class=\"section swatch-white  section-text-no-shadow section-inner-no-shadow section-normal section-opaque\"  data-label=\"\">\n    \n    <div class=\"background-overlay grid-overlay-0 \" style=\"background-color: rgba(0,0,0,0);\"><\/div>\n\n    <div class=\"container\">\n        <div class=\"row vertical-top\">\n            <div class=\"col-md-12     text-center small-screen-default\"  ><header class=\"text-center  element-short-top element-short-bottom not-condensed\" data-os-animation=\"none\" data-os-animation-delay=\"0s\" >\n    <h1 class=\"normal regular no-bordered-header bordered-normal\" >\n        Trash Hero Water Refill Network    <\/h1>\n    <\/header>\n<div class=\" element-short-top element-short-bottom\" data-os-animation=\"none\" data-os-animation-delay=\"0s\">\n    <p>Du kannst deine Trash Hero Flasche WIEDERVERWENDEN und wiederbef\u00fcllen, um den Einweg-Plastikm\u00fcll zu REDUZIEREN und <a href=\"https:\/\/trashhero.org\/de\/95-geringerer-co2-fussabdruck-fuer-trash-hero-trinkflaschen-im-vergleich-mit-einweg-plastikflaschen\/\">das Klima zu schonen.<\/a> Das ist ganz einfach!<\/p>\n<p>Besuche eines der teilnehmenden Unternehmen auf unserer Karte unten, um die Flasche wieder aufzuf\u00fcllen. Erfahre hier mehr \u00fcber das Programm oder berechne die Auswirkungen der Verwendung der Flasche f\u00fcr <a href=\"https:\/\/trashhero.org\/de\/flaschen-impact-rechner\/\">Dich pers\u00f6nlich<\/a> oder in <a href=\"https:\/\/trashhero.org\/de\/flaschen-impact-rechner-hotels\/\">Deinem Hotel!<\/a><\/p>\n<\/div><div class=\"row \"><div class=\"col-md-12     text-Default small-screen-default\"  ><div class=\" element-short-top element-short-bottom\" data-os-animation=\"none\" data-os-animation-delay=\"0s\">\n    <div class=\"gmw-form-wrapper gmw-template-responsive-1 gmw-pt-responsive-1-form-wrapper gmw-element-template gmw-fields-enhanced\">\n\n\t\n\t<form class=\"gmw-form\" name=\"gmw_form\" action=\"\" method=\"get\" data-id=\"2\" data-prefix=\"pt\">\n\n\t\t\n\t\t<div class=\"gmw-form-main-fields-wrapper gmw-flexed-wrapper\">\n\t\t\t<div class=\"gmw-form-field-wrapper gmw-keywords-field-wrapper gmw-field-type-text-wrapper\" ><input type=\"text\"  placeholder=\"Search by business name\" id=\"gmw-keywords-field-2\" name=\"keywords\" class=\"gmw-form-field gmw-keywords-field gmw-text-type-field\" data-form_id=\"2\" value=\"\" \/><\/div>\t\t\t<div class=\"gmw-form-field-wrapper gmw-address-field-wrapper gmw-field-type-address-wrapper gmw-locator-enabled\" ><div class=\"gmw-field-inner\"><input type=\"text\" value=\"\"  placeholder=\"Search by location\" id=\"gmw-address-field-2\" name=\"address[]\" class=\"gmw-form-field gmw-address-field gmw-address-type-field  gmw-full-address gmw-address-autocomplete\" data-form_id=\"2\" autocorrect=\"off\" autocapitalize=\"off\" spellcheck=\"false\" \/><i class=\"gmw-locator-button inside gmw-icon-target-light\" data-locator_submit=\"1\" data-form_id=\"2\"><\/i><\/div><\/div>\t\t\t\t\t\t\t\t<\/div>\n\n\t\t\n\t\t\n\t\t\t\t\n\t\t<div class=\"gmw-form-advanced-fields-wrapper gmw-flexed-wrapper\">\n\t\t\t\t\t\t<div class=\"gmw-form-field-wrapper gmw-business_type-taxonomy-field-wrapper gmw-field-type-taxonomy-wrapper gmw-field-type-select-wrapper gmw-single-taxonomy-wrapper\"  style=\"\" data-conditions=\"[{&quot;post_types&quot;:&quot;refill_point&quot;}]\"><select name=\"tax[business_type][]\" id=\"business_type-taxonomy-2\" class=\"gmw-form-field gmw-taxonomy-field business_type\" data-gmw-dropdown-parent=\"#business_type-taxonomy-wrapper\"  ><option value=\"\" selected=\"selected\">Business type<\/option>\t<option class=\"level-0\" value=\"434\" > Food &amp; Drink<\/option>\n\t<option class=\"level-0\" value=\"437\" > Lodging<\/option>\n\t<option class=\"level-0\" value=\"440\" > Retail<\/option>\n\t<option class=\"level-0\" value=\"453\" > Leisure &amp; Entertainment<\/option>\n\t<option class=\"level-0\" value=\"520\" > Health &amp; Wellbeing<\/option>\n\t<option class=\"level-0\" value=\"521\" > Other services<\/option>\n\t<option class=\"level-0\" value=\"535\" > Transport &amp; Travel<\/option>\n\t<option class=\"level-0\" value=\"608\" > \u0e2d\u0e32\u0e2b\u0e32\u0e23\u0e41\u0e25\u0e30\u0e40\u0e04\u0e23\u0e37\u0e48\u0e2d\u0e07\u0e14\u0e37\u0e48\u0e21<\/option>\n<\/select><\/div><div class=\"gmw-form-field-wrapper gmw-charges-taxonomy-field-wrapper gmw-field-type-taxonomy-wrapper gmw-field-type-select-wrapper gmw-single-taxonomy-wrapper\"  style=\"\" data-conditions=\"[{&quot;post_types&quot;:&quot;refill_point&quot;}]\"><select name=\"tax[charges][]\" id=\"charges-taxonomy-2\" class=\"gmw-form-field gmw-taxonomy-field charges\" data-gmw-dropdown-parent=\"#charges-taxonomy-wrapper\"  ><option value=\"\" selected=\"selected\">Refill cost<\/option>\t<option class=\"level-0\" value=\"433\" > Free for everyone<\/option>\n\t<option class=\"level-0\" value=\"436\" > Paid (for non Trash-Hero bottles)<\/option>\n\t<option class=\"level-0\" value=\"571\" > Per refill<\/option>\n<\/select><\/div><div class=\"gmw-form-field-wrapper gmw-bottle_seller-taxonomy-field-wrapper gmw-field-type-taxonomy-wrapper gmw-field-type-select-wrapper gmw-single-taxonomy-wrapper\"  style=\"\" data-conditions=\"[{&quot;post_types&quot;:&quot;refill_point&quot;}]\"><select name=\"tax[bottle_seller][]\" id=\"bottle_seller-taxonomy-2\" class=\"gmw-form-field gmw-taxonomy-field bottle_seller\" data-gmw-dropdown-parent=\"#bottle_seller-taxonomy-wrapper\"  ><option value=\"\" selected=\"selected\">Show only bottle sellers?<\/option>\t<option class=\"level-0\" value=\"435\" > Yes<\/option>\n\t<option class=\"level-0\" value=\"438\" > No<\/option>\n<\/select><\/div>\t\t\t\t\t\t\t\t<\/div>\n\n\t\t\n\t\t\n\t\t<div class=\"gmw-form-action-buttons-wrapper gmw-flexed-wrapper\">\n\t\t\t\t\t\t<div class=\"gmw-form-field-wrapper gmw-reset-form-field-wrapper gmw-field-type-link-wrapper\" ><a  id=\"gmw-reset-form-field-2\" name=\"reset_form\" class=\"gmw-form-field gmw-reset-form-field gmw-link-type-field gmw-form-button\" data-form_id=\"2\">Reset<\/a><\/div>\t\t\t<div class=\"gmw-form-field-wrapper gmw-submit-field-wrapper gmw-field-type-submit-wrapper\" ><input type=\"submit\" id=\"gmw-submit-2\" class=\"gmw-form-field gmw-submit-field gmw-submit-type-field gmw-form-button gmw-submit-button gmw-submit\" value=\"Search\" data-button_type=\"submit\" data-form_id=\"2\" \/><\/div><div id=\"gmw-submission-fields-2\" class=\"gmw-submission-field\" data-form_id=\"2\" style=\"display:none\"><input type=\"hidden\" id=\"gmw-page-2\" class=\"gmw-page\" name=\"page\" value=\"1\" \/><input type=\"hidden\" id=\"gmw-per-page-2\" class=\"gmw-per-page\" name=\"per_page\" value=\"9999\" \/><input type=\"hidden\" id=\"gmw-lat-2\" class=\"gmw-lat\" name=\"lat\" value=\"\" \/><input type=\"hidden\" id=\"gmw-lng-2\" class=\"gmw-lng\" name=\"lng\" value=\"\" \/><input type=\"hidden\" id=\"gmw-country-2\" class=\"gmw-country\" name=\"country\" value=\"\" \/><input type=\"hidden\" id=\"gmw-form-id-2\" class=\"gmw-form-id\" name=\"form\" value=\"2\" \/><input type=\"hidden\" id=\"gmw-action-2\" class=\"gmw-action\" name=\"action\" value=\"fs\"\/><\/div>\t\t<\/div>\n\n\t\t\t<\/form>\n\n\t\n<\/div>\n\n<div id=\"gmw-map-wrapper-2\" class=\"gmw-map-wrapper  pt posts_locator \" style=\"width:100%;height:600px;\"> <span id=\"gmw-resize-map-toggle-2\" class=\"gmw-resize-map-toggle gmw-icon-resize-full\" style=\"display:none;\" title=\"Resize map\"><\/span> <div id=\"gmw-map-loader-2\" class=\"gmw-map-loader\"><\/div> <div id=\"gmw-map-2\" class=\"gmw-map pt posts_locator\" style=\"width:100%; height:100%\" data-map_id=\"2\" data-prefix=\"pt\" data-map_type=\"posts_locator\" data-icons_usage=\"per_category\"><\/div> <\/div>\n<\/div><\/div><\/div><div class=\"row \"><div class=\"col-md-4     text-left small-screen-default\"  style=\"background:rgba(153,204,102,0.14);\"><div class=\" element-short-top element-short-bottom\" data-os-animation=\"none\" data-os-animation-delay=\"0s\">\n    <p><strong>MAP LEGEND<\/strong><\/p>\n<table>\n<tbody style=\"font-size: 80%; font-weight: bold; text-align: left; vertical-align: top; cell-padding: 0; cell-spacing: 0;\">\n<tr>\n<td style=\"width: 15%;\"><img loading=\"lazy\" decoding=\"async\" class=\"alignleft size-thumbnail wp-image-28519\" src=\"https:\/\/trashhero.org\/wp-content\/uploads\/2022\/10\/legend_yah.png\" alt=\"\" width=\"32\" height=\"32\" \/><\/td>\n<td style=\"width: 85%;\">Current map location<\/td>\n<\/tr>\n<tr>\n<td style=\"width: 15%;\"><img loading=\"lazy\" decoding=\"async\" class=\"alignleft size-thumbnail wp-image-28513\" src=\"https:\/\/trashhero.org\/wp-content\/uploads\/2022\/10\/legend_TH_refill.png\" alt=\"\" width=\"32\" height=\"32\" \/><\/td>\n<td style=\"width: 85%;\">Trash Hero refill point<\/td>\n<\/tr>\n<tr>\n<td style=\"width: 15%;\"><img loading=\"lazy\" decoding=\"async\" class=\"alignleft size-thumbnail wp-image-28507\" src=\"https:\/\/trashhero.org\/wp-content\/uploads\/2022\/10\/legend_TH_bottle.png\" alt=\"\" width=\"32\" height=\"32\" \/><\/td>\n<td style=\"width: 85%;\">Trash Hero refill point with bottles for sale<\/td>\n<\/tr>\n<tr>\n<td style=\"width: 15%;\"><img loading=\"lazy\" decoding=\"async\" class=\"alignleft size-full wp-image-28501\" src=\"https:\/\/trashhero.org\/wp-content\/uploads\/2022\/10\/legend_ds_refill.png\" alt=\"\" width=\"32\" height=\"32\" \/><\/td>\n<td style=\"width: 85%;\">Dolej Si x Trash Hero refill point*<\/td>\n<\/tr>\n<tr>\n<td style=\"width: 15%;\"><img loading=\"lazy\" decoding=\"async\" class=\"alignleft size-full wp-image-28495\" src=\"https:\/\/trashhero.org\/wp-content\/uploads\/2022\/10\/legend_ds_bottle.png\" alt=\"\" width=\"32\" height=\"32\" \/><\/td>\n<td style=\"width: 85%;\">Dolej Si x Trash Hero refill point with bottles for sale*<\/td>\n<\/tr>\n<\/tbody>\n<\/table>\n<p class=\"small\">*Czech Republic only<\/p>\n<\/div><div class=\"figure  element-short-top element-short-bottom image-filter-none image-filter-onhover fade-in text-center figcaption-middle fullwidth\" data-os-animation=\"none\" data-os-animation-delay=\"0s\">\n            <span class=\"figure-image\">\n    \n    <img decoding=\"async\" src=\"https:\/\/trashhero.org\/wp-content\/uploads\/2022\/10\/pattani-refill-2-225x300.jpg\"   class=\"fullwidth\" \/>    \n            <\/span>\n    \n<\/div><div class=\" element-short-top element-short-bottom\" data-os-animation=\"none\" data-os-animation-delay=\"0s\">\n    <p><strong>SCHLIESS DICH UNS AN!<\/strong><br \/>\nHast Du ein Unternehmen und willst uns helfen, die Plastikverschmutzung an der Quelle zu reduzieren?<br \/>\nRichte eine Nachf\u00fcllstation ein und sei kostenlos ein Teil unseres globalen Netzwerks!<br \/>\nEs ist ganz einfach, sich anzumelden: Klicke unten, um loszulegen.<\/p>\n<\/div><a href=\"https:\/\/trashhero.org\/register-your-refill-point\/\" class=\"btn btn-link btn-lg aligncenter btn-icon-left  element-no-top element-short-bottom btn-custom os-animation\" target= \"_self\" data-os-animation=\"rubberBand\" data-os-animation-delay=\"0.5s \" style=\"background:#ffcf1c !important; color:#333333 !important;\" >\n\t<strong>JETZT ANMELDEN!<\/strong> \t\t\t<span> <i class=\"fa fa-pencil-square-o\"  style=\"color:#333333 !important;\" ><\/i> <\/span>\n\t<\/a>\n<div class=\"figure  element-short-top element-short-bottom image-filter-none image-filter-onhover fade-in text-center figcaption-middle fullwidth\" data-os-animation=\"none\" data-os-animation-delay=\"0s\">\n            <span class=\"figure-image\">\n    \n    <img decoding=\"async\" src=\"https:\/\/trashhero.org\/wp-content\/uploads\/2022\/11\/tiny_cc_refillsu-300x300.png\"   class=\"fullwidth\" \/>    \n            <\/span>\n    \n    <div class=\"figure-caption text-center\">\n        <h3 class=\"figure-caption-title bordered bordered-small \">\n                                            <\/h3>\n        <p class=\"figure-caption-description\">Melde Dich via QR-Code an!<\/p>\n    <\/div>\n<\/div><\/div><div class=\"col-md-8     text-left small-screen-default\"  ><div class=\" element-short-top element-short-bottom\" data-os-animation=\"none\" data-os-animation-delay=\"0s\">\n    <p><strong>WIE FUNKTIONIERT REFILL?<\/strong><\/p>\n<p><strong>\u279c Wenn du schon eine Trash Hero-Flasche hast:<\/strong><\/p>\n<p>Refills sind immer GRATIS in jedem Lokal, welches auf unserer Liste ist.<\/p>\n<p><strong>\u279c Wenn du noch keine Trash Hero-Flasche hast:<\/strong><\/p>\n<p>Nachf\u00fcllungen sind in der Regel in allen auf unserer Karte aufgef\u00fchrten Gesch\u00e4ften kostenlos. In einigen Gesch\u00e4ften wird ein geringer Betrag f\u00fcr das Nachf\u00fcllen erhoben (in der Regel so viel oder weniger als beim Kauf einer neuen Plastikflasche Wasser). Wenn Du nur Orte anzeigen willst, die kostenloses Nachf\u00fcllen anbieten, verwende bitte die bereitgestellten Filter.<\/p>\n<p><strong>\u279c Wenn du eine Trash Hero-Flasche kaufen m\u00f6chtest:<\/strong><\/p>\n<p>Bitte besuche eine Nachf\u00fcllstation, die auch Flaschen verkauft (gelbe Symbole auf der Karte &#8211; oder verwende den Filter, um nur Flaschenverk\u00e4ufer anzuzeigen). Die Preise sind f\u00fcr jedes Land festgelegt, so dass Du nirgends einen g\u00fcnstigeren Preis bekommst. Mit dem Kauf einer Trash Hero-Flasche erh\u00e4ltst Du lebenslang kostenloses Nachf\u00fcllen von Wasser bei einem unserer Partner.<\/p>\n<p>Bitte beachte, dass die \u00d6ffnungszeiten nur als Anhaltspunkt dienen &#8211; im Zweifelsfall wende Dich bitte direkt an das Gesch\u00e4ft.<\/p>\n<p>Wenn Du Informationen auf unserer Karte siehst, die aktualisiert werden m\u00fcssen,<a href=\"https:\/\/trashhero.org\/de\/kontaktiere-uns\/\"> kontaktiere uns bitte<\/a>, damit wir diese anpassen k\u00f6nnen.<\/p>\n<p><strong>\u279c Das Kleingedruckte:<\/strong><\/p>\n<p><img loading=\"lazy\" decoding=\"async\" class=\"alignleft size-medium wp-image-28543\" src=\"https:\/\/trashhero.org\/wp-content\/uploads\/2022\/10\/Cutout-Bottle-169x300.png\" alt=\"\" width=\"169\" height=\"300\" srcset=\"https:\/\/trashhero.org\/wp-content\/uploads\/2022\/10\/Cutout-Bottle-169x300.png 169w, https:\/\/trashhero.org\/wp-content\/uploads\/2022\/10\/Cutout-Bottle-576x1024.png 576w, https:\/\/trashhero.org\/wp-content\/uploads\/2022\/10\/Cutout-Bottle-768x1365.png 768w, https:\/\/trashhero.org\/wp-content\/uploads\/2022\/10\/Cutout-Bottle-864x1536.png 864w, https:\/\/trashhero.org\/wp-content\/uploads\/2022\/10\/Cutout-Bottle.png 1080w\" sizes=\"auto, (max-width: 169px) 100vw, 169px\" \/><\/p>\n<p class=\"small\"><u>Nutzungsregeln<\/u><br \/>\nAlle auf unserer Karte aufgef\u00fchrten Trash Hero Wassernachf\u00fcllpartner &#8211; insbesondere in L\u00e4ndern, in denen Trinkwasser nicht kostenlos ist &#8211; sind berechtigt, eine Fair-Use-Regeln zu betreiben. Das bedeutet, dass sie sich das Recht vorbehalten, niemanden zu bedienen, von dem sie glauben, dass er den Geist des Angebots missbraucht. Dies k\u00f6nnte z. B. bedeuten, dass man sich in einem Caf\u00e9 hinsetzt und nur ein kostenloses Wasser nachf\u00fcllt, ohne etwas anderes zu konsumieren oder dass man einen sehr grossen Beh\u00e4lter zum Nachf\u00fcllen mitbringt. Die Regeln liegt im Ermessen der einzelnen Partner. Wir danken das Verst\u00e4ndnis.<br \/>\n<u><\/u><\/p>\n<p class=\"small\"><u><a name=\"price\"><\/a>Trash Hero-Flaschen Preise nach L\u00e4nder<\/u><br \/>\nThailand: 240 THB<br \/>\nIndonesien: 90&#8217;000 IDR<br \/>\nMalaysia: 30 MYR<br \/>\nTschechische Republik: CZK<br \/>\nSchweiz: 10 CHF<br \/>\nDie Flasche ist aus lebensmittelechtem Edelstahl 304 gefertigt und einwandig (nicht isoliert). Sie fasst 750 ml Wasser oder ein anderes kaltes Getr\u00e4nk. Nicht geeignet f\u00fcr heisse Getr\u00e4nke. Nur von Hand waschen.<\/p>\n<\/div><\/div><\/div><\/div>        <\/div>\n    <\/div>\n<\/section>\n\n","protected":false},"excerpt":{"rendered":"Type: Transport &amp; Travel Address: Jl. Prawirotaman No.5, Brontokusuman, Kec. Mergangsan, Kota Yogyakarta, Daerah Istimewa Yogyakarta 55153, Indonesia Opening hours: 09:00 - 17:00 Phone: +628112558050 Cost of refill: Free for everyone","protected":false},"author":25,"featured_media":0,"parent":0,"menu_order":0,"comment_status":"closed","ping_status":"closed","template":"","meta":{"footnotes":""},"class_list":["post-18046","page","type-page","status-publish","hentry"],"_links":{"self":[{"href":"https:\/\/trashhero.org\/de\/wp-json\/wp\/v2\/pages\/18046","targetHints":{"allow":["GET"]}}],"collection":[{"href":"https:\/\/trashhero.org\/de\/wp-json\/wp\/v2\/pages"}],"about":[{"href":"https:\/\/trashhero.org\/de\/wp-json\/wp\/v2\/types\/page"}],"author":[{"embeddable":true,"href":"https:\/\/trashhero.org\/de\/wp-json\/wp\/v2\/users\/25"}],"replies":[{"embeddable":true,"href":"https:\/\/trashhero.org\/de\/wp-json\/wp\/v2\/comments?post=18046"}],"version-history":[{"count":16,"href":"https:\/\/trashhero.org\/de\/wp-json\/wp\/v2\/pages\/18046\/revisions"}],"predecessor-version":[{"id":46791,"href":"https:\/\/trashhero.org\/de\/wp-json\/wp\/v2\/pages\/18046\/revisions\/46791"}],"wp:attachment":[{"href":"https:\/\/trashhero.org\/de\/wp-json\/wp\/v2\/media?parent=18046"}],"curies":[{"name":"wp","href":"https:\/\/api.w.org\/{rel}","templated":true}]}}