{"id":24348,"date":"2022-05-25T14:00:16","date_gmt":"2022-05-25T12:00:16","guid":{"rendered":"https:\/\/trashhero.org\/trash-hero-kids-ebook-download\/"},"modified":"2022-05-25T14:00:16","modified_gmt":"2022-05-25T12:00:16","slug":"trash-hero-kids-ebook-download","status":"publish","type":"page","link":"https:\/\/trashhero.org\/de\/trash-hero-kids-ebook-download\/","title":{"rendered":"Trash Hero Kids | Ebook download"},"content":{"rendered":"<p><img loading=\"lazy\" decoding=\"async\" class=\"alignleft size-medium wp-image-8783\" src=\"https:\/\/trashhero.org\/wp-content\/uploads\/2018\/01\/bookcover-300x300.jpg\" alt=\"\" width=\"300\" height=\"300\" srcset=\"https:\/\/trashhero.org\/wp-content\/uploads\/2018\/01\/bookcover-300x300.jpg 300w, https:\/\/trashhero.org\/wp-content\/uploads\/2018\/01\/bookcover-100x100.jpg 100w, https:\/\/trashhero.org\/wp-content\/uploads\/2018\/01\/bookcover-150x150.jpg 150w, https:\/\/trashhero.org\/wp-content\/uploads\/2018\/01\/bookcover.jpg 320w\" sizes=\"auto, (max-width: 300px) 100vw, 300px\" \/><\/p>\n<p>Unser E-Book ist derzeit in sieben Sprachen und zwei Formaten erh\u00e4ltlich: PDF und ePUB.<\/p>\n<p>Die ePUB-Version kann auf iBooks (iPad, iPhone, Mac), Google Play Books und anderen eBook-Readern (Nook, Kobo usw.) gelesen werden.<br \/>\nDie PDF-Version ist auf allen Ger\u00e4ten mit einem PDF-Reader lesbar, einschlie\u00dflich PC und Kindle.<\/p>\n<p>Zum Herunterladen klicke mit der rechten Maustaste auf die unten stehenden Dateinamen oder tipp sie an und w\u00e4hle &#8222;Speichern unter&#8220;:<br \/>\n<br clear=\"all\" \/><\/p>\n<p>&#x1f1ec;&#x1f1e7; <a href=\"https:\/\/trashhero.org\/wp-content\/uploads\/2020\/10\/Trash_Hero_Kids_Book_EN.pdf\">Englisch &#8211; PDF<\/a><br \/>\n&#x1f1ec;&#x1f1e7; <a href=\"https:\/\/trashhero.org\/wp-content\/uploads\/2020\/10\/Trash_Hero_Kids_Book_EN.epub\">Englisch &#8211; ePUB<\/a><\/p>\n<p>&#x1f1ee;&#x1f1e9; <a href=\"https:\/\/trashhero.org\/wp-content\/uploads\/2018\/04\/Trash_Hero_Kids_Book_ID.pdf\">Bahasa Indonesia &#8211; PDF<\/a><br \/>\n&#x1f1ee;&#x1f1e9; <a href=\"https:\/\/trashhero.org\/wp-content\/uploads\/2018\/03\/Trash_Hero_Kids_Book_ID.epub\">Bahasa Indonesia &#8211; ePUB<\/a><\/p>\n<p>&#x1f1f2;&#x1f1fe; <a href=\"https:\/\/trashhero.org\/wp-content\/uploads\/2020\/10\/Trash_Hero_Kids_Book_MY.pdf\">Bahasa Melayu &#8211; PDF<\/a><br \/>\n&#x1f1f2;&#x1f1fe; <a href=\"https:\/\/trashhero.org\/wp-content\/uploads\/2020\/10\/Trash_Hero_Kids_Book_MY.epub\">Bahasa Melayu &#8211; ePUB<\/a><\/p>\n<p>&#x1f1f9;&#x1f1ed; <a href=\"https:\/\/trashhero.org\/wp-content\/uploads\/2020\/10\/Trash_Hero_Kids_Book_TH.pdf\">\u0e44\u0e17\u0e22 &#8211; PDF<\/a><br \/>\n&#x1f1f9;&#x1f1ed; <a href=\"https:\/\/trashhero.org\/wp-content\/uploads\/2020\/10\/Trash_Hero_Kids_Book_TH.epub\">\u0e44\u0e17\u0e22 &#8211; ePUB<\/a><\/p>\n<p>&#x1f1f2;&#x1f1f2; <a href=\"https:\/\/trashhero.org\/wp-content\/uploads\/2020\/10\/Trash_Hero_Kids_Book_TH.pdf\">\u1019\u103c\u1014\u103a\u1019\u102c\u1018\u102c\u101e\u102c (Myanmar) &#8211; PDF<\/a><\/p>\n<p>&#x1f1e8;&#x1f1ed; <a href=\"https:\/\/trashhero.org\/wp-content\/uploads\/2020\/10\/Trash_Hero_Kids_Book_DE.pdf\">Deutsch &#8211; PDF<\/a><br \/>\n&#x1f1e8;&#x1f1ed; <a href=\"https:\/\/trashhero.org\/wp-content\/uploads\/2020\/10\/Trash_Hero_Kids_Book_DE.epub\">Deutsch &#8211; ePUB<\/a><\/p>\n<p>&#x1f1e8;&#x1f1ff; <a href=\"https:\/\/trashhero.org\/wp-content\/uploads\/2020\/10\/Trash_Hero_Kids_Book_CZ.pdf\">\u010ce\u0161tina &#8211; PDF<\/a><br \/>\n&#x1f1e8;&#x1f1ff; <a href=\"https:\/\/trashhero.org\/wp-content\/uploads\/2020\/10\/Trash_Hero_Kids_Book_CZ.epub\">\u010ce\u0161tina &#8211; ePUB<\/a><\/p>\n<p><strong>Copyright-Hinweis f\u00fcr alle Versionen des Ebooks: Alle Rechte vorbehalten. Kein Ausschnitt dieser Ver\u00f6ffentlichung darf ohne Genehmigung in irgendeiner Form oder mit irgendwelchen Mitteln vervielf\u00e4ltigt oder \u00fcbertragen werden.<\/strong><\/p>\n<p><a href=\"\/kids\/\">&#8211;&gt;Zur\u00fcck zur Trash Hero Kids Hauptseite<\/a><\/p>\n","protected":false},"excerpt":{"rendered":"<p>Unser E-Book ist derzeit in sieben Sprachen und zwei Formaten erh\u00e4ltlich: PDF und ePUB. Die ePUB-Version kann auf iBooks (iPad, iPhone, Mac), Google Play Books und anderen eBook-Readern (Nook, Kobo usw.) gelesen werden. Die PDF-Version ist auf allen Ger\u00e4ten mit einem PDF-Reader lesbar, einschlie\u00dflich PC und Kindle. Zum Herunterladen klicke mit der rechten Maustaste auf<\/p>\n","protected":false},"author":8,"featured_media":0,"parent":0,"menu_order":0,"comment_status":"closed","ping_status":"closed","template":"template-normalwidth.php","meta":{"footnotes":""},"class_list":["post-24348","page","type-page","status-publish","hentry"],"_links":{"self":[{"href":"https:\/\/trashhero.org\/de\/wp-json\/wp\/v2\/pages\/24348","targetHints":{"allow":["GET"]}}],"collection":[{"href":"https:\/\/trashhero.org\/de\/wp-json\/wp\/v2\/pages"}],"about":[{"href":"https:\/\/trashhero.org\/de\/wp-json\/wp\/v2\/types\/page"}],"author":[{"embeddable":true,"href":"https:\/\/trashhero.org\/de\/wp-json\/wp\/v2\/users\/8"}],"replies":[{"embeddable":true,"href":"https:\/\/trashhero.org\/de\/wp-json\/wp\/v2\/comments?post=24348"}],"version-history":[{"count":0,"href":"https:\/\/trashhero.org\/de\/wp-json\/wp\/v2\/pages\/24348\/revisions"}],"wp:attachment":[{"href":"https:\/\/trashhero.org\/de\/wp-json\/wp\/v2\/media?parent=24348"}],"curies":[{"name":"wp","href":"https:\/\/api.w.org\/{rel}","templated":true}]}}