{"id":24356,"date":"2022-05-25T14:42:12","date_gmt":"2022-05-25T12:42:12","guid":{"rendered":"https:\/\/trashhero.org\/ressourcenbibliothek\/"},"modified":"2024-09-13T17:02:30","modified_gmt":"2024-09-13T15:02:30","slug":"ressourcenbibliothek","status":"publish","type":"page","link":"https:\/\/trashhero.org\/de\/ressourcenbibliothek\/","title":{"rendered":"Ressourcenbibliothek"},"content":{"rendered":"<section class=\"section swatch-white  section-text-no-shadow section-inner-no-shadow section-normal section-opaque\"  data-label=\"\">\n    \n    <div class=\"background-overlay grid-overlay-0 \" style=\"background-color: rgba(0,0,0,0);\"><\/div>\n\n    <div class=\"container\">\n        <div class=\"row vertical-top\">\n            <div class=\"col-md-12     text-default small-screen-default\"  ><header class=\"text-center  element-short-top element-short-bottom not-condensed\" data-os-animation=\"none\" data-os-animation-delay=\"0s\" >\n    <h1 class=\"normal regular no-bordered-header bordered-normal\" >\n        Ressourcenbibliothek    <\/h1>\n    <\/header>\n<div class=\" element-short-top element-short-bottom\" data-os-animation=\"none\" data-os-animation-delay=\"0s\">\n    <p>In diesem Abschnitt findest du eine Vielzahl unterschiedlicher Materialien zum Thema Plastik und seine Auswirkungen auf die Umwelt, unsere Gesundheit und die Gesellschaft im Allgemeinen. Es gibt auch Ressourcen zur Schaffung einer anderen Welt, ohne Einwegplastik und auf der Grundlage von Zero-Waste-Prinzipien.<\/p>\n<p>Du kannst die Such- und Filterfunktionen nutzen, um die gew\u00fcnschten Informationen zu finden. Alle Materialien sind kostenlos und k\u00f6nnen heruntergeladen und ohne \u00c4nderungen verwendet werden. Bitte stell jedoch sicher, dass du die Urheber bei der Weitergabe der Dokumente nennst!<\/p>\n<p>Die Bibliothek wird regelm\u00e4ssig aktualisiert: Wenn du Vorschl\u00e4ge f\u00fcr die Bibliothek hast, <a href=\"https:\/\/trashhero.org\/de\/kontaktiere-uns\/\">wende dich bitte an uns<\/a>.<\/p>\n<\/div><div class=\"row \"><div class=\"col-md-3     text-default small-screen-default\"  ><div class=\" element-short-top element-short-bottom\" data-os-animation=\"none\" data-os-animation-delay=\"0s\">\n    <p><form data-sf-form-id='43760' data-is-rtl='0' data-maintain-state='' data-results-url='https:\/\/trashhero.org\/library\/' data-ajax-form-url='https:\/\/trashhero.org\/de\/?sfid=43760&amp;sf_action=get_data&amp;sf_data=form' data-display-result-method='vc_post_grid' data-use-history-api='1' data-template-loaded='0' data-lang-code='de' data-ajax='0' data-init-paged='1' data-auto-update='1' data-auto-count='1' data-auto-count-refresh-mode='1' action='https:\/\/trashhero.org\/library\/' method='post' class='searchandfilter' id='search-filter-form-43760' autocomplete='off' data-instance-count='1' data-ajax-target='.search-filter-results-43760' data-ajax-links-selector='a.page-numbers' data-ajax-data-type='json' data-replace-results='0'><ul><li class=\"sf-field-search\" data-sf-field-name=\"search\" data-sf-field-type=\"search\" data-sf-field-input-type=\"\">\t\t<label><input placeholder=\"Suche nach Stichwort...\" name=\"_sf_search[]\" class=\"sf-input-text\" type=\"text\" value=\"\" title=\"\"><\/label>\t\t<\/li><li class=\"sf-field-taxonomy-topic\" data-sf-field-name=\"_sft_topic\" data-sf-field-type=\"taxonomy\" data-sf-field-input-type=\"select\" data-sf-combobox=\"1\"><h4>Suche nach Thema<\/h4>\t\t<label>\r\n\t\t\t\t<select data-combobox=\"1\" name=\"_sft_topic[]\" class=\"sf-input-select\" title=\"\">\r\n\t\t\t\r\n\t\t\t\t\t\t<option class=\"sf-level-0 sf-item-0 sf-option-active\" selected=\"selected\" data-sf-count=\"0\" data-sf-depth=\"0\" value=\"\">All Topics<\/option>\r\n\t\t\t\t\t\t<option class=\"sf-level-0 sf-item-648\" data-sf-count=\"1\" data-sf-depth=\"0\" value=\"bioplastic-de\">Bioplastics&nbsp;&nbsp;(1)<\/option>\r\n\t\t\t\t\t\t<option class=\"sf-level-0 sf-item-410\" data-sf-count=\"0\" data-sf-depth=\"0\" value=\"other-types-of-waste\">Other types of waste&nbsp;&nbsp;(0)<\/option>\r\n\t\t\t\t\t\t<option class=\"sf-level-1 sf-item-412\" data-sf-count=\"0\" data-sf-depth=\"1\" value=\"e-waste\">&nbsp;&nbsp;&nbsp;E-waste&nbsp;&nbsp;(0)<\/option>\r\n\t\t\t\t\t\t<option class=\"sf-level-1 sf-item-411\" data-sf-count=\"0\" data-sf-depth=\"1\" value=\"food-waste\">&nbsp;&nbsp;&nbsp;Food waste&nbsp;&nbsp;(0)<\/option>\r\n\t\t\t\t\t\t<option class=\"sf-level-0 sf-item-301\" data-sf-count=\"0\" data-sf-depth=\"0\" value=\"plastic-and-environment\">Plastic &amp; Environment&nbsp;&nbsp;(0)<\/option>\r\n\t\t\t\t\t\t<option class=\"sf-level-1 sf-item-321\" data-sf-count=\"0\" data-sf-depth=\"1\" value=\"co2-climate-change\">&nbsp;&nbsp;&nbsp;CO2 &amp; climate change&nbsp;&nbsp;(0)<\/option>\r\n\t\t\t\t\t\t<option class=\"sf-level-1 sf-item-320\" data-sf-count=\"0\" data-sf-depth=\"1\" value=\"marine-pollution\">&nbsp;&nbsp;&nbsp;Marine pollution&nbsp;&nbsp;(0)<\/option>\r\n\t\t\t\t\t\t<option class=\"sf-level-1 sf-item-322\" data-sf-count=\"0\" data-sf-depth=\"1\" value=\"wildlife\">&nbsp;&nbsp;&nbsp;Plastic &amp; wildlife&nbsp;&nbsp;(0)<\/option>\r\n\t\t\t\t\t\t<option class=\"sf-level-0 sf-item-300\" data-sf-count=\"0\" data-sf-depth=\"0\" value=\"plastic-and-health\">Plastic &amp; Health&nbsp;&nbsp;(0)<\/option>\r\n\t\t\t\t\t\t<option class=\"sf-level-1 sf-item-581\" data-sf-count=\"0\" data-sf-depth=\"1\" value=\"chemicals-toxicity\">&nbsp;&nbsp;&nbsp;Chemicals &amp; Toxicity&nbsp;&nbsp;(0)<\/option>\r\n\t\t\t\t\t\t<option class=\"sf-level-1 sf-item-317\" data-sf-count=\"0\" data-sf-depth=\"1\" value=\"covid-pandemic\">&nbsp;&nbsp;&nbsp;COVID related issues&nbsp;&nbsp;(0)<\/option>\r\n\t\t\t\t\t\t<option class=\"sf-level-1 sf-item-318\" data-sf-count=\"0\" data-sf-depth=\"1\" value=\"incineration-health\">&nbsp;&nbsp;&nbsp;Incineration &#8211; health impacts&nbsp;&nbsp;(0)<\/option>\r\n\t\t\t\t\t\t<option class=\"sf-level-1 sf-item-319\" data-sf-count=\"0\" data-sf-depth=\"1\" value=\"landfill-health\">&nbsp;&nbsp;&nbsp;Landfill- health impacts&nbsp;&nbsp;(0)<\/option>\r\n\t\t\t\t\t\t<option class=\"sf-level-1 sf-item-315\" data-sf-count=\"0\" data-sf-depth=\"1\" value=\"children\">&nbsp;&nbsp;&nbsp;Plastic &amp; Children&nbsp;&nbsp;(0)<\/option>\r\n\t\t\t\t\t\t<option class=\"sf-level-1 sf-item-316\" data-sf-count=\"0\" data-sf-depth=\"1\" value=\"women\">&nbsp;&nbsp;&nbsp;Plastic &amp; Women&nbsp;&nbsp;(0)<\/option>\r\n\t\t\t\t\t\t<option class=\"sf-level-1 sf-item-314\" data-sf-count=\"0\" data-sf-depth=\"1\" value=\"plastic-food-chain\">&nbsp;&nbsp;&nbsp;Plastic in the food chain&nbsp;&nbsp;(0)<\/option>\r\n\t\t\t\t\t\t<option class=\"sf-level-0 sf-item-302\" data-sf-count=\"0\" data-sf-depth=\"0\" value=\"plastic-and-society\">Plastic &amp; Society&nbsp;&nbsp;(0)<\/option>\r\n\t\t\t\t\t\t<option class=\"sf-level-1 sf-item-324\" data-sf-count=\"0\" data-sf-depth=\"1\" value=\"waste-pickers\">&nbsp;&nbsp;&nbsp;Waste Pickers&nbsp;&nbsp;(0)<\/option>\r\n\t\t\t\t\t\t<option class=\"sf-level-1 sf-item-323\" data-sf-count=\"0\" data-sf-depth=\"1\" value=\"waste-trade\">&nbsp;&nbsp;&nbsp;Waste Trade&nbsp;&nbsp;(0)<\/option>\r\n\t\t\t\t\t\t<option class=\"sf-level-0 sf-item-299\" data-sf-count=\"2\" data-sf-depth=\"0\" value=\"plastics-industry\">Plastics Industry&nbsp;&nbsp;(2)<\/option>\r\n\t\t\t\t\t\t<option class=\"sf-level-1 sf-item-309\" data-sf-count=\"1\" data-sf-depth=\"1\" value=\"brand-audits\">&nbsp;&nbsp;&nbsp;Brand Audits&nbsp;&nbsp;(1)<\/option>\r\n\t\t\t\t\t\t<option class=\"sf-level-1 sf-item-313\" data-sf-count=\"2\" data-sf-depth=\"1\" value=\"fmcg\">&nbsp;&nbsp;&nbsp;Consumer goods companies&nbsp;&nbsp;(2)<\/option>\r\n\t\t\t\t\t\t<option class=\"sf-level-1 sf-item-306\" data-sf-count=\"0\" data-sf-depth=\"1\" value=\"facts-and-figures\">&nbsp;&nbsp;&nbsp;Facts &amp; Figures&nbsp;&nbsp;(0)<\/option>\r\n\t\t\t\t\t\t<option class=\"sf-level-1 sf-item-407\" data-sf-count=\"0\" data-sf-depth=\"1\" value=\"fashion\">&nbsp;&nbsp;&nbsp;Fashion&nbsp;&nbsp;(0)<\/option>\r\n\t\t\t\t\t\t<option class=\"sf-level-1 sf-item-443\" data-sf-count=\"0\" data-sf-depth=\"1\" value=\"plastic-industry-finance\">&nbsp;&nbsp;&nbsp;Financing the plastic industry&nbsp;&nbsp;(0)<\/option>\r\n\t\t\t\t\t\t<option class=\"sf-level-1 sf-item-467\" data-sf-count=\"0\" data-sf-depth=\"1\" value=\"fishing-industry\">&nbsp;&nbsp;&nbsp;Fishing industry&nbsp;&nbsp;(0)<\/option>\r\n\t\t\t\t\t\t<option class=\"sf-level-1 sf-item-307\" data-sf-count=\"1\" data-sf-depth=\"1\" value=\"greenwashing\">&nbsp;&nbsp;&nbsp;Greenwashing&nbsp;&nbsp;(1)<\/option>\r\n\t\t\t\t\t\t<option class=\"sf-level-1 sf-item-308\" data-sf-count=\"0\" data-sf-depth=\"1\" value=\"lca\">&nbsp;&nbsp;&nbsp;Life Cycle Assessments&nbsp;&nbsp;(0)<\/option>\r\n\t\t\t\t\t\t<option class=\"sf-level-1 sf-item-311\" data-sf-count=\"0\" data-sf-depth=\"1\" value=\"online-shopping\">&nbsp;&nbsp;&nbsp;Online Shopping&nbsp;&nbsp;(0)<\/option>\r\n\t\t\t\t\t\t<option class=\"sf-level-1 sf-item-312\" data-sf-count=\"1\" data-sf-depth=\"1\" value=\"petrochemicals\">&nbsp;&nbsp;&nbsp;Petrochemicals&nbsp;&nbsp;(1)<\/option>\r\n\t\t\t\t\t\t<option class=\"sf-level-1 sf-item-310\" data-sf-count=\"0\" data-sf-depth=\"1\" value=\"supermarkets\">&nbsp;&nbsp;&nbsp;Supermarkets&nbsp;&nbsp;(0)<\/option>\r\n\t\t\t\t\t\t<option class=\"sf-level-0 sf-item-304\" data-sf-count=\"0\" data-sf-depth=\"0\" value=\"policy-legislation\">Policy &amp; Legislation&nbsp;&nbsp;(0)<\/option>\r\n\t\t\t\t\t\t<option class=\"sf-level-1 sf-item-339\" data-sf-count=\"0\" data-sf-depth=\"1\" value=\"basel-convention\">&nbsp;&nbsp;&nbsp;Basel Convention&nbsp;&nbsp;(0)<\/option>\r\n\t\t\t\t\t\t<option class=\"sf-level-1 sf-item-340\" data-sf-count=\"0\" data-sf-depth=\"1\" value=\"country-reports\">&nbsp;&nbsp;&nbsp;Country Reports&nbsp;&nbsp;(0)<\/option>\r\n\t\t\t\t\t\t<option class=\"sf-level-1 sf-item-337\" data-sf-count=\"0\" data-sf-depth=\"1\" value=\"deposit-return-schemes\">&nbsp;&nbsp;&nbsp;Deposit return schemes&nbsp;&nbsp;(0)<\/option>\r\n\t\t\t\t\t\t<option class=\"sf-level-1 sf-item-336\" data-sf-count=\"0\" data-sf-depth=\"1\" value=\"epr\">&nbsp;&nbsp;&nbsp;Extended Producer Responsibility&nbsp;&nbsp;(0)<\/option>\r\n\t\t\t\t\t\t<option class=\"sf-level-1 sf-item-583\" data-sf-count=\"0\" data-sf-depth=\"1\" value=\"global-plastics-treaty\">&nbsp;&nbsp;&nbsp;Global Plastics Treaty&nbsp;&nbsp;(0)<\/option>\r\n\t\t\t\t\t\t<option class=\"sf-level-1 sf-item-408\" data-sf-count=\"0\" data-sf-depth=\"1\" value=\"national-legislation\">&nbsp;&nbsp;&nbsp;National legislation&nbsp;&nbsp;(0)<\/option>\r\n\t\t\t\t\t\t<option class=\"sf-level-1 sf-item-584\" data-sf-count=\"0\" data-sf-depth=\"1\" value=\"plastic-offset-neutrality\">&nbsp;&nbsp;&nbsp;Plastic offset \/ neutrality&nbsp;&nbsp;(0)<\/option>\r\n\t\t\t\t\t\t<option class=\"sf-level-1 sf-item-338\" data-sf-count=\"0\" data-sf-depth=\"1\" value=\"sup-bans\">&nbsp;&nbsp;&nbsp;Single use plastic bans&nbsp;&nbsp;(0)<\/option>\r\n\t\t\t\t\t\t<option class=\"sf-level-0 sf-item-303\" data-sf-count=\"0\" data-sf-depth=\"0\" value=\"technology-innovation\">Technology &amp; Innovation&nbsp;&nbsp;(0)<\/option>\r\n\t\t\t\t\t\t<option class=\"sf-level-1 sf-item-329\" data-sf-count=\"1\" data-sf-depth=\"1\" value=\"chemical-recycling\">&nbsp;&nbsp;&nbsp;Chemical recycling&nbsp;&nbsp;(1)<\/option>\r\n\t\t\t\t\t\t<option class=\"sf-level-1 sf-item-328\" data-sf-count=\"1\" data-sf-depth=\"1\" value=\"gasification\">&nbsp;&nbsp;&nbsp;Gasification&nbsp;&nbsp;(1)<\/option>\r\n\t\t\t\t\t\t<option class=\"sf-level-1 sf-item-334\" data-sf-count=\"0\" data-sf-depth=\"1\" value=\"plastic-alternatives\">&nbsp;&nbsp;&nbsp;Plastic alternatives&nbsp;&nbsp;(0)<\/option>\r\n\t\t\t\t\t\t<option class=\"sf-level-1 sf-item-333\" data-sf-count=\"0\" data-sf-depth=\"1\" value=\"construction-materials\">&nbsp;&nbsp;&nbsp;Plastic construction materials&nbsp;&nbsp;(0)<\/option>\r\n\t\t\t\t\t\t<option class=\"sf-level-1 sf-item-331\" data-sf-count=\"0\" data-sf-depth=\"1\" value=\"plastic-digestion\">&nbsp;&nbsp;&nbsp;Plastic eating bacteria&nbsp;&nbsp;(0)<\/option>\r\n\t\t\t\t\t\t<option class=\"sf-level-1 sf-item-332\" data-sf-count=\"0\" data-sf-depth=\"1\" value=\"plastic-roads\">&nbsp;&nbsp;&nbsp;Plastic roads&nbsp;&nbsp;(0)<\/option>\r\n\t\t\t\t\t\t<option class=\"sf-level-1 sf-item-325\" data-sf-count=\"1\" data-sf-depth=\"1\" value=\"pyrolysis\">&nbsp;&nbsp;&nbsp;Pyrolysis&nbsp;&nbsp;(1)<\/option>\r\n\t\t\t\t\t\t<option class=\"sf-level-1 sf-item-335\" data-sf-count=\"0\" data-sf-depth=\"1\" value=\"recycled-textiles\">&nbsp;&nbsp;&nbsp;Recycled fabric&nbsp;&nbsp;(0)<\/option>\r\n\t\t\t\t\t\t<option class=\"sf-level-1 sf-item-327\" data-sf-count=\"0\" data-sf-depth=\"1\" value=\"energy-recovery\">&nbsp;&nbsp;&nbsp;Waste-to-energy&nbsp;&nbsp;(0)<\/option>\r\n\t\t\t\t\t\t<option class=\"sf-level-1 sf-item-326\" data-sf-count=\"1\" data-sf-depth=\"1\" value=\"plastic-to-fuel\">&nbsp;&nbsp;&nbsp;Waste-to-fuel&nbsp;&nbsp;(1)<\/option>\r\n\t\t\t\t\t\t<option class=\"sf-level-0 sf-item-305\" data-sf-count=\"0\" data-sf-depth=\"0\" value=\"zero-waste-solutions\">Zero waste &amp; real solutions&nbsp;&nbsp;(0)<\/option>\r\n\t\t\t\t\t\t<option class=\"sf-level-1 sf-item-347\" data-sf-count=\"0\" data-sf-depth=\"1\" value=\"behavioural-change\">&nbsp;&nbsp;&nbsp;Changing behaviour&nbsp;&nbsp;(0)<\/option>\r\n\t\t\t\t\t\t<option class=\"sf-level-1 sf-item-343\" data-sf-count=\"0\" data-sf-depth=\"1\" value=\"composting\">&nbsp;&nbsp;&nbsp;Composting&nbsp;&nbsp;(0)<\/option>\r\n\t\t\t\t\t\t<option class=\"sf-level-1 sf-item-346\" data-sf-count=\"0\" data-sf-depth=\"1\" value=\"reuse-refill-schemes\">&nbsp;&nbsp;&nbsp;Reuse and refill schemes&nbsp;&nbsp;(0)<\/option>\r\n\t\t\t\t\t\t<option class=\"sf-level-1 sf-item-342\" data-sf-count=\"0\" data-sf-depth=\"1\" value=\"waste-separation\">&nbsp;&nbsp;&nbsp;Waste separation &amp; recycling&nbsp;&nbsp;(0)<\/option>\r\n\t\t\t\t\t\t<option class=\"sf-level-1 sf-item-341\" data-sf-count=\"0\" data-sf-depth=\"1\" value=\"zero-waste-toolkits\">&nbsp;&nbsp;&nbsp;Zero waste community toolkits&nbsp;&nbsp;(0)<\/option>\r\n\t\t\t\t\t\t<option class=\"sf-level-1 sf-item-345\" data-sf-count=\"0\" data-sf-depth=\"1\" value=\"zero-waste-business\">&nbsp;&nbsp;&nbsp;Zero waste office&nbsp;&nbsp;(0)<\/option>\r\n\t\t\t\t\t<\/select>\r\n\t\t<\/label>\t\t<\/li><li class=\"sf-field-taxonomy-material\" data-sf-field-name=\"_sft_material\" data-sf-field-type=\"taxonomy\" data-sf-field-input-type=\"select\" data-sf-combobox=\"1\"><h4>Suche nach Materialtyp<\/h4>\t\t<label>\r\n\t\t\t\t<select data-combobox=\"1\" name=\"_sft_material[]\" class=\"sf-input-select\" title=\"\">\r\n\t\t\t\r\n\t\t\t\t\t\t<option class=\"sf-level-0 sf-item-0 sf-option-active\" selected=\"selected\" data-sf-count=\"0\" data-sf-depth=\"0\" value=\"\">All Materials<\/option>\r\n\t\t\t\t\t\t<option class=\"sf-level-0 sf-item-348\" data-sf-count=\"0\" data-sf-depth=\"0\" value=\"oxo-biodegradable-plastic\">(Oxo)biodegradable plastic&nbsp;&nbsp;(0)<\/option>\r\n\t\t\t\t\t\t<option class=\"sf-level-0 sf-item-652\" data-sf-count=\"1\" data-sf-depth=\"0\" value=\"bioplastics-de\">Bioplastic&nbsp;&nbsp;(1)<\/option>\r\n\t\t\t\t\t\t<option class=\"sf-level-0 sf-item-363\" data-sf-count=\"0\" data-sf-depth=\"0\" value=\"cigarette-butts\">Cigarette butts&nbsp;&nbsp;(0)<\/option>\r\n\t\t\t\t\t\t<option class=\"sf-level-0 sf-item-651\" data-sf-count=\"1\" data-sf-depth=\"0\" value=\"compostable-plastic-de\">Compostable plastic&nbsp;&nbsp;(1)<\/option>\r\n\t\t\t\t\t\t<option class=\"sf-level-0 sf-item-362\" data-sf-count=\"0\" data-sf-depth=\"0\" value=\"masks-ppe\">Masks &amp; PPE&nbsp;&nbsp;(0)<\/option>\r\n\t\t\t\t\t\t<option class=\"sf-level-0 sf-item-366\" data-sf-count=\"0\" data-sf-depth=\"0\" value=\"microfibres\">Microfibres&nbsp;&nbsp;(0)<\/option>\r\n\t\t\t\t\t\t<option class=\"sf-level-0 sf-item-663\" data-sf-count=\"1\" data-sf-depth=\"0\" value=\"mikroplastik\">Mikroplastik&nbsp;&nbsp;(1)<\/option>\r\n\t\t\t\t\t\t<option class=\"sf-level-0 sf-item-357\" data-sf-count=\"0\" data-sf-depth=\"0\" value=\"multilayer\">Multilayer plastic&nbsp;&nbsp;(0)<\/option>\r\n\t\t\t\t\t\t<option class=\"sf-level-0 sf-item-364\" data-sf-count=\"0\" data-sf-depth=\"0\" value=\"nurdles\">Nurdles&nbsp;&nbsp;(0)<\/option>\r\n\t\t\t\t\t\t<option class=\"sf-level-0 sf-item-682\" data-sf-count=\"0\" data-sf-depth=\"0\" value=\"paper\">Paper&nbsp;&nbsp;(0)<\/option>\r\n\t\t\t\t\t\t<option class=\"sf-level-0 sf-item-355\" data-sf-count=\"0\" data-sf-depth=\"0\" value=\"ldpe-hdpe\">PE (Polyethylene)&nbsp;&nbsp;(0)<\/option>\r\n\t\t\t\t\t\t<option class=\"sf-level-0 sf-item-352\" data-sf-count=\"0\" data-sf-depth=\"0\" value=\"pet\">PET&nbsp;&nbsp;(0)<\/option>\r\n\t\t\t\t\t\t<option class=\"sf-level-0 sf-item-359\" data-sf-count=\"0\" data-sf-depth=\"0\" value=\"plastic-bags\">Plastic bags&nbsp;&nbsp;(0)<\/option>\r\n\t\t\t\t\t\t<option class=\"sf-level-0 sf-item-360\" data-sf-count=\"0\" data-sf-depth=\"0\" value=\"plastic-bottles\">Plastic bottles&nbsp;&nbsp;(0)<\/option>\r\n\t\t\t\t\t\t<option class=\"sf-level-0 sf-item-361\" data-sf-count=\"0\" data-sf-depth=\"0\" value=\"plastic-straws\">Plastic straws&nbsp;&nbsp;(0)<\/option>\r\n\t\t\t\t\t\t<option class=\"sf-level-0 sf-item-358\" data-sf-count=\"0\" data-sf-depth=\"0\" value=\"polyester\">Polyester&nbsp;&nbsp;(0)<\/option>\r\n\t\t\t\t\t\t<option class=\"sf-level-0 sf-item-354\" data-sf-count=\"0\" data-sf-depth=\"0\" value=\"pp\">PP (Polypropolene)&nbsp;&nbsp;(0)<\/option>\r\n\t\t\t\t\t\t<option class=\"sf-level-0 sf-item-356\" data-sf-count=\"0\" data-sf-depth=\"0\" value=\"polystyrene\">PS (Polystyrene)&nbsp;&nbsp;(0)<\/option>\r\n\t\t\t\t\t\t<option class=\"sf-level-0 sf-item-353\" data-sf-count=\"0\" data-sf-depth=\"0\" value=\"pvc\">PVC&nbsp;&nbsp;(0)<\/option>\r\n\t\t\t\t\t\t<option class=\"sf-level-0 sf-item-351\" data-sf-count=\"0\" data-sf-depth=\"0\" value=\"silicone\">Silicone&nbsp;&nbsp;(0)<\/option>\r\n\t\t\t\t\t<\/select>\r\n\t\t<\/label>\t\t<\/li><li class=\"sf-field-taxonomy-language\" data-sf-field-name=\"_sft_language\" data-sf-field-type=\"taxonomy\" data-sf-field-input-type=\"checkbox\"><h4>Sprache<\/h4>\t\t<ul data-operator=\"or\" class=\"\">\r\n\t\t\t\r\n\t\t\t<li class=\"sf-level-0 sf-item-372\" data-sf-count=\"0\" data-sf-depth=\"0\"><input  class=\"sf-input-checkbox\" type=\"checkbox\" value=\"arabic\" name=\"_sft_language[]\" id=\"sf-input-00319f7b2c6d2e82edb9c7b729d7df37\"><label class=\"sf-label-checkbox\" for=\"sf-input-00319f7b2c6d2e82edb9c7b729d7df37\">Arabic &#8211; \u0639\u0631\u0628\u0649<span class=\"sf-count\">(0)<\/span><\/label><\/li><li class=\"sf-level-0 sf-item-370\" data-sf-count=\"1\" data-sf-depth=\"0\"><input  class=\"sf-input-checkbox\" type=\"checkbox\" value=\"bahasa-indonesia\" name=\"_sft_language[]\" id=\"sf-input-37c4c5253b71811fdd635e1d96edc584\"><label class=\"sf-label-checkbox\" for=\"sf-input-37c4c5253b71811fdd635e1d96edc584\">Bahasa Indonesia<span class=\"sf-count\">(1)<\/span><\/label><\/li><li class=\"sf-level-0 sf-item-371\" data-sf-count=\"1\" data-sf-depth=\"0\"><input  class=\"sf-input-checkbox\" type=\"checkbox\" value=\"bahasa-melayu\" name=\"_sft_language[]\" id=\"sf-input-7f30d43b59d3c4377c4636015bce87d3\"><label class=\"sf-label-checkbox\" for=\"sf-input-7f30d43b59d3c4377c4636015bce87d3\">Bahasa Melayu<span class=\"sf-count\">(1)<\/span><\/label><\/li><li class=\"sf-level-0 sf-item-418\" data-sf-count=\"0\" data-sf-depth=\"0\"><input  class=\"sf-input-checkbox\" type=\"checkbox\" value=\"cestina\" name=\"_sft_language[]\" id=\"sf-input-f67bad282fb24c32d38511850d3e6d08\"><label class=\"sf-label-checkbox\" for=\"sf-input-f67bad282fb24c32d38511850d3e6d08\">\u010ce\u0161tina<span class=\"sf-count\">(0)<\/span><\/label><\/li><li class=\"sf-level-0 sf-item-655\" data-sf-count=\"16\" data-sf-depth=\"0\"><input  class=\"sf-input-checkbox\" type=\"checkbox\" value=\"english-de\" name=\"_sft_language[]\" id=\"sf-input-6be096aa05b3f83716b82539257b1d5e\"><label class=\"sf-label-checkbox\" for=\"sf-input-6be096aa05b3f83716b82539257b1d5e\">English<span class=\"sf-count\">(16)<\/span><\/label><\/li><li class=\"sf-level-0 sf-item-369\" data-sf-count=\"1\" data-sf-depth=\"0\"><input  class=\"sf-input-checkbox\" type=\"checkbox\" value=\"%e0%b9%84%e0%b8%97%e0%b8%a2\" name=\"_sft_language[]\" id=\"sf-input-c935a030df0b143c1b223b7028f4be48\"><label class=\"sf-label-checkbox\" for=\"sf-input-c935a030df0b143c1b223b7028f4be48\">\u0e44\u0e17\u0e22<span class=\"sf-count\">(1)<\/span><\/label><\/li>\t\t<\/ul>\r\n\t\t<\/li><li class=\"sf-field-taxonomy-format\" data-sf-field-name=\"_sft_format\" data-sf-field-type=\"taxonomy\" data-sf-field-input-type=\"multiselect\"><h4>Format<\/h4>\t\t<label>\r\n\t\t\t\t<select data-placeholder=\"All Formats\" data-operator=\"or\" multiple=\"multiple\" name=\"_sft_format[]\" class=\"sf-input-select\" title=\"\">\r\n\t\t\t\r\n\t\t\t\t\t\t<option class=\"sf-level-0 sf-item-415\" data-sf-count=\"0\" data-sf-depth=\"0\" value=\"academic\">Academic&nbsp;&nbsp;(0)<\/option>\r\n\t\t\t\t\t\t<option class=\"sf-level-0 sf-item-402\" data-sf-count=\"0\" data-sf-depth=\"0\" value=\"academic-paper\">Academic paper&nbsp;&nbsp;(0)<\/option>\r\n\t\t\t\t\t\t<option class=\"sf-level-0 sf-item-662\" data-sf-count=\"3\" data-sf-depth=\"0\" value=\"factsheet-de\">Factsheet&nbsp;&nbsp;(3)<\/option>\r\n\t\t\t\t\t\t<option class=\"sf-level-0 sf-item-399\" data-sf-count=\"2\" data-sf-depth=\"0\" value=\"graphic\">Graphic&nbsp;&nbsp;(2)<\/option>\r\n\t\t\t\t\t\t<option class=\"sf-level-0 sf-item-406\" data-sf-count=\"0\" data-sf-depth=\"0\" value=\"how-to-guide\">How-to guide&nbsp;&nbsp;(0)<\/option>\r\n\t\t\t\t\t\t<option class=\"sf-level-0 sf-item-404\" data-sf-count=\"0\" data-sf-depth=\"0\" value=\"lesson-plan\">Lesson plan&nbsp;&nbsp;(0)<\/option>\r\n\t\t\t\t\t\t<option class=\"sf-level-0 sf-item-401\" data-sf-count=\"0\" data-sf-depth=\"0\" value=\"media-article\">Media article&nbsp;&nbsp;(0)<\/option>\r\n\t\t\t\t\t\t<option class=\"sf-level-0 sf-item-466\" data-sf-count=\"0\" data-sf-depth=\"0\" value=\"policy-briefing\">Policy briefing&nbsp;&nbsp;(0)<\/option>\r\n\t\t\t\t\t\t<option class=\"sf-level-0 sf-item-403\" data-sf-count=\"0\" data-sf-depth=\"0\" value=\"policy-or-regulation\">Policy or regulation&nbsp;&nbsp;(0)<\/option>\r\n\t\t\t\t\t\t<option class=\"sf-level-0 sf-item-405\" data-sf-count=\"0\" data-sf-depth=\"0\" value=\"presentation\">Presentation&nbsp;&nbsp;(0)<\/option>\r\n\t\t\t\t\t\t<option class=\"sf-level-0 sf-item-396\" data-sf-count=\"1\" data-sf-depth=\"0\" value=\"report\">Report&nbsp;&nbsp;(1)<\/option>\r\n\t\t\t\t\t\t<option class=\"sf-level-0 sf-item-400\" data-sf-count=\"0\" data-sf-depth=\"0\" value=\"template\">Template&nbsp;&nbsp;(0)<\/option>\r\n\t\t\t\t\t\t<option class=\"sf-level-0 sf-item-398\" data-sf-count=\"0\" data-sf-depth=\"0\" value=\"video\">Video&nbsp;&nbsp;(0)<\/option>\r\n\t\t\t\t\t\t<option class=\"sf-level-0 sf-item-397\" data-sf-count=\"1\" data-sf-depth=\"0\" value=\"webinar\">Webinar&nbsp;&nbsp;(1)<\/option>\r\n\t\t\t\t\t<\/select>\r\n\t\t<\/label>\t\t<\/li><li class=\"sf-field-tag\" data-sf-field-name=\"_sft_post_tag\" data-sf-field-type=\"tag\" data-sf-field-input-type=\"checkbox\"><h4>Schnell-Tags<\/h4>\t\t<ul data-operator=\"and\" class=\"\">\r\n\t\t\t\r\n\t\t\t<li class=\"sf-level-0 sf-item-511\" data-sf-count=\"5\" data-sf-depth=\"0\"><input  class=\"sf-input-checkbox\" type=\"checkbox\" value=\"wiederverwenden\" name=\"_sft_post_tag[]\" id=\"sf-input-e653762486a71368f8289552af317300\"><label class=\"sf-label-checkbox\" for=\"sf-input-e653762486a71368f8289552af317300\">Wiederverwenden<span class=\"sf-count\">(5)<\/span><\/label><\/li>\t\t<\/ul>\r\n\t\t<\/li><li class=\"sf-field-reset\" data-sf-field-name=\"reset\" data-sf-field-type=\"reset\" data-sf-field-input-type=\"link\"><a href=\"#\" class=\"search-filter-reset\" data-search-form-id=\"43760\" data-sf-submit-form=\"always\">Filter l\u00f6schen<\/a><\/li><\/ul><\/form><\/p>\n<\/div><\/div><div class=\"col-md-9     text-default small-screen-default\"  >[vc_basic_grid post_type=&#8220;search_filter&#8220; search_filter_slug=&#8220;resource-library-2&#8243; search_filter_pagination=&#8220;wp_pagination&#8220; item=&#8220;masonryGrid_Default&#8220; grid_id=&#8220;vc_gid:1687424126542-c26ffc94-4a93-10&#8243;]<\/div><\/div><\/div>        <\/div>\n    <\/div>\n<\/section>\n\n","protected":false},"excerpt":{"rendered":"Ressourcenbibliothek In diesem Abschnitt findest du eine Vielzahl unterschiedlicher Materialien zum Thema Plastik und seine Auswirkungen auf die Umwelt, unsere Gesundheit und die Gesellschaft im Allgemeinen. Es gibt auch Ressourcen zur Schaffung einer anderen Welt, ohne Einwegplastik und auf der Grundlage von Zero-Waste-Prinzipien. Du kannst die Such- und Filterfunktionen nutzen, um die gew\u00fcnschten Informationen zu","protected":false},"author":1,"featured_media":0,"parent":0,"menu_order":0,"comment_status":"closed","ping_status":"closed","template":"","meta":{"footnotes":""},"class_list":["post-24356","page","type-page","status-publish","hentry"],"_links":{"self":[{"href":"https:\/\/trashhero.org\/de\/wp-json\/wp\/v2\/pages\/24356","targetHints":{"allow":["GET"]}}],"collection":[{"href":"https:\/\/trashhero.org\/de\/wp-json\/wp\/v2\/pages"}],"about":[{"href":"https:\/\/trashhero.org\/de\/wp-json\/wp\/v2\/types\/page"}],"author":[{"embeddable":true,"href":"https:\/\/trashhero.org\/de\/wp-json\/wp\/v2\/users\/1"}],"replies":[{"embeddable":true,"href":"https:\/\/trashhero.org\/de\/wp-json\/wp\/v2\/comments?post=24356"}],"version-history":[{"count":9,"href":"https:\/\/trashhero.org\/de\/wp-json\/wp\/v2\/pages\/24356\/revisions"}],"predecessor-version":[{"id":43781,"href":"https:\/\/trashhero.org\/de\/wp-json\/wp\/v2\/pages\/24356\/revisions\/43781"}],"wp:attachment":[{"href":"https:\/\/trashhero.org\/de\/wp-json\/wp\/v2\/media?parent=24356"}],"curies":[{"name":"wp","href":"https:\/\/api.w.org\/{rel}","templated":true}]}}