{"id":29550,"date":"2022-12-09T16:45:13","date_gmt":"2022-12-09T15:45:13","guid":{"rendered":"https:\/\/trashhero.org\/schenke-eine-saubere-welt\/"},"modified":"2025-12-18T14:31:34","modified_gmt":"2025-12-18T13:31:34","slug":"ecards","status":"publish","type":"page","link":"https:\/\/trashhero.org\/de\/ecards\/","title":{"rendered":"Schenke eine saubere Welt"},"content":{"rendered":"<section class=\"section swatch-white  section-text-no-shadow section-inner-no-shadow section-normal section-opaque\"  data-label=\"\">\n    \n    <div class=\"background-overlay grid-overlay-0 \" style=\"background-color: rgba(0,0,0,0);\"><\/div>\n\n    <div class=\"container\">\n        <div class=\"row vertical-top\">\n            <div class=\"col-md-3     text-default small-screen-default\"  style=\"background:#f4f4f4;\"><div class=\" element-short-top element-short-bottom\" data-os-animation=\"none\" data-os-animation-delay=\"0s\">\n    <h3 class=\"highlight\">KAUF WENIGER &#8211; BEWIRKE MEHR<\/h3>\n<p>Schenke dieses Jahr mal etwas anderes! Mach eine Spende f\u00fcr die Arbeit von Trash Hero gegen #plasticpollution im Namen deiner Freunde, Familie oder Kollegen und schick ihnen eine unserer E-Cards mit einer pers\u00f6nlichen Nachricht.<\/p>\n<\/div><div class=\"figure  element-short-top element-short-bottom image-filter-none image-filter-onhover fade-in text-center figcaption-middle normalwidth\" data-os-animation=\"none\" data-os-animation-delay=\"0s\">\n            <span class=\"figure-image\">\n    \n    <img decoding=\"async\" src=\"https:\/\/trashhero.org\/wp-content\/uploads\/2022\/12\/payment-methods-2-300x43.png\"   class=\"normalwidth\" \/>    \n            <\/span>\n    \n<\/div><\/div><div class=\"col-md-9     text-default small-screen-default\"  ><div class=\" element-short-top element-short-bottom\" data-os-animation=\"none\" data-os-animation-delay=\"0s\">\n    <p>Eine E-Card f\u00fcr wohlt\u00e4tige Zwecke versenden: Wie funktioniert das?<\/p>\n<p><strong>\u24f5 W\u00e4hle ein Karte von den untenstehenden Designs<\/strong><br \/>\n<strong>\u24f6 F\u00fcge deine pers\u00f6nliche Nachricht und den Spendenbetrag hinzu<\/strong><br \/>\n<strong>\u24f7 Bezahle und versende die Karte<\/strong><\/p>\n<\/div>[vc_zigzag color=&#8220;custom&#8220; el_border_width=&#8220;10&#8243; custom_color=&#8220;#ffcf1c&#8220;]<div class=\"row \"><div class=\"col-md-4    ecard_border text-default small-screen-default\"  style=\"background:#fff4d2;\"><div class=\"figure ecard_picker_text element-short-top element-short-bottom image-filter-none image-filter-onhover fade-in text-center figcaption-middle fullwidth\" data-os-animation=\"none\" data-os-animation-delay=\"0s\">\n            <span class=\"figure-image\">\n    \n    <img decoding=\"async\" src=\"https:\/\/trashhero.org\/wp-content\/uploads\/2022\/12\/THW-DEcard-2-1024x1024.png\"   class=\"fullwidth\" \/>        <div class=\"figure-overlay grid-overlay-0\">\n        <div class=\"figure-overlay-container\">\n                            <div class=\"figure-caption\">\n                                        <p class=\"figure-caption-description\">\n                        <a href=\"https:\/\/trashhero.org\/wp-content\/uploads\/2022\/12\/THW-DEcard-2.png\" class=\"btn btn-primary btn-sm magnific image-all\" data-links=\"\">View Larger<\/a>\n                        <a href=\"https:\/\/trashhero.org\/de\/ecarddonation2\/?card_image=2\" class=\"btn btn-primary btn-sm\" target=\"_self\">Choose<\/a>\n                    <\/p>\n                <\/div>\n                    <\/div>\n    <\/div>\n    \n            <\/span>\n    \n    <div class=\"figure-caption text-center\">\n        <h3 class=\"figure-caption-title bordered bordered-small \">\n                        <\/p>\n<h2>Frohe Festtage!<\/h2>\n<p>                    <\/h3>\n        <p class=\"figure-caption-description\">Gemeinsam tragen wir dazu bei, die Plastikverschmutzung zu verringern.<\/p>\n    <\/div>\n<\/div><\/div><div class=\"col-md-4    ecard_border text-default small-screen-default\"  style=\"background:#fff9e8;\"><div class=\"figure ecard_picker_text element-short-top element-short-bottom image-filter-none image-filter-onhover fade-in text-center figcaption-middle fullwidth\" data-os-animation=\"none\" data-os-animation-delay=\"0s\">\n            <span class=\"figure-image\">\n    \n    <img decoding=\"async\" src=\"https:\/\/trashhero.org\/wp-content\/uploads\/2022\/12\/THW-DEcard-1-1024x1024.png\"   class=\"fullwidth\" \/>        <div class=\"figure-overlay grid-overlay-0\">\n        <div class=\"figure-overlay-container\">\n                            <div class=\"figure-caption\">\n                                        <p class=\"figure-caption-description\">\n                        <a href=\"https:\/\/trashhero.org\/wp-content\/uploads\/2022\/12\/THW-DEcard-1.png\" class=\"btn btn-primary btn-sm magnific image-all\" data-links=\"\">View Larger<\/a>\n                        <a href=\"https:\/\/trashhero.org\/de\/ecarddonation1\/?card_image=1\" class=\"btn btn-primary btn-sm\" target=\"_self\">Choose<\/a>\n                    <\/p>\n                <\/div>\n                    <\/div>\n    <\/div>\n    \n            <\/span>\n    \n    <div class=\"figure-caption text-center\">\n        <h3 class=\"figure-caption-title bordered bordered-small \">\n                        <\/p>\n<h2>Fr\u00f6hliche Weihnachten!<\/h2>\n<p>                    <\/h3>\n        <p class=\"figure-caption-description\">Gemeinsam tragen wir dazu bei, Plastik und CO2-Emissionen zu reduzieren.<\/p>\n    <\/div>\n<\/div><\/div><div class=\"col-md-4    ecard_border text-default small-screen-default\"  style=\"background:#fff4d2;\"><div class=\"figure ecard_picker_text element-short-top element-short-bottom image-filter-none image-filter-onhover fade-in text-center figcaption-middle fullwidth\" data-os-animation=\"none\" data-os-animation-delay=\"0s\">\n            <span class=\"figure-image\">\n    \n    <img decoding=\"async\" src=\"https:\/\/trashhero.org\/wp-content\/uploads\/2025\/12\/THW-DEcard-3-1024x1024.png\"   class=\"fullwidth\" \/>        <div class=\"figure-overlay grid-overlay-0\">\n        <div class=\"figure-overlay-container\">\n                            <div class=\"figure-caption\">\n                                        <p class=\"figure-caption-description\">\n                        <a href=\"https:\/\/trashhero.org\/wp-content\/uploads\/2025\/12\/THW-DEcard-3.png\" class=\"btn btn-primary btn-sm magnific image-all\" data-links=\"\">View Larger<\/a>\n                        <a href=\"https:\/\/trashhero.org\/de\/ecarddonation3\/?card_image=3\" class=\"btn btn-primary btn-sm\" target=\"_self\">Choose<\/a>\n                    <\/p>\n                <\/div>\n                    <\/div>\n    <\/div>\n    \n            <\/span>\n    \n    <div class=\"figure-caption text-center\">\n        <h3 class=\"figure-caption-title bordered bordered-small \">\n                        <\/p>\n<h2>Frohes neues Jahr!<\/h2>\n<p>                    <\/h3>\n        <p class=\"figure-caption-description\">Gemeinsam helfen wir den Menschen, abfallfrei zu werden.<\/p>\n    <\/div>\n<\/div><\/div><\/div><div class=\"row \"><div class=\"col-md-4    ecard_border text-default small-screen-default\"  style=\"background:#fff4d2;\"><div class=\"figure ecard_picker_text element-short-top element-short-bottom image-filter-none image-filter-onhover fade-in text-center figcaption-middle fullwidth\" data-os-animation=\"none\" data-os-animation-delay=\"0s\">\n            <span class=\"figure-image\">\n    \n    <img decoding=\"async\" src=\"https:\/\/trashhero.org\/wp-content\/uploads\/2023\/02\/THW-DEcard-13-1024x1024.png\"   class=\"fullwidth\" \/>        <div class=\"figure-overlay grid-overlay-0\">\n        <div class=\"figure-overlay-container\">\n                            <div class=\"figure-caption\">\n                                        <p class=\"figure-caption-description\">\n                        <a href=\"https:\/\/trashhero.org\/wp-content\/uploads\/2023\/02\/THW-DEcard-13.png\" class=\"btn btn-primary btn-sm magnific image-all\" data-links=\"\">View Larger<\/a>\n                        <a href=\"https:\/\/trashhero.org\/de\/ecarddonation13\/?card_image=13\" class=\"btn btn-primary btn-sm\" target=\"_self\">Choose<\/a>\n                    <\/p>\n                <\/div>\n                    <\/div>\n    <\/div>\n    \n            <\/span>\n    \n    <div class=\"figure-caption text-center\">\n        <h3 class=\"figure-caption-title bordered bordered-small \">\n                        <\/p>\n<h2>Mit Dir macht das Leben mehr Spass!<\/h2>\n<p>                    <\/h3>\n        <p class=\"figure-caption-description\">Gemeinsam sch\u00fctzen wir die Natur vor Plastikverschmutzung.<\/p>\n    <\/div>\n<\/div><\/div><div class=\"col-md-4    ecard_border text-default small-screen-default\"  style=\"background:#fff9e8;\"><div class=\"figure ecard_picker_text element-short-top element-short-bottom image-filter-none image-filter-onhover fade-in text-center figcaption-middle fullwidth\" data-os-animation=\"none\" data-os-animation-delay=\"0s\">\n            <span class=\"figure-image\">\n    \n    <img decoding=\"async\" src=\"https:\/\/trashhero.org\/wp-content\/uploads\/2022\/12\/THW-DEcard-7-1024x1024.png\"   class=\"fullwidth\" \/>        <div class=\"figure-overlay grid-overlay-0\">\n        <div class=\"figure-overlay-container\">\n                            <div class=\"figure-caption\">\n                                        <p class=\"figure-caption-description\">\n                        <a href=\"https:\/\/trashhero.org\/wp-content\/uploads\/2022\/12\/THW-DEcard-7.png\" class=\"btn btn-primary btn-sm magnific image-all\" data-links=\"\">View Larger<\/a>\n                        <a href=\"https:\/\/trashhero.org\/de\/ecarddonation7\/?card_image=7\" class=\"btn btn-primary btn-sm\" target=\"_self\">Choose<\/a>\n                    <\/p>\n                <\/div>\n                    <\/div>\n    <\/div>\n    \n            <\/span>\n    \n    <div class=\"figure-caption text-center\">\n        <h3 class=\"figure-caption-title bordered bordered-small \">\n                        <\/p>\n<h2>Wow!<\/h2>\n<p>                    <\/h3>\n        <p class=\"figure-caption-description\">Gemeinsam tragen wir dazu bei, Abf\u00e4lle auf der ganzen Welt zu reduzieren.<\/p>\n    <\/div>\n<\/div><\/div><div class=\"col-md-4    ecard_border text-default small-screen-default\"  style=\"background:#fff4d2;\"><div class=\"figure ecard_picker_text element-short-top element-short-bottom image-filter-none image-filter-onhover fade-in text-center figcaption-middle fullwidth\" data-os-animation=\"none\" data-os-animation-delay=\"0s\">\n            <span class=\"figure-image\">\n    \n    <img decoding=\"async\" src=\"https:\/\/trashhero.org\/wp-content\/uploads\/2022\/12\/THW-DEcard-8-1024x1024.png\"   class=\"fullwidth\" \/>        <div class=\"figure-overlay grid-overlay-0\">\n        <div class=\"figure-overlay-container\">\n                            <div class=\"figure-caption\">\n                                        <p class=\"figure-caption-description\">\n                        <a href=\"https:\/\/trashhero.org\/wp-content\/uploads\/2022\/12\/THW-DEcard-8.png\" class=\"btn btn-primary btn-sm magnific image-all\" data-links=\"\">View Larger<\/a>\n                        <a href=\"https:\/\/trashhero.org\/de\/ecarddonation8\/?card_image=8\" class=\"btn btn-primary btn-sm\" target=\"_self\">Choose<\/a>\n                    <\/p>\n                <\/div>\n                    <\/div>\n    <\/div>\n    \n            <\/span>\n    \n    <div class=\"figure-caption text-center\">\n        <h3 class=\"figure-caption-title bordered bordered-small \">\n                        <\/p>\n<h2>Die Zukunft ist kein Wegwerfartikel<\/h2>\n<p>                    <\/h3>\n        <p class=\"figure-caption-description\">Gemeinsam helfen wir Kindern, etwas \u00fcber die Plastikverschmutzung zu lernen.<\/p>\n    <\/div>\n<\/div><\/div><\/div><div class=\"row \"><div class=\"col-md-4    ecard_border text-default small-screen-default\"  style=\"background:#fff9e8;\"><div class=\"figure ecard_picker_text element-short-top element-short-bottom image-filter-none image-filter-onhover fade-in text-center figcaption-middle fullwidth\" data-os-animation=\"none\" data-os-animation-delay=\"0s\">\n            <span class=\"figure-image\">\n    \n    <img decoding=\"async\" src=\"https:\/\/trashhero.org\/wp-content\/uploads\/2022\/12\/THW-DEcard-4-1024x1024.png\"   class=\"fullwidth\" \/>        <div class=\"figure-overlay grid-overlay-0\">\n        <div class=\"figure-overlay-container\">\n                            <div class=\"figure-caption\">\n                                        <p class=\"figure-caption-description\">\n                        <a href=\"https:\/\/trashhero.org\/wp-content\/uploads\/2022\/12\/THW-DEcard-4.png\" class=\"btn btn-primary btn-sm magnific image-all\" data-links=\"\">View Larger<\/a>\n                        <a href=\"https:\/\/trashhero.org\/de\/ecarddonation4\/?card_image=4\" class=\"btn btn-primary btn-sm\" target=\"_self\">Choose<\/a>\n                    <\/p>\n                <\/div>\n                    <\/div>\n    <\/div>\n    \n            <\/span>\n    \n    <div class=\"figure-caption text-center\">\n        <h3 class=\"figure-caption-title bordered bordered-small \">\n                        <\/p>\n<h2>Happy Birthday!<\/h2>\n<p>                    <\/h3>\n        <p class=\"figure-caption-description\">Gemeinsam unterst\u00fctzen wir Freiwillige dabei, sich f\u00fcr eine abfallfreie Welt einzusetzen.<\/p>\n    <\/div>\n<\/div><\/div><div class=\"col-md-4    ecard_border text-default small-screen-default\"  style=\"background:#fff4d2;\"><div class=\"figure ecard_picker_text element-short-top element-short-bottom image-filter-none image-filter-onhover fade-in text-center figcaption-middle fullwidth\" data-os-animation=\"none\" data-os-animation-delay=\"0s\">\n            <span class=\"figure-image\">\n    \n    <img decoding=\"async\" src=\"https:\/\/trashhero.org\/wp-content\/uploads\/2022\/12\/THW-DEcard-5-1024x1024.png\"   class=\"fullwidth\" \/>        <div class=\"figure-overlay grid-overlay-0\">\n        <div class=\"figure-overlay-container\">\n                            <div class=\"figure-caption\">\n                                        <p class=\"figure-caption-description\">\n                        <a href=\"https:\/\/trashhero.org\/wp-content\/uploads\/2022\/12\/THW-DEcard-5.png\" class=\"btn btn-primary btn-sm magnific image-all\" data-links=\"\">View Larger<\/a>\n                        <a href=\"https:\/\/trashhero.org\/de\/ecarddonation5\/?card_image=5\" class=\"btn btn-primary btn-sm\" target=\"_self\">Choose<\/a>\n                    <\/p>\n                <\/div>\n                    <\/div>\n    <\/div>\n    \n            <\/span>\n    \n    <div class=\"figure-caption text-center\">\n        <h3 class=\"figure-caption-title bordered bordered-small \">\n                        <\/p>\n<h2>Happy Birthday!<\/h2>\n<p>                    <\/h3>\n        <p class=\"figure-caption-description\">Gemeinsam tragen wir dazu bei, die Umwelt sauber und plastikfrei zu halten.<\/p>\n    <\/div>\n<\/div><\/div><div class=\"col-md-4    ecard_border text-default small-screen-default\"  style=\"background:#fff9e8;\"><div class=\"figure ecard_picker_text element-short-top element-short-bottom image-filter-none image-filter-onhover fade-in text-center figcaption-middle fullwidth\" data-os-animation=\"none\" data-os-animation-delay=\"0s\">\n            <span class=\"figure-image\">\n    \n    <img decoding=\"async\" src=\"https:\/\/trashhero.org\/wp-content\/uploads\/2022\/12\/THW-DEcard-6-1024x1024.png\"   class=\"fullwidth\" \/>        <div class=\"figure-overlay grid-overlay-0\">\n        <div class=\"figure-overlay-container\">\n                            <div class=\"figure-caption\">\n                                        <p class=\"figure-caption-description\">\n                        <a href=\"https:\/\/trashhero.org\/wp-content\/uploads\/2022\/12\/THW-DEcard-6.png\" class=\"btn btn-primary btn-sm magnific image-all\" data-links=\"\">View Larger<\/a>\n                        <a href=\"https:\/\/trashhero.org\/de\/ecarddonation6\/?card_image=6\" class=\"btn btn-primary btn-sm\" target=\"_self\">Choose<\/a>\n                    <\/p>\n                <\/div>\n                    <\/div>\n    <\/div>\n    \n            <\/span>\n    \n    <div class=\"figure-caption text-center\">\n        <h3 class=\"figure-caption-title bordered bordered-small \">\n                        <\/p>\n<h2>Alles Gute zum Geburtstag!<\/h2>\n<p>                    <\/h3>\n        <p class=\"figure-caption-description\">Gemeinsam schenken wir Kindern B\u00fccher, die sie dazu inspirieren, etwas gegen Plastik zu unternehmen.<\/p>\n    <\/div>\n<\/div><\/div><\/div><div class=\"row \"><div class=\"col-md-4    ecard_border text-default small-screen-default\"  style=\"background:#fff9e8;\"><div class=\"figure ecard_picker_text element-short-top element-short-bottom image-filter-none image-filter-onhover fade-in text-center figcaption-middle fullwidth\" data-os-animation=\"none\" data-os-animation-delay=\"0s\">\n            <span class=\"figure-image\">\n    \n    <img decoding=\"async\" src=\"https:\/\/trashhero.org\/wp-content\/uploads\/2022\/12\/THW-DEcard-9-1024x1024.png\"   class=\"fullwidth\" \/>        <div class=\"figure-overlay grid-overlay-0\">\n        <div class=\"figure-overlay-container\">\n                            <div class=\"figure-caption\">\n                                        <p class=\"figure-caption-description\">\n                        <a href=\"https:\/\/trashhero.org\/wp-content\/uploads\/2022\/12\/THW-DEcard-9.png\" class=\"btn btn-primary btn-sm magnific image-all\" data-links=\"\">View Larger<\/a>\n                        <a href=\"https:\/\/trashhero.org\/de\/ecarddonation9\/?card_image=9\" class=\"btn btn-primary btn-sm\" target=\"_self\">Choose<\/a>\n                    <\/p>\n                <\/div>\n                    <\/div>\n    <\/div>\n    \n            <\/span>\n    \n    <div class=\"figure-caption text-center\">\n        <h3 class=\"figure-caption-title bordered bordered-small \">\n                        <\/p>\n<h2>Fantastisch!<\/h2>\n<p>                    <\/h3>\n        <p class=\"figure-caption-description\">Gemeinsam erh\u00f6hen wir die Zahl der kostenlosen Wassernachf\u00fcllstationen weltweit.<\/p>\n    <\/div>\n<\/div><\/div><div class=\"col-md-4    ecard_border text-default small-screen-default\"  style=\"background:#fff4d2;\"><div class=\"figure ecard_picker_text element-short-top element-short-bottom image-filter-none image-filter-onhover fade-in text-center figcaption-middle fullwidth\" data-os-animation=\"none\" data-os-animation-delay=\"0s\">\n            <span class=\"figure-image\">\n    \n    <img decoding=\"async\" src=\"https:\/\/trashhero.org\/wp-content\/uploads\/2022\/12\/THW-DEcard-11-1024x1024.png\"   class=\"fullwidth\" \/>        <div class=\"figure-overlay grid-overlay-0\">\n        <div class=\"figure-overlay-container\">\n                            <div class=\"figure-caption\">\n                                        <p class=\"figure-caption-description\">\n                        <a href=\"https:\/\/trashhero.org\/wp-content\/uploads\/2022\/12\/THW-DEcard-11.png\" class=\"btn btn-primary btn-sm magnific image-all\" data-links=\"\">View Larger<\/a>\n                        <a href=\"https:\/\/trashhero.org\/de\/ecarddonation11\/?card_image=11\" class=\"btn btn-primary btn-sm\" target=\"_self\">Choose<\/a>\n                    <\/p>\n                <\/div>\n                    <\/div>\n    <\/div>\n    \n            <\/span>\n    \n    <div class=\"figure-caption text-center\">\n        <h3 class=\"figure-caption-title bordered bordered-small \">\n                        <\/p>\n<h2>Wiederverwenden, nicht wegwerfen!<\/h2>\n<p>                    <\/h3>\n        <p class=\"figure-caption-description\">Gemeinsam tragen wir dazu bei, dass mehr Menschen Dinge wiederverwenden und auff\u00fcllen, anstatt wegzuwerfen.<\/p>\n    <\/div>\n<\/div><\/div><div class=\"col-md-4    ecard_border text-default small-screen-default\"  style=\"background:#fff9e8;\"><div class=\"figure ecard_picker_text element-short-top element-short-bottom image-filter-none image-filter-onhover fade-in text-center figcaption-middle fullwidth\" data-os-animation=\"none\" data-os-animation-delay=\"0s\">\n            <span class=\"figure-image\">\n    \n    <img decoding=\"async\" src=\"https:\/\/trashhero.org\/wp-content\/uploads\/2022\/12\/THW-DEcard-12-1024x1024.png\"   class=\"fullwidth\" \/>        <div class=\"figure-overlay grid-overlay-0\">\n        <div class=\"figure-overlay-container\">\n                            <div class=\"figure-caption\">\n                                        <p class=\"figure-caption-description\">\n                        <a href=\"https:\/\/trashhero.org\/wp-content\/uploads\/2022\/12\/THW-DEcard-12.png\" class=\"btn btn-primary btn-sm magnific image-all\" data-links=\"\">View Larger<\/a>\n                        <a href=\"https:\/\/trashhero.org\/de\/ecarddonation12?card_image=12\" class=\"btn btn-primary btn-sm\" target=\"_self\">Choose<\/a>\n                    <\/p>\n                <\/div>\n                    <\/div>\n    <\/div>\n    \n            <\/span>\n    \n    <div class=\"figure-caption text-center\">\n        <h3 class=\"figure-caption-title bordered bordered-small \">\n                        <\/p>\n<h2>Zuk\u00fcnftige Helden!<\/h2>\n<p>                    <\/h3>\n        <p class=\"figure-caption-description\">Gemeinsam tragen wir dazu bei, eine neue Generation von Trash Heroes zu inspirieren.<\/p>\n    <\/div>\n<\/div><\/div><\/div><div class=\"row \"><div class=\"col-md-4    ecard_border text-default small-screen-default\"  style=\"background:#fff4d2;\"><div class=\"figure ecard_picker_text element-short-top element-short-bottom image-filter-none image-filter-onhover fade-in text-center figcaption-middle fullwidth\" data-os-animation=\"none\" data-os-animation-delay=\"0s\">\n            <span class=\"figure-image\">\n    \n    <img decoding=\"async\" src=\"https:\/\/trashhero.org\/wp-content\/uploads\/2022\/12\/THW-DEcard-10-1024x1024.png\"   class=\"fullwidth\" \/>        <div class=\"figure-overlay grid-overlay-0\">\n        <div class=\"figure-overlay-container\">\n                            <div class=\"figure-caption\">\n                                        <p class=\"figure-caption-description\">\n                        <a href=\"https:\/\/trashhero.org\/wp-content\/uploads\/2022\/12\/THW-DEcard-10.png\" class=\"btn btn-primary btn-sm magnific image-all\" data-links=\"\">View Larger<\/a>\n                        <a href=\"https:\/\/trashhero.org\/de\/ecarddonation10\/?card_image=10\" class=\"btn btn-primary btn-sm\" target=\"_self\">Choose<\/a>\n                    <\/p>\n                <\/div>\n                    <\/div>\n    <\/div>\n    \n            <\/span>\n    \n    <div class=\"figure-caption text-center\">\n        <h3 class=\"figure-caption-title bordered bordered-small \">\n                        <\/p>\n<h2>Sag es weiter!<\/h2>\n<p>                    <\/h3>\n        <p class=\"figure-caption-description\">Gemeinsam helfen wir bei der Ausbildung neuer Zero Waste-Botschafter.<\/p>\n    <\/div>\n<\/div><\/div><div class=\"col-md-4    ecard_border text-default small-screen-default\"  style=\"background:#fff9e8;\"><\/div><div class=\"col-md-4    ecard_border text-default small-screen-default\"  style=\"background:#fff4d2;\"><\/div><\/div><div class=\"divider-wrapper\" style=\"visibility:hidden;background-color:\">\n    <div class=\"visible-xs\" style=\"height:24px;\"><\/div>\n    <div class=\"visible-sm\" style=\"height:24px;\"><\/div>\n    <div class=\"visible-md\" style=\"height:24px;\"><\/div>\n    <div class=\"visible-lg\" style=\"height:24px;\"><\/div>\n<\/div><\/div>        <\/div>\n    <\/div>\n<\/section>\n\n","protected":false},"excerpt":{"rendered":"KAUF WENIGER - BEWIRKE MEHR Schenke dieses Jahr mal etwas anderes! Mach eine Spende f\u00fcr die Arbeit von Trash Hero gegen #plasticpollution im Namen deiner Freunde, Familie oder Kollegen und schick ihnen eine unserer E-Cards mit einer pers\u00f6nlichen Nachricht. Eine E-Card f\u00fcr wohlt\u00e4tige Zwecke versenden: Wie funktioniert das? \u24f5 W\u00e4hle ein Karte von den untenstehenden","protected":false},"author":8,"featured_media":0,"parent":0,"menu_order":0,"comment_status":"closed","ping_status":"closed","template":"","meta":{"footnotes":""},"class_list":["post-29550","page","type-page","status-publish","hentry"],"_links":{"self":[{"href":"https:\/\/trashhero.org\/de\/wp-json\/wp\/v2\/pages\/29550","targetHints":{"allow":["GET"]}}],"collection":[{"href":"https:\/\/trashhero.org\/de\/wp-json\/wp\/v2\/pages"}],"about":[{"href":"https:\/\/trashhero.org\/de\/wp-json\/wp\/v2\/types\/page"}],"author":[{"embeddable":true,"href":"https:\/\/trashhero.org\/de\/wp-json\/wp\/v2\/users\/8"}],"replies":[{"embeddable":true,"href":"https:\/\/trashhero.org\/de\/wp-json\/wp\/v2\/comments?post=29550"}],"version-history":[{"count":53,"href":"https:\/\/trashhero.org\/de\/wp-json\/wp\/v2\/pages\/29550\/revisions"}],"predecessor-version":[{"id":47434,"href":"https:\/\/trashhero.org\/de\/wp-json\/wp\/v2\/pages\/29550\/revisions\/47434"}],"wp:attachment":[{"href":"https:\/\/trashhero.org\/de\/wp-json\/wp\/v2\/media?parent=29550"}],"curies":[{"name":"wp","href":"https:\/\/api.w.org\/{rel}","templated":true}]}}