{"id":2958,"date":"2017-08-22T16:44:14","date_gmt":"2017-08-22T14:44:14","guid":{"rendered":"http:\/\/trashhero.org\/?page_id=2958"},"modified":"2024-09-16T14:56:04","modified_gmt":"2024-09-16T12:56:04","slug":"partners","status":"publish","type":"page","link":"https:\/\/trashhero.org\/de\/partners\/","title":{"rendered":"Partnerschaften und Akkreditierungen"},"content":{"rendered":"<section class=\"section swatch-white  section-text-no-shadow section-inner-no-shadow section-normal section-opaque\"  data-label=\"\">\n    \n    <div class=\"background-overlay grid-overlay-0 \" style=\"background-color: rgba(0,0,0,0);\"><\/div>\n\n    <div class=\"container\">\n        <div class=\"row vertical-top\">\n            <div class=\"col-md-12     text-default small-screen-default\"  ><header class=\"text-center  element-short-top element-short-bottom not-condensed\" data-os-animation=\"none\" data-os-animation-delay=\"0s\" >\n    <h1 class=\"big regular no-bordered-header bordered-normal\" >\n        Akkreditierung    <\/h1>\n    <\/header>\n<\/div>        <\/div>\n    <\/div>\n<\/section>\n<section class=\"section swatch-white  section-text-no-shadow section-inner-no-shadow section-normal section-opaque\"  data-label=\"\">\n    \n    <div class=\"background-overlay grid-overlay-0 \" style=\"background-color: rgba(0,0,0,0);\"><\/div>\n\n    <div class=\"container\">\n        <div class=\"row vertical-top\">\n            <div class=\"col-md-4     text-default small-screen-default\"  ><div class=\"figure  element-short-top element-short-bottom image-filter-none image-filter-onhover fade-in text-center figcaption-middle normalwidth\" data-os-animation=\"none\" data-os-animation-delay=\"0s\">\n            <span class=\"figure-image\">\n    \n    <img decoding=\"async\" src=\"https:\/\/trashhero.org\/wp-content\/uploads\/2022\/03\/un_environment_logo-1024x774.png\"   class=\"normalwidth\" \/>    \n            <\/span>\n    \n<\/div><\/div><div class=\"col-md-8     text-default small-screen-default\"  ><div class=\" element-short-top element-short-bottom\" data-os-animation=\"none\" data-os-animation-delay=\"0s\">\n    <p>Das <a href=\"https:\/\/www.unep.org\/\">Umweltprogramm der Vereinten Nationen (UNEP)<\/a> ist die weltweit f\u00fchrende Umweltbeh\u00f6rde, welche die Umweltagenda festlegt, die koh\u00e4rente Umsetzung der Umweltdimension der nachhaltigen Entwicklung innerhalb des Systems der Vereinten Nationen f\u00f6rdert und als massgeblicher F\u00fcrsprecher f\u00fcr die globale Umwelt dient.<\/p>\n<p>Im M\u00e4rz 2022 erhielt <a href=\"https:\/\/trashhero.org\/de\/trash-hero-world-erhaelt-un-umweltakkreditierung\/\">Trash Hero World den offiziellen Beraterstatus in der UN-Umweltversammlung (UNEA)<\/a> des UNEP. Das bedeutet, dass wir zu den mehr als<a href=\"https:\/\/www.unep.org\/civil-society-engagement\/accreditation\/list-accredited-organizations\"> 500 NGOs weltweit geh\u00f6ren, die berechtigt sind, Beitr\u00e4ge zu leisten<\/a> und an den Sitzungen der UNEA sowie ihrer Nebengremien wie den Globalen Hauptgruppen und dem Stakeholder-Forum teilzunehmen.<\/p>\n<\/div><\/div>        <\/div>\n    <\/div>\n<\/section>\n<section class=\"section swatch-white  section-text-no-shadow section-inner-no-shadow section-normal section-opaque\"  data-label=\"\">\n    \n    <div class=\"background-overlay grid-overlay-0 \" style=\"background-color: rgba(0,0,0,0);\"><\/div>\n\n    <div class=\"container\">\n        <div class=\"row vertical-top\">\n            <div class=\"col-md-12     text-default small-screen-default\"  ><header class=\"text-center  element-short-top element-short-bottom not-condensed\" data-os-animation=\"none\" data-os-animation-delay=\"0s\" >\n    <h1 class=\"big regular no-bordered-header bordered-normal\" >\n        Kooperationen    <\/h1>\n    <\/header>\n<div class=\" element-short-top element-short-bottom\" data-os-animation=\"none\" data-os-animation-delay=\"0s\">\n    <p>Trash Hero glaubt stark daran, dass sinnvoller und best\u00e4ndiger Wandel nur mit guten Kooperationen erlangt werden kann. Hier stellen wir einige unserer Partner vor. Hast du Ideen f\u00fcr eine Zusammenarbeit? <a href=\"https:\/\/trashhero.org\/de\/kontaktiere-uns\/\">Kontaktiere uns!<\/a><\/p>\n<\/div><\/div>        <\/div>\n    <\/div>\n<\/section>\n<section class=\"section swatch-white  section-text-no-shadow section-inner-no-shadow section-normal section-opaque\"  data-label=\"\">\n    \n    <div class=\"background-overlay grid-overlay-0 \" style=\"background-color: rgba(0,0,0,0);\"><\/div>\n\n    <div class=\"container\">\n        <div class=\"row vertical-top\">\n            <div class=\"col-md-4  col-sm-4 col-lg-4  text-center small-screen-default\"  ><div class=\"figure  element-short-top element-short-bottom image-filter-none image-filter-onhover fade-in text-center figcaption-middle normalwidth\" data-os-animation=\"none\" data-os-animation-delay=\"0s\">\n            <span class=\"figure-image\">\n    \n    <img decoding=\"async\" src=\"https:\/\/trashhero.org\/wp-content\/uploads\/2022\/03\/breakfreefromplastic_square.png\"   class=\"normalwidth\" \/>    \n            <\/span>\n    \n<\/div><div class=\" element-short-top element-medium-bottom\" data-os-animation=\"none\" data-os-animation-delay=\"0s\">\n    <p>Trash Hero World ist stolz darauf, zu einer der 1900 Gruppen weltweit zu geh\u00f6ren, welche sich dazu verpflichten die Plastikverschmutzung zu stoppen.<\/p>\n<p>Break Free From Plastic ist eine Vision, die 10 Prinzipien hervorhebt, mit dem Endziel \u201eeine Zukunft ohne Plastikverschmutzung\u201c. Es ist der erste Schritt einer globalen Bewegung, um die Wahrnehmung und Verwendung von Kunststoffen in der Gesellschaft zu ver\u00e4ndern.<\/p>\n<p>Die multinationale Gruppe m\u00f6chte unter anderem Lebensstile und Volkswirtschaften vorantreiben, die innerhalb der Umweltgrenzen des Planeten liegen, die Abfallreduzierung f\u00f6rdern, wie auch das Handeln der Gemeinschaften erleichtern.<\/p>\n<p>Weitere Informationen findest du hier: <a href=\"https:\/\/www.breakfreefromplastic.or\">https:\/\/www.breakfreefromplastic.or\u00a0<\/a><\/p>\n<\/div><\/div><div class=\"col-md-4  col-sm-4 col-lg-4  text-center small-screen-default\"  ><div class=\"figure  element-short-top element-short-bottom image-filter-none image-filter-onhover fade-in text-center figcaption-middle normalwidth\" data-os-animation=\"none\" data-os-animation-delay=\"0s\">\n            <span class=\"figure-image\">\n    \n    <img decoding=\"async\" src=\"https:\/\/trashhero.org\/wp-content\/uploads\/2022\/03\/GAIA-MembersLogo-color-01-scaled-e1648115483591.jpg\"   class=\"normalwidth\" \/>    \n            <\/span>\n    \n<\/div><div class=\" element-short-top element-medium-bottom\" data-os-animation=\"none\" data-os-animation-delay=\"0s\">\n    <p>GAIA ist ein globales Netzwerk, das sich f\u00fcr eine gerechte und abfallfreie Welt ohne Verbrennung einsetzt. Seit fast 20 Jahren hat GAIA die Zero-Waste-Bewegung auf der ganzen Welt vorangebracht. Sie kreieren Massnahmen zur Reduzierung von Abf\u00e4llen, insbesondere von Einwegplastik und versuchen die Verbreitung ineffektiver und gef\u00e4hrlicher Verbrennungsanlagen und anderer Verbrennungspraktiken zu verhindern.<\/p>\n<p>Nach einer erfolgreichen Zusammenarbeit bei der Schulung unserer Freiwilligen in S\u00fcdostasien zu &#8222;Zero Waste Communities&#8220; sind Trash Hero Thailand und Trash Hero Indonesien 2021 dem Netzwerk beigetreten. Dadurch haben wir Zugang zu einer F\u00fclle von Kenntnissen und Erfahrungen im Bereich des gemeinschaftsbasierten Aktivismus und k\u00f6nnen uns mit vielen anderen Gruppen in der asiatisch-pazifischen Region austauschen.<\/p>\n<p>Mehr \u00fcber die Arbeit und Ressourcen von GAIA: https:\/\/www.no-burn.org<\/p>\n<\/div><\/div><div class=\"col-md-4  col-sm-4 col-lg-4  text-center small-screen-default\"  ><div class=\"figure  element-short-top element-short-bottom image-filter-none image-filter-onhover fade-in text-center figcaption-middle normalwidth\" data-os-animation=\"none\" data-os-animation-delay=\"0s\">\n            <span class=\"figure-image\">\n    \n    <img decoding=\"async\" src=\"https:\/\/trashhero.org\/wp-content\/uploads\/2017\/08\/OC-Logo-www-4c-pos-300x156.jpg\"   class=\"normalwidth\" \/>    \n            <\/span>\n    \n<\/div><div class=\" element-short-top element-medium-bottom\" data-os-animation=\"none\" data-os-animation-delay=\"0s\">\n    <p>OceanCare widmet sich seit 1989 dem Schutz der Meerestiere. Durch Forschungs- und Naturschutzprojekte, Kampagnen, Schulungen und Beteiligung an einer Reihe wichtiger internationaler Komitees, unternimmt OceanCare konkrete Schritte, um die Situation der Wildtiere in den Weltmeeren zu verbessern. Im Jahr 2011 erhielt OceanCare beim Wirtschafts- und Sozialrat der Vereinten Nationen den Sonderstatus als Berater f\u00fcr Meeresprobleme und ist Teil der globalen UNEP-Partnerschaft gegen Meeresverschmutzung.<\/p>\n<p>Durch Umweltaufkl\u00e4rungsarbeiten f\u00f6rdert OceanCare ein Umdenken in Bezug auf Plastik und fordert die Menschen auf, keinen Einwegplastik zu verwenden. Die Organisation arbeitet mit Trash Hero zusammen und unterst\u00fctzt unsere diversen Strandreinigungsaktivit\u00e4ten. Auf internationaler Ebene setzen sie sich f\u00fcr ein Verbot besonders sch\u00e4dlicher Kunststoffe und der Verwendung von Mikroplastik in Kosmetika ein. Durch wissenschaftliche Forschung analysiert OceanCare die Dynamik der Mikro- und Makroplastikverschmutzung auf See.<\/p>\n<p>OceanCare &#8211; Fachwissen und Leidenschaft f\u00fcr lebende Ozeane: <a href=\"http:\/\/oceancare.org\/en\/our-work\/ocean-conservation\/plastic-pollution\/\">http:\/\/oceancare.org\/en\/our-work\/ocean-conservation\/plastic-pollution\/<\/a><\/p>\n<\/div><\/div>        <\/div>\n    <\/div>\n<\/section>\n<section class=\"section swatch-white  section-text-no-shadow section-inner-no-shadow section-normal section-opaque\"  data-label=\"\">\n    \n    <div class=\"background-overlay grid-overlay-0 \" style=\"background-color: rgba(0,0,0,0);\"><\/div>\n\n    <div class=\"container\">\n        <div class=\"row vertical-top\">\n            <div class=\"col-md-4     text-center small-screen-default\"  ><div class=\"figure  element-short-top element-short-bottom image-filter-none image-filter-onhover fade-in text-center figcaption-middle normalwidth\" data-os-animation=\"none\" data-os-animation-delay=\"0s\">\n            <span class=\"figure-image\">\n    \n    <img decoding=\"async\" src=\"https:\/\/trashhero.org\/wp-content\/uploads\/2022\/04\/plasticsoup-300x142.png\"   class=\"normalwidth\" \/>    \n            <\/span>\n    \n<\/div><div class=\" element-short-top element-medium-bottom\" data-os-animation=\"none\" data-os-animation-delay=\"0s\">\n    <p>Die Plastic Soup Foundation (PSF) wurde im Februar 2011 gegr\u00fcndet. Ihr Ziel ist es, alle \u00fcber die Plastiksuppe zu informieren und das Problem an der Quelle zu l\u00f6sen. Solange die Zufuhr von Plastik in unsere Fl\u00fcsse, Meere und Ozeane nicht gestoppt wird, ist es, als w\u00fcrde man versuchen, den Ozean mit einem Fingerhut zu leeren.<\/p>\n<p>PSF ist eine Ein-Themen-Organisation, die sich ganz auf Plastik konzentriert. Mit einem kleinen, engagierten und leidenschaftlichen Team von etwa f\u00fcnfundzwanzig Personen geben sie alles, um ihr Ziel zu erreichen: kein Plastik in unseren Gew\u00e4ssern oder in unserem K\u00f6rper!<\/p>\n<p>Die m\u00f6glichen negativen Auswirkungen von Kunststoffen auf die Gesundheit geben Anlass zu grosser Sorge. Nicht nur f\u00fcr PSF, sondern auch f\u00fcr eine wachsende Zahl von Wissenschaftlern und Organisationen. Aus diesem Grund haben sie die Plastic Health Coalition ins Leben gerufen.<\/p>\n<p>Trash Hero ist stolz darauf, als Mitglied der Plastic Health Coalition eingeladen worden zu sein. Gemeinsam arbeiten wir an mehr Forschung, Pr\u00e4vention und L\u00f6sungen. Trash Hero wird dazu beitragen, das Wissen in ihrem globalen Netzwerk und in mehreren Sprachen zu verbreiten.<\/p>\n<\/div><\/div><div class=\"col-md-4     text-center small-screen-default\"  ><div class=\"figure  element-short-top element-short-bottom image-filter-none image-filter-onhover fade-in text-center figcaption-middle normalwidth\" data-os-animation=\"none\" data-os-animation-delay=\"0s\">\n            <a href=\"https:\/\/trashhero.org\/wp-content\/uploads\/2022\/03\/LDIF-logo-RGB-black_300px.png\" class=\"figure-image magnific image-all\" data-links=\"\" target=\"_self\">\n    \n    <img decoding=\"async\" src=\"https:\/\/trashhero.org\/wp-content\/uploads\/2022\/03\/LDIF-logo-RGB-black_300px-300x208.png\"   class=\"normalwidth\" \/>        <div class=\"figure-overlay grid-overlay-0\">\n        <div class=\"figure-overlay-container\">\n                            <span class=\"figure-icon\">\n                    <svg version=\"1.1\" xmlns=\"http:\/\/www.w3.org\/2000\/svg\" xmlns:xlink=\"http:\/\/www.w3.org\/1999\/xlink\" viewBox=\"0 0 100 100\"  preserveaspectratio=\"none\">\n<g>\n\n        <line display=\"inline\" fill=\"none\"  stroke-width=\"1\" stroke-miterlimit=\"10\" x1=\"50.941\" y1=\"34.953\" x2=\"50.941\" y2=\"65.047\"\/>\n\n        <line display=\"inline\" fill=\"none\" stroke-width=\"1\" stroke-miterlimit=\"10\" x1=\"65.988\" y1=\"50\" x2=\"35.895\" y2=\"50\"\/>\n<\/g>\n<\/svg>\n                <\/span>\n                    <\/div>\n    <\/div>\n    \n            <\/a>\n    \n<\/div><div class=\" element-short-top element-short-bottom\" data-os-animation=\"none\" data-os-animation-delay=\"0s\">\n    <p>Die Let&#8217;s Do It Foundation wurde 2011 gegr\u00fcndet, um das Wachstum einer B\u00fcrgerbewegung mit landesweiten Aufr\u00e4umaktionen zu unterst\u00fctzen. Im Laufe der Jahre haben sie 36 Millionen positiv eingestellte, handlungsorientierte Menschen in 169 L\u00e4ndern mobilisiert, um Umwelt- und soziale Probleme im Zusammenhang mit falschem Abfallmanagement anzugehen.<\/p>\n<p>Nachdem sie den World Cleanup Day &#8211; die gr\u00f6sste jemals durchgef\u00fchrte B\u00fcrgeraktion gegen Abfall &#8211; ins Leben gerufen haben, setzen sie ihre Arbeit f\u00fcr eine abfallfreie Welt gem\u00e4ss dem Keep It Clean Plan fort.<\/p>\n<p>Trash Hero World hat gemeinsam mit den P\u00e4dagogen von Let&#8217;s Do It eine Reihe von Schulungen f\u00fcr Freiwillige zum Thema &#8222;Zero Waste Communities&#8220; (Null-Abfall-Gemeinschaften) in den Jahren 2020-21 entwickelt und durchgef\u00fchrt. Was auch zu weiteren Schulungen unserer Mitarbeiter im Bereich Zero-Waste gef\u00fchrt haben.<\/p>\n<p>Mehr \u00fcber die Projekte und Dienstleistungen von LDIF findest du hier: https:\/\/letsdoitfoundation.org<\/p>\n<\/div><\/div><div class=\"col-md-4     text-center small-screen-default\"  ><div class=\"figure  element-short-top element-short-bottom image-filter-none image-filter-onhover fade-in text-center figcaption-middle normalwidth\" data-os-animation=\"none\" data-os-animation-delay=\"0s\">\n            <span class=\"figure-image\">\n    \n    <img decoding=\"async\" src=\"https:\/\/trashhero.org\/wp-content\/uploads\/2022\/04\/Schnarwiler.png\"   class=\"normalwidth\" \/>    \n            <\/span>\n    \n<\/div><div class=\" element-short-top element-medium-bottom\" data-os-animation=\"none\" data-os-animation-delay=\"0s\">\n    <p style=\"text-align: left;\">Schnarwiler ist Hersteller und Distributor von exklusiven Marken rund um Gesundheit, Sch\u00f6nheit und Schlafen und beliefert haupts\u00e4chlich Apotheken, Drogerien, \u00c4rzte, Hotels, SPAs, Kosmetikstudios und Therapeuten. Ihr Versprechen \u00aballes 100% nat\u00fcrliche Produkte\u00bb wurde vor \u00fcber 30 Jahren abgegeben und ist auch heute noch der gemeinsame Nenner aller Produkte.<\/p>\n<p style=\"text-align: left;\">Gemeinsam mit Schnarwiler lancierte Trash Hero wieder auff\u00fcllbare Beauty Produkte und Bambuszahnb\u00fcrsten. Die Beauty Produkte in praktischen Glasspendern k\u00f6nnen in verschiedenen L\u00e4den in der Schweiz wieder aufgef\u00fcllt werden. Die aktuellsten Infos und alle unsere Produkte gibt es hier: <a href=\"https:\/\/schnarwiler.ch\/unsere-marken\/trash-hero.html\/\" data-saferedirecturl=\"https:\/\/www.google.com\/url?q=https:\/\/schnarwiler.ch\/unsere-marken\/trash-hero.html\/&amp;source=gmail&amp;ust=1540380859562000&amp;usg=AFQjCNHWgwHd8Iv-NeclUUia4FobNRP6PQ\">https:\/\/schnarwiler.ch\/unsere-marken\/trash-hero.html\/<\/a><\/p>\n<p style=\"text-align: left;\">Mehr infos:<br \/>\n&#8211; <a href=\"https:\/\/trashhero.org\/de\/blog\/schnarwiler-ag-und-trash-hero-world-sagen-dem-plastikmuell-den-kampf\/\">Blogpost \u00fcber die Zusammenarbeit<\/a><\/p>\n<\/div><\/div>        <\/div>\n    <\/div>\n<\/section>\n<section class=\"section swatch-white  section-text-no-shadow section-inner-no-shadow section-normal section-opaque\"  data-label=\"\">\n    \n    <div class=\"background-overlay grid-overlay-0 \" style=\"background-color: rgba(0,0,0,0);\"><\/div>\n\n    <div class=\"container\">\n        <div class=\"row vertical-top\">\n            <div class=\"col-md-4  col-sm-4 col-lg-4  text-default small-screen-default\"  ><div class=\"figure  element-short-top element-short-bottom image-filter-none image-filter-onhover fade-in text-center figcaption-middle normalwidth\" data-os-animation=\"none\" data-os-animation-delay=\"0s\">\n            <a href=\"https:\/\/trashhero.org\/wp-content\/uploads\/2022\/04\/Tejourn.jpg\" class=\"figure-image magnific image-all\" data-links=\"\" target=\"_self\">\n    \n    <img decoding=\"async\" src=\"https:\/\/trashhero.org\/wp-content\/uploads\/2022\/04\/Tejourn.jpg\"   class=\"normalwidth\" \/>        <div class=\"figure-overlay grid-overlay-0\">\n        <div class=\"figure-overlay-container\">\n                            <span class=\"figure-icon\">\n                    <svg version=\"1.1\" xmlns=\"http:\/\/www.w3.org\/2000\/svg\" xmlns:xlink=\"http:\/\/www.w3.org\/1999\/xlink\" viewBox=\"0 0 100 100\"  preserveaspectratio=\"none\">\n<g>\n\n        <line display=\"inline\" fill=\"none\"  stroke-width=\"1\" stroke-miterlimit=\"10\" x1=\"50.941\" y1=\"34.953\" x2=\"50.941\" y2=\"65.047\"\/>\n\n        <line display=\"inline\" fill=\"none\" stroke-width=\"1\" stroke-miterlimit=\"10\" x1=\"65.988\" y1=\"50\" x2=\"35.895\" y2=\"50\"\/>\n<\/g>\n<\/svg>\n                <\/span>\n                    <\/div>\n    <\/div>\n    \n            <\/a>\n    \n<\/div><div class=\" element-short-top element-short-bottom\" data-os-animation=\"none\" data-os-animation-delay=\"0s\">\n    <p>Tlejourn ist ein unabh\u00e4ngiges soziales Unternehmen in Pattani, Thailand, das durch eine &#8222;Spende&#8220; von 80&#8217;000 kaputten Flip-Flops, die von Trash Hero Thailand bei der Strands\u00e4uberung gesammelt wurden, gegr\u00fcndet wurde. Sie entwickelten ein einfaches, ressourcenarmes Verfahren, um die Schuhe zu zerkleinern und zu flexiblem Material umzuformen, das zu Sohlen und sogar Spielmatten mit weicher Oberfl\u00e4che geformt werden kann.<\/p>\n<p>Die Schuhe werden von den Dorfbewohnern von Hand hergestellt, wodurch in diesem unruhigen Grenzgebiet ein dringend ben\u00f6tigtes Einkommen geschaffen wird. Das Unternehmen bietet auch landesweit Schulungen und Workshops f\u00fcr Menschen an, die sich f\u00fcr &#8222;upcycelte&#8220;-Produkte interessieren.<\/p>\n<p>Die Schuhe k\u00f6nnen online oder \u00fcber Facebook gekauft werden. Wir beliefern sie weiterhin mit Rohmaterialien, und vor kurzem haben sie ein &#8222;Phi Phi&#8220;-Modell in limitierter Auflage geschaffen, das aus 100 kg M\u00fcll hergestellt wurde, der in Thailands ikonischer Maya-Bucht gesammelt wurde.<\/p>\n<p>F\u00fcr weitere Informationen auf: <a href=\"https:\/\/tlejourn.org\/\">https:\/\/tlejourn.org\/<\/a><\/p>\n<\/div><\/div><div class=\"col-md-4  col-sm-4 col-lg-4  text-center small-screen-default\"  ><div class=\"figure  element-short-top element-short-bottom image-filter-none image-filter-onhover fade-in text-center figcaption-middle normalwidth\" data-os-animation=\"none\" data-os-animation-delay=\"0s\">\n            <a href=\"https:\/\/trashhero.org\/wp-content\/uploads\/2023\/07\/Screenshot-2023-07-10-at-17.12.37.png\" class=\"figure-image magnific image-all\" data-links=\"\" target=\"_self\">\n    \n    <img decoding=\"async\" src=\"https:\/\/trashhero.org\/wp-content\/uploads\/2023\/07\/Screenshot-2023-07-10-at-17.12.37-300x183.png\"   class=\"normalwidth\" \/>        <div class=\"figure-overlay grid-overlay-0\">\n        <div class=\"figure-overlay-container\">\n                            <span class=\"figure-icon\">\n                    <svg version=\"1.1\" xmlns=\"http:\/\/www.w3.org\/2000\/svg\" xmlns:xlink=\"http:\/\/www.w3.org\/1999\/xlink\" viewBox=\"0 0 100 100\"  preserveaspectratio=\"none\">\n<g>\n\n        <line display=\"inline\" fill=\"none\"  stroke-width=\"1\" stroke-miterlimit=\"10\" x1=\"50.941\" y1=\"34.953\" x2=\"50.941\" y2=\"65.047\"\/>\n\n        <line display=\"inline\" fill=\"none\" stroke-width=\"1\" stroke-miterlimit=\"10\" x1=\"65.988\" y1=\"50\" x2=\"35.895\" y2=\"50\"\/>\n<\/g>\n<\/svg>\n                <\/span>\n                    <\/div>\n    <\/div>\n    \n            <\/a>\n    \n<\/div><div class=\" element-short-top element-short-bottom\" data-os-animation=\"none\" data-os-animation-delay=\"0s\">\n    <p>Das 1998 gegr\u00fcndete <a href=\"https:\/\/ipen.org\/\">International Pollutants Elimination Network (IPEN)<\/a> umfasst mehr als 600 NGOs in \u00fcber 120 L\u00e4ndern, die sich f\u00fcr eine ges\u00fcndere Welt einsetzen, in der Mensch und Umwelt nicht mehr durch die Produktion, Verwendung und Entsorgung giftiger Chemikalien gesch\u00e4digt werden. Wir sind dem IPEN beigetreten, um seine wichtigen Forschungsarbeiten \u00fcber Giftstoffe in Kunststoffen in unser Netzwerk einzubringen und seine Arbeit zur St\u00e4rkung der globalen und nationalen Chemikalien- und Abfallpolitik zu unterst\u00fctzen.<\/p>\n<\/div><\/div><div class=\"col-md-4  col-sm-4 col-lg-4  text-center small-screen-default\"  ><\/div>        <\/div>\n    <\/div>\n<\/section>\n<section class=\"section swatch-white  section-text-no-shadow section-inner-no-shadow section-normal section-opaque\"  data-label=\"\">\n    \n    <div class=\"background-overlay grid-overlay-0 \" style=\"background-color: rgba(0,0,0,0);\"><\/div>\n\n    <div class=\"container\">\n        <div class=\"row vertical-top\">\n            <div class=\"col-md-4  col-sm-4 col-lg-4  text-center small-screen-default\"  ><\/div>        <\/div>\n    <\/div>\n<\/section>\n","protected":false},"excerpt":{"rendered":"Akkreditierung Das Umweltprogramm der Vereinten Nationen (UNEP) ist die weltweit f\u00fchrende Umweltbeh\u00f6rde, welche die Umweltagenda festlegt, die koh\u00e4rente Umsetzung der Umweltdimension der nachhaltigen Entwicklung innerhalb des Systems der Vereinten Nationen f\u00f6rdert und als massgeblicher F\u00fcrsprecher f\u00fcr die globale Umwelt dient. Im M\u00e4rz 2022 erhielt Trash Hero World den offiziellen Beraterstatus in der UN-Umweltversammlung (UNEA) des","protected":false},"author":6,"featured_media":0,"parent":0,"menu_order":0,"comment_status":"closed","ping_status":"closed","template":"","meta":{"footnotes":""},"class_list":["post-2958","page","type-page","status-publish","hentry"],"_links":{"self":[{"href":"https:\/\/trashhero.org\/de\/wp-json\/wp\/v2\/pages\/2958","targetHints":{"allow":["GET"]}}],"collection":[{"href":"https:\/\/trashhero.org\/de\/wp-json\/wp\/v2\/pages"}],"about":[{"href":"https:\/\/trashhero.org\/de\/wp-json\/wp\/v2\/types\/page"}],"author":[{"embeddable":true,"href":"https:\/\/trashhero.org\/de\/wp-json\/wp\/v2\/users\/6"}],"replies":[{"embeddable":true,"href":"https:\/\/trashhero.org\/de\/wp-json\/wp\/v2\/comments?post=2958"}],"version-history":[{"count":19,"href":"https:\/\/trashhero.org\/de\/wp-json\/wp\/v2\/pages\/2958\/revisions"}],"predecessor-version":[{"id":43788,"href":"https:\/\/trashhero.org\/de\/wp-json\/wp\/v2\/pages\/2958\/revisions\/43788"}],"wp:attachment":[{"href":"https:\/\/trashhero.org\/de\/wp-json\/wp\/v2\/media?parent=2958"}],"curies":[{"name":"wp","href":"https:\/\/api.w.org\/{rel}","templated":true}]}}