{"id":3207,"date":"2017-11-06T12:34:06","date_gmt":"2017-11-06T11:34:06","guid":{"rendered":"https:\/\/trashhero.org\/home\/"},"modified":"2026-02-04T06:41:38","modified_gmt":"2026-02-04T05:41:38","slug":"home","status":"publish","type":"page","link":"https:\/\/trashhero.org\/de\/","title":{"rendered":"Home"},"content":{"rendered":"<p>[vc_section]<section class=\"section swatch-white  section-text-no-shadow section-inner-no-shadow section-normal section-opaque\"  data-label=\"\">\n    \n    <div class=\"background-overlay grid-overlay-0 \" style=\"background-color: rgba(0,0,0,0);\"><\/div>\n\n    <div class=\"container\">\n        <div class=\"row vertical-top\">\n            <div class=\"col-md-12     text-default small-screen-default\"  ><div class=\" element-short-top element-short-bottom\" data-os-animation=\"none\" data-os-animation-delay=\"0s\" ><iframe loading=\"lazy\" title=\"Wir feiern 12 Jahre Engagement! Unsere Wirkung 2013\u20132025\" width=\"1170\" height=\"658\" src=\"https:\/\/www.youtube.com\/embed\/hM8mG7_DJhw?feature=oembed\" frameborder=\"0\" allow=\"accelerometer; autoplay; clipboard-write; encrypted-media; gyroscope; picture-in-picture; web-share\" referrerpolicy=\"strict-origin-when-cross-origin\" allowfullscreen><\/iframe><\/div><\/div>        <\/div>\n    <\/div>\n<\/section>\n<section class=\"section swatch-white  section-text-no-shadow section-inner-no-shadow section-normal section-opaque\"  data-label=\"\">\n    \n    <div class=\"background-overlay grid-overlay-0 \" style=\"background-color: rgba(0,0,0,0);\"><\/div>\n\n    <div class=\"container\">\n        <div class=\"row vertical-top\">\n            <div class=\"col-md-12     text-default small-screen-default\"  ><div class=\"row \"><div class=\"col-md-6     text-default small-screen-default\"  ><div class=\" element-short-top element-no-bottom os-animation\" data-os-animation=\"fadeIn\" data-os-animation-delay=\"0s\">\n    <div style=\"border-left: 20px double #ffcf1c; padding: 36px; font-size: 28px; background-color: #f9f9f9;\"><strong>&#8222;TRASH HERO<\/strong> ist eine energiegeladene, von Freiwilligen getragene Bewegung, die in Gemeinschaften auf der ganzen Welt Ver\u00e4nderungen herbeif\u00fchrt und sie motiviert und unterst\u00fctzt, Plastikm\u00fcll zu sammeln und zu vermeiden.&#8220;<\/div>\n<\/div><\/div><div class=\"col-md-6     text-default small-screen-default\"  ><div class=\" element-short-top element-no-bottom os-animation\" data-os-animation=\"fadeIn\" data-os-animation-delay=\"1.5s\">\n    <p style=\"text-align: left;\">Unser Ziel ist es, eine saubere Welt ohne Plastikverschmutzung zu schaffen, indem wir die Menschen auf einfache, aber wirksame Weise f\u00fcr die Grunds\u00e4tze und die Praxis von Zero Waste begeistern. Erfahre mehr \u00fcber unsere Arbeit und dar\u00fcber, wie du dich uns anschliessen kannst oder hilf uns mit <a href=\"https:\/\/trashhero.org\/de\/spende\/\">einer Spende,<\/a> mehr f\u00fcr Sauberkeit und Abfallvermeidung zu tun.<\/p>\n<\/div><a href=\"https:\/\/trashhero.org\/de\/spende\/\" class=\"btn btn-primary btn-lg    element-short-top element-short-bottom btn-custom\" target= \"_self\" data-os-animation=\"none\" data-os-animation-delay=\"0s \" style=\"background:#65aa16 !important; color:#ffffff !important;\" >\n\tSPENDE JETZT! \t<\/a>\n<\/div><\/div><div class=\"row \"><div class=\"col-md-12     text-default small-screen-default\"  ><div class=\"divider-wrapper\" style=\"visibility:hidden;background-color:#f9f9f9\">\n    <div class=\"visible-xs\" style=\"height:24px;\"><\/div>\n    <div class=\"visible-sm\" style=\"height:24px;\"><\/div>\n    <div class=\"visible-md\" style=\"height:39px;\"><\/div>\n    <div class=\"visible-lg\" style=\"height:40px;\"><\/div>\n<\/div><header class=\"text-center  element-short-top element-short-bottom not-condensed\" data-os-animation=\"none\" data-os-animation-delay=\"0s\" >\n    <h1 class=\"bigger bold no-bordered-header bordered-normal\" >\n        LERNE MEHR \u00dcBER DIE PLASTIKVERSCHMUTZUNG    <\/h1>\n            <p class=\"lead\" >Wir haben eine Menge kostenloser Informationen in einfacher Sprache \u00fcber dieses komplexe Thema und \u00fcber die wirklichen L\u00f6sungen.<\/p>\n    <\/header>\n<\/div><\/div><div class=\"row \"><div class=\"col-md-3     text-default small-screen-default\"  ><div class=\"figure  element-short-top element-short-bottom image-filter-none image-filter-onhover fade-in text-center figcaption-middle fullwidth\" data-os-animation=\"none\" data-os-animation-delay=\"0s\">\n            <a href=\"https:\/\/trashhero.org\/de\/trash-hero-kids\/\" class=\"figure-image  image-all\" data-links=\"\" target=\"_self\">\n    \n    <img decoding=\"async\" src=\"https:\/\/trashhero.org\/wp-content\/uploads\/2018\/10\/kids-link-1.jpg\"   class=\"fullwidth\" \/>    \n            <\/a>\n    \n<\/div><div class=\" element-short-top element-short-bottom\" data-os-animation=\"none\" data-os-animation-delay=\"0s\">\n    <h2>AUFRUF AN ALLE TRASH HERO KIDS!<\/h2>\n<p style=\"text-align: left;\">Du unterrichtest zu Hause oder suchst nach einer M\u00f6glichkeit zur Umwelterziehung f\u00fcr deine Kinder? Auf unserer <a href=\"https:\/\/trashhero.org\/de\/trash-hero-kids\/\"><strong>speziellen Minisites<\/strong><\/a> zum Thema Umwelt f\u00fcr 5-12-J\u00e4hrige findest Du zahlreiche Informationen.<\/p>\n<p style=\"text-align: left;\">Schau dir verschiedene Videos an, lerne mehr \u00fcber Abfall, mach ein Quiz \u00fcber Meeresm\u00fcll oder \u00fcberzeuge deine ganze Familie, Abfall zu reduzieren. Du kannst unser Kinderbuch mit verschiedenen Aktivit\u00e4ten auch kostenlos herunterladen.<\/p>\n<\/div><\/div><div class=\"col-md-3     text-default small-screen-default\"  ><div class=\"figure  element-short-top element-short-bottom image-filter-none image-filter-onhover fade-in text-center figcaption-middle fullwidth\" data-os-animation=\"none\" data-os-animation-delay=\"0s\">\n            <a href=\"https:\/\/trashhero.org\/eyzw\" class=\"figure-image  image-all\" data-links=\"\" target=\"_self\">\n    \n    <img decoding=\"async\" src=\"https:\/\/trashhero.org\/wp-content\/uploads\/2024\/03\/EDUCATE-YOURSELF-2-1024x1024.png\"   class=\"fullwidth\" \/>    \n            <\/a>\n    \n<\/div><div class=\" element-short-top element-short-bottom\" data-os-animation=\"none\" data-os-animation-delay=\"0s\">\n    <h2>BILDE DICH IN ZERO-WASTE WEITER<\/h2>\n<p>Probiere unseren <strong><a href=\"https:\/\/trashhero.org\/eyzw\/\">9-teiligen Online-Kurs<\/a><\/strong> aus, der dich durch die wichtigsten Probleme der Plastikverschmutzung f\u00fchrt und einige der M\u00f6glichkeiten aufzeigt, wie wir sie l\u00f6sen k\u00f6nnen. Mit Videos, Lesematerial und einem Quiz, wird es ein Kinderspiel f\u00fcr dich sein, die Grundlagen der Abfallvermeidung zu erlernen &#8211; eine Anmeldung ist nicht erforderlich!<\/p>\n<\/div><\/div><div class=\"col-md-3     text-default small-screen-default\"  ><div class=\"figure  element-short-top element-short-bottom image-filter-none image-filter-onhover fade-in text-center figcaption-middle fullwidth\" data-os-animation=\"none\" data-os-animation-delay=\"0s\">\n            <a href=\"https:\/\/trashhero.org\/learn\" class=\"figure-image  image-all\" data-links=\"\" target=\"_self\">\n    \n    <img decoding=\"async\" src=\"https:\/\/trashhero.org\/wp-content\/uploads\/2024\/03\/TRASHHERO.ORGLIBRARY-1024x1024.png\"   class=\"fullwidth\" \/>    \n            <\/a>\n    \n<\/div><div class=\" element-short-top element-short-bottom\" data-os-animation=\"none\" data-os-animation-delay=\"0s\">\n    <h2>PLASTIKVERSCHMUTZUNG ERKL\u00c4RT<\/h2>\n<p>Wenn du mehr in die Tiefe gehen m\u00f6chtest dann st\u00f6bere in unserem <a href=\"https:\/\/trashhero.org\/de\/?page_id=41312\"><strong>Wissensarchiv<\/strong><\/a>! Wir haben Dutzende von Artikeln \u00fcber alles M\u00f6gliche, von Plastik und Klimawandel bis hin zur Kompostierung zu Hause! In unserer <a href=\"https:\/\/trashhero.org\/de\/ressourcenbibliothek\/\"><strong>Wissensressourcen-Bibliothek<\/strong><\/a> finden sich ausserdem eine Sammlung der neuesten Forschungsergebnisse, Zusammenfassungen und Anleitungen.<\/p>\n<\/div><\/div><div class=\"col-md-3     text-default small-screen-default\"  ><div class=\"figure  element-short-top element-short-bottom image-filter-none image-filter-onhover fade-in text-center figcaption-middle fullwidth\" data-os-animation=\"none\" data-os-animation-delay=\"0s\">\n            <a href=\"https:\/\/trashhero.org\/gpt\" class=\"figure-image  image-all\" data-links=\"\" target=\"_self\">\n    \n    <img decoding=\"async\" src=\"https:\/\/trashhero.org\/wp-content\/uploads\/2024\/05\/IMG20240423090524-768x1024.jpg\"   class=\"fullwidth\" \/>    \n            <\/a>\n    \n<\/div><div class=\" element-short-top element-short-bottom\" data-os-animation=\"none\" data-os-animation-delay=\"0s\">\n    <h2>WAS IST DAS GLOBALE PLASTIKABKOMMEN?<\/h2>\n<p><strong><a href=\"https:\/\/trashhero.org\/de\/?page_id=42218\">Erfahre alles, was du \u00fcber das globale UN-Kunststoffabkommen<\/a><\/strong> im Jahr 2024 wissen musst. Wir haben Videos, Erkl\u00e4rungen und andere Ressourcen, die helfen, den Prozess und die m\u00f6glichen Ergebnisse zu verstehen.<\/p>\n<\/div><\/div><\/div><div class=\"divider-wrapper\" style=\"visibility:hidden;background-color:#f9f9f9\">\n    <div class=\"visible-xs\" style=\"height:24px;\"><\/div>\n    <div class=\"visible-sm\" style=\"height:24px;\"><\/div>\n    <div class=\"visible-md\" style=\"height:39px;\"><\/div>\n    <div class=\"visible-lg\" style=\"height:40px;\"><\/div>\n<\/div><\/div>        <\/div>\n    <\/div>\n<\/section>\n<section class=\"section swatch-white  section-text-no-shadow section-inner-no-shadow section-normal section-opaque\"  data-label=\"\">\n    \n    <div class=\"background-overlay grid-overlay-0 \" style=\"background-color: rgba(0,0,0,0);\"><\/div>\n\n    <div class=\"container\">\n        <div class=\"row vertical-top\">\n            <div class=\"col-md-12     text-center small-screen-default\"  ><div class=\"row \"><div class=\"col-md-6     text-default small-screen-default\"  ><div class=\"figure  element-short-top element-short-bottom image-filter-none image-filter-onhover fade-in text-center figcaption-middle normalwidth\" data-os-animation=\"none\" data-os-animation-delay=\"0s\">\n            <a href=\"https:\/\/trashhero.org\/wp-content\/uploads\/2023\/01\/DSC_0997-scaled.jpg\" class=\"figure-image magnific image-all\" data-links=\"\" target=\"_self\">\n    \n    <img decoding=\"async\" src=\"https:\/\/trashhero.org\/wp-content\/uploads\/2023\/01\/DSC_0997-1024x683.jpg\"   class=\"normalwidth\" \/>        <div class=\"figure-overlay grid-overlay-0\">\n        <div class=\"figure-overlay-container\">\n                            <span class=\"figure-icon\">\n                    <svg version=\"1.1\" xmlns=\"http:\/\/www.w3.org\/2000\/svg\" xmlns:xlink=\"http:\/\/www.w3.org\/1999\/xlink\" viewBox=\"0 0 100 100\"  preserveaspectratio=\"none\">\n<g>\n\n        <line display=\"inline\" fill=\"none\"  stroke-width=\"1\" stroke-miterlimit=\"10\" x1=\"50.941\" y1=\"34.953\" x2=\"50.941\" y2=\"65.047\"\/>\n\n        <line display=\"inline\" fill=\"none\" stroke-width=\"1\" stroke-miterlimit=\"10\" x1=\"65.988\" y1=\"50\" x2=\"35.895\" y2=\"50\"\/>\n<\/g>\n<\/svg>\n                <\/span>\n                    <\/div>\n    <\/div>\n    \n            <\/a>\n    \n<\/div><\/div><div class=\"col-md-6     text-default small-screen-default\"  ><div class=\" element-short-top element-short-bottom\" data-os-animation=\"none\" data-os-animation-delay=\"0s\">\n    <h1 style=\"text-align: left;\"><strong>BIST DU EIN TRASH HERO?<\/strong><\/h1>\n<p style=\"text-align: left;\">Warum gr\u00fcndest du nicht dein <strong><a href=\"https:\/\/trashhero.org\/de\/chapter-sign-up\/\">eigenes Trash Hero Chapter<\/a><\/strong>? Ein Trash Hero verschwendet so wenig wie m\u00f6glich, verwendet so viel wie m\u00f6glich wieder und setzt sich f\u00fcr den Erhalt und die Verbesserung der Umwelt ein, wo auch immer er sich befindet.<\/p>\n<p style=\"text-align: left;\">Nimm noch heute <a href=\"https:\/\/trashhero.org\/de\/kontaktiere-uns\/\">Kontakt<\/a> auf, wenn du auch Teil unserer Trash Hero Community werden willst.<\/p>\n<\/div><\/div><\/div><div class=\"row \"><div class=\"col-md-6     text-default small-screen-default\"  ><div class=\"figure  element-short-top element-short-bottom image-filter-none image-filter-onhover fade-in text-center figcaption-middle fullwidth\" data-os-animation=\"none\" data-os-animation-delay=\"0s\">\n            <a href=\"https:\/\/trashhero.org\/wp-content\/uploads\/2018\/10\/trash-hero-bali-bottle-project.jpeg\" class=\"figure-image magnific image-all\" data-links=\"\" target=\"_self\">\n    \n    <img decoding=\"async\" src=\"https:\/\/trashhero.org\/wp-content\/uploads\/2018\/10\/trash-hero-bali-bottle-project.jpeg\"   class=\"fullwidth\" \/>    \n            <\/a>\n    \n<\/div><\/div><div class=\"col-md-6     text-default small-screen-default\"  ><div class=\" element-short-top element-short-bottom\" data-os-animation=\"none\" data-os-animation-delay=\"0s\">\n    <h1 style=\"text-align: left;\"><strong>REDUZIEREN &#8211; WIEDERBEF\u00dcLLEN &#8211; WIEDERHOLEN<\/strong><\/h1>\n<p style=\"text-align: left;\">Leben &#8211; oder reisen &#8211; ohne Einwegplastik in S\u00fcdostasien mit dem Trash Hero Wasserflaschen-Nachf\u00fcllprogramm. Bezahle einmal f\u00fcr eine Edelstahlflasche und f\u00fclle sie kostenlos und auf Lebzeiten \u00fcberall im Netzwerk nach.<\/p>\n<p style=\"text-align: left;\">Du hast schon eine Flasche? <a href=\"https:\/\/trashhero.org\/de\/unser-netzwerk\/\">Hier erf\u00e4hrst du<\/a>, wo du sie nachf\u00fcllen kannst.<br \/>\nOder <a href=\"https:\/\/trashhero.org\/bottle-refill-program\/\">lies mehr \u00fcber das Programm <\/a>und wie du dich beteiligen kannst.<\/p>\n<\/div><\/div><\/div><header class=\"text-center  element-short-top element-short-bottom not-condensed\" data-os-animation=\"none\" data-os-animation-delay=\"0s\" >\n    <h1 class=\"normal regular no-bordered-header bordered-normal\" >\n        Neuigkeiten und Aktivit\u00e4ten von unseren Chapters    <\/h1>\n    <\/header>\n <div class=\" row element-short-top element-short-bottom recent-simple-os-container\">\n            \n        <div class=\"col-md-3\" data-os-animation=\"none\" data-os-animation-delay=\"0s\">\n        \n        <article id=\"post-48347\" class=\"post-related-post\" style=\"background-image: url(https:\/\/trashhero.org\/wp-content\/uploads\/2026\/04\/backyard-trash-burning-300x171.webp)\">\n    <h4>\n        <a href=\"https:\/\/trashhero.org\/de\/wenn-das-system-versagt-bricht\/\">\n            Wenn das System versagt, bricht        <\/a>\n                    <small>\n                by                Fayrouz            <\/small>\n            <\/h4>\n<\/article>        \n        <\/div>\n                \n        <div class=\"col-md-3\" data-os-animation=\"none\" data-os-animation-delay=\"0s\">\n        \n        <article id=\"post-48246\" class=\"post-related-post\" style=\"background-image: url(https:\/\/trashhero.org\/wp-content\/uploads\/2026\/04\/1-300x169.png)\">\n    <h4>\n        <a href=\"https:\/\/trashhero.org\/de\/die-plastikkrise-ist-auch-eine-gesundheitskrise-fuer-frauen\/\">\n            Die Plastikkrise ist auch eine Gesundheitskrise f\u00fcr Frauen        <\/a>\n                    <small>\n                by                Fayrouz            <\/small>\n            <\/h4>\n<\/article>        \n        <\/div>\n                \n        <div class=\"col-md-3\" data-os-animation=\"none\" data-os-animation-delay=\"0s\">\n        \n        <article id=\"post-48116\" class=\"post-related-post\" style=\"background-image: url(https:\/\/trashhero.org\/wp-content\/uploads\/2026\/03\/2-1-225x300.png)\">\n    <h4>\n        <a href=\"https:\/\/trashhero.org\/de\/april-2026-die-wichtigsten-news-des-monats\/\">\n            APRIL 2026 : DIE WICHTIGSTEN NEWS DES MONATS        <\/a>\n                    <small>\n                by                Seema            <\/small>\n            <\/h4>\n<\/article>        \n        <\/div>\n                \n        <div class=\"col-md-3\" data-os-animation=\"none\" data-os-animation-delay=\"0s\">\n        \n        <article id=\"post-48101\" class=\"post-related-post\" style=\"background-image: url(https:\/\/trashhero.org\/wp-content\/uploads\/2026\/03\/iwd2026-300x169.jpg)\">\n    <h4>\n        <a href=\"https:\/\/trashhero.org\/de\/frauen-gestalten-unsere-zero-waste-zukunft\/\">\n            Frauen gestalten unsere Zero Waste Zukunft        <\/a>\n                    <small>\n                by                Seema            <\/small>\n            <\/h4>\n<\/article>        \n        <\/div>\n        <\/div><div class=\"element-short-top element-short-bottom\" data-os-animation=\"none\" data-os-animation-delay=\"0s\">\n        <ul class=\"social-icons social-lg social-background social-circle \">                <li>                    \n                    <a href=\"https:\/\/www.facebook.com\/trashheroworld\/\" target=\"_blank\" style=\"background-color:#65aa16;\" data-iconcolor=\"#3b5998\">\n                        <i class=\"fa fa-facebook\"><\/i>\n                    <\/a>\n                <\/li>                <li>                    \n                    <a href=\"https:\/\/www.instagram.com\/trashheroworld\/\" target=\"_blank\" style=\"background-color:#65aa16;\" data-iconcolor=\"#634d40\">\n                        <i class=\"fa fa-instagram\"><\/i>\n                    <\/a>\n                <\/li>                <li>                    \n                    <a href=\"https:\/\/www.linkedin.com\/company\/trashhero\/\" target=\"_blank\" style=\"background-color:#65aa16;\" data-iconcolor=\"#5FB0D5\">\n                        <i class=\"fa fa-linkedin\"><\/i>\n                    <\/a>\n                <\/li>                <li>                    \n                    <a href=\"http:\/\/trashhero.org\/contact\" target=\"_blank\" style=\"background-color:#65aa16;\" data-iconcolor=\"#3b9999\">\n                        <i class=\"fa fa-envelope\"><\/i>\n                    <\/a>\n                <\/li>                <li>                    \n                    <a href=\"https:\/\/www.youtube.com\/channel\/UCGF7CemUGsgrHufSG-rRTyg\" target=\"_blank\" style=\"background-color:#65aa16;\" data-iconcolor=\"#c4302b\">\n                        <i class=\"fa fa-youtube\"><\/i>\n                    <\/a>\n                <\/li>    <\/ul>\n<\/div><div class=\"divider-wrapper\" style=\"visibility:hidden;background-color:#f9f9f9\">\n    <div class=\"visible-xs\" style=\"height:24px;\"><\/div>\n    <div class=\"visible-sm\" style=\"height:24px;\"><\/div>\n    <div class=\"visible-md\" style=\"height:39px;\"><\/div>\n    <div class=\"visible-lg\" style=\"height:40px;\"><\/div>\n<\/div><header class=\"text-center  element-short-top element-short-bottom not-condensed\" data-os-animation=\"none\" data-os-animation-delay=\"0s\" >\n    <h1 class=\"normal regular no-bordered-header bordered-normal\" >\n        Unsere Welt f\u00fcr k\u00fcnftige Generationen sauber halten    <\/h1>\n    <\/header>\n<div id=\"flexslider-206\" class=\" element-short-top element-short-bottom text-center flexslider feature-slider\" data-os-animation=\"none\" data-os-animation-delay=\"0s\" data-flex-animation=\"slide\" data-flex-controls-position=\"outside\" data-flex-controlsalign=\"center\" data-flex-directions=\"hide\" data-flex-speed=\"7000\" data-flex-controls=\"show\" data-flex-slideshow=\"true\">\r\n    <ul class=\"slides\">        \r\n        <li>            <blockquote>\r\n                <p><\/p>\r\n                <footer>Trash Hero chapters have quickly sprung-up across the world                    <cite title=\"Myanmore Magazine\">Myanmore Magazine                    <\/cite>\r\n                                <\/footer>\r\n            <\/blockquote>        <\/li>        \r\n        <li>            <blockquote>\r\n                <p><\/p>\r\n                <footer>The idea of Trash Hero is going viral                    <cite title=\"Swiss Television SRF DOK\">Swiss Television SRF DOK                    <\/cite>\r\n                                <\/footer>\r\n            <\/blockquote>        <\/li>        \r\n        <li>            <blockquote>\r\n                <p><\/p>\r\n                <footer>Both locals and foreigners who are determined to clean up this beautiful location                    <cite title=\"France 24 International\">France 24 International                    <\/cite>\r\n                                <\/footer>\r\n            <\/blockquote>        <\/li>        \r\n        <li>            <blockquote>\r\n                <p><\/p>\r\n                <footer>It&#8217;s the day when everyone, locals or visitors, can call themselves a hero.                    <cite title=\"Bangkok Post\">Bangkok Post                    <\/cite>\r\n                                <\/footer>\r\n            <\/blockquote>        <\/li>        \r\n        <li>            <blockquote>\r\n                <p><\/p>\r\n                <footer>In a word, inspirational                    <cite title=\"Judges comment Thailand Green Excellence Awards 2016\">Judges comment Thailand Green Excellence Awards 2016                    <\/cite>\r\n                                <\/footer>\r\n            <\/blockquote>        <\/li>    <\/ul>\r\n<\/div><div class=\"divider-wrapper\" style=\"visibility:hidden;background-color:#f9f9f9\">\n    <div class=\"visible-xs\" style=\"height:24px;\"><\/div>\n    <div class=\"visible-sm\" style=\"height:24px;\"><\/div>\n    <div class=\"visible-md\" style=\"height:39px;\"><\/div>\n    <div class=\"visible-lg\" style=\"height:40px;\"><\/div>\n<\/div><\/div>        <\/div>\n    <\/div>\n<\/section>\n[\/vc_section]<\/p>\n","protected":false},"excerpt":{"rendered":"<p>[vc_section][\/vc_section]<\/p>\n","protected":false},"author":1,"featured_media":0,"parent":0,"menu_order":0,"comment_status":"closed","ping_status":"closed","template":"","meta":{"footnotes":""},"class_list":["post-3207","page","type-page","status-publish","hentry"],"_links":{"self":[{"href":"https:\/\/trashhero.org\/de\/wp-json\/wp\/v2\/pages\/3207","targetHints":{"allow":["GET"]}}],"collection":[{"href":"https:\/\/trashhero.org\/de\/wp-json\/wp\/v2\/pages"}],"about":[{"href":"https:\/\/trashhero.org\/de\/wp-json\/wp\/v2\/types\/page"}],"author":[{"embeddable":true,"href":"https:\/\/trashhero.org\/de\/wp-json\/wp\/v2\/users\/1"}],"replies":[{"embeddable":true,"href":"https:\/\/trashhero.org\/de\/wp-json\/wp\/v2\/comments?post=3207"}],"version-history":[{"count":213,"href":"https:\/\/trashhero.org\/de\/wp-json\/wp\/v2\/pages\/3207\/revisions"}],"predecessor-version":[{"id":47724,"href":"https:\/\/trashhero.org\/de\/wp-json\/wp\/v2\/pages\/3207\/revisions\/47724"}],"wp:attachment":[{"href":"https:\/\/trashhero.org\/de\/wp-json\/wp\/v2\/media?parent=3207"}],"curies":[{"name":"wp","href":"https:\/\/api.w.org\/{rel}","templated":true}]}}