{"id":35126,"date":"2022-12-23T08:45:35","date_gmt":"2022-12-23T07:45:35","guid":{"rendered":"https:\/\/trashhero.org\/trash-hero-kinderschutzpolitik\/"},"modified":"2023-03-20T14:15:41","modified_gmt":"2023-03-20T13:15:41","slug":"trash-hero-kinderschutzpolitik","status":"publish","type":"page","link":"https:\/\/trashhero.org\/de\/trash-hero-kinderschutzpolitik\/","title":{"rendered":"Trash Hero | Kinderschutzpolitik"},"content":{"rendered":"<p><span style=\"font-weight: 400;\">Trash Hero sch\u00e4tzt Kinder und Jugendliche und sieht sie als essentiellen Bestandteil der Bewegung. Daher m\u00f6chten wir auch, dass sie in einer gesunden und sicheren Umgebung lernen und ihr Potenzial entfalten k\u00f6nnen. <\/span><span style=\"font-weight: 400;\">Trash Hero engagiert sich regelm\u00e4ssig an Familien- und Gemeinschaftsaktionen und sorgt nach M\u00f6glichkeit daf\u00fcr, dass die Programmdurchf\u00fchrung <strong>inklusive<\/strong> <em>eines Elternteils, einer Betreuer*in oder einer Lehrer*in stattfindet, welche die direkte Aufsichtspflicht der Kinder \u00fcbernimmt.\u00a0<\/em><\/span><\/p>\n<p><span style=\"font-weight: 400;\">Obwohl Trash Hero-Vertreter (Mitarbeiter oder Freiwillige) sich kaum in Situationen befinden, in\u00a0 denen sie direkt f\u00fcr Kinder oder Jugendliche verantwortlich sind, sehen wir unsere prim\u00e4re Verantwortung im Wohlergehen aller Kinder und Jugendlichen, die an unserem Programm teilnehmen. Dies geschieht durch die Einhaltung der folgenden Politik zum Schutz der Kinder.\u00a0<\/span><span style=\"font-weight: 400;\">Wir glauben daran, dass es inakzeptabel ist, dass ein Kind oder ein Jugendlicher<\/span> <span style=\"font-weight: 400;\">misshandelt oder vernachl\u00e4ssigt wird.<\/span><\/p>\n<p><span style=\"font-weight: 400;\">Diese Regeln basieren auf den folgenden Prinzipien:<\/span><\/p>\n<ul>\n<li style=\"font-weight: 400;\" aria-level=\"1\"><span style=\"font-weight: 400;\">Das Wohl des Kindes\/Jugendlichen ist von gr\u00f6sster Bedeutung<\/span><\/li>\n<li style=\"font-weight: 400;\" aria-level=\"1\"><span style=\"font-weight: 400;\">Alle Kinder, ungeachtet ihres Alters, ihrer F\u00e4higkeiten, ihres Geschlechts, ihrer kulturellen Zugeh\u00f6rigkeit,<\/span> <span style=\"font-weight: 400;\">ihrer religi\u00f6sen \u00dcberzeugung, ihrer sexuellen Orientierung, oder Identit\u00e4t, haben das Recht auf gleichen Schutz vor jeglicher Art des Missbrauchs.<\/span><\/li>\n<li style=\"font-weight: 400;\" aria-level=\"1\"><span style=\"font-weight: 400;\">Um das Wohl der Kinder zu gew\u00e4hrleisten, ist eine enge Zusammenarbeit zwischen den Kindern, den Jugendlichen, ihren Eltern, Betreuern und Lehrern essentiell.<\/span><\/li>\n<\/ul>\n<p><span style=\"font-weight: 400;\">Der Zweck dieser Regeln:\u00a0<\/span><\/p>\n<ul>\n<li style=\"font-weight: 400;\" aria-level=\"1\"><span style=\"font-weight: 400;\">Um den Kindern und Jugendlichen, die weltweit an den Trash Hero Aktivit\u00e4ten teilnehmen, sowie den Kindern von Freiwilligen, v\u00f6lligen Schutz zu gew\u00e4hrleisten.<\/span><\/li>\n<li style=\"font-weight: 400;\" aria-level=\"1\"><span style=\"font-weight: 400;\">Um den Mitarbeitern und Freiwilligen Beratung und Leitung zu bieten, wenn sich die Kinder in ihrer Obhut befinden.\u00a0<\/span><\/li>\n<\/ul>\n<p><span style=\"font-weight: 400;\">Diese Richtlinien gelten f\u00fcr alle Mitarbeiter, einschliesslich der F\u00fchrungskr\u00e4fte und Vorstandsmitglieder, Freiwillige, Praktikanten und alle, die als Vertretung bei Trash Hero arbeiten. <\/span><span style=\"font-weight: 400;\">Wir bem\u00fchen uns, Kinder und Jugendliche mittels folgendem Verhaltenskodex nicht zu schaden:<\/span><\/p>\n<p><b>K\u00f6rperliche Sicherheit<\/b><\/p>\n<ul>\n<li style=\"font-weight: 400;\" aria-level=\"1\"><span style=\"font-weight: 400;\">Aufr\u00e4um- und weitere Veranstaltungsst\u00e4tten<\/span> <span style=\"font-weight: 400;\">m\u00fcssen hinsichtlich des Risikos und der potentiellen Gef\u00e4hrdung von Kindern bewertet werden, beispielsweise Steinschl\u00e4ge, offenes Wasser etc.\u00a0<\/span><\/li>\n<li style=\"font-weight: 400;\" aria-level=\"1\"><span style=\"font-weight: 400;\">Alle Aktivit\u00e4ten m\u00fcssen altersgerecht sein, \u00fcberm\u00e4ssige k\u00f6rperliche Anstrengung vermieden und bei Tageslicht durchgef\u00fchrt werden.\u00a0<\/span><\/li>\n<li style=\"font-weight: 400;\" aria-level=\"1\"><span style=\"font-weight: 400;\">Kinder und ihre Betreuer m\u00fcssen vor m\u00f6glichen Gefahrenquellen bei der Aus\u00fcbung von T\u00e4tigkeiten gewarnt werden. Wenn beispielsweise Glas oder scharfe Gegenst\u00e4nde beim Cleanup gefunden werden, \u00fcbernehmen Erwachsene deren Handhabe.<\/span><\/li>\n<li style=\"font-weight: 400;\" aria-level=\"1\"><span style=\"font-weight: 400;\">Gute Hygienestandards m\u00fcssen eingehalten werden: Handschuhe und antibakterielle Handw\u00e4sche bei den Cleanups sind das Minimum.<\/span><\/li>\n<li style=\"font-weight: 400;\" aria-level=\"1\"><span style=\"font-weight: 400;\">Es m\u00fcssen angemessene Erst-Hilfe-Vorkehrungen und vereinbarte Vorgehensweisen f\u00fcr die medizinische Nothilfe getroffen werden.\u00a0<\/span><\/li>\n<li style=\"font-weight: 400;\" aria-level=\"1\"><span style=\"font-weight: 400;\">Kinder unter 16 Jahren d\u00fcrfen zu keinem Zeitpunkt unbeaufsichtigt sein.<\/span><\/li>\n<\/ul>\n<p><b>Pers\u00f6nliche Sicherheit<\/b><\/p>\n<ul>\n<li style=\"font-weight: 400;\" aria-level=\"1\"><span style=\"font-weight: 400;\">Trash Hero verlangt bei allen Aktivit\u00e4ten an denen Kinder teilnehmen, die Anwesenheit eines Elternteils, einer Betreuer*in,<\/span> <span style=\"font-weight: 400;\">oder eines Lehrers, mit direkter Aufsichtspflicht.<\/span><\/li>\n<li style=\"font-weight: 400;\" aria-level=\"1\"><span style=\"font-weight: 400;\">Kinder, die an Aktivit\u00e4ten teilnehmen, ohne dass ein Elternteil, eine Betreuer*in oder eine Lehrkraft <\/span>anwesend ist, m\u00fcssen eine schriftliche Best\u00e4tigung der Eltern und die Notrufnummer(n) vorweisen.<\/li>\n<li style=\"font-weight: 400;\" aria-level=\"1\"><span style=\"font-weight: 400;\">Alle Trash-Hero-Aktivit\u00e4ten finden in einer offenen, \u00f6ffentlichen Umgebung\u00a0 und mit mindestens einem anwesenden Erwachsenen statt. Niemals in einer privaten oder unbeobachteten Situation.\u00a0<\/span><\/li>\n<li style=\"font-weight: 400;\" aria-level=\"1\"><span style=\"font-weight: 400;\">Trash-Hero-Vertreter erlauben keine suggestiven Bemerkungen, Gesten oder Ber\u00fchrungen, die missverstanden werden k\u00f6nnten.<\/span><\/li>\n<\/ul>\n<p><b>Online Sicherheit<\/b><\/p>\n<ul>\n<li style=\"font-weight: 400;\" aria-level=\"1\"><span style=\"font-weight: 400;\">Kinder und ihre Eltern\/ Betreuer*innen m\u00fcssen die Verwendung ihrer Bilder und\/oder Namen f\u00fcr Trash Hero\u2019s eigene oder andere Medienkan\u00e4le ausdr\u00fccklich genehmigen.\u00a0<\/span><\/li>\n<li style=\"font-weight: 400;\" aria-level=\"1\"><span style=\"font-weight: 400;\">Bilder von Kindern, in unangemessenen Posen oder unbekleidet, d\u00fcrfen nicht auf Kan\u00e4len ver\u00f6ffentlicht oder anderweitig verwendet werden.\u00a0<\/span><\/li>\n<li style=\"font-weight: 400;\" aria-level=\"1\"><span style=\"font-weight: 400;\">Angaben, die auf ver\u00f6ffentlichten Bildern angebracht sind, d\u00fcrfen das Kind nicht identifizierbar und\/oder zur Wohnung r\u00fcckverfolgbar machen.<\/span><\/li>\n<\/ul>\n<p><b>Emotionales und geistiges Wohlbefinden<\/b><\/p>\n<ul>\n<li style=\"list-style-type: none;\">\n<ul>\n<li style=\"font-weight: 400;\" aria-level=\"1\"><span style=\"font-weight: 400;\">Trash Hero wird mit Eltern, Kindern und deren Gemeinschaften zusammenarbeiten, um eine sichere, freundliche und zug\u00e4ngliche Umgebung f\u00fcr alle Aktivit\u00e4ten zu schaffen.\u00a0<\/span><\/li>\n<li style=\"font-weight: 400;\" aria-level=\"1\"><span style=\"font-weight: 400;\">Alle teilnehmenden Kinder werden mit der gleichen F\u00fcrsorge, W\u00fcrde und dem gleichen Respekt behandelt.<\/span><\/li>\n<li style=\"font-weight: 400;\" aria-level=\"1\"><span style=\"font-weight: 400;\"><span style=\"font-weight: 400;\">Vertreter von Trash Hero sind bestrebt, gute Vorbilder zu sein und enthusiastisches und konstruktives Feedback zu geben, um positives Verhalten zu f\u00f6rdern. Dabei soll jegliche Kritik an den Kindern, ihren Gemeinschaften oder ihrer Kultur\u00a0<\/span><\/span><\/li>\n<li style=\"font-weight: 400;\" aria-level=\"1\"><span style=\"font-weight: 400;\">vermieden werden.\u00a0<\/span><\/li>\n<li style=\"font-weight: 400;\" aria-level=\"1\"><span style=\"font-weight: 400;\">Trash-Hero-Vertreter werden kein Kind aus jeglichem Grund k\u00f6rperlich oder verbal bestrafen oder disziplinieren; vern\u00fcnftige und ruhige Eingriffe sind in Ordnung, wenn die Sicherheit des Kindes gef\u00e4hrdet ist. <\/span><\/li>\n<\/ul>\n<\/li>\n<\/ul>\n<p><span style=\"font-weight: 400;\">Trash Hero wird sicherstellen, dass der Verhaltenskodex von folgenden Personen \u00fcbernommen wird:\u00a0<\/span><\/p>\n<ul>\n<li style=\"list-style-type: none;\">\n<ul>\n<li style=\"list-style-type: none;\">\n<ul>\n<li style=\"font-weight: 400;\" aria-level=\"1\"><span style=\"font-weight: 400;\">Sichere Rekrutierung von Mitarbeitern und Freiwilligen, wobei nach M\u00f6glichkeit \u00dcberpr\u00fcfungen vorgenommen und Referenzen eingeholt werden sollten<\/span><\/li>\n<li style=\"font-weight: 400;\" aria-level=\"1\"><span style=\"font-weight: 400;\">Vermittlung unserer Werte und Erwartungshaltungen an alle freiwilligen Helfer und Mitarbeiter.<\/span><\/li>\n<li style=\"font-weight: 400;\" aria-level=\"1\"><span style=\"font-weight: 400;\">Bereitstellung fortlaufender Unterst\u00fctzung, Schulung sowie Betreuung aller freiwilligen Helfer und Mitarbeiter.<\/span><\/li>\n<li style=\"font-weight: 400;\" aria-level=\"1\"><span style=\"font-weight: 400;\">Sicherstellung, dass die Kinderschutzpolitik in die Programmgestaltung miteinfliesst.<\/span><\/li>\n<li style=\"font-weight: 400;\" aria-level=\"1\"><span style=\"font-weight: 400;\">Schnelle R\u00fcckmeldung bei Anliegen oder Vorw\u00fcrfen von Fehlverhalten, die intern oder extern aufkommen.\u00a0<\/span><\/li>\n<\/ul>\n<\/li>\n<\/ul>\n<\/li>\n<\/ul>\n<p><span style=\"font-weight: 400;\">Dar\u00fcber hinaus verpflichten wir uns, unsere Regeln und bew\u00e4hrten Praktiken j\u00e4hrlich zu \u00fcberpr\u00fcfen.\u00a0<\/span><\/p>\n","protected":false},"excerpt":{"rendered":"<p>Trash Hero sch\u00e4tzt Kinder und Jugendliche und sieht sie als essentiellen Bestandteil der Bewegung. Daher m\u00f6chten wir auch, dass sie in einer gesunden und sicheren Umgebung lernen und ihr Potenzial entfalten k\u00f6nnen. Trash Hero engagiert sich regelm\u00e4ssig an Familien- und Gemeinschaftsaktionen und sorgt nach M\u00f6glichkeit daf\u00fcr, dass die Programmdurchf\u00fchrung inklusive eines Elternteils, einer Betreuer*in oder<\/p>\n","protected":false},"author":8,"featured_media":0,"parent":0,"menu_order":0,"comment_status":"closed","ping_status":"closed","template":"template-normalwidth.php","meta":{"footnotes":""},"class_list":["post-35126","page","type-page","status-publish","hentry"],"_links":{"self":[{"href":"https:\/\/trashhero.org\/de\/wp-json\/wp\/v2\/pages\/35126","targetHints":{"allow":["GET"]}}],"collection":[{"href":"https:\/\/trashhero.org\/de\/wp-json\/wp\/v2\/pages"}],"about":[{"href":"https:\/\/trashhero.org\/de\/wp-json\/wp\/v2\/types\/page"}],"author":[{"embeddable":true,"href":"https:\/\/trashhero.org\/de\/wp-json\/wp\/v2\/users\/8"}],"replies":[{"embeddable":true,"href":"https:\/\/trashhero.org\/de\/wp-json\/wp\/v2\/comments?post=35126"}],"version-history":[{"count":1,"href":"https:\/\/trashhero.org\/de\/wp-json\/wp\/v2\/pages\/35126\/revisions"}],"predecessor-version":[{"id":37000,"href":"https:\/\/trashhero.org\/de\/wp-json\/wp\/v2\/pages\/35126\/revisions\/37000"}],"wp:attachment":[{"href":"https:\/\/trashhero.org\/de\/wp-json\/wp\/v2\/media?parent=35126"}],"curies":[{"name":"wp","href":"https:\/\/api.w.org\/{rel}","templated":true}]}}