{"id":41312,"date":"2024-09-13T13:53:00","date_gmt":"2024-09-13T11:53:00","guid":{"rendered":"https:\/\/trashhero.org\/?page_id=41312"},"modified":"2024-09-13T13:53:00","modified_gmt":"2024-09-13T11:53:00","slug":"erfahre-mehr-ueber-die-plastikverschmutzung","status":"publish","type":"page","link":"https:\/\/trashhero.org\/de\/erfahre-mehr-ueber-die-plastikverschmutzung\/","title":{"rendered":"Erfahre mehr \u00fcber die Plastikverschmutzung"},"content":{"rendered":"<section class=\"section swatch-white  section-text-no-shadow section-inner-no-shadow section-normal section-opaque\"  data-label=\"\">\n    \n    <div class=\"background-overlay grid-overlay-0 \" style=\"background-color: rgba(0,0,0,0);\"><\/div>\n\n    <div class=\"container\">\n        <div class=\"row vertical-top\">\n            <div class=\"col-md-12     text-default small-screen-default\"  ><header class=\"text-center  element-short-top element-short-bottom not-condensed\" data-os-animation=\"none\" data-os-animation-delay=\"0s\" >\n    <h1 class=\"bigger bold no-bordered-header bordered-normal\" >\n        Erfahre mehr \u00fcber die Plastikverschmutzung    <\/h1>\n    <\/header>\n<p class=\"lead text-center center  element-short-top element-short-bottom\" data-os-animation=\"none\" data-os-animation-delay=\"0s\"><\/p>\n<p>Plastik ist eines der gr\u00f6ssten Umwelt-, Klima- und Gesundheitsprobleme unserer Zeit. Es bedroht die biologische Vielfalt, wird mit einer ganzen Reihe von Hormonst\u00f6rungen, Gehirnkrankheiten und Geburtsfehlern in Verbindung gebracht. Auch ist Plastik die am schnellsten wachsende Quelle industrieller Treibhausgase auf unserem Planeten. Auf dieser Seite findest du Artikel zu allen m\u00f6glichen Themen im Zusammenhang mit der Plastikverschmutzung und den verschiedenen L\u00f6sungsvorschl\u00e4gen, um sie zu beseitigen. Alle Artikel sind in einfacher Sprache verfasst und enthalten Quellen f\u00fcr die angegebenen Informationen.<\/p>\n<p>In unserer<a href=\"https:\/\/trashhero.org\/de\/ressourcenbibliothek\/\"><strong> Wissensressourcen-Bibliothek<\/strong><\/a> findest du ausserdem eine Sammlung der neuesten Forschungsergebnisse, Zusammenfassungen und Anleitungen.<\/p>\n<p><\/p>[vc_basic_grid post_type=&#8220;post&#8220; max_items=&#8220;-1&#8243; style=&#8220;lazy&#8220; items_per_page=&#8220;15&#8243; item=&#8220;3489&#8243; grid_id=&#8220;vc_gid:1726228206543-bb7c5e91-12c2-5&#8243; taxonomies=&#8220;607&#8243;]<\/div>        <\/div>\n    <\/div>\n<\/section>\n\n","protected":false},"excerpt":{"rendered":"Erfahre mehr \u00fcber die Plastikverschmutzung Plastik ist eines der gr\u00f6ssten Umwelt-, Klima- und Gesundheitsprobleme unserer Zeit. Es bedroht die biologische Vielfalt, wird mit einer ganzen Reihe von Hormonst\u00f6rungen, Gehirnkrankheiten und Geburtsfehlern in Verbindung gebracht. Auch ist Plastik die am schnellsten wachsende Quelle industrieller Treibhausgase auf unserem Planeten. Auf dieser Seite findest du Artikel zu allen","protected":false},"author":8,"featured_media":0,"parent":0,"menu_order":0,"comment_status":"closed","ping_status":"closed","template":"template-normalwidth.php","meta":{"footnotes":""},"class_list":["post-41312","page","type-page","status-publish","hentry"],"_links":{"self":[{"href":"https:\/\/trashhero.org\/de\/wp-json\/wp\/v2\/pages\/41312","targetHints":{"allow":["GET"]}}],"collection":[{"href":"https:\/\/trashhero.org\/de\/wp-json\/wp\/v2\/pages"}],"about":[{"href":"https:\/\/trashhero.org\/de\/wp-json\/wp\/v2\/types\/page"}],"author":[{"embeddable":true,"href":"https:\/\/trashhero.org\/de\/wp-json\/wp\/v2\/users\/8"}],"replies":[{"embeddable":true,"href":"https:\/\/trashhero.org\/de\/wp-json\/wp\/v2\/comments?post=41312"}],"version-history":[{"count":6,"href":"https:\/\/trashhero.org\/de\/wp-json\/wp\/v2\/pages\/41312\/revisions"}],"predecessor-version":[{"id":43713,"href":"https:\/\/trashhero.org\/de\/wp-json\/wp\/v2\/pages\/41312\/revisions\/43713"}],"wp:attachment":[{"href":"https:\/\/trashhero.org\/de\/wp-json\/wp\/v2\/media?parent=41312"}],"curies":[{"name":"wp","href":"https:\/\/api.w.org\/{rel}","templated":true}]}}