{"id":41676,"date":"2024-03-25T14:57:06","date_gmt":"2024-03-25T13:57:06","guid":{"rendered":"https:\/\/trashhero.org\/refill-map-faq\/"},"modified":"2025-11-24T16:30:50","modified_gmt":"2025-11-24T15:30:50","slug":"refill-map-faq","status":"publish","type":"page","link":"https:\/\/trashhero.org\/de\/refill-map-faq\/","title":{"rendered":"Refill Map FAQ"},"content":{"rendered":"<section class=\"section swatch-white  section-text-no-shadow section-inner-no-shadow section-normal section-opaque\"  data-label=\"\">\n    \n    <div class=\"background-overlay grid-overlay-0 \" style=\"background-color: rgba(0,0,0,0);\"><\/div>\n\n    <div class=\"container\">\n        <div class=\"row vertical-top\">\n            <div class=\"col-md-12     text-default small-screen-default\"  ><header class=\"text-left  element-short-top element-short-bottom not-condensed\" data-os-animation=\"none\" data-os-animation-delay=\"0s\" >\n    <h1 class=\"big black no-bordered-header bordered-normal\" >\n        Trash Hero Refill Map &#8211; FAQ    <\/h1>\n    <\/header>\n<p class=\"lead text-left left  element-short-top element-short-bottom\" data-os-animation=\"none\" data-os-animation-delay=\"0s\">Wenn du <a href=\"https:\/\/trashhero.org\/de\/trash-hero-flaschen-faq\/\">hier<\/a> klickst, kommst du zum FAQ \u00fcber die Trash Hero Flaschen.<\/p><\/div>        <\/div>\n    <\/div>\n<\/section>\n<section class=\"section swatch-white  section-text-no-shadow section-inner-no-shadow section-normal section-opaque\"  data-label=\"\">\n    \n    <div class=\"background-overlay grid-overlay-0 \" style=\"background-color: rgba(0,0,0,0);\"><\/div>\n\n    <div class=\"container\">\n        <div class=\"row vertical-top\">\n            <div class=\"col-md-3     text-default small-screen-default\"  ><div class=\" element-short-top element-short-bottom\" data-os-animation=\"none\" data-os-animation-delay=\"0s\">\n    <p><a href=\"https:\/\/trashhero.org\/wp-content\/uploads\/2023\/11\/TH-Refill-map-FAQ.pdf\"><strong>\u2197\ufe0e \u0e2d\u0e48\u0e32\u0e19\u0e40\u0e1b\u0e47\u0e19\u0e20\u0e32\u0e29\u0e32\u0e44\u0e17\u0e22<\/strong><\/a><br \/>\n<a href=\"https:\/\/trashhero.org\/wp-content\/uploads\/2023\/11\/MY-Refill-map-FAQ.pdf\"><strong>\u2197\ufe0e Sila baca dalam BM<\/strong><\/a><\/p>\n<p><a href=\"https:\/\/trashhero.org\/wp-content\/uploads\/2024\/03\/ID-Water-refill-FAQ.pdf\"><strong>\u2197\ufe0e Baca dalam Bahasa Indonesia<\/strong><\/a><\/p>\n<p><a href=\"#1\">\u25b9 Warum sollte ich dem THW Wassernachf\u00fcllnetzwerk beitreten?<\/a><br \/>\n<a href=\"#2\">\u25b9 Was muss ich tun, um mitzumachen?<\/a><br \/>\n<a href=\"#3\">\u25b9 Kann ich daf\u00fcr Geld verlangen?<\/a><br \/>\n<a href=\"#4\">\u25b9Ich habe bef\u00fcrchungen, dass Leute das kostenlose Nachf\u00fcllen von Wasser ausnutzen werden.<\/a><br \/>\n<a href=\"#5\">\u25b9 Muss ich gek\u00fchltes Wasser anbieten?<\/a><br \/>\n<a href=\"#6\">\u25b9 Muss ich einen Wasserspender haben?<\/a><br \/>\n<a href=\"#7\">\u25b9 Darf ich nun keine Plastikflaschen mehr verkaufen?<\/a><br \/>\n<a href=\"#8\">\u25b9 Muss ich das Schild f\u00fcr die Nachf\u00fcllstation aufstellen?<\/a><br \/>\n<a href=\"#9\">\u25b9 Ich habe keinen Drucker.<\/a><br \/>\n<a href=\"#10\">\u25b9 Wie werden die Leute mein Unternehmen finden?<\/a><br \/>\n<a href=\"#11\">\u25b9 Was sind die Kosten, um auf der Refill-Map zu sein?<\/a><br \/>\n<a href=\"#12\">\u25b9 Kann ich meine Unternehmensdaten anpassen, sobald ich auf der Refill-Map live bin?<\/a><br \/>\n<a href=\"#13\">\u25b9 Kann ich mein Unternehmen aus der Map entfernen, wenn ich meine Meinung \u00e4ndere?<\/a><\/p>\n<\/div><\/div><div class=\"col-md-9     text-default small-screen-default\"  ><div class=\" element-short-top element-short-bottom\" data-os-animation=\"none\" data-os-animation-delay=\"0s\">\n    <div class=\"row\"><div class=\"col-md-3\"><a class=\"thumbnail magnific\"  href=\"https:\/\/trashhero.org\/wp-content\/uploads\/2023\/10\/IMG_20231003_092028-scaled.jpg\"><img decoding=\"async\" src=\"https:\/\/trashhero.org\/wp-content\/uploads\/2023\/10\/IMG_20231003_092028-600x600.jpg\"><\/a><\/div><div class=\"col-md-3\"><a class=\"thumbnail magnific\"  href=\"https:\/\/trashhero.org\/wp-content\/uploads\/2023\/10\/IMG_2453-scaled.jpeg\"><img decoding=\"async\" src=\"https:\/\/trashhero.org\/wp-content\/uploads\/2023\/10\/IMG_2453-600x600.jpeg\"><\/a><\/div><div class=\"col-md-3\"><a class=\"thumbnail magnific\"  href=\"https:\/\/trashhero.org\/wp-content\/uploads\/2022\/06\/DAF63F81-6776-479E-8EE7-5F4CC41B5CD0-scaled-e1687329072849.jpg\"><img decoding=\"async\" src=\"https:\/\/trashhero.org\/wp-content\/uploads\/2022\/06\/DAF63F81-6776-479E-8EE7-5F4CC41B5CD0-600x600.jpg\"><\/a><\/div><div class=\"col-md-3\"><a class=\"thumbnail magnific\"  href=\"https:\/\/trashhero.org\/wp-content\/uploads\/2022\/12\/IMG_20221222_091425-scaled.jpg\"><img decoding=\"async\" src=\"https:\/\/trashhero.org\/wp-content\/uploads\/2022\/12\/IMG_20221222_091425-600x600.jpg\"><\/a><\/div><\/div>\n<\/div><div class=\" element-short-top element-short-bottom\" data-os-animation=\"none\" data-os-animation-delay=\"0s\">\n    <p><a name=\"1\"><\/a><\/p>\n<p>&nbsp;<\/p>\n<h2>1. Warum sollte ich dem Trash Hero Wassernachf\u00fcllnetzwerk beitreten?<\/h2>\n<p>Rund <a href=\"https:\/\/theroundup.org\/environmentally-conscious-consumer-statistics\/\">80 %<\/a> der Menschen bevorzugen umweltfreundliche Unternehmen. Der Beitritt zu unserem Netzwerk ist eine einfache und kosteng\u00fcnstige* M\u00f6glichkeit, das Engagement f\u00fcr eine saubere Welt zu zeigen. Sie kann Ihrem Unternehmen neue Kund*innen bringen und leistet einen wichtigen Beitrag zur Reduzierung der Plastikverschmutzung und des Klimawandels. Ausserdem wird dadurch das Wohlwollen der lokalen Bev\u00f6lkerung gest\u00e4rkt.<\/p>\n<p class=\"small\">*Du zahlst nur f\u00fcr das angebotene Wasser, der Beitritt zum Netz selbst ist kostenlos.<\/p>\n<p><a name=\"2\"><\/a><\/p>\n<p>&nbsp;<\/p>\n<h2>Was muss ich tun, um mitzumachen?<\/h2>\n<p>1. Biete jedem, der eine Trash Hero-Flasche oder eine andere wiederbef\u00fcllbare Flasche hat, kostenloses Trinkwasser an.<br \/>\n2. Stelle ein &#8222;<a href=\"https:\/\/trashhero.org\/de\/trash-hero-refill-point-ressourcen\/\">Trash Hero&#8220;-Wassernachf\u00fcllschild<\/a> auf, damit man sieht, dass du Teil des Netzwerks bist.<br \/>\n3. Mach ein Foto von deinem Wasserspender und geh zu unserem <a href=\"https:\/\/trashhero.org\/de\/registriere-deine-nachfuellstation\/\">Website-Formular,<\/a> um dich anzumelden<a name=\"3\"><\/a><\/p>\n<p>&nbsp;<\/p>\n<h2>Kann ich f\u00fcr eine Wasserauff\u00fcllung Geld verlangen?<\/h2>\n<p>Nein, du kannst von niemandem Geld verlangen, der eine Trash Hero-Flasche oder eine andere widerauff\u00fcllbare Flasche dabei hat.<br \/>\nDu kannst aber eine Kasse f\u00fcr eine Spende an Trash Hero aufstellen. . .<a name=\"4\"><\/a><\/p>\n<p>&nbsp;<\/p>\n<h2>Ich bef\u00fcrchte, dass Leute das kostenlose Nachf\u00fcllen von Wasser ausnutzen werden.<\/h2>\n<p>Wir haben eine Richtlinie zu fairen Nutzung. Du kannst es ausdrucken und allen Kund*innen zeigen, von denen du glaubst, dass sie deine Grossz\u00fcgigkeit ausnutzen:<br \/>\n&#8222;Alle Nachf\u00fcllpartnerbetriebe haben das Recht, niemanden zu bedienen, von dem sie glauben, dass er den Sinn des Angebots missbraucht. Dies k\u00f6nnte zum Beispiel der Fall sein, wenn man sich in ein Caf\u00e9 setzt und nur ein kostenloses Wasser nachf\u00fcllt, ohne etwas anderes zu kaufen oder wenn man einen sehr grossen Beh\u00e4lter zum Nachf\u00fcllen mitbringt. Die Anwendung dieser Regelung liegt im Ermessen der einzelnen Partnerbetriebe.<a name=\"5\"><\/a><\/p>\n<p>&nbsp;<\/p>\n<h2>Muss ich gek\u00fchltes Wasser anbieten?<\/h2>\n<p>Nein, das ist nicht n\u00f6tig, aber viele Kunden werden gek\u00fchltes Wasser zu sch\u00e4tzen wissen.<a name=\"6\"><\/a><\/p>\n<p>&nbsp;<\/p>\n<h2>Muss ich einen Wasserspender haben?<\/h2>\n<p>Nein, das ist nicht notwendig, obwohl sich einige Leute aus hygienischem Aspekt mit dieser Methode manchmal wohler f\u00fchlen. Wasser kann auch in Kr\u00fcgen oder auf Anfrage an der Theke angeboten werden. Das Wasser selbst kann aus dem Wasserhahn kommen (in L\u00e4ndern, in denen es sicher ist, Leitungswasser zu trinken), aus einer gefilterten Wasserquelle oder aus einem nachf\u00fcllbaren Tank. Wichtig ist nur, dass es sich nicht um Einwegplastik handelt.<a name=\"7\"><\/a><\/p>\n<p>&nbsp;<\/p>\n<h2>Darf ich nun keine Plastikflaschen mehr verkaufen?<\/h2>\n<p>Es besteht keine Verpflichtung, den Verkauf von Einweg-Plastikflaschen einzustellen. Viele unserer Refill-Partnerbetriebe entscheiden sich jedoch auch f\u00fcr diesen Schritt, da eine vollst\u00e4ndige Umstellung auf Nachf\u00fcllung sowohl f\u00fcr den Planeten als auch f\u00fcr ihren Ruf die gr\u00f6ssten Vorteile bringt.<a name=\"8\"><\/a><\/p>\n<p>&nbsp;<\/p>\n<h2>Muss ich das Schild f\u00fcr die Nachf\u00fcllstation aufstellen?<\/h2>\n<p>Ja, das ist ein n\u00f6tiger Schritt. Wir <a href=\"https:\/\/trashhero.org\/de\/trash-hero-refill-point-ressourcen\/\">bieten das Schild<\/a> in blau, gelb oder schwarz-weiss an, damit es zu jeder Einrichtung passt.<a name=\"9\"><\/a><\/p>\n<p>&nbsp;<\/p>\n<h2>Ich habe keinen Drucker.<\/h2>\n<p>Kontaktiere die n\u00e4chstgelegene Trash Hero Ortsgruppe oder <a href=\"https:\/\/trashhero.org\/de\/kontaktiere-uns\/\">sende uns eine Nachricht.<\/a> M\u00f6glicherweise k\u00f6nnen wir eine gedruckte Version des Schildes zur Verf\u00fcgung stellen.<a name=\"10\"><\/a><\/p>\n<p>&nbsp;<\/p>\n<h2>Wie werden die Leute mein Unternehmen finden?<\/h2>\n<p>Sobald du deine Nachf\u00fcllstation eingerichtet und dich <a href=\"https:\/\/trashhero.org\/de\/registriere-deine-nachfuellstation\/\">registriert<\/a> hast, f\u00fcgen wir dein Unternehmen in unsere \u00f6ffentliche <a href=\"https:\/\/trashhero.org\/de\/refill\/\">Refill-Map<\/a> ein. Die Leute k\u00f6nnen dein Unternehmen finden, indem sie in der Umgebung nach Nachf\u00fcllstationen suchen. Wenn eine Trash Hero-Ortsgruppe in deiner N\u00e4he ist, werden sie dein Unternehmen auch auf ihren sozialen Medienkan\u00e4len als Nachf\u00fcllstation bewerben.<a name=\"11\"><\/a><\/p>\n<p>&nbsp;<\/p>\n<h2>Was sind die Kosten, um auf der Refill-Map zu sein?<\/h2>\n<p>Es kostet nichts auf der Refill-Map zu sein.<a name=\"12\"><\/a><\/p>\n<p>&nbsp;<\/p>\n<h2>Kann ich meine Unternehmensdaten anpassen, sobald ich auf der Refill-Map live bin?<\/h2>\n<p>Ja, absolut. <a href=\"https:\/\/trashhero.org\/de\/kontaktiere-uns\/\">Kontaktiere uns<\/a> direkt und wir werden versuchen alle gew\u00fcnschten \u00c4nderungen innerhalb weniger Tage vorzunehmen.<a name=\"13\"><\/a><\/p>\n<p>&nbsp;<\/p>\n<h2>Kann ich mein Unternehmen aus der Map entfernen, wenn ich meine Meinung \u00e4ndere?<\/h2>\n<p>Ja, absolut. Nimm <a href=\"https:\/\/trashhero.org\/de\/kontaktiere-uns\/\">Kontakt mit uns<\/a> auf und wir werden den Eintrag innerhalb weniger Tage entfernen.<\/p>\n<\/div><\/div>        <\/div>\n    <\/div>\n<\/section>\n","protected":false},"excerpt":{"rendered":"Trash Hero Refill Map - FAQ Wenn du hier klickst, kommst du zum FAQ \u00fcber die Trash Hero Flaschen. \u2197\ufe0e \u0e2d\u0e48\u0e32\u0e19\u0e40\u0e1b\u0e47\u0e19\u0e20\u0e32\u0e29\u0e32\u0e44\u0e17\u0e22 \u2197\ufe0e Sila baca dalam BM \u2197\ufe0e Baca dalam Bahasa Indonesia \u25b9 Warum sollte ich dem THW Wassernachf\u00fcllnetzwerk beitreten? \u25b9 Was muss ich tun, um mitzumachen? \u25b9 Kann ich daf\u00fcr Geld verlangen? \u25b9Ich habe bef\u00fcrchungen,","protected":false},"author":8,"featured_media":0,"parent":0,"menu_order":0,"comment_status":"closed","ping_status":"closed","template":"template-normalwidth.php","meta":{"footnotes":""},"class_list":["post-41676","page","type-page","status-publish","hentry"],"_links":{"self":[{"href":"https:\/\/trashhero.org\/de\/wp-json\/wp\/v2\/pages\/41676","targetHints":{"allow":["GET"]}}],"collection":[{"href":"https:\/\/trashhero.org\/de\/wp-json\/wp\/v2\/pages"}],"about":[{"href":"https:\/\/trashhero.org\/de\/wp-json\/wp\/v2\/types\/page"}],"author":[{"embeddable":true,"href":"https:\/\/trashhero.org\/de\/wp-json\/wp\/v2\/users\/8"}],"replies":[{"embeddable":true,"href":"https:\/\/trashhero.org\/de\/wp-json\/wp\/v2\/comments?post=41676"}],"version-history":[{"count":8,"href":"https:\/\/trashhero.org\/de\/wp-json\/wp\/v2\/pages\/41676\/revisions"}],"predecessor-version":[{"id":47017,"href":"https:\/\/trashhero.org\/de\/wp-json\/wp\/v2\/pages\/41676\/revisions\/47017"}],"wp:attachment":[{"href":"https:\/\/trashhero.org\/de\/wp-json\/wp\/v2\/media?parent=41676"}],"curies":[{"name":"wp","href":"https:\/\/api.w.org\/{rel}","templated":true}]}}