{"id":41985,"date":"2024-04-16T14:11:33","date_gmt":"2024-04-16T12:11:33","guid":{"rendered":"https:\/\/trashhero.org\/trash-hero-flaschen-faq\/"},"modified":"2025-11-24T16:33:40","modified_gmt":"2025-11-24T15:33:40","slug":"trash-hero-flaschen-faq","status":"publish","type":"page","link":"https:\/\/trashhero.org\/de\/trash-hero-flaschen-faq\/","title":{"rendered":"Trash Hero Flaschen FAQ"},"content":{"rendered":"<section class=\"section swatch-white  section-text-no-shadow section-inner-no-shadow section-normal section-opaque\"  data-label=\"\">\n    \n    <div class=\"background-overlay grid-overlay-0 \" style=\"background-color: rgba(0,0,0,0);\"><\/div>\n\n    <div class=\"container\">\n        <div class=\"row vertical-top\">\n            <div class=\"col-md-12     text-default small-screen-default\"  ><header class=\"text-left  element-short-top element-short-bottom not-condensed\" data-os-animation=\"none\" data-os-animation-delay=\"0s\" >\n    <h1 class=\"big black no-bordered-header bordered-normal\" >\n        Trash Hero Flaschen &#8211; FAQ    <\/h1>\n    <\/header>\n<p class=\"lead text-left left  element-short-top element-short-bottom\" data-os-animation=\"none\" data-os-animation-delay=\"0s\">Klicke <a href=\"https:\/\/trashhero.org\/de\/refill-map-faq\/\">hier<\/a> f\u00fcr die FAQ \u00fcber die Nachf\u00fcllkarte.<\/p><\/div>        <\/div>\n    <\/div>\n<\/section>\n<section class=\"section swatch-white  section-text-no-shadow section-inner-no-shadow section-normal section-opaque\"  data-label=\"\">\n    \n    <div class=\"background-overlay grid-overlay-0 \" style=\"background-color: rgba(0,0,0,0);\"><\/div>\n\n    <div class=\"container\">\n        <div class=\"row vertical-top\">\n            <div class=\"col-md-3     text-default small-screen-default\"  ><div class=\" element-short-top element-short-bottom\" data-os-animation=\"none\" data-os-animation-delay=\"0s\">\n    <p><a href=\"https:\/\/trashhero.org\/wp-content\/uploads\/2023\/11\/TH-Refill-map-FAQ.pdf\"><strong>\u2197\ufe0e \u0e2d\u0e48\u0e32\u0e19\u0e40\u0e1b\u0e47\u0e19\u0e20\u0e32\u0e29\u0e32\u0e44\u0e17\u0e22<\/strong><\/a><a href=\"https:\/\/trashhero.org\/wp-content\/uploads\/2023\/11\/MY-Refill-map-FAQ.pdf\"><strong>\u2197\ufe0e Sila baca dalam BM<\/strong><\/a><a href=\"https:\/\/trashhero.org\/wp-content\/uploads\/2024\/02\/WaterRefillFAQ_ID.pdf\"><strong>\u2197\ufe0e Baca dalam Bahasa Indonesia<\/strong><\/a><a href=\"#1\">\u25b9 Informationen \u00fcber die Flasche (Gr\u00f6sse, Material, Hersteller)<\/a><a href=\"#2\">\u25b9 Wie viel kostet eine Flasche?<\/a><a href=\"#3\">\u25b9 F\u00fcr wie viel kann ich die Flasche verkaufen?<\/a><br \/>\n<a href=\"#4\">\u25b9 Muss ich Flaschen verkaufen? (Kann ich sie als Geschenk kaufen?)<\/a><br \/>\n<a href=\"#5\">\u25b9 Kann ich Flaschen kaufen, ohne eine \u00f6ffentliche Nachf\u00fcllstelle anzubieten?<\/a><br \/>\n<a href=\"#6\">\u25b9 Kann ich die Flaschen bei einer Veranstaltung verkaufen?<\/a><br \/>\n<a href=\"#7\">\u25b9 Wo kann ich die Flaschen bestellen?<\/a><br \/>\n<a href=\"#8\">\u25b9 Gibt es eine Mindestbestellmenge?<\/a><br \/>\n<a href=\"#9\">\u25b9 Kann ich die Flasche individuell gestalten?<\/a><br \/>\n<a href=\"#10\">\u25b9 Gibt es die Flaschen in verschiedenen Farben \/ Gr\u00f6ssen \/ mit Isolierung (kalt\/heiss)?<\/a><br \/>\n<a href=\"#11\">\u25b9 Woher kommen die CO2 Angaben?<\/a><br \/>\n<a href=\"#12\">\u25b9 Kann ich die Flaschen f\u00fcr die Zimmer in meinem Hotel verwenden?<\/a><\/p>\n<\/div><\/div><div class=\"col-md-9     text-default small-screen-default\"  ><div class=\" element-short-top element-short-bottom\" data-os-animation=\"none\" data-os-animation-delay=\"0s\">\n    <p><strong>Wichtiger Hinweis: Diese FAQ richtet sich an Organisationen, die die Trash Hero Flasche verkaufen und Wasser-Nachf\u00fcllungen anbieten m\u00f6chten (&#8222;Nachf\u00fcllpartnerbetrieb&#8220;).<\/strong> Es ist nicht m\u00f6glich, Flaschen nur zum Verkauf zu kaufen, ohne gleichzeitig eine Nachf\u00fcllstation anzubieten. <u>Wir verkaufen die Trash Hero-Flasche nicht direkt an Privatpersonen und auch nicht an Organisationen, die keine Nachf\u00fcllstationen anbieten.<\/u> Wenn du eine Privatperson bist, findest du auf unserer <a href=\"https:\/\/trashhero.org\/de\/unser-netzwerk\/\">Nachf\u00fcllkarte<\/a> Orte, an denen du die Flasche kaufen kannst oder wenn du aus der Schweiz bist, kannst du eine Flasche bei <a href=\"https:\/\/schnarwiler.ch\/trash-hero-stahl-trinkflasche-love-switzerland.html\">Schnarwiler online bestellen.<\/a><\/p>\n<div class=\"row\"><div class=\"col-md-3\"><a class=\"thumbnail magnific\"  href=\"https:\/\/trashhero.org\/wp-content\/uploads\/2023\/10\/bottle-thi-saba.jpg\"><img decoding=\"async\" src=\"https:\/\/trashhero.org\/wp-content\/uploads\/2023\/10\/bottle-thi-saba-600x600.jpg\"><\/a><\/div><div class=\"col-md-3\"><a class=\"thumbnail magnific\"  href=\"https:\/\/trashhero.org\/wp-content\/uploads\/2023\/09\/IMG_20230930_170303-scaled.jpg\"><img decoding=\"async\" src=\"https:\/\/trashhero.org\/wp-content\/uploads\/2023\/09\/IMG_20230930_170303-600x600.jpg\"><\/a><\/div><div class=\"col-md-3\"><a class=\"thumbnail magnific\"  href=\"https:\/\/trashhero.org\/wp-content\/uploads\/2018\/02\/C90E8C02-F843-46E0-9307-B42AF81428BA-1980-000000ED94C71998.jpg\"><img decoding=\"async\" src=\"https:\/\/trashhero.org\/wp-content\/uploads\/2018\/02\/C90E8C02-F843-46E0-9307-B42AF81428BA-1980-000000ED94C71998-600x600.jpg\"><\/a><\/div><div class=\"col-md-3\"><a class=\"thumbnail magnific\"  href=\"https:\/\/trashhero.org\/wp-content\/uploads\/2021\/11\/iDive-Komodo.jpg\"><img decoding=\"async\" src=\"https:\/\/trashhero.org\/wp-content\/uploads\/2021\/11\/iDive-Komodo-600x600.jpg\"><\/a><\/div><\/div>\n<\/div><div class=\" element-short-top element-short-bottom\" data-os-animation=\"none\" data-os-animation-delay=\"0s\">\n    <p><a name=\"1\"><\/a><\/p>\n<h2>\u00dcber die Flasche (Gr\u00f6sse, Material, Hersteller)<\/h2>\n<p>Die Trash Hero Flasche ist aus hochwertigem, lebensmittelechtem 304er Edelstahl gefertigt , ein inertes Material, das keine Auswirkungen auf die menschliche Gesundheit hat und unendlich oft recycelt werden kann. Es handelt sich um eine einwandige Konstruktion (keine Vakuumflasche zum Warm- oder Kalthalten von Getr\u00e4nken), die 750 ml Fl\u00fcssigkeit fassen kann. Das Trash Hero-Logo ist lasergraviert. Darunter stehen die Worte &#8222;Love Switzerland&#8220; (oder ein anderer Ortsname, je nach Verkaufsort). Die Flaschen werden in China hergestellt und von unseren lokalen Lieferanten importiert. Siehe <a href=\"https:\/\/trashhero.org\/wp-content\/uploads\/2023\/10\/TH-bottle-material-factsheet.jpg\">hier<\/a> f\u00fcr die Flaschenpflege.<a name=\"2\"><\/a><\/p>\n<p>&nbsp;<\/p>\n<h2>Wie viel kostet eine Flasche?<\/h2>\n<p>Trash Hero verkauft die Flaschen zum Selbstkostenpreis an Nachf\u00fcllpartnerbetriebe. Es wird keine Marge hinzugerechnet, so dass es auch keinen Rabatt f\u00fcr Grossauftr\u00e4ge gibt. Derzeit sind die Preise wie folgt:<br \/>\nThailand &#8211; 140 Baht pro Flasche<br \/>\nIndonesien &#8211; IDR 60k pro Flasche<br \/>\nMalaysia &#8211; RM 20 pro Flasche<br \/>\nSchweiz &#8211; CHF 8 pro Flasche<br \/>\nF\u00fcr andere L\u00e4nder <a href=\"https:\/\/trashhero.org\/de\/kontaktiere-uns\/\">sende uns eine Nachricht.<\/a> In der Regel gibt es eine Mindestbestellmenge von etwa 500 St\u00fcck, die auf mehrere Unternehmen aufgeteilt werden kann. <a name=\"3\"><\/a><\/p>\n<p>&nbsp;<\/p>\n<h2>F\u00fcr wie viel kann ich die Flasche verkaufen?<\/h2>\n<p>Die Flaschen m\u00fcssen zu einem festen Preis verkauft werden, nicht mehr und nicht weniger. Bitte beachte die nachstehende Preisliste:<br \/>\nThailand &#8211; 240 Baht pro Flasche<br \/>\nIndonesien &#8211; IDR 90k pro Flasche<br \/>\nMalaysia &#8211; RM 30 pro Flasche<br \/>\nSchweiz &#8211; CHF 10 pro Flasche<br \/>\nDas ergibt einen kleinen Gewinn pro Flasche, der die Kosten f\u00fcr mindestens 100 Wasser-Nachf\u00fcllungen decken sollte*. Der Preis ist festgelegt, so dass es keinen Wettbewerb zwischen den Nachf\u00fcllpartnerbetrieben gibt. Im Falle einer <em>Schule oder anderen nicht kommerziellen Einrichtungen<\/em> k\u00f6nnen die Flaschen zu einem Preis verkauft werden, der nach dem Ermessen des Anbieters festgelegt wird. Dieser Preis darf den oben genannten offiziellen Verkaufspreis nicht \u00fcberschreiten.<\/p>\n<p class=\"small\">*auf der Grundlage der durchschnittlichen Kosten f\u00fcr einen 20-Liter-Wassertank in Asien<\/p>\n<p><a name=\"4\"><\/a><\/p>\n<p>&nbsp;<\/p>\n<h2>Muss ich Flaschen verkaufen? (Kann ich sie als Geschenk kaufen?)<\/h2>\n<p>Die Flaschen k\u00f6nnen kostenlos an Mitarbeitende, Student*innen oder Kund*innen abgegeben (nicht verkauft) werden, z. B. als Teil eines Reisepakets oder eines Hotelaufenthalts, sofern die unten angegebene <a href=\"8\">Mindestbestellmenge<\/a> eingehalten wird und den Empf\u00e4nger*innen der Flaschen kostenloses Nachf\u00fcllen angeboten wird.<a name=\"5\"><\/a><\/p>\n<p>&nbsp;<\/p>\n<h2>Kann ich Flaschen kaufen, ohne eine \u00f6ffentliche Nachf\u00fcllstation anzubieten?<\/h2>\n<p>Nur Einrichtungen, die normalerweise nicht \u00f6ffentlich zug\u00e4nglich sind, wie Schulen oder private Einrichtungen, sind von der Verpflichtung ausgenommen, Wasser f\u00fcr die Allgemeinheit bereitzustellen; sie m\u00fcssen jedoch allen Personen, die Zugang zum Grundst\u00fcck haben, nachf\u00fcllbares Wasser zur Verf\u00fcgung stellen. Diese Orte werden nicht auf unserer Nachf\u00fcllkarte abgebildet.<a name=\"6\"><\/a><\/p>\n<p>&nbsp;<\/p>\n<h2>Kann ich die Flaschen bei einer Veranstaltung verkaufen?<\/h2>\n<p>Ja, unter folgenden Bedingungen: a) Du bist bereits ein Nachf\u00fcllpartnebetrieb mit einer permanenten Nachf\u00fcllstelle und kannst eine tempor\u00e4re Nachf\u00fcllstelle auf der Veranstaltung anbieten. Beispiel: Du bist ein Tauchgesch\u00e4ft mit einer Auff\u00fcllstation und f\u00e4hrst zu einer Tauchmesse. Du kannst die Flaschen verkaufen und an deinem Stand Wasser nachf\u00fcllen lassen. b) Es handelt sich um eine wiederkehrende Veranstaltung (mindestens monatlich), z. B. einen lokalen Markt. Du kannst die Flaschen verkaufen, wenn du regelm\u00e4ssig teilnimmst und die Leute an deinem Stand Wasser nachf\u00fcllen k\u00f6nnen. Du kannst die Flaschen nicht bei einer einmaligen Veranstaltung verkaufen, es sei denn, du bist bereits Refill-Partner oder du planst, die Trash Hero-Flasche ausschliesslich bei dieser Veranstaltung zu verwenden, z.B. bei einem Festival (bitte <a href=\"https:\/\/trashhero.org\/de\/kontaktiere-uns\/\">kontaktiere uns<\/a> in diesem Fall direkt). Einen Eintrag auf der Map werden nur bei wiederkehrenden Veranstaltungen erfasst.<a name=\"7\"><\/a><\/p>\n<p>&nbsp;<\/p>\n<h2>Wo kann ich bestellen?<\/h2>\n<p><a href=\"https:\/\/trashhero.org\/de\/kontaktiere-uns\/\">Kontaktiere <\/a>uns und wir senden dir den Link f\u00fcr das Online-Bestellformular zu. Wir werden dich vielleicht nach der Nachf\u00fcllstation fragen, bevor wir deine Bestellung bearbeiten.<a name=\"8\"><\/a><\/p>\n<p>&nbsp;<\/p>\n<h2>Gibt es eine Mindestbestellmenge?<\/h2>\n<p>Ja. In L\u00e4ndern, in denen wir einen Flaschenvorrat haben (z.B. in der Schweiz), gilt eine Mindestbestellmenge von 10 Flaschen. Bestellungen \u00fcber 60 Flaschen (1 Karton) werden nur in von 60er Schritte verkauft, z. B. 120 Flaschen, 240 Flaschen, 360 Flaschen usw. F\u00fcr andere L\u00e4nder gilt in der Regel eine Mindestbestellmenge von etwa 500 St\u00fcck, die auf mehrere Unternehmen aufgeteilt werden kann. Bitte <a href=\"https:\/\/trashhero.org\/de\/kontaktiere-uns\/\">kontaktiere uns<\/a>, falls du noch weitere M\u00f6glichkeiten besprechen m\u00f6chtest.<\/p>\n<p class=\"small\">*60 in Thailand<\/p>\n<p><a name=\"9\"><\/a><\/p>\n<p>&nbsp;<\/p>\n<h2>Kann ich die Flasche individuell gestalten?<\/h2>\n<p><a href=\"https:\/\/trashhero.org\/wp-content\/uploads\/2023\/10\/refill-bottle-lanta-e1697114735504.jpg\"><img loading=\"lazy\" decoding=\"async\" class=\"alignleft size-medium wp-image-39787\" src=\"https:\/\/trashhero.org\/wp-content\/uploads\/2023\/10\/refill-bottle-lanta-e1697114735504-159x300.jpg\" alt=\"\" width=\"159\" height=\"300\" srcset=\"https:\/\/trashhero.org\/wp-content\/uploads\/2023\/10\/refill-bottle-lanta-e1697114735504-159x300.jpg 159w, https:\/\/trashhero.org\/wp-content\/uploads\/2023\/10\/refill-bottle-lanta-e1697114735504-541x1024.jpg 541w, https:\/\/trashhero.org\/wp-content\/uploads\/2023\/10\/refill-bottle-lanta-e1697114735504-768x1453.jpg 768w, https:\/\/trashhero.org\/wp-content\/uploads\/2023\/10\/refill-bottle-lanta-e1697114735504.jpg 793w\" sizes=\"auto, (max-width: 159px) 100vw, 159px\" \/><\/a>Ja, bei einer Mindestbestellmenge von ~600 Flaschen. Es gibt zwei M\u00f6glichkeiten, die Flasche individuell zu gestalten. Du kannst eines oder beides w\u00e4hlen: 1) \u00c4ndere den Ortsnamen unter dem Trash Hero-Logo. Standardm\u00e4ssig steht hier \u201cLove [Country name]\u201d. Du kannst dies so \u00e4ndern, dass dein Ortsname angezeigt wird (nur der Ortsname, nicht der Name deines Unternehmens), z. B. &#8222;Love Bern&#8220;. Hier werden keine zus\u00e4tzlichen Kosten anfallen. 2) F\u00fcge dein eigenes lasergraviertes Logo auf der gegen\u00fcberliegenden Seite der Flasche hinzu. Trash Hero muss das Design genehmigen. Je nach Gr\u00f6sse und Detailreichtum des Designs fallen hierf\u00fcr zus\u00e4tzliche Kosten an. In der Regel kostet es zus\u00e4tzlich 0,20 bis 0,25 US-Dollar pro Flasche. Es ist nicht m\u00f6glich, die Flasche zu f\u00e4rben oder im Siebdruckverfahren zu bedrucken: Unserer Erfahrung nach bl\u00e4ttert dies mit der Zeit ab, was zu Mikroplastik und unzufriedenen Nutzer*innen f\u00fchrt. Um ihre Flaschen ohne Mindestbestellmenge individuell zu gestalten, haben sich viele Nachf\u00fcllpartnerbetriebe f\u00fcr die Verwendung von Aufklebern mit ihrem Logo entschieden, die sie selbst bezahlen.<a name=\"10\"><\/a><\/p>\n<p>&nbsp;<\/p>\n<h2>Gibt es verschiedene Farben \/ Gr\u00f6ssen \/ mit Isolierung (kalt\/heiss)?<\/h2>\n<p>Derzeit k\u00f6nnen wir diese Optionen nicht anbieten.<a name=\"11\"><\/a><\/p>\n<p>&nbsp;<\/p>\n<h2>Woher kommen die CO2-Angaben?<\/h2>\n<p>Die CO2-Einsparungen beim Wiederbef\u00fcllen einer Trash Hero-Flasche wurden von einem Forscher der ETH-Z\u00fcrich im Jahr 2019 ermittelt. Die Studie verglich die Kosten und CO2-Emissionen im Zusammenhang mit der Herstellung und (Wieder-)Verwendung einer Trash Hero-Flasche mit denen einer Einweg-Plastikflasche. Sie ergab, dass nachgef\u00fclltes Wasser (ab dem 18. Mal) 95 % weniger Emissionen verursacht als in Plastik verpacktes Wasser. Hinzu kommen die Kosteneinsparungen und die vermiedene Umweltverschmutzung. Die Ergebnisse wurden <a href=\"https:\/\/trashhero.org\/de\/95-geringerer-co2-fussabdruck-fuer-trash-hero-trinkflaschen-im-vergleich-mit-einweg-plastikflaschen\/\">hier ver\u00f6ffentlicht<\/a>, zusammen mit dem Link zu einem Rechner, mit denen man die eigenen Klimaauswirkungen durch die Verwendung der Flasche oder die des Unternehmens berechnen kann.<a name=\"12\"><\/a><\/p>\n<p>&nbsp;<\/p>\n<h2>Kann ich die Flaschen f\u00fcr die Zimmer in meinem Hotel verwenden?<\/h2>\n<p>Ja! Zusammen mit einer leicht zug\u00e4nglichen Nachf\u00fcllstation ist dies eine grossartige M\u00f6glichkeit, Geld zu sparen und gleichzeitig die Plastikverschmutzung und den CO2-Ausstoss zu verringern. Wir verf\u00fcgen \u00fcber erfolgreiche Fallstudien, von denen man lernen kann, sowie \u00fcber Infomaterialien, die den G\u00e4sten das Konzept erkl\u00e4ren. Bitte <a href=\"https:\/\/trashhero.org\/de\/kontaktiere-uns\/\">kontaktiere uns<\/a> direkt f\u00fcr mehr Informationen.<\/p>\n<\/div><\/div>        <\/div>\n    <\/div>\n<\/section>\n","protected":false},"excerpt":{"rendered":"Trash Hero Flaschen - FAQ Klicke hier f\u00fcr die FAQ \u00fcber die Nachf\u00fcllkarte. \u2197\ufe0e \u0e2d\u0e48\u0e32\u0e19\u0e40\u0e1b\u0e47\u0e19\u0e20\u0e32\u0e29\u0e32\u0e44\u0e17\u0e22\u2197\ufe0e Sila baca dalam BM\u2197\ufe0e Baca dalam Bahasa Indonesia\u25b9 Informationen \u00fcber die Flasche (Gr\u00f6sse, Material, Hersteller)\u25b9 Wie viel kostet eine Flasche?\u25b9 F\u00fcr wie viel kann ich die Flasche verkaufen? \u25b9 Muss ich Flaschen verkaufen? (Kann ich sie als Geschenk kaufen?) \u25b9","protected":false},"author":8,"featured_media":0,"parent":0,"menu_order":0,"comment_status":"closed","ping_status":"closed","template":"template-normalwidth.php","meta":{"footnotes":""},"class_list":["post-41985","page","type-page","status-publish","hentry"],"_links":{"self":[{"href":"https:\/\/trashhero.org\/de\/wp-json\/wp\/v2\/pages\/41985","targetHints":{"allow":["GET"]}}],"collection":[{"href":"https:\/\/trashhero.org\/de\/wp-json\/wp\/v2\/pages"}],"about":[{"href":"https:\/\/trashhero.org\/de\/wp-json\/wp\/v2\/types\/page"}],"author":[{"embeddable":true,"href":"https:\/\/trashhero.org\/de\/wp-json\/wp\/v2\/users\/8"}],"replies":[{"embeddable":true,"href":"https:\/\/trashhero.org\/de\/wp-json\/wp\/v2\/comments?post=41985"}],"version-history":[{"count":16,"href":"https:\/\/trashhero.org\/de\/wp-json\/wp\/v2\/pages\/41985\/revisions"}],"predecessor-version":[{"id":47018,"href":"https:\/\/trashhero.org\/de\/wp-json\/wp\/v2\/pages\/41985\/revisions\/47018"}],"wp:attachment":[{"href":"https:\/\/trashhero.org\/de\/wp-json\/wp\/v2\/media?parent=41985"}],"curies":[{"name":"wp","href":"https:\/\/api.w.org\/{rel}","templated":true}]}}