{"id":42218,"date":"2024-09-13T14:41:30","date_gmt":"2024-09-13T12:41:30","guid":{"rendered":"https:\/\/trashhero.org\/?page_id=42218"},"modified":"2025-03-27T13:57:54","modified_gmt":"2025-03-27T12:57:54","slug":"was-ist-das-globale-plastikabkommen","status":"publish","type":"page","link":"https:\/\/trashhero.org\/de\/was-ist-das-globale-plastikabkommen\/","title":{"rendered":"Was ist das globale Plastikabkommen?"},"content":{"rendered":"<section class=\"section swatch-white  section-text-no-shadow section-inner-no-shadow section-normal section-opaque\"  data-label=\"\">\n    \n    <div class=\"background-overlay grid-overlay-0 \" style=\"background-color: rgba(0,0,0,0);\"><\/div>\n\n    <div class=\"container\">\n        <div class=\"row vertical-top\">\n            <div class=\"col-md-12     text-default small-screen-default\"  ><header class=\"text-center  element-short-top element-short-bottom not-condensed\" data-os-animation=\"none\" data-os-animation-delay=\"0s\" >\n    <h1 class=\"bigger bold no-bordered-header bordered-normal\" >\n        Was ist das globale Plastikabkommen?    <\/h1>\n            <p class=\"lead\" >Das globale Plastikabkommen ist ein neues, internationales \u00dcbereinkommen, das derzeit zwischen den Mitgliedstaaten des Umweltprogramms der Vereinten Nationen diskutiert wird. Es ist ein potenzieller Wendepunkt im Kampf gegen die Plastikverschmutzung, da es anerkennt, dass das Problem ernst und global ist und starke, rechtsverbindliche Massnahmen ben\u00f6tigt, um den Schaden zu bek\u00e4mpfen, den Plastik \u00fcber seinen gesamten Lebenszyklus hinweg verursacht. Es ist eine Gelegenheit, das Wegwerfsystem zu \u00e4ndern und die dreifache Krise des Verlusts der biologischen Vielfalt, der Verschmutzung und des Klimawandels anzugehen und gleichzeitig einen gerechten \u00dcbergang zu einer sicheren Kreislaufwirtschaft f\u00fcr alle zu gew\u00e4hrleisten.<\/p>\n    <\/header>\n<div class=\"row \"><div class=\"col-md-4     text-default small-screen-default\"  ><div class=\"figure  element-short-top element-short-bottom image-filter-none image-filter-onhover fade-in text-center figcaption-middle fullwidth\" data-os-animation=\"none\" data-os-animation-delay=\"0s\">\n            <a href=\"https:\/\/youtu.be\/bS_ND4SxDLg\" class=\"figure-image  image-all\" data-links=\"\" target=\"_self\">\n    \n    <img decoding=\"async\" src=\"https:\/\/trashhero.org\/wp-content\/uploads\/2024\/05\/Screenshot-2024-05-10-at-12.51.07.png\"   class=\"fullwidth\" \/>    \n            <\/a>\n    \n<\/div><div class=\" element-short-top element-short-bottom\" data-os-animation=\"none\" data-os-animation-delay=\"0s\">\n    <p><a href=\"https:\/\/youtu.be\/bS_ND4SxDLg\"><strong>Globales Plastikabkommen leicht erkl\u00e4rt<\/strong><\/a><\/p>\n<p>Worum geht es beim Plastikabkommen? Was muss enthalten sein, damit es wirksam ist? Unsere Freiwilligen beantworten diese Fragen in diesem kurzen Erkl\u00e4rvideo. Auch verf\u00fcgbar auf <a href=\"https:\/\/youtu.be\/rgCoFr9VZPU\">Bahasa Indonesia<\/a>, <a href=\"https:\/\/youtu.be\/rO-IlyaWgfw\">\u0e20\u0e32\u0e29\u0e32\u0e44\u0e17\u0e22<\/a>, <a href=\"https:\/\/youtu.be\/rTLWsKj1NYY\">Bahasa Melayu<\/a> und <a href=\"https:\/\/youtu.be\/0LKspEBwBMo\">Schweizerdeutsch<\/a>.<\/p>\n<\/div><\/div><div class=\"col-md-4     text-default small-screen-default\"  ><div class=\"figure  element-short-top element-short-bottom image-filter-none image-filter-onhover fade-in text-center figcaption-middle fullwidth\" data-os-animation=\"none\" data-os-animation-delay=\"0s\">\n            <a href=\"https:\/\/www.youtube.com\/watch?v=pHS06TvaMO0&amp;list=PLCvqyWEMJiVWxb_X0Sr2hrQjoZtLL0ICM&amp;index=1\" class=\"figure-image  image-all\" data-links=\"\" target=\"_self\">\n    \n    <img decoding=\"async\" src=\"https:\/\/trashhero.org\/wp-content\/uploads\/2024\/05\/Screenshot-2024-05-10-at-12.44.10.png\"   class=\"fullwidth\" \/>    \n            <\/a>\n    \n<\/div><div class=\" element-short-top element-short-bottom\" data-os-animation=\"none\" data-os-animation-delay=\"0s\">\n    <p><a href=\"https:\/\/www.youtube.com\/watch?v=pHS06TvaMO0&amp;list=PLCvqyWEMJiVWxb_X0Sr2hrQjoZtLL0ICM&amp;index=1\"><strong>Frage einen Experten | Globales Plastikabkommen<\/strong><\/a><\/p>\n<p>Eine leicht verst\u00e4ndliche Interviewreihe, in der wir Experten bitten, einige der Hauptprobleme zu erl\u00e4utern, die im neuen globalen UN-Kunststoffabkommen behandelt werden sollen, wie der Prozess funktioniert und was wir erwarten k\u00f6nnen.<\/p>\n<\/div><\/div><div class=\"col-md-4     text-default small-screen-default\"  ><div class=\"figure  element-short-top element-short-bottom image-filter-none image-filter-onhover fade-in text-center figcaption-middle fullwidth\" data-os-animation=\"none\" data-os-animation-delay=\"0s\">\n            <a href=\"https:\/\/www.instagram.com\/reel\/C6D6g0xpK8v\/\" class=\"figure-image  image-all\" data-links=\"\" target=\"_self\">\n    \n    <img decoding=\"async\" src=\"https:\/\/trashhero.org\/wp-content\/uploads\/2024\/05\/Screenshot-2024-05-10-at-13.14.04.png\"   class=\"fullwidth\" \/>    \n            <\/a>\n    \n<\/div><div class=\" element-short-top element-short-bottom\" data-os-animation=\"none\" data-os-animation-delay=\"0s\">\n    <p><a href=\"https:\/\/www.instagram.com\/reel\/C6D6g0xpK8v\/\"><b>Was k\u00f6nnte das Abkommen verhindern?<\/b><\/a><\/p>\n<p>Eine der gr\u00f6ssten Herausforderungen f\u00fcr ein erfolgreiches globales Abkommen \u00fcber Kunststoffe ist die Einmischung der Industrie. Darauf haben alle hingewiesen, von<a href=\"https:\/\/docs.google.com\/document\/d\/e\/2PACX-1vRwIYPJSuLGWPVc1W_ous7MCgzSfY2dqIPR45yjlH-5AW_qqL7Xt8wztyX7ndbvk7lZLHRe5GTm2YIa\/pub\"> NGOs<\/a> \u00fcber <a href=\"https:\/\/www.nature.com\/articles\/d41586-024-01090-9\">Wissenschaftler<\/a> bis hin zum <a href=\"https:\/\/www.theguardian.com\/world\/article\/2024\/may\/07\/un-expert-human-rights-climate-crisis-economy\">Sonderberichterstatter der UN f\u00fcr Menschenrechte und Umwelt<\/a>. Wie die &#8222;Big Plastic&#8220;-Industrie den Prozess untergr\u00e4bt, um weiterhin von der Umweltverschmutzung zu profitieren, kannst du hier nachlesen.<\/p>\n<\/div><\/div><\/div><header class=\"text-left  element-short-top element-short-bottom not-condensed\" data-os-animation=\"none\" data-os-animation-delay=\"0s\" >\n    <h1 class=\"normal regular no-bordered-header bordered-normal\" >\n        Globaler Kunststoffvertrag &#8211; FAQ    <\/h1>\n    <\/header>\n\n<div id=\"accordion_265\" class=\"panel-group  element-short-top element-short-bottom\" data-os-animation=\"none\" data-os-animation-delay=\"0s\">\n\t\t\t\t\t\t\t    <div class=\"panel panel-primary\">\n\t\t        <div class=\"panel-heading\">\n\t\t            <a href=\"#group_107\" class=\"accordion-toggle collapsed\" data-parent = \"#accordion_265\" data-toggle=\"collapse\" >1. Wie sieht der globale Kunststoffvertrag 2024 aus?<\/a>\n\t\t        <\/div>\n\t\t        <div id=\"group_107\" class=\"panel-collapse collapse  in\">\n\t\t            <div class=\"panel-body\">\n\t\t                <div class=\" element-short-top element-short-bottom\" data-os-animation=\"none\" data-os-animation-delay=\"0s\">\n    <p>175 L\u00e4nder haben sich auf der Umweltversammlung der Vereinten Nationen im Jahr 2022 darauf geeinigt, ein globales Abkommen \u00fcber Kunststoffe zu erarbeiten. Das Abkommen soll eine rechtsverbindliche Verpflichtung zur Beendigung der Verschmutzung \u00fcber den gesamten Lebenszyklus von Kunststoffen sein. Sie einigten sich mit einer Frist von zwei Jahren bis November 2024 dies erledigt zu haben.<\/p>\n<\/div>\n\t\t            <\/div>\n\t\t        <\/div>\n\t\t    <\/div>\n\t   \t\t\t\t\t\t\t\t    <div class=\"panel panel-primary\">\n\t\t        <div class=\"panel-heading\">\n\t\t            <a href=\"#group_540\" class=\"accordion-toggle collapsed\" data-parent = \"#accordion_265\" data-toggle=\"collapse\" >2. Was ist bisher bei den Gespr\u00e4chen geschehen?<\/a>\n\t\t        <\/div>\n\t\t        <div id=\"group_540\" class=\"panel-collapse collapse \">\n\t\t            <div class=\"panel-body\">\n\t\t                <div class=\" element-short-top element-short-bottom\" data-os-animation=\"none\" data-os-animation-delay=\"0s\">\n    <p>Im Jahr 2022 bildeten die UN-Mitgliedsstaaten einen zwischenstaatlichen Verhandlungsausschuss (INC), um zu er\u00f6rtern, was der Vertrag enthalten sollte. Bislang haben 5 Verhandlungsrunden stattgefunden:<\/p>\n<p>INC-1: November 2022 in Uruguay<br \/>\nINC-2: Mai 2023 in Frankreich<br \/>\nINC-3: November 2023 in Kenia<br \/>\nINC-4: April 2024 in Kanada<br \/>\nINC-5: November 2024 in Korea<\/p>\n<p>Die n\u00e4chste und letzte Verhandlungsrunde (INC-5.2) findet im August 2025 in der Schweiz statt.<\/p>\n<p>Die Fortschritte waren langsamer als erwartet, da eine kleine Minderheit von Erd\u00f6l produzierenden L\u00e4ndern nicht gl\u00fccklich dar\u00fcber ist, dass die Gewinnung von Rohstoffen, die zur Herstellung von Kunststoffen ben\u00f6tigt werden (fossile Brennstoffe) und die Kunststoffproduktion im Vertrag m\u00f6glicherweise eingeschr\u00e4nkt werden. Sie haben versucht, das Verfahren zu verz\u00f6gern und alle Hinweise auf die Kunststoffproduktion zu streichen, die weithin als <a href=\"https:\/\/www.breakfreefromplastic.org\/2024\/04\/25\/new-research-confirms-plastic-production-is-directly-linked-to-plastic-pollution\/\">Ausgangspunkt<\/a> f\u00fcr die Sch\u00e4digung der <a href=\"https:\/\/www.biologicaldiversity.org\/campaigns\/plastic-production\/index.html\">Natur<\/a>, der <a href=\"https:\/\/www.clf.org\/blog\/how-plastic-is-made\/\">Menschen<\/a> und des <a href=\"https:\/\/www.no-burn.org\/resources\/plastics-treaty-climate-imperative\/\">Klimas<\/a> anerkannt ist.<\/p>\n<\/div>\n\t\t            <\/div>\n\t\t        <\/div>\n\t\t    <\/div>\n\t   \t\t\t\t\t\t\t\t    <div class=\"panel panel-primary\">\n\t\t        <div class=\"panel-heading\">\n\t\t            <a href=\"#group_279\" class=\"accordion-toggle collapsed\" data-parent = \"#accordion_265\" data-toggle=\"collapse\" >3. Was sollte der Plastikvertrag den L\u00e4ndern auferlegen?<\/a>\n\t\t        <\/div>\n\t\t        <div id=\"group_279\" class=\"panel-collapse collapse \">\n\t\t            <div class=\"panel-body\">\n\t\t                <div class=\" element-short-top element-short-bottom\" data-os-animation=\"none\" data-os-animation-delay=\"0s\">\n    <p>Die Plastikverschmutzung ist ein komplexes Problem, aber es gibt drei Schl\u00fcsselmassnahmen, die der Vertrag enthalten sollte:<\/p>\n<ol>\n<li><strong><strong>Begrenzung der Produktion neuer Kunststoffe<\/strong><\/strong><\/li>\n<li><strong><strong>Identifizierung und Verbot giftiger Chemikalien in Kunststoffen<\/strong><\/strong><\/li>\n<li><strong><strong>Mehr Transparenz \u00fcber den gesamten Lebenszyklus von Kunststoffen<\/strong><\/strong><\/li>\n<\/ol>\n<p>Wenn diese drei Massnahmen einbezogen werden und f\u00fcr alle L\u00e4nder rechtsverbindlich sind, k\u00f6nnen alle anderen Probleme gel\u00f6st werden.<\/p>\n<ul>\n<li>Eine Begrenzung der Produktion w\u00fcrde den Druck auf die Abfallbewirtschaftungssysteme reduzieren und die Umwelt, die Klimakrise und die Gesundheit der Menschen sofort verbessern.<\/li>\n<li>Die Abschaffung der giftigen Chemikalien in Kunststoffen w\u00fcrde die Belastung f\u00fcr unsere Gesundheit und die Umwelt sofort verringern, das Recycling sicherer machen und k\u00fcnftige Generationen vor Sch\u00e4den sch\u00fctzen.<\/li>\n<li>Transparenz w\u00fcrde die Sicherheit erh\u00f6hen, die Festlegung von Zielen erm\u00f6glichen und die Verursacher von der Gewinnung bis zur Entsorgung zur Verantwortung ziehen.<\/li>\n<\/ul>\n<p>Dar\u00fcber hinaus ist es von entscheidender Bedeutung, eine faire Finanzierung f\u00fcr diese Massnahmen vorzusehen. Das heisst: L\u00e4nder, welche die Verschmutzung nicht verursachen, sollten nicht f\u00fcr die Beseitigung ihrer Auswirkungen zahlen! Die Investitionen sollten in sichere Wiederverwendungssysteme fliessen, nicht in Einweg-Alternativen und endlose Abfallentsorgung.<\/p>\n<\/div>\n\t\t            <\/div>\n\t\t        <\/div>\n\t\t    <\/div>\n\t   \t\t\t\t\t\t\t\t    <div class=\"panel panel-primary\">\n\t\t        <div class=\"panel-heading\">\n\t\t            <a href=\"#group_251\" class=\"accordion-toggle collapsed\" data-parent = \"#accordion_265\" data-toggle=\"collapse\" >4. Woher wissen wir so viel \u00fcber den Vertrag? \ud83d\ude42<\/a>\n\t\t        <\/div>\n\t\t        <div id=\"group_251\" class=\"panel-collapse collapse \">\n\t\t            <div class=\"panel-body\">\n\t\t                <div class=\" element-short-top element-short-bottom\" data-os-animation=\"none\" data-os-animation-delay=\"0s\">\n    <p>Gruppen wie Trash Hero, aber auch Wissenschaftler, indigene V\u00f6lker, Gewerkschaften und Gruppen, die Frauen und Jugendliche vertreten, sind eingeladen, als \u201eBeobachter\u201c an den Gespr\u00e4chen \u00fcber den Plastikvertrag teilzunehmen. Wir k\u00f6nnen den Verhandlungsf\u00fchrern unsere Meinungen, Perspektiven und Fachkenntnisse zu den Themen anbieten, wenn wir gefragt werden, aber wir k\u00f6nnen nicht abstimmen oder Entscheidungen treffen.<\/p>\n<p>Trash Hero wurde 2022 von UNEP akkreditiert, was es uns erm\u00f6glicht, pers\u00f6nlich an den Verhandlungen teilzunehmen, zusammen mit unseren Kollegen von den Netzwerken Break Free From Plastic, GAIA und IPEN.<\/p>\n<\/div>\n\t\t            <\/div>\n\t\t        <\/div>\n\t\t    <\/div>\n\t   \t\t\t\t\t\t\t\t    <div class=\"panel panel-primary\">\n\t\t        <div class=\"panel-heading\">\n\t\t            <a href=\"#group_279\" class=\"accordion-toggle collapsed\" data-parent = \"#accordion_265\" data-toggle=\"collapse\" >5. Was kann ich tun, um mich f\u00fcr den Kunststoffvertrag zu engagieren?<\/a>\n\t\t        <\/div>\n\t\t        <div id=\"group_279\" class=\"panel-collapse collapse \">\n\t\t            <div class=\"panel-body\">\n\t\t                <div class=\" element-short-top element-short-bottom\" data-os-animation=\"none\" data-os-animation-delay=\"0s\">\n    <p><a href=\"https:\/\/trashhero.org\/de\/eyzw_de\/\">Sich \u00fcber die Problematik zu informieren<\/a>, ist wahrscheinlich das Wichtigste, was wir tun k\u00f6nnen. Je mehr Menschen sich der Gr\u00f6sse und des Umfangs des Problems bewusst sind und mehr dar\u00fcber wissen, was f\u00fcr L\u00f6sungen erforderlich sind desto besser! Und dabei soll es nicht die Propaganda der Industrie sein wie zum Beispiel \u201e<em>mehr Recycling<\/em>\u201c.<\/p>\n<p>Sobald du dir dessen bewusst bist, sprich mit den Menschen in deinem Umfeld, damit wir Druck und eine Dynamik f\u00fcr ein starkes Abkommen mit den<strong> drei wichtigsten Massnahmen erzeugen, die wir brauchen, um die Plastikverschmutzung endg\u00fcltig zu stoppen<\/strong> (siehe Frage 3 oben). Wenn du dich dabei wohl f\u00fchlst, kannst du deinen politischen Vertretern schreiben und sie fragen, was sie bei den Vertragsgespr\u00e4chen unterst\u00fctzen, damit sie wissen, dass die Menschen sie beobachten.<\/p>\n<p>Du kannst auch <a href=\"https:\/\/actionnetwork.org\/petitions\/the-world-demands-an-ambitious-global-treaty-to-end-the-age-of-plastic\">die Petition unterschreiben<\/a>, in der ein starkes Abkommen gefordert wird \u2013 diese wird den Verhandlungsleitern vor der INC-5 im November vorgelegt. Um die neuesten Informationen \u00fcber das Abkommen zu erhalten, kannst du unseren sozialen Medien @trashheroworld oder @breakfreefromplastic folgen oder <a href=\"http:\/\/eepurl.com\/glHp5j\">unseren monatlichen Newsletter abonnieren<\/a>.<\/p>\n<\/div>\n\t\t            <\/div>\n\t\t        <\/div>\n\t\t    <\/div>\n\t   \t\t<\/div>\n<div class=\"row gpt-timer-bkgrd\"><div class=\"col-md-6     text-default small-screen-default\"  ><p class=\"lead text-center center  element-short-top element-short-bottom\" data-os-animation=\"none\" data-os-animation-delay=\"0s\">Die Uhr tickt! Noch ist Zeit bis zur letzten Verhandlungsrunde in Geneva (INC-5.2) im August 2025<\/p><\/div><div class=\"col-md-6     text-default small-screen-default\"  ><h1 class=\"countdown super black  element-short-top element-short-bottom\" data-date=\"2025\/08\/05 09:00\" data-os-animation=\"none\" data-os-animation-delay=\"0s\">\n    <div class=\"counter-element\">\n        <span class=\"counter-days odometer text-center no-underline\">\n            0\n        <\/span>\n        <b>\n            days        <\/b>\n    <\/div>\n    <div class=\"counter-element\">\n        <span class=\"counter-hours odometer text-center no-underline\">\n            0\n        <\/span>\n        <b>\n            hours        <\/b>\n    <\/div>\n    <div class=\"counter-element\">\n        <span class=\"counter-minutes odometer text-center no-underline\">\n            0\n        <\/span>\n        <b>\n            minutes        <\/b>\n    <\/div>\n    <div class=\"counter-element\">\n        <span class=\"counter-seconds odometer text-center no-underline\">\n            0\n        <\/span>\n        <b>\n            seconds        <\/b>\n    <\/div>\n<\/h1><\/div><\/div><header class=\"text-left  element-short-top element-short-bottom not-condensed\" data-os-animation=\"none\" data-os-animation-delay=\"0s\" >\n    <h1 class=\"normal regular no-bordered-header bordered-normal\" >\n        Mehr \u00fcber den Globalen Plastikvertrag    <\/h1>\n    <\/header>\n[vc_basic_grid post_type=&#8220;post&#8220; max_items=&#8220;-1&#8243; style=&#8220;lazy&#8220; items_per_page=&#8220;15&#8243; item=&#8220;3489&#8243; grid_id=&#8220;vc_gid:1743080210348-a35c61f4-f515-4&#8243; taxonomies=&#8220;575&#8243;]<div class=\"divider-wrapper\" style=\"visibility:visible;background-color:#bababa\">\n    <div class=\"visible-xs\" style=\"height:6px;\"><\/div>\n    <div class=\"visible-sm\" style=\"height:6px;\"><\/div>\n    <div class=\"visible-md\" style=\"height:9px;\"><\/div>\n    <div class=\"visible-lg\" style=\"height:12px;\"><\/div>\n<\/div><div class=\"row \"><div class=\"col-md-4     text-default small-screen-default\"  ><div class=\"figure  element-short-top element-short-bottom image-filter-none image-filter-onhover fade-in text-center figcaption-middle fullwidth\" data-os-animation=\"none\" data-os-animation-delay=\"0s\">\n            <a href=\"https:\/\/trashhero.org\/library\/?_sft_topic=global-plastics-treaty\" class=\"figure-image  image-all\" data-links=\"\" target=\"_self\">\n    \n    <img decoding=\"async\" src=\"https:\/\/trashhero.org\/wp-content\/uploads\/2024\/05\/Screenshot-2024-05-13-at-16.50.40-1024x455.png\"   class=\"fullwidth\" \/>    \n            <\/a>\n    \n<\/div><\/div><div class=\"col-md-8     text-default small-screen-default\"  ><div class=\"alert alert-info   element-short-top element-short-bottom\" data-os-animation=\"none\" data-os-animation-delay=\"0s\">\n\t   \n\t<strong>Bereit f\u00fcr mehr? &gt;&gt;<\/strong>\n\tBesuche unsere <a href=\"https:\/\/trashhero.org\/de\/ressourcenbibliothek\/?_sft_topic=global-plastics-treaty\">Bibliothek mit Experten-Briefings und hochkar\u00e4tigen Analysen<\/a> zu Themen rund um den Globalen Kunststoffvertrag<\/div><\/div><\/div><\/div>        <\/div>\n    <\/div>\n<\/section>\n\n","protected":false},"excerpt":{"rendered":"Was ist das globale Plastikabkommen? Das globale Plastikabkommen ist ein neues, internationales \u00dcbereinkommen, das derzeit zwischen den Mitgliedstaaten des Umweltprogramms der Vereinten Nationen diskutiert wird. Es ist ein potenzieller Wendepunkt im Kampf gegen die Plastikverschmutzung, da es anerkennt, dass das Problem ernst und global ist und starke, rechtsverbindliche Massnahmen ben\u00f6tigt, um den Schaden zu bek\u00e4mpfen,","protected":false},"author":8,"featured_media":0,"parent":0,"menu_order":0,"comment_status":"closed","ping_status":"closed","template":"template-normalwidth.php","meta":{"footnotes":""},"class_list":["post-42218","page","type-page","status-publish","hentry"],"_links":{"self":[{"href":"https:\/\/trashhero.org\/de\/wp-json\/wp\/v2\/pages\/42218","targetHints":{"allow":["GET"]}}],"collection":[{"href":"https:\/\/trashhero.org\/de\/wp-json\/wp\/v2\/pages"}],"about":[{"href":"https:\/\/trashhero.org\/de\/wp-json\/wp\/v2\/types\/page"}],"author":[{"embeddable":true,"href":"https:\/\/trashhero.org\/de\/wp-json\/wp\/v2\/users\/8"}],"replies":[{"embeddable":true,"href":"https:\/\/trashhero.org\/de\/wp-json\/wp\/v2\/comments?post=42218"}],"version-history":[{"count":24,"href":"https:\/\/trashhero.org\/de\/wp-json\/wp\/v2\/pages\/42218\/revisions"}],"predecessor-version":[{"id":45212,"href":"https:\/\/trashhero.org\/de\/wp-json\/wp\/v2\/pages\/42218\/revisions\/45212"}],"wp:attachment":[{"href":"https:\/\/trashhero.org\/de\/wp-json\/wp\/v2\/media?parent=42218"}],"curies":[{"name":"wp","href":"https:\/\/api.w.org\/{rel}","templated":true}]}}