{"id":42913,"date":"2024-09-13T14:21:54","date_gmt":"2024-09-13T12:21:54","guid":{"rendered":"https:\/\/trashhero.org\/?page_id=42913"},"modified":"2025-07-11T08:13:24","modified_gmt":"2025-07-11T06:13:24","slug":"umwelt-news","status":"publish","type":"page","link":"https:\/\/trashhero.org\/de\/umwelt-news\/","title":{"rendered":"Umwelt-News"},"content":{"rendered":"<section class=\"section swatch-white  section-text-no-shadow section-inner-no-shadow section-normal section-opaque\"  data-label=\"\">\n    \n    <div class=\"background-overlay grid-overlay-0 \" style=\"background-color: rgba(0,0,0,0);\"><\/div>\n\n    <div class=\"container\">\n        <div class=\"row vertical-top\">\n            <div class=\"col-md-12     text-default small-screen-default\"  ><header class=\"text-center  element-no-top element-short-bottom not-condensed\" data-os-animation=\"none\" data-os-animation-delay=\"0s\" >\n    <h1 class=\"bigger bold no-bordered-header bordered-normal\" >\n        Umweltnachrichten im \u00dcberblick    <\/h1>\n    <\/header>\n<div class=\"row \"><div class=\"col-md-3     text-default small-screen-default\"  ><div class=\"figure  element-short-top element-short-bottom image-filter-none image-filter-onhover fade-in text-center figcaption-middle fullwidth\" data-os-animation=\"none\" data-os-animation-delay=\"0s\">\n            <span class=\"figure-image\">\n    \n    <img decoding=\"async\" src=\"https:\/\/trashhero.org\/wp-content\/uploads\/2024\/04\/4-2-1024x1024.jpg\"   class=\"fullwidth\" \/>    \n            <\/span>\n    \n<\/div><div class=\"figure  element-no-top element-short-bottom image-filter-none image-filter-onhover fade-in text-center figcaption-middle fullwidth\" data-os-animation=\"none\" data-os-animation-delay=\"0s\">\n            <a href=\"https:\/\/trashhero.org\/wp-content\/uploads\/2024\/02\/6.jpg\" class=\"figure-image magnific image-all\" data-links=\"\" target=\"_self\">\n    \n    <img decoding=\"async\" src=\"https:\/\/trashhero.org\/wp-content\/uploads\/2024\/02\/6-1024x1024.jpg\"   class=\"fullwidth\" \/>        <div class=\"figure-overlay grid-overlay-0\">\n        <div class=\"figure-overlay-container\">\n                            <span class=\"figure-icon\">\n                    <svg version=\"1.1\" xmlns=\"http:\/\/www.w3.org\/2000\/svg\" xmlns:xlink=\"http:\/\/www.w3.org\/1999\/xlink\" viewBox=\"0 0 100 100\"  preserveaspectratio=\"none\">\n<g>\n\n        <line display=\"inline\" fill=\"none\"  stroke-width=\"1\" stroke-miterlimit=\"10\" x1=\"50.941\" y1=\"34.953\" x2=\"50.941\" y2=\"65.047\"\/>\n\n        <line display=\"inline\" fill=\"none\" stroke-width=\"1\" stroke-miterlimit=\"10\" x1=\"65.988\" y1=\"50\" x2=\"35.895\" y2=\"50\"\/>\n<\/g>\n<\/svg>\n                <\/span>\n                    <\/div>\n    <\/div>\n    \n            <\/a>\n    \n<\/div><\/div><div class=\"col-md-9     text-default small-screen-default\"  ><div class=\" element-short-top element-short-bottom\" data-os-animation=\"none\" data-os-animation-delay=\"0s\">\n    <p>Jeden Monat berichten wir \u00fcber die wichtigsten Ereignisse in der Welt der Plastikverschmutzung und \u00fcber die Arbeit, um sie zu stoppen. Von <strong>A<\/strong>bfallverschmutzung bis hin zu <strong>Z<\/strong>ero-Waste. Wir sind immer auf dem neuesten Stand der Forschung, der Trends und der Greenwashing-Taktiken. St\u00f6bere in unserem Archiv oder melde dich unten an, um die Meldungen direkt in deinem Posteingang zu erhalten. Es fallen keine Kosten an und es gibt auch keinen Spam.<\/p>\n<\/div><div class=\" element-short-top element-short-bottom\" data-os-animation=\"none\" data-os-animation-delay=\"0s\">\n    <div id=\"mc_embed_shell\">\n<style type=\"text\/css\">\n        #mc_embed_signup{background:#fff; false; clear:left; font:14px Helvetica,Arial,sans-serif; width: 600px;}<br \/><\/style>\n<div id=\"mc_embed_signup\">\n<form id=\"mc-embedded-subscribe-form\" class=\"validate\" action=\"https:\/\/trashhero.us8.list-manage.com\/subscribe\/post?u=f02273f1e9b9ef2fb389d2d09&amp;id=2ba64e2716&amp;f_id=00accde2f0\" method=\"post\" name=\"mc-embedded-subscribe-form\" target=\"_blank\">\n<div id=\"mc_embed_signup_scroll\">\n<h2>Erhalte unsere monatlichen News direkt in deinen Posteingang!<\/h2>\n<div class=\"indicates-required\"><span class=\"asterisk\">*<\/span> erforderliche Angaben<\/div>\n<div class=\"mc-field-group\"><label for=\"mce-EMAIL\">E-Mail Adresse <span class=\"asterisk\">*<\/span><\/label><input id=\"mce-EMAIL\" class=\"required email\" name=\"EMAIL\" required=\"\" type=\"email\" value=\"\" \/><\/div>\n<div class=\"mc-field-group\"><label for=\"mce-FNAME\">Vorname <span class=\"asterisk\">*<\/span><\/label><input id=\"mce-FNAME\" class=\"required text\" name=\"FNAME\" required=\"\" type=\"text\" value=\"\" \/><\/div>\n<div class=\"mc-field-group\"><label for=\"mce-LNAME\">Nachname <span class=\"asterisk\">*<\/span><\/label><input id=\"mce-LNAME\" class=\"required text\" name=\"LNAME\" required=\"\" type=\"text\" value=\"\" \/><\/div>\n<div class=\"mc-field-group\"><label for=\"mce-MMERGE3\">Bevorzugte Sprache <span class=\"asterisk\">*<\/span><\/label><select id=\"mce-MMERGE3\" class=\"required\" name=\"MMERGE3\"><option value=\"\"><\/option><option value=\"Deutsch\">Deutsch<\/option><option value=\"English\">English<\/option><\/select><\/div>\n<div id=\"mce-responses\" class=\"clear\">\n<div id=\"mce-error-response\" class=\"response\" style=\"display: none;\"><\/div>\n<div id=\"mce-success-response\" class=\"response\" style=\"display: none;\"><\/div>\n<\/div>\n<div style=\"position: absolute; left: -5000px;\" aria-hidden=\"true\"><input tabindex=\"-1\" name=\"b_f02273f1e9b9ef2fb389d2d09_2ba64e2716\" type=\"text\" value=\"\" \/><\/div>\n<div class=\"clear\"><input id=\"mc-embedded-subscribe\" class=\"button\" name=\"subscribe\" type=\"submit\" value=\"Abonnieren\" \/><\/div>\n<\/div>\n<\/form>\n<\/div>\n<p><script type=\"text\/javascript\" src=\"\/\/s3.amazonaws.com\/downloads.mailchimp.com\/js\/mc-validate.js\"><\/script><script type=\"text\/javascript\">(function($) {window.fnames = new Array(); window.ftypes = new Array();fnames[0]='EMAIL';ftypes[0]='email';fnames[1]='FNAME';ftypes[1]='text';fnames[2]='LNAME';ftypes[2]='text';fnames[3]='MMERGE3';ftypes[3]='dropdown';\/*\n * Translated default messages for the $ validation plugin.\n * Locale: DE\n *\/\n$.extend($.validator.messages, {\n\trequired: \"Dieses Feld ist ein Pflichtfeld.\",\n\tmaxlength: $.validator.format(\"Geben Sie bitte maximal {0} Zeichen ein.\"),\n\tminlength: $.validator.format(\"Geben Sie bitte mindestens {0} Zeichen ein.\"),\n\trangelength: $.validator.format(\"Geben Sie bitte mindestens {0} und maximal {1} Zeichen ein.\"),\n\temail: \"Geben Sie bitte eine g\u00fcltige E-Mail Adresse ein.\",\n\turl: \"Geben Sie bitte eine g\u00fcltige URL ein.\",\n\tdate: \"Bitte geben Sie ein g\u00fcltiges Datum ein.\",\n\tnumber: \"Geben Sie bitte eine Nummer ein.\",\n\tdigits: \"Geben Sie bitte nur Ziffern ein.\",\n\tequalTo: \"Bitte denselben Wert wiederholen.\",\n\trange: $.validator.format(\"Geben Sie bitten einen Wert zwischen {0} und {1}.\"),\n\tmax: $.validator.format(\"Geben Sie bitte einen Wert kleiner oder gleich {0} ein.\"),\n\tmin: $.validator.format(\"Geben Sie bitte einen Wert gr\u00f6\u00dfer oder gleich {0} ein.\"),\n\tcreditcard: \"Geben Sie bitte ein g\u00fcltige Kreditkarten-Nummer ein.\"\n});}(jQuery));var $mcj = jQuery.noConflict(true);<\/script><\/p>\n<\/div>\n<p>&nbsp;<\/p>\n<p>&nbsp;<\/p>\n<p>&nbsp;<\/p>\n<\/div><\/div><\/div><div class=\"divider-wrapper\" style=\"visibility:visible;background-color:#f2f2f2\">\n    <div class=\"visible-xs\" style=\"height:12px;\"><\/div>\n    <div class=\"visible-sm\" style=\"height:12px;\"><\/div>\n    <div class=\"visible-md\" style=\"height:16px;\"><\/div>\n    <div class=\"visible-lg\" style=\"height:18px;\"><\/div>\n<\/div><div class=\"divider-wrapper\" style=\"visibility:hidden;background-color:#f2f2f2\">\n    <div class=\"visible-xs\" style=\"height:12px;\"><\/div>\n    <div class=\"visible-sm\" style=\"height:12px;\"><\/div>\n    <div class=\"visible-md\" style=\"height:16px;\"><\/div>\n    <div class=\"visible-lg\" style=\"height:18px;\"><\/div>\n<\/div><div class=\"row \"><div class=\"col-md-12     text-default small-screen-default\"  >[vc_basic_grid post_type=&#8220;post&#8220; max_items=&#8220;-1&#8243; grid_id=&#8220;vc_gid:1752214386541-bdc024fd-aab7-6&#8243; taxonomies=&#8220;514&#8243;]<\/div><\/div><\/div>        <\/div>\n    <\/div>\n<\/section>\n\n","protected":false},"excerpt":{"rendered":"Umweltnachrichten im \u00dcberblick Jeden Monat berichten wir \u00fcber die wichtigsten Ereignisse in der Welt der Plastikverschmutzung und \u00fcber die Arbeit, um sie zu stoppen. Von Abfallverschmutzung bis hin zu Zero-Waste. Wir sind immer auf dem neuesten Stand der Forschung, der Trends und der Greenwashing-Taktiken. St\u00f6bere in unserem Archiv oder melde dich unten an, um die","protected":false},"author":8,"featured_media":0,"parent":0,"menu_order":0,"comment_status":"closed","ping_status":"closed","template":"template-normalwidth.php","meta":{"footnotes":""},"class_list":["post-42913","page","type-page","status-publish","hentry"],"_links":{"self":[{"href":"https:\/\/trashhero.org\/de\/wp-json\/wp\/v2\/pages\/42913","targetHints":{"allow":["GET"]}}],"collection":[{"href":"https:\/\/trashhero.org\/de\/wp-json\/wp\/v2\/pages"}],"about":[{"href":"https:\/\/trashhero.org\/de\/wp-json\/wp\/v2\/types\/page"}],"author":[{"embeddable":true,"href":"https:\/\/trashhero.org\/de\/wp-json\/wp\/v2\/users\/8"}],"replies":[{"embeddable":true,"href":"https:\/\/trashhero.org\/de\/wp-json\/wp\/v2\/comments?post=42913"}],"version-history":[{"count":10,"href":"https:\/\/trashhero.org\/de\/wp-json\/wp\/v2\/pages\/42913\/revisions"}],"predecessor-version":[{"id":46071,"href":"https:\/\/trashhero.org\/de\/wp-json\/wp\/v2\/pages\/42913\/revisions\/46071"}],"wp:attachment":[{"href":"https:\/\/trashhero.org\/de\/wp-json\/wp\/v2\/media?parent=42913"}],"curies":[{"name":"wp","href":"https:\/\/api.w.org\/{rel}","templated":true}]}}