{"id":43678,"date":"2024-09-09T11:28:35","date_gmt":"2024-09-09T09:28:35","guid":{"rendered":"https:\/\/trashhero.org\/trash-hero-refill-point-ressourcen\/"},"modified":"2024-09-09T11:28:36","modified_gmt":"2024-09-09T09:28:36","slug":"trash-hero-refill-point-ressourcen","status":"publish","type":"page","link":"https:\/\/trashhero.org\/de\/trash-hero-refill-point-ressourcen\/","title":{"rendered":"Trash Hero Refill Point Ressourcen"},"content":{"rendered":"<section class=\"section swatch-white  section-text-no-shadow section-inner-no-shadow section-normal section-opaque\"  data-label=\"\">\n    \n    <div class=\"background-overlay grid-overlay-0 \" style=\"background-color: rgba(0,0,0,0);\"><\/div>\n\n    <div class=\"container\">\n        <div class=\"row vertical-top\">\n            <div class=\"col-md-12     text-default small-screen-default\"  ><div class=\" element-short-top element-short-bottom\" data-os-animation=\"none\" data-os-animation-delay=\"0s\">\n    <p><strong>Schilder f\u00fcr die Nachf\u00fcllstelle<\/strong><\/p>\n<div class=\"row\"><div class=\"col-md-3\"><a class=\"thumbnail magnific\"  href=\"https:\/\/trashhero.org\/wp-content\/uploads\/2018\/10\/phuket-refill.jpg\"><img decoding=\"async\" src=\"https:\/\/trashhero.org\/wp-content\/uploads\/2018\/10\/phuket-refill-600x600.jpg\"><\/a><\/div><div class=\"col-md-3\"><a class=\"thumbnail magnific\"  href=\"https:\/\/trashhero.org\/wp-content\/uploads\/2021\/06\/czech-refillpt.jpg\"><img decoding=\"async\" src=\"https:\/\/trashhero.org\/wp-content\/uploads\/2021\/06\/czech-refillpt-600x600.jpg\"><\/a><\/div><div class=\"col-md-3\"><a class=\"thumbnail magnific\"  href=\"https:\/\/trashhero.org\/wp-content\/uploads\/2021\/09\/kokut-refillpt1.jpg\"><img decoding=\"async\" src=\"https:\/\/trashhero.org\/wp-content\/uploads\/2021\/09\/kokut-refillpt1-600x600.jpg\"><\/a><\/div><div class=\"col-md-3\"><a class=\"thumbnail magnific\"  href=\"https:\/\/trashhero.org\/wp-content\/uploads\/2022\/10\/pattani-refill-2-e1666375072991.jpg\"><img decoding=\"async\" src=\"https:\/\/trashhero.org\/wp-content\/uploads\/2022\/10\/pattani-refill-2-600x600.jpg\"><\/a><\/div><\/div>\n<p>Um auf unserer Karte verzeichnet zu sein, entstehen keine Kosten, aber das Trash Hero-Refill-Schild <u>muss neben der Auff\u00fcllstation <\/u>(optional im Schaufenster \/ vor dem Geb\u00e4ude) angebracht werden. In den obigen Bildern finden sich einige Beispiele. <\/p>\n<p>Die Schilder sind in<a href=\"https:\/\/drive.google.com\/drive\/folders\/1u-xOb_9_0d_qUHj2kawkmZFbCS2tlqRg?usp=sharing\"> gelb, blau oder schwarz-weiss in Englisch, \u0e44\u0e17\u0e22, Bahasa Indonesia und Bahasa Malaysia<\/a> erh\u00e4ltlich.<br \/>In diesem Ordner k\u00f6nnen alle Versionen heruntergeladen werden<a href=\"https:\/\/drive.google.com\/drive\/folders\/1u-xOb_9_0d_qUHj2kawkmZFbCS2tlqRg?usp=sharing\">:<\/a><\/p>\n<p><a href=\"https:\/\/drive.google.com\/drive\/folders\/1u-xOb_9_0d_qUHj2kawkmZFbCS2tlqRg?usp=sharing\"><img loading=\"lazy\" decoding=\"async\" class=\"aligncenter size-full wp-image-29114\" src=\"https:\/\/trashhero.org\/wp-content\/uploads\/2022\/12\/images.png\" alt=\"\" width=\"225\" height=\"225\" srcset=\"https:\/\/trashhero.org\/wp-content\/uploads\/2022\/12\/images.png 225w, https:\/\/trashhero.org\/wp-content\/uploads\/2022\/12\/images-150x150.png 150w\" sizes=\"auto, (max-width: 225px) 100vw, 225px\" \/><\/a><a href=\"https:\/\/drive.google.com\/drive\/folders\/1u-xOb_9_0d_qUHj2kawkmZFbCS2tlqRg?usp=sharing\"><img loading=\"lazy\" decoding=\"async\" class=\"aligncenter size-medium wp-image-29570\" src=\"https:\/\/trashhero.org\/wp-content\/uploads\/2022\/12\/Screenshot-2022-12-09-at-16.23.25-277x300.png\" alt=\"\" width=\"277\" height=\"300\" srcset=\"https:\/\/trashhero.org\/wp-content\/uploads\/2022\/12\/Screenshot-2022-12-09-at-16.23.25-277x300.png 277w, https:\/\/trashhero.org\/wp-content\/uploads\/2022\/12\/Screenshot-2022-12-09-at-16.23.25-946x1024.png 946w, https:\/\/trashhero.org\/wp-content\/uploads\/2022\/12\/Screenshot-2022-12-09-at-16.23.25-768x831.png 768w, https:\/\/trashhero.org\/wp-content\/uploads\/2022\/12\/Screenshot-2022-12-09-at-16.23.25.png 952w\" sizes=\"auto, (max-width: 277px) 100vw, 277px\" \/><\/a><\/p>\n<p>Wenn du dein Schild ausgedruckt und aufgeh\u00e4ngt hast, ist es Zeit, dass du auf der Nachf\u00fcll-Karte angezeigt wirst. <br \/>Bitte mach ein Foto von der Auff\u00fcllstation und melde dich mit unserem <a href=\"https:\/\/trashhero.org\/de\/registriere-deine-nachfuellstation\/\">Online-Formular<\/a> an.<\/p>\n<p>&nbsp;<\/p>\n<p><strong>Zus\u00e4tzliche Ressourcen f\u00fcr Auff\u00fcllstationen<\/strong><br \/>Im gleichen <a href=\"https:\/\/drive.google.com\/drive\/folders\/1WQ36MXwPlNjTEEbR9Hoqcg1Wj-6YDH3v?usp=sharing\" target=\"_blank\" rel=\"nofollow noopener\">Google Drive-Ordner<\/a> stehen auch verschiedene Sprachversionen von Postern, Beitr\u00e4gen f\u00fcr soziale Medien und andere Ressourcen zur Verf\u00fcgung.<\/p>\n<p>Wenn du daran interessiert bist, die Trash Hero-Flasche zu verkaufen, lies bitte die <a href=\"https:\/\/trashhero.org\/bottle-refill-programme\/\" target=\"_blank\" rel=\"nofollow noopener\">FAQ <\/a>und <a href=\"https:\/\/trashhero.org\/de\/kontaktiere-uns\/\" target=\"_blank\" rel=\"nofollow noopener\">kontaktiere uns<\/a> f\u00fcr weitere Informationen.<\/p>\n<\/div><\/div>        <\/div>\n    <\/div>\n<\/section>\n\n","protected":false},"excerpt":{"rendered":"Schilder f\u00fcr die Nachf\u00fcllstelle Um auf unserer Karte verzeichnet zu sein, entstehen keine Kosten, aber das Trash Hero-Refill-Schild muss neben der Auff\u00fcllstation (optional im Schaufenster \/ vor dem Geb\u00e4ude) angebracht werden. In den obigen Bildern finden sich einige Beispiele. Die Schilder sind in gelb, blau oder schwarz-weiss in Englisch, \u0e44\u0e17\u0e22, Bahasa Indonesia und Bahasa Malaysia","protected":false},"author":8,"featured_media":0,"parent":0,"menu_order":0,"comment_status":"closed","ping_status":"closed","template":"template-normalwidth.php","meta":{"footnotes":""},"class_list":["post-43678","page","type-page","status-publish","hentry"],"_links":{"self":[{"href":"https:\/\/trashhero.org\/de\/wp-json\/wp\/v2\/pages\/43678","targetHints":{"allow":["GET"]}}],"collection":[{"href":"https:\/\/trashhero.org\/de\/wp-json\/wp\/v2\/pages"}],"about":[{"href":"https:\/\/trashhero.org\/de\/wp-json\/wp\/v2\/types\/page"}],"author":[{"embeddable":true,"href":"https:\/\/trashhero.org\/de\/wp-json\/wp\/v2\/users\/8"}],"replies":[{"embeddable":true,"href":"https:\/\/trashhero.org\/de\/wp-json\/wp\/v2\/comments?post=43678"}],"version-history":[{"count":2,"href":"https:\/\/trashhero.org\/de\/wp-json\/wp\/v2\/pages\/43678\/revisions"}],"predecessor-version":[{"id":43680,"href":"https:\/\/trashhero.org\/de\/wp-json\/wp\/v2\/pages\/43678\/revisions\/43680"}],"wp:attachment":[{"href":"https:\/\/trashhero.org\/de\/wp-json\/wp\/v2\/media?parent=43678"}],"curies":[{"name":"wp","href":"https:\/\/api.w.org\/{rel}","templated":true}]}}