{"id":43976,"date":"2024-10-14T17:57:32","date_gmt":"2024-10-14T15:57:32","guid":{"rendered":"https:\/\/trashhero.org\/educate-yourself-zero-waste\/"},"modified":"2025-12-09T09:57:39","modified_gmt":"2025-12-09T08:57:39","slug":"eyzw_de","status":"publish","type":"page","link":"https:\/\/trashhero.org\/de\/eyzw_de\/","title":{"rendered":"Educate Yourself | Zero Waste"},"content":{"rendered":"<section class=\"section swatch-white  section-text-no-shadow section-inner-no-shadow section-normal section-opaque\"  data-label=\"\">\n    \n    <div class=\"background-overlay grid-overlay-0 \" style=\"background-color: rgba(0,0,0,0);\"><\/div>\n\n    <div class=\"container\">\n        <div class=\"row vertical-top\">\n            <div class=\"col-md-12     text-default small-screen-default\"  ><div class=\"figure  element-short-top element-short-bottom image-filter-none image-filter-onhover fade-in text-center figcaption-middle fullwidth\" data-os-animation=\"none\" data-os-animation-delay=\"0s\">\n            <span class=\"figure-image\">\n    \n    <img decoding=\"async\" src=\"https:\/\/trashhero.org\/wp-content\/uploads\/2024\/02\/zero-waste.jpg\"   class=\"fullwidth\" \/>    \n            <\/span>\n    \n<\/div><header class=\"text-left  element-short-top element-short-bottom not-condensed\" data-os-animation=\"none\" data-os-animation-delay=\"0s\" >\n    <h1 class=\"normal regular no-bordered-header bordered-normal\" >\n        Teste unseren kostenlosen Online-Kurs, um mehr \u00fcber echte L\u00f6sungen gegen die Plastikverschmutzung zu erfahren. Du kannst in deinem eigenen Tempo vorgehen und musst dich nicht anmelden!    <\/h1>\n    <\/header>\n<\/div>        <\/div>\n    <\/div>\n<\/section>\n<section class=\"section swatch-white  section-text-no-shadow section-inner-no-shadow section-normal section-opaque\"  data-label=\"\">\n    \n    <div class=\"background-overlay grid-overlay-0 \" style=\"background-color: rgba(0,0,0,0);\"><\/div>\n\n    <div class=\"container\">\n        <div class=\"row vertical-top\">\n            <div class=\"col-md-3     text-default small-screen-default\"  style=\"background:#edf9f9;\"><div class=\" element-short-top element-short-bottom\" data-os-animation=\"none\" data-os-animation-delay=\"0s\">\n    <p><img loading=\"lazy\" decoding=\"async\" class=\"aligncenter size-large wp-image-40770\" src=\"https:\/\/trashhero.org\/wp-content\/uploads\/2024\/02\/kohsamed4-e1707218092823-748x1024.jpg\" alt=\"\" width=\"748\" height=\"1024\" srcset=\"https:\/\/trashhero.org\/wp-content\/uploads\/2024\/02\/kohsamed4-e1707218092823-748x1024.jpg 748w, https:\/\/trashhero.org\/wp-content\/uploads\/2024\/02\/kohsamed4-e1707218092823-219x300.jpg 219w, https:\/\/trashhero.org\/wp-content\/uploads\/2024\/02\/kohsamed4-e1707218092823-768x1052.jpg 768w, https:\/\/trashhero.org\/wp-content\/uploads\/2024\/02\/kohsamed4-e1707218092823-1122x1536.jpg 1122w, https:\/\/trashhero.org\/wp-content\/uploads\/2024\/02\/kohsamed4-e1707218092823.jpg 1303w\" sizes=\"auto, (max-width: 748px) 100vw, 748px\" \/><\/p>\n<\/div><\/div><div class=\"col-md-9     text-default small-screen-default\"  style=\"background:#edf9f9;\"><div class=\" element-short-top element-short-bottom\" data-os-animation=\"none\" data-os-animation-delay=\"0s\">\n    <h2><strong>Bist du bereit, etwas \u00fcber eine v\u00f6llig andere Art, die Welt zu regieren, zu lernen?<\/strong><\/h2>\n<p>Viele Leute denken, dass es bei Zero Waste darum geht, dass der M\u00fcll in einem Einmachglas Platz hat, aber in Wirklichkeit geht es um etwas ganz anderes &#8211; und um viel mehr!<\/p>\n<p>Es geht um unsere Gesundheit. Es geht um das Klima. Und es geht darum, aufeinander und auf den Planeten achtzugeben.<\/p>\n<p>In dieser kurzen Serie erf\u00e4hrst du etwas \u00fcber die Probleme mit unserer derzeitigen Lebensweise &#8211; &#8222;Nehmen &#8211; Machen &#8211; Wegwerfen&#8220; &#8211; und wie man sie effizienter, fairer und nachhaltiger gestalten kann. Du wirst auch:<\/p>\n<p><strong>&#x2705; die Grundlagen von Zero Waste beherrschen<\/strong><\/p>\n<p>&#x2705; herausfinden, wie du deine Freund*innen und deine Familie dazu bringen kannst, plastikfrei zu leben und<\/p>\n<p>&#x2705; damit beginnen, die Welt um dich herum zu ver\u00e4ndern<\/p>\n<\/div><\/div>        <\/div>\n    <\/div>\n<\/section>\n<section class=\"section swatch-white  section-text-no-shadow section-inner-no-shadow section-normal section-opaque\"  data-label=\"\">\n    \n    <div class=\"background-overlay grid-overlay-0 \" style=\"background-color: rgba(0,0,0,0);\"><\/div>\n\n    <div class=\"container-fullwidth\">\n        <div class=\"row vertical-top\">\n            <div class=\"col-md-12     text-default small-screen-default\"  ><div class=\" element-short-top element-short-bottom\" data-os-animation=\"none\" data-os-animation-delay=\"0s\">\n    <h2>FAQ<\/h2>\n<p><strong>Warum musst du dich weiterbilden?<\/strong><\/p>\n<p>Wenn du verstehst, wie Abfallvermeidung funktioniert und wie grosse Unternehmen Entscheidungen treffen, die sich auf deine Zukunft auswirken, kannst du besser verstehen, wie die Welt funktioniert.<\/p>\n<p>Mit diesem Wissen kannst du dazu beitragen, die Welt zu ver\u00e4ndern und sie zu einem saubereren, ges\u00fcnderen und gerechteren Ort zu machen.<\/p>\n<p><strong>Wie schliesse ich die Serie ab?<\/strong><br \/>\nEs gibt 9 Module, die du der Reihe nach absolvierst.<br \/>\nZu jedem Thema gibt es ein eigenes Einf\u00fchrungsvideo und Aktivit\u00e4ten, bei denen du etwas anschauen, lesen und dar\u00fcber nachdenken kannst. Es gibt keinen Zeitrahmen und niemand bewertet deine Bem\u00fchungen! Das Wichtigste ist, dass du dir zutraust, zum n\u00e4chsten Schritt \u00fcberzugehen. (Wenn du mit uns teilen m\u00f6chtest, was du tust, <a href=\"https:\/\/trashhero.org\/de\/kontaktiere-uns\/\">kontaktiere uns<\/a> oder schreibe eine DM \/ tagge @trashheroworld auf Insta oder TikTok).<\/p>\n<p><strong>Was ist, wenn ich benotet werden oder ein Zertifikat erhalten m\u00f6chte?<\/strong><br \/>\nDas k\u00f6nnen wir arrangieren. Schick uns eine E-Mail oder eine DM, wenn du alle 9 Teile abgeschlossen hast. Wir schicken dir dann einen kurzen Fragebogen und bitten dich um einige Beispiele von Dingen, die du w\u00e4hrend des Kurses getan hast. Wenn du den Fragebogen ausf\u00fcllen kannst, bekommst du von uns ein E-Zertifikat.<\/p>\n<p><strong>Entstehen Kosten oder ben\u00f6tige ich etwas f\u00fcr den Anfang?<\/strong><br \/>\nDie Serie ist v\u00f6llig kostenlos, und du brauchst keine besondere Technik, nur dein Telefon oder deinen Computer. Wenn du Fragen zu einem der Inhalte hast, kannst du <a href=\"https:\/\/trashhero.org\/de\/kontaktiere-uns\/\">uns kontaktieren<\/a>.<\/p>\n<\/div><div class=\"divider-wrapper\" style=\"visibility:visible;background-color:#4f4f4f\">\n    <div class=\"visible-xs\" style=\"height:12px;\"><\/div>\n    <div class=\"visible-sm\" style=\"height:12px;\"><\/div>\n    <div class=\"visible-md\" style=\"height:12px;\"><\/div>\n    <div class=\"visible-lg\" style=\"height:12px;\"><\/div>\n<\/div><\/div>        <\/div>\n    <\/div>\n<\/section>\n<section class=\"section swatch-white  section-text-no-shadow section-inner-no-shadow section-normal section-opaque\"  data-label=\"\">\n    \n    <div class=\"background-overlay grid-overlay-0 \" style=\"background-color: rgba(0,0,0,0);\"><\/div>\n\n    <div class=\"container\">\n        <div class=\"row vertical-top\">\n            <div class=\"col-md-4     text-default small-screen-default\"  ><p class=\"lead text-center center  element-short-top element-no-bottom\" data-os-animation=\"none\" data-os-animation-delay=\"0s\"><strong>Teil 1 | Was ist das Problem mit Plastik?<\/strong><\/p><div class=\"figure  element-short-top element-short-bottom image-filter-none image-filter-onhover fade-in text-center figcaption-middle fullwidth\" data-os-animation=\"none\" data-os-animation-delay=\"0s\">\n            <a href=\"https:\/\/trashhero.org\/de\/was-ist-das-problem-mit-plastik-2\/\" class=\"figure-image  image-all\" data-links=\"\" target=\"_blank\">\n    \n    <img decoding=\"async\" src=\"https:\/\/trashhero.org\/wp-content\/uploads\/2024\/02\/TH_EYZW1-724x1024.png\"   class=\"fullwidth\" \/>    \n            <\/a>\n    \n<\/div><\/div><div class=\"col-md-4     text-default small-screen-default\"  ><p class=\"lead text-center center  element-short-top element-no-bottom\" data-os-animation=\"none\" data-os-animation-delay=\"0s\"><strong>Teil 2 | Wie schadet Plastik dem lebendigen Planeten?<\/strong><\/p><div class=\"figure  element-short-top element-short-bottom image-filter-none image-filter-onhover fade-in text-center figcaption-middle fullwidth\" data-os-animation=\"none\" data-os-animation-delay=\"0s\">\n            <a href=\"https:\/\/trashhero.org\/de\/wie-schadet-plastik-der-tierwelt\/\" class=\"figure-image  image-all\" data-links=\"\" target=\"_blank\">\n    \n    <img decoding=\"async\" src=\"https:\/\/trashhero.org\/wp-content\/uploads\/2024\/02\/TH_EYZW2-724x1024.png\"   class=\"fullwidth\" \/>    \n            <\/a>\n    \n<\/div><\/div><div class=\"col-md-4     text-default small-screen-default\"  ><p class=\"lead text-center center  element-short-top element-no-bottom\" data-os-animation=\"none\" data-os-animation-delay=\"0s\"><strong>Teil 3 | Wie kommt Plastik in unseren K\u00f6rper?<\/strong><\/p><div class=\"figure  element-short-top element-short-bottom image-filter-none image-filter-onhover fade-in text-center figcaption-middle fullwidth\" data-os-animation=\"none\" data-os-animation-delay=\"0s\">\n            <a href=\"https:\/\/trashhero.org\/de\/wie-plastik-in-deinen-koerper-gelangt\/\" class=\"figure-image  image-all\" data-links=\"\" target=\"_blank\">\n    \n    <img decoding=\"async\" src=\"https:\/\/trashhero.org\/wp-content\/uploads\/2024\/02\/TH_EYZW3-724x1024.png\"   class=\"fullwidth\" \/>    \n            <\/a>\n    \n<\/div><\/div>        <\/div>\n    <\/div>\n<\/section>\n<section class=\"section swatch-white  section-text-no-shadow section-inner-no-shadow section-normal section-opaque\"  data-label=\"\">\n    \n    <div class=\"background-overlay grid-overlay-0 \" style=\"background-color: rgba(0,0,0,0);\"><\/div>\n\n    <div class=\"container\">\n        <div class=\"row vertical-top\">\n            <div class=\"col-md-4     text-default small-screen-default\"  ><p class=\"lead text-center center  element-short-top element-no-bottom\" data-os-animation=\"none\" data-os-animation-delay=\"0s\"><strong>Teil 4 | Wie beeinflusst Plastik den Klimawandel?<\/strong><\/p><div class=\"figure  element-short-top element-short-bottom image-filter-none image-filter-onhover fade-in text-center figcaption-middle fullwidth\" data-os-animation=\"none\" data-os-animation-delay=\"0s\">\n            <a href=\"https:\/\/trashhero.org\/de\/wie-plastik-den-klimawandel-beeinflusst\/\" class=\"figure-image  image-all\" data-links=\"\" target=\"_blank\">\n    \n    <img decoding=\"async\" src=\"https:\/\/trashhero.org\/wp-content\/uploads\/2024\/02\/TH_EYZW4-724x1024.png\"   class=\"fullwidth\" \/>    \n            <\/a>\n    \n<\/div><\/div><div class=\"col-md-4     text-default small-screen-default\"  ><p class=\"lead text-center center  element-short-top element-no-bottom\" data-os-animation=\"none\" data-os-animation-delay=\"0s\"><strong>Teil 5 | Warum Recycling nicht funktioniert<\/strong><\/p><div class=\"figure  element-short-top element-short-bottom image-filter-none image-filter-onhover fade-in text-center figcaption-middle fullwidth\" data-os-animation=\"none\" data-os-animation-delay=\"0s\">\n            <a href=\"https:\/\/trashhero.org\/de\/warum-recycling-nicht-funktioniert\/\" class=\"figure-image  image-all\" data-links=\"\" target=\"_blank\">\n    \n    <img decoding=\"async\" src=\"https:\/\/trashhero.org\/wp-content\/uploads\/2024\/03\/TH_EYZW5-724x1024.png\"   class=\"fullwidth\" \/>    \n            <\/a>\n    \n<\/div><\/div><div class=\"col-md-4     text-default small-screen-default\"  ><p class=\"lead text-center center  element-short-top element-no-bottom\" data-os-animation=\"none\" data-os-animation-delay=\"0s\"><strong>Teil 6 | Starte deinen abfallfreien Lebensstil<\/strong><\/p><div class=\"figure  element-short-top element-short-bottom image-filter-none image-filter-onhover fade-in text-center figcaption-middle fullwidth\" data-os-animation=\"none\" data-os-animation-delay=\"0s\">\n            <a href=\"https:\/\/trashhero.org\/de\/starte-deinen-abfallfreien-lebensstil\/\" class=\"figure-image  image-all\" data-links=\"\" target=\"_blank\">\n    \n    <img decoding=\"async\" src=\"https:\/\/trashhero.org\/wp-content\/uploads\/2024\/03\/TH_EYZW6-724x1024.png\"   class=\"fullwidth\" \/>    \n            <\/a>\n    \n<\/div><\/div>        <\/div>\n    <\/div>\n<\/section>\n<section class=\"section swatch-white  section-text-no-shadow section-inner-no-shadow section-normal section-opaque\"  data-label=\"\">\n    \n    <div class=\"background-overlay grid-overlay-0 \" style=\"background-color: rgba(0,0,0,0);\"><\/div>\n\n    <div class=\"container\">\n        <div class=\"row vertical-top\">\n            <div class=\"col-md-4     text-default small-screen-default\"  ><p class=\"lead text-center center  element-short-top element-no-bottom\" data-os-animation=\"none\" data-os-animation-delay=\"0s\"><strong>Teil 7 | Was sind Scheinl\u00f6sungen?<\/strong><\/p><div class=\"figure  element-short-top element-short-bottom image-filter-none image-filter-onhover fade-in text-center figcaption-middle fullwidth\" data-os-animation=\"none\" data-os-animation-delay=\"0s\">\n            <a href=\"https:\/\/trashhero.org\/de\/was-sind-scheinloesungen\/\" class=\"figure-image  image-all\" data-links=\"\" target=\"_blank\">\n    \n    <img decoding=\"async\" src=\"https:\/\/trashhero.org\/wp-content\/uploads\/2024\/03\/TH_EYZW7-724x1024.png\"   class=\"fullwidth\" \/>    \n            <\/a>\n    \n<\/div><\/div><div class=\"col-md-4     text-default small-screen-default\"  ><p class=\"lead text-center center  element-short-top element-no-bottom\" data-os-animation=\"none\" data-os-animation-delay=\"0s\"><strong>Teil 8 | Das System ver\u00e4ndern<\/strong><\/p><div class=\"figure  element-short-top element-short-bottom image-filter-none image-filter-onhover fade-in text-center figcaption-middle fullwidth\" data-os-animation=\"none\" data-os-animation-delay=\"0s\">\n            <a href=\"https:\/\/trashhero.org\/de\/das-system-veraendern\/\" class=\"figure-image  image-all\" data-links=\"\" target=\"_blank\">\n    \n    <img decoding=\"async\" src=\"https:\/\/trashhero.org\/wp-content\/uploads\/2024\/03\/TH_EYZW8-724x1024.png\"   class=\"fullwidth\" \/>    \n            <\/a>\n    \n<\/div><\/div><div class=\"col-md-4     text-default small-screen-default\"  ><p class=\"lead text-center center  element-short-top element-no-bottom\" data-os-animation=\"none\" data-os-animation-delay=\"0s\"><strong>Teil 9 | Werde aktiv!<\/strong><\/p>\n<p><\/p><div class=\"figure  element-short-top element-short-bottom image-filter-none image-filter-onhover fade-in text-center figcaption-middle fullwidth\" data-os-animation=\"none\" data-os-animation-delay=\"0s\">\n            <a href=\"https:\/\/trashhero.org\/de\/werde-aktiv\/\" class=\"figure-image  image-all\" data-links=\"\" target=\"_blank\">\n    \n    <img decoding=\"async\" src=\"https:\/\/trashhero.org\/wp-content\/uploads\/2024\/04\/TH_EYZW9-724x1024.png\"   class=\"fullwidth\" \/>    \n            <\/a>\n    \n<\/div><\/div>        <\/div>\n    <\/div>\n<\/section>\n","protected":false},"excerpt":{"rendered":"Teste unseren kostenlosen Online-Kurs, um mehr \u00fcber echte L\u00f6sungen gegen die Plastikverschmutzung zu erfahren. Du kannst in deinem eigenen Tempo vorgehen und musst dich nicht anmelden! Bist du bereit, etwas \u00fcber eine v\u00f6llig andere Art, die Welt zu regieren, zu lernen? Viele Leute denken, dass es bei Zero Waste darum geht, dass der M\u00fcll in","protected":false},"author":8,"featured_media":0,"parent":0,"menu_order":0,"comment_status":"closed","ping_status":"closed","template":"template-normalwidth.php","meta":{"footnotes":""},"class_list":["post-43976","page","type-page","status-publish","hentry"],"_links":{"self":[{"href":"https:\/\/trashhero.org\/de\/wp-json\/wp\/v2\/pages\/43976","targetHints":{"allow":["GET"]}}],"collection":[{"href":"https:\/\/trashhero.org\/de\/wp-json\/wp\/v2\/pages"}],"about":[{"href":"https:\/\/trashhero.org\/de\/wp-json\/wp\/v2\/types\/page"}],"author":[{"embeddable":true,"href":"https:\/\/trashhero.org\/de\/wp-json\/wp\/v2\/users\/8"}],"replies":[{"embeddable":true,"href":"https:\/\/trashhero.org\/de\/wp-json\/wp\/v2\/comments?post=43976"}],"version-history":[{"count":27,"href":"https:\/\/trashhero.org\/de\/wp-json\/wp\/v2\/pages\/43976\/revisions"}],"predecessor-version":[{"id":47291,"href":"https:\/\/trashhero.org\/de\/wp-json\/wp\/v2\/pages\/43976\/revisions\/47291"}],"wp:attachment":[{"href":"https:\/\/trashhero.org\/de\/wp-json\/wp\/v2\/media?parent=43976"}],"curies":[{"name":"wp","href":"https:\/\/api.w.org\/{rel}","templated":true}]}}