{"id":45602,"date":"2025-05-19T15:54:58","date_gmt":"2025-05-19T13:54:58","guid":{"rendered":"https:\/\/trashhero.org\/?page_id=45602"},"modified":"2025-06-04T08:58:15","modified_gmt":"2025-06-04T06:58:15","slug":"jahresberichte","status":"publish","type":"page","link":"https:\/\/trashhero.org\/de\/jahresberichte\/","title":{"rendered":"Trash Hero World | Jahresberichte"},"content":{"rendered":"<section class=\"section swatch-white  section-text-no-shadow section-inner-no-shadow section-normal section-opaque\"  data-label=\"\">\n    \n    <div class=\"background-overlay grid-overlay-0 \" style=\"background-color: rgba(0,0,0,0);\"><\/div>\n\n    <div class=\"container\">\n        <div class=\"row vertical-top\">\n            <div class=\"col-md-12     text-default small-screen-default\"  ><header class=\"text-left  element-short-top element-short-bottom not-condensed\" data-os-animation=\"none\" data-os-animation-delay=\"0s\" >\n    <h1 class=\"bigger regular no-bordered-header bordered-normal\" >\n        Trash Hero World | Jahresberichte    <\/h1>\n    <\/header>\n<p class=\"lead text-left left  element-short-top element-short-bottom\" data-os-animation=\"none\" data-os-animation-delay=\"0s\">Wir berichten j\u00e4hrlich \u00fcber unsere Finanzen und unsere Wirkung. \u00dcber die unten stehenden Links l\u00e4sst sich der jeweilige Bericht als PDF herunterladen.<br \/>\nWeitere Informationen zu unserer Finanzierung sind <a href=\"https:\/\/trashhero.org\/de\/uber-uns-finanzen\/\">hier<\/a> verf\u00fcgbar.<\/p><\/div>        <\/div>\n    <\/div>\n<\/section>\n<section class=\"section swatch-white  section-text-no-shadow section-inner-no-shadow section-normal section-opaque\"  data-label=\"\">\n    \n    <div class=\"background-overlay grid-overlay-0 \" style=\"background-color: rgba(0,0,0,0);\"><\/div>\n\n    <div class=\"container\">\n        <div class=\"row vertical-top\">\n            <div class=\"col-md-4     text-default small-screen-default\"  ><p class=\"lead text-center center  element-short-top element-no-bottom\" data-os-animation=\"none\" data-os-animation-delay=\"0s\"><strong>2024<\/strong><\/p><div class=\"figure  element-short-top element-short-bottom image-filter-none image-filter-onhover fade-in text-center figcaption-middle fullwidth\" data-os-animation=\"none\" data-os-animation-delay=\"0s\">\n            <a href=\"https:\/\/trashhero.org\/wp-content\/uploads\/2025\/05\/THW-Jahresbericht-2024.pdf\" class=\"figure-image  image-all\" data-links=\"\" target=\"_blank\">\n    \n    <img decoding=\"async\" src=\"https:\/\/trashhero.org\/wp-content\/uploads\/2025\/05\/THW_JB_2024-770x1024.png\"   class=\"fullwidth\" \/>    \n            <\/a>\n    \n<\/div><\/div><div class=\"col-md-4     text-default small-screen-default\"  ><p class=\"lead text-center center  element-short-top element-no-bottom\" data-os-animation=\"none\" data-os-animation-delay=\"0s\"><strong>2023<\/strong><\/p><div class=\"figure  element-short-top element-short-bottom image-filter-none image-filter-onhover fade-in text-center figcaption-middle fullwidth\" data-os-animation=\"none\" data-os-animation-delay=\"0s\">\n            <a href=\"https:\/\/trashhero.org\/wp-content\/uploads\/2024\/05\/THW-Annual-Report-2023.pdf\" class=\"figure-image  image-all\" data-links=\"\" target=\"_blank\">\n    \n    <img decoding=\"async\" src=\"https:\/\/trashhero.org\/wp-content\/uploads\/2025\/05\/THW_JB_2023-770x1024.png\"   class=\"fullwidth\" \/>    \n            <\/a>\n    \n<\/div><\/div><div class=\"col-md-4     text-default small-screen-default\"  ><p class=\"lead text-center center  element-short-top element-no-bottom\" data-os-animation=\"none\" data-os-animation-delay=\"0s\"><strong>2022<\/strong><\/p><div class=\"figure  element-short-top element-short-bottom image-filter-none image-filter-onhover fade-in text-center figcaption-middle fullwidth\" data-os-animation=\"none\" data-os-animation-delay=\"0s\">\n            <a href=\"https:\/\/trashhero.org\/wp-content\/uploads\/2023\/05\/THW-Annual-Report-2022.pdf\" class=\"figure-image  image-all\" data-links=\"\" target=\"_blank\">\n    \n    <img decoding=\"async\" src=\"https:\/\/trashhero.org\/wp-content\/uploads\/2025\/05\/THW_JB_2022-770x1024.png\"   class=\"fullwidth\" \/>    \n            <\/a>\n    \n<\/div><\/div>        <\/div>\n    <\/div>\n<\/section>\n<section class=\"section swatch-white  section-text-no-shadow section-inner-no-shadow section-normal section-opaque\"  data-label=\"\">\n    \n    <div class=\"background-overlay grid-overlay-0 \" style=\"background-color: rgba(0,0,0,0);\"><\/div>\n\n    <div class=\"container\">\n        <div class=\"row vertical-top\">\n            <div class=\"col-md-4     text-default small-screen-default\"  ><p class=\"lead text-center center  element-short-top element-no-bottom\" data-os-animation=\"none\" data-os-animation-delay=\"0s\"><strong>2021<\/strong><\/p><div class=\"figure  element-short-top element-short-bottom image-filter-none image-filter-onhover fade-in text-center figcaption-middle fullwidth\" data-os-animation=\"none\" data-os-animation-delay=\"0s\">\n            <a href=\"https:\/\/trashhero.org\/wp-content\/uploads\/2022\/05\/THW-Annual-Report-2021.pdf\" class=\"figure-image  image-all\" data-links=\"\" target=\"_blank\">\n    \n    <img decoding=\"async\" src=\"https:\/\/trashhero.org\/wp-content\/uploads\/2025\/05\/THW_JB_2021-770x1024.png\"   class=\"fullwidth\" \/>    \n            <\/a>\n    \n<\/div><\/div><div class=\"col-md-4     text-default small-screen-default\"  ><p class=\"lead text-center center  element-short-top element-no-bottom\" data-os-animation=\"none\" data-os-animation-delay=\"0s\"><strong>2020<\/strong><\/p><div class=\"figure  element-short-top element-short-bottom image-filter-none image-filter-onhover fade-in text-center figcaption-middle fullwidth\" data-os-animation=\"none\" data-os-animation-delay=\"0s\">\n            <a href=\"https:\/\/trashhero.org\/wp-content\/uploads\/2021\/05\/Trash%20Hero%20World%20Annual%20Report%202020.pdf\" class=\"figure-image  image-all\" data-links=\"\" target=\"_blank\">\n    \n    <img decoding=\"async\" src=\"https:\/\/trashhero.org\/wp-content\/uploads\/2025\/05\/THW_JB_2020-771x1024.png\"   class=\"fullwidth\" \/>    \n            <\/a>\n    \n<\/div><\/div><div class=\"col-md-4     text-default small-screen-default\"  ><p class=\"lead text-center center  element-short-top element-no-bottom\" data-os-animation=\"none\" data-os-animation-delay=\"0s\"><strong>2019<\/strong><\/p><div class=\"figure  element-short-top element-short-bottom image-filter-none image-filter-onhover fade-in text-center figcaption-middle fullwidth\" data-os-animation=\"none\" data-os-animation-delay=\"0s\">\n            <a href=\"https:\/\/trashhero.org\/wp-content\/uploads\/2020\/05\/Trash%20Hero%20World%20Annual%20Report%202019.pdf\" class=\"figure-image  image-all\" data-links=\"\" target=\"_blank\">\n    \n    <img decoding=\"async\" src=\"https:\/\/trashhero.org\/wp-content\/uploads\/2025\/05\/THW_JB_2019-770x1024.png\"   class=\"fullwidth\" \/>    \n            <\/a>\n    \n<\/div><\/div>        <\/div>\n    <\/div>\n<\/section>\n<section class=\"section swatch-white  section-text-no-shadow section-inner-no-shadow section-normal section-opaque\"  data-label=\"\">\n    \n    <div class=\"background-overlay grid-overlay-0 \" style=\"background-color: rgba(0,0,0,0);\"><\/div>\n\n    <div class=\"container\">\n        <div class=\"row vertical-top\">\n            <div class=\"col-md-4     text-default small-screen-default\"  ><p class=\"lead text-center center  element-short-top element-no-bottom\" data-os-animation=\"none\" data-os-animation-delay=\"0s\"><strong>2018<\/strong><\/p><div class=\"figure  element-short-top element-short-bottom image-filter-none image-filter-onhover fade-in text-center figcaption-middle fullwidth\" data-os-animation=\"none\" data-os-animation-delay=\"0s\">\n            <a href=\"https:\/\/trashhero.org\/wp-content\/uploads\/2019\/03\/Trash%20Hero%20World%20Annual%20Report%202018.pdf\" class=\"figure-image  image-all\" data-links=\"\" target=\"_blank\">\n    \n    <img decoding=\"async\" src=\"https:\/\/trashhero.org\/wp-content\/uploads\/2025\/05\/THW_JB_2018-769x1024.png\"   class=\"fullwidth\" \/>    \n            <\/a>\n    \n<\/div><\/div><div class=\"col-md-4     text-default small-screen-default\"  ><p class=\"lead text-center center  element-short-top element-no-bottom\" data-os-animation=\"none\" data-os-animation-delay=\"0s\"><strong>2017<\/strong><\/p><div class=\"figure  element-short-top element-short-bottom image-filter-none image-filter-onhover fade-in text-center figcaption-middle fullwidth\" data-os-animation=\"none\" data-os-animation-delay=\"0s\">\n            <a href=\"https:\/\/trashhero.org\/wp-content\/uploads\/2018\/08\/Trash-Hero-World-Annual-Report-2017.pdf\" class=\"figure-image  image-all\" data-links=\"\" target=\"_blank\">\n    \n    <img decoding=\"async\" src=\"https:\/\/trashhero.org\/wp-content\/uploads\/2025\/05\/THW_JB_2017-717x1024.png\"   class=\"fullwidth\" \/>    \n            <\/a>\n    \n<\/div><\/div><div class=\"col-md-4     text-default small-screen-default\"  ><p class=\"lead text-center center  element-short-top element-no-bottom\" data-os-animation=\"none\" data-os-animation-delay=\"0s\"><strong>2016<\/strong><\/p><div class=\"figure  element-short-top element-short-bottom image-filter-none image-filter-onhover fade-in text-center figcaption-middle fullwidth\" data-os-animation=\"none\" data-os-animation-delay=\"0s\">\n            <a href=\"https:\/\/trashhero.org\/wp-content\/uploads\/2018\/01\/TH_JB_2016_eng.pdf\" class=\"figure-image  image-all\" data-links=\"\" target=\"_blank\">\n    \n    <img decoding=\"async\" src=\"https:\/\/trashhero.org\/wp-content\/uploads\/2025\/05\/THW_JB_2016-713x1024.png\"   class=\"fullwidth\" \/>    \n            <\/a>\n    \n<\/div><\/div>        <\/div>\n    <\/div>\n<\/section>\n","protected":false},"excerpt":{"rendered":"Trash Hero World | Jahresberichte Wir berichten j\u00e4hrlich \u00fcber unsere Finanzen und unsere Wirkung. \u00dcber die unten stehenden Links l\u00e4sst sich der jeweilige Bericht als PDF herunterladen. Weitere Informationen zu unserer Finanzierung sind hier verf\u00fcgbar. 2024 2023 2022 2021 2020 2019 2018 2017 2016","protected":false},"author":8,"featured_media":0,"parent":0,"menu_order":0,"comment_status":"closed","ping_status":"closed","template":"template-normalwidth.php","meta":{"footnotes":""},"class_list":["post-45602","page","type-page","status-publish","hentry"],"_links":{"self":[{"href":"https:\/\/trashhero.org\/de\/wp-json\/wp\/v2\/pages\/45602","targetHints":{"allow":["GET"]}}],"collection":[{"href":"https:\/\/trashhero.org\/de\/wp-json\/wp\/v2\/pages"}],"about":[{"href":"https:\/\/trashhero.org\/de\/wp-json\/wp\/v2\/types\/page"}],"author":[{"embeddable":true,"href":"https:\/\/trashhero.org\/de\/wp-json\/wp\/v2\/users\/8"}],"replies":[{"embeddable":true,"href":"https:\/\/trashhero.org\/de\/wp-json\/wp\/v2\/comments?post=45602"}],"version-history":[{"count":14,"href":"https:\/\/trashhero.org\/de\/wp-json\/wp\/v2\/pages\/45602\/revisions"}],"predecessor-version":[{"id":45812,"href":"https:\/\/trashhero.org\/de\/wp-json\/wp\/v2\/pages\/45602\/revisions\/45812"}],"wp:attachment":[{"href":"https:\/\/trashhero.org\/de\/wp-json\/wp\/v2\/media?parent=45602"}],"curies":[{"name":"wp","href":"https:\/\/api.w.org\/{rel}","templated":true}]}}