{"id":47211,"date":"2025-12-04T02:10:14","date_gmt":"2025-12-04T01:10:14","guid":{"rendered":"https:\/\/trashhero.org\/?page_id=47211"},"modified":"2025-12-04T08:12:23","modified_gmt":"2025-12-04T07:12:23","slug":"way","status":"publish","type":"page","link":"https:\/\/trashhero.org\/de\/way\/","title":{"rendered":"Der Trash Hero Way &amp; Strategischer Plan"},"content":{"rendered":"<p><strong>&#x1f1e9;&#x1f1ea; <\/strong>Der <strong>Trash Hero Way <\/strong>zeigt, wie wir unsere Werte leben. Erfahre mehr, indem du auf die Bilder unten klickst oder die <a href=\"https:\/\/trashhero.org\/wp-content\/uploads\/2025\/12\/The-Trash-Hero-Way-DE.pdf\">PDF-Version<\/a> herunterl\u00e4dst.<\/p>\r\n<div class=\"row\"><div class=\"col-md-4\"><a class=\"thumbnail magnific\"  href=\"https:\/\/trashhero.org\/wp-content\/uploads\/2025\/12\/de-way-1.jpg\"><img decoding=\"async\" src=\"https:\/\/trashhero.org\/wp-content\/uploads\/2025\/12\/de-way-1-300x169.jpg\"><\/a><\/div><div class=\"col-md-4\"><a class=\"thumbnail magnific\"  href=\"https:\/\/trashhero.org\/wp-content\/uploads\/2025\/12\/de-way-2.jpg\"><img decoding=\"async\" src=\"https:\/\/trashhero.org\/wp-content\/uploads\/2025\/12\/de-way-2-300x169.jpg\"><\/a><\/div><div class=\"col-md-4\"><a class=\"thumbnail magnific\"  href=\"https:\/\/trashhero.org\/wp-content\/uploads\/2025\/12\/de-way-3.jpg\"><img decoding=\"async\" src=\"https:\/\/trashhero.org\/wp-content\/uploads\/2025\/12\/de-way-3-300x169.jpg\"><\/a><\/div><div class=\"col-md-4\"><a class=\"thumbnail magnific\"  href=\"https:\/\/trashhero.org\/wp-content\/uploads\/2025\/12\/de-way-4.jpg\"><img decoding=\"async\" src=\"https:\/\/trashhero.org\/wp-content\/uploads\/2025\/12\/de-way-4-300x169.jpg\"><\/a><\/div><div class=\"col-md-4\"><a class=\"thumbnail magnific\"  href=\"https:\/\/trashhero.org\/wp-content\/uploads\/2025\/12\/de-way-5.jpg\"><img decoding=\"async\" src=\"https:\/\/trashhero.org\/wp-content\/uploads\/2025\/12\/de-way-5-300x169.jpg\"><\/a><\/div><div class=\"col-md-4\"><a class=\"thumbnail magnific\"  href=\"https:\/\/trashhero.org\/wp-content\/uploads\/2025\/12\/de-way-6.jpg\"><img decoding=\"async\" src=\"https:\/\/trashhero.org\/wp-content\/uploads\/2025\/12\/de-way-6-300x169.jpg\"><\/a><\/div><\/div>\r\n<hr \/>\r\n<p><strong>&#x1f1e9;&#x1f1ea;<\/strong> Unser <strong data-renderer-mark=\"true\">strategischer Plan<\/strong> ist eine Roadmap f\u00fcr die globale Organisation. Klicke auf die Bilder f\u00fcr weitere Details oder sieh dir die <a href=\"https:\/\/trashhero.org\/wp-content\/uploads\/2025\/12\/THW-Strategy-Doc-DE.pdf\">PDF-Datei<\/a> an.<\/p>\r\n<div class=\"row\"><div class=\"col-md-4\"><a class=\"thumbnail magnific\"  href=\"https:\/\/trashhero.org\/wp-content\/uploads\/2025\/12\/de-plan-1.jpg\"><img decoding=\"async\" src=\"https:\/\/trashhero.org\/wp-content\/uploads\/2025\/12\/de-plan-1-212x300.jpg\"><\/a><\/div><div class=\"col-md-4\"><a class=\"thumbnail magnific\"  href=\"https:\/\/trashhero.org\/wp-content\/uploads\/2025\/12\/de-plan-2.jpg\"><img decoding=\"async\" src=\"https:\/\/trashhero.org\/wp-content\/uploads\/2025\/12\/de-plan-2-212x300.jpg\"><\/a><\/div><div class=\"col-md-4\"><a class=\"thumbnail magnific\"  href=\"https:\/\/trashhero.org\/wp-content\/uploads\/2025\/12\/de-plan-3.jpg\"><img decoding=\"async\" src=\"https:\/\/trashhero.org\/wp-content\/uploads\/2025\/12\/de-plan-3-212x300.jpg\"><\/a><\/div><div class=\"col-md-4\"><a class=\"thumbnail magnific\"  href=\"https:\/\/trashhero.org\/wp-content\/uploads\/2025\/12\/de-plan-4.jpg\"><img decoding=\"async\" src=\"https:\/\/trashhero.org\/wp-content\/uploads\/2025\/12\/de-plan-4-212x300.jpg\"><\/a><\/div><div class=\"col-md-4\"><a class=\"thumbnail magnific\"  href=\"https:\/\/trashhero.org\/wp-content\/uploads\/2025\/12\/de-plan-5.jpg\"><img decoding=\"async\" src=\"https:\/\/trashhero.org\/wp-content\/uploads\/2025\/12\/de-plan-5-212x300.jpg\"><\/a><\/div><div class=\"col-md-4\"><a class=\"thumbnail magnific\"  href=\"https:\/\/trashhero.org\/wp-content\/uploads\/2025\/12\/de-plan-6.jpg\"><img decoding=\"async\" src=\"https:\/\/trashhero.org\/wp-content\/uploads\/2025\/12\/de-plan-6-212x300.jpg\"><\/a><\/div><\/div>\r\n<hr \/>\r\n<p>&nbsp;<\/p>\r\n","protected":false},"excerpt":{"rendered":"<p>&#x1f1e9;&#x1f1ea; Der Trash Hero Way zeigt, wie wir unsere Werte leben. Erfahre mehr, indem du auf die Bilder unten klickst oder die PDF-Version herunterl\u00e4dst. &#x1f1e9;&#x1f1ea; Unser strategischer Plan ist eine Roadmap f\u00fcr die globale Organisation. Klicke auf die Bilder f\u00fcr weitere Details oder sieh dir die PDF-Datei an. &nbsp;<\/p>\n","protected":false},"author":38,"featured_media":0,"parent":0,"menu_order":0,"comment_status":"closed","ping_status":"closed","template":"template-normalwidth.php","meta":{"footnotes":""},"class_list":["post-47211","page","type-page","status-publish","hentry"],"_links":{"self":[{"href":"https:\/\/trashhero.org\/de\/wp-json\/wp\/v2\/pages\/47211","targetHints":{"allow":["GET"]}}],"collection":[{"href":"https:\/\/trashhero.org\/de\/wp-json\/wp\/v2\/pages"}],"about":[{"href":"https:\/\/trashhero.org\/de\/wp-json\/wp\/v2\/types\/page"}],"author":[{"embeddable":true,"href":"https:\/\/trashhero.org\/de\/wp-json\/wp\/v2\/users\/38"}],"replies":[{"embeddable":true,"href":"https:\/\/trashhero.org\/de\/wp-json\/wp\/v2\/comments?post=47211"}],"version-history":[{"count":6,"href":"https:\/\/trashhero.org\/de\/wp-json\/wp\/v2\/pages\/47211\/revisions"}],"predecessor-version":[{"id":47278,"href":"https:\/\/trashhero.org\/de\/wp-json\/wp\/v2\/pages\/47211\/revisions\/47278"}],"wp:attachment":[{"href":"https:\/\/trashhero.org\/de\/wp-json\/wp\/v2\/media?parent=47211"}],"curies":[{"name":"wp","href":"https:\/\/api.w.org\/{rel}","templated":true}]}}