{"id":5888,"date":"2018-06-30T10:05:48","date_gmt":"2018-06-30T08:05:48","guid":{"rendered":"https:\/\/trashhero.org\/unsere-mission\/"},"modified":"2025-10-29T09:43:24","modified_gmt":"2025-10-29T08:43:24","slug":"unsere-mission","status":"publish","type":"page","link":"https:\/\/trashhero.org\/de\/unsere-mission\/","title":{"rendered":"Unsere Mission"},"content":{"rendered":"<section class=\"section swatch-white  section-text-no-shadow section-inner-no-shadow section-normal section-opaque\"  data-label=\"\">\n    \n    <div class=\"background-overlay grid-overlay-0 \" style=\"background-color: rgba(0,0,0,0);\"><\/div>\n\n    <div class=\"container\">\n        <div class=\"row vertical-top\">\n            <div class=\"col-md-12     text-center small-screen-default\"  ><header class=\"text-center  element-short-top element-short-bottom not-condensed\" data-os-animation=\"none\" data-os-animation-delay=\"0s\" >\n    <h1 class=\"big regular no-bordered-header bordered-normal\" >\n        Unsere Mission    <\/h1>\n    <\/header>\n<div class=\" element-short-top element-short-bottom\" data-os-animation=\"none\" data-os-animation-delay=\"0s\" ><div class=\"video-wrapper feature-video\"><iframe loading=\"lazy\" width=\"1170\" height=\"658\" src=\"https:\/\/www.youtube.com\/embed\/L4pOB91AaE0?feature=oembed\" frameborder=\"0\" allow=\"autoplay; encrypted-media\" allowfullscreen><\/iframe><\/div><\/div><\/div>        <\/div>\n    <\/div>\n<\/section>\n<section class=\"section swatch-white  section-text-no-shadow section-inner-no-shadow section-normal section-opaque\"  data-label=\"\">\n    \n    <div class=\"background-overlay grid-overlay-0 \" style=\"background-color: rgba(0,0,0,0);\"><\/div>\n\n    <div class=\"container\">\n        <div class=\"row vertical-top\">\n            <div class=\"col-md-2     text-default small-screen-default\"  ><div class=\"figure  element-short-top element-short-bottom image-filter-none image-filter-onhover fade-in text-center figcaption-middle normalwidth\" data-os-animation=\"none\" data-os-animation-delay=\"0s\">\n            <a href=\"https:\/\/trashhero.org\/wp-content\/uploads\/2019\/05\/TH-Logo-World.jpg\" class=\"figure-image magnific image-all\" data-links=\"\" target=\"_self\">\n    \n    <img decoding=\"async\" src=\"https:\/\/trashhero.org\/wp-content\/uploads\/2019\/05\/TH-Logo-World-300x300.jpg\"   class=\"normalwidth\" \/>        <div class=\"figure-overlay grid-overlay-0\">\n        <div class=\"figure-overlay-container\">\n                            <span class=\"figure-icon\">\n                    <svg version=\"1.1\" xmlns=\"http:\/\/www.w3.org\/2000\/svg\" xmlns:xlink=\"http:\/\/www.w3.org\/1999\/xlink\" viewBox=\"0 0 100 100\"  preserveaspectratio=\"none\">\n<g>\n\n        <line display=\"inline\" fill=\"none\"  stroke-width=\"1\" stroke-miterlimit=\"10\" x1=\"50.941\" y1=\"34.953\" x2=\"50.941\" y2=\"65.047\"\/>\n\n        <line display=\"inline\" fill=\"none\" stroke-width=\"1\" stroke-miterlimit=\"10\" x1=\"65.988\" y1=\"50\" x2=\"35.895\" y2=\"50\"\/>\n<\/g>\n<\/svg>\n                <\/span>\n                    <\/div>\n    <\/div>\n    \n            <\/a>\n    \n<\/div>[vc_widget_sidebar sidebar_id=&#8220;sidebar&#8220;]<\/div><div class=\"col-md-10     text-default small-screen-default\"  ><div class=\" element-short-top element-short-bottom\" data-os-animation=\"none\" data-os-animation-delay=\"0s\">\n    <p>Die Trash Hero Mission ist es, Gemeinschaften zusammenzubringen um aufzur\u00e4umen und Abfall zu reduzieren. Wir machen dies durch:<\/p>\n<ul class=\"list\">\n<li><strong>Handeln und Bewusstsein.<\/strong> Unsere Freiwilligen sammeln M\u00fcll ein und motivieren andere, es ihnen gleichzutun. Durch die gemeinsamen Aufr\u00e4umarbeiten gewinnen die Menschen ein tiefes Verst\u00e4ndnis f\u00fcr die Notwendigkeit, Abfall zu reduzieren und richtig zu entsorgen.<\/li>\n<\/ul>\n<ul class=\"list\">\n<li><strong>Bildung<\/strong>. Wir begeistern Kinder mit unserem mehrsprachigen Kinderprogramm, das Umweltwerte mit praktischen Erfahrungen \u00fcber die Auswirkungen von Plastikabfall auf die Ozeane verbindet. Erwachsene lernen durch praktisches Handeln, mit Aktivit\u00e4ten und Workshops, die von unseren Freiwilligen angeboten werden.<\/li>\n<\/ul>\n<ul class=\"list\">\n<li><strong>Nachhaltige Projekte<\/strong>. Wir entwickeln langfristige Programme, die Gemeinschaften dabei helfen, vorhandene Abf\u00e4lle zu reduzieren und besser zu verwalten, sowie Strategien, die k\u00fcnftige Abf\u00e4lle verhindern.<\/li>\n<\/ul>\n<ul class=\"list\">\n<li><strong>Inspiration<\/strong>. Wir motivieren Menschen dazu, Trash Heroes in ihrem Alltag zu werden. Mit konsequent positiven Botschaften und einer Philosophie der \u201ekleinen Schritte\u201c beseitigen wir die Barrieren f\u00fcr Ver\u00e4nderungen und normalisieren die Vision einer Welt ohne Abfall.<\/li>\n<\/ul>\n<p>Alle unsere Aktivit\u00e4ten stehen im Einklang mit den Zielen f\u00fcr nachhaltige Entwicklung der Vereinten Nationen und sind darauf ausgerichtet. <a href=\"https:\/\/trashhero.org\/de\/die-ausrichtung-von-trash-hero-an-den-zielen-fuer-nachhaltige-entwicklung-der-vereinten-nationen\/\">Mehr dazu erf\u00e4hrst du hier.<\/a><\/p>\n<p>Wir halten uns an die folgenden Grunds\u00e4tze, die wir \u201e<a href=\"https:\/\/trashhero.org\/way\/\">The Trash Hero Way<\/a>\u201c nennen:<\/p>\n<ul>\n<li><strong>Sei die Ver\u00e4nderung<\/strong>: Wir gehen mit gutem Beispiel voran, indem wir zeigen und nicht sagen, was zu tun ist. Unsere Gedanken, Worte und Taten sind positiv und respektvoll.<\/li>\n<li><strong>Sei glaubw\u00fcrdig<\/strong>: Wir arbeiten unabh\u00e4ngig, verdienen uns das Vertrauen der Menschen und vermeiden Interessenkonflikte.<\/li>\n<li><strong>Sei selbstlos<\/strong>: Wir arbeiten zum Wohle der Allgemeinheit, nicht zur pers\u00f6nlichen Bereicherung. Wir bleiben bescheiden und stellen unsere Mission vor das Ego.<\/li>\n<li><strong>Sei Verantwortungsbewusst<\/strong>: Wir handeln transparent und sind f\u00fcr unsere Entscheidungen und Handlungen gegen\u00fcber unseren lokalen Gemeinschaften und der Trash Hero Familie rechenschaftspflichtig. Wir halten Standards ein, um die globale Mission zu unterst\u00fctzen.<\/li>\n<li><strong>Denke global, handle lokal:<\/strong> Wir verstehen das grosse Ganze und die notwendigen L\u00f6sungen, aber wir beginnen den Wandel dort, wo wir leben.<\/li>\n<\/ul>\n<p><em>Trash Hero glaubt daran, dass jede*r ein Trash Hero sein kann.<\/em><\/p>\n<p>Trash Hero World ist der Dachverband des weltweiten Trash Hero Netzwerks. Wir sind eine in der Schweiz eingetragene Non-Profit-Organisation mit gemeinn\u00fctzigen Zielen.<\/p>\n<p>Lies mehr \u00fcber <a href=\"https:\/\/trashhero.org\/de\/wochentliche-cleanups-reinigungsaktionen\/\">unsere Projekte<\/a> und schliesse Dich noch heute unserer globalen Bewegung an.<\/p>\n<\/div><\/div>        <\/div>\n    <\/div>\n<\/section>\n","protected":false},"excerpt":{"rendered":"Unsere Mission [vc_widget_sidebar sidebar_id=\"sidebar\"] Die Trash Hero Mission ist es, Gemeinschaften zusammenzubringen um aufzur\u00e4umen und Abfall zu reduzieren. Wir machen dies durch: Handeln und Bewusstsein. Unsere Freiwilligen sammeln M\u00fcll ein und motivieren andere, es ihnen gleichzutun. Durch die gemeinsamen Aufr\u00e4umarbeiten gewinnen die Menschen ein tiefes Verst\u00e4ndnis f\u00fcr die Notwendigkeit, Abfall zu reduzieren und richtig zu","protected":false},"author":1,"featured_media":0,"parent":0,"menu_order":0,"comment_status":"closed","ping_status":"closed","template":"","meta":{"footnotes":""},"class_list":["post-5888","page","type-page","status-publish","hentry"],"_links":{"self":[{"href":"https:\/\/trashhero.org\/de\/wp-json\/wp\/v2\/pages\/5888","targetHints":{"allow":["GET"]}}],"collection":[{"href":"https:\/\/trashhero.org\/de\/wp-json\/wp\/v2\/pages"}],"about":[{"href":"https:\/\/trashhero.org\/de\/wp-json\/wp\/v2\/types\/page"}],"author":[{"embeddable":true,"href":"https:\/\/trashhero.org\/de\/wp-json\/wp\/v2\/users\/1"}],"replies":[{"embeddable":true,"href":"https:\/\/trashhero.org\/de\/wp-json\/wp\/v2\/comments?post=5888"}],"version-history":[{"count":19,"href":"https:\/\/trashhero.org\/de\/wp-json\/wp\/v2\/pages\/5888\/revisions"}],"predecessor-version":[{"id":46752,"href":"https:\/\/trashhero.org\/de\/wp-json\/wp\/v2\/pages\/5888\/revisions\/46752"}],"wp:attachment":[{"href":"https:\/\/trashhero.org\/de\/wp-json\/wp\/v2\/media?parent=5888"}],"curies":[{"name":"wp","href":"https:\/\/api.w.org\/{rel}","templated":true}]}}