{"id":8767,"date":"2018-11-06T12:17:47","date_gmt":"2018-11-06T11:17:47","guid":{"rendered":"https:\/\/trashhero.org\/wochentliche-cleanups-reinigungsaktionen\/"},"modified":"2026-01-28T15:39:45","modified_gmt":"2026-01-28T14:39:45","slug":"wochentliche-cleanups-reinigungsaktionen","status":"publish","type":"page","link":"https:\/\/trashhero.org\/de\/wochentliche-cleanups-reinigungsaktionen\/","title":{"rendered":"W\u00f6chentliche Cleanups (Reinigungsaktionen)"},"content":{"rendered":"<section class=\"section swatch-white  section-text-no-shadow section-inner-no-shadow section-normal section-opaque\"  data-label=\"\">\n    \n    <div class=\"background-overlay grid-overlay-0 \" style=\"background-color: rgba(0,0,0,0);\"><\/div>\n\n    <div class=\"container\">\n        <div class=\"row vertical-top\">\n            <div class=\"col-md-12     text-default small-screen-default\"  ><div class=\"figure  element-short-top element-short-bottom image-filter-none image-filter-onhover fade-in text-center figcaption-middle fullwidth\" data-os-animation=\"none\" data-os-animation-delay=\"0s\">\n            <span class=\"figure-image\">\n    \n    <img decoding=\"async\" src=\"https:\/\/trashhero.org\/wp-content\/uploads\/2018\/10\/candidasa-cleanup.jpg\"   class=\"fullwidth\" \/>    \n            <\/span>\n    \n<\/div><header class=\"text-left  element-short-top element-short-bottom not-condensed\" data-os-animation=\"none\" data-os-animation-delay=\"0s\" >\n    <h1 class=\"bigger regular no-bordered-header bordered-normal\" >\n        W\u00f6chentliche Cleanups (Reinigungsaktionen)    <\/h1>\n    <\/header>\n<div class=\"row \"><div class=\"col-md-8     text-default small-screen-default\"  ><div class=\" element-short-top element-short-bottom\" data-os-animation=\"none\" data-os-animation-delay=\"0s\">\n    <header class=\"text-left element-short-top element-short-bottom not-condensed\" data-os-animation=\"none\" data-os-animation-delay=\"0s\">\n<p class=\"normal\"><em>Keine Kosten. Keine Anmeldung. Einfach mitmachen<\/em><\/p>\n<\/header>\n<div class=\" element-short-top element-short-bottom\" data-os-animation=\"none\" data-os-animation-delay=\"0s\">\n<p><b>Was ist die Idee?<\/b> Mit der Unterst\u00fctzung lokaler Unternehmen kommen Menschen einmal in der Woche zusammen, um M\u00fcll zu sammeln (gespendete Ressourcen + Freiwillige = sauberere Umwelt)..<\/p>\n<p><b>Wann und wo finden die Cleanups statt?<\/b> Zeit und Ort werden jeweils vom \u00f6rtlichen Trash Hero Chapter festgelegt (Die <a href=\"https:\/\/trashhero.org\/de\/unser-netzwerk\/\">\u00dcbersicht der Chapters findest hier<\/a>). Vielleicht auch in deiner Umgebung? Falls nicht kannst du selbst ein Trash Hero Chapter gr\u00fcnden. Wie das geht erf\u00e4hrst du <a href=\"https:\/\/trashhero.org\/de\/chapter-sign-up\/\">hier<\/a>.<\/p>\n<p><b>Kostet es etwas oder muss ich mich anmelden?<\/b> Den Freiwilligen entstehen keine Kosten und sie m\u00fcssen sich nicht anmelden. Kommt einfach zur angegebenen Zeit an den angegebenen Ort. Lokale Unternehmen spenden jede Woche grossz\u00fcgig Handschuhe und M\u00fclls\u00e4cke, Essen und Getr\u00e4nke sowie bei Bedarf den Transport.<\/p>\n<p><b>Funktioniert es?<\/b> Bis Dezember 2025 haben wir mehr als 599,248 Freiwillige mobilisiert, um 2,716,807 Kilogramm M\u00fcll in 14 L\u00e4ndern weltweit zu sammeln. Anfragen f\u00fcr neue Projekte erreichen uns jeden Monat.<\/p>\n<p><strong>Aber Cleanups l\u00f6sen das Problem nicht wirklich, oder?<\/strong> Das stimmt, und deshalb haben wir auch viele andere Initiativen, um die Plastikverschmutzung an der Quelle zu stoppen &#8211; um zu helfen, &#8222;den Hahn zuzudrehen&#8220;. Dennoch sind Cleanups nach wie vor ein hervorragendes, praktisches Aufkl\u00e4rungsinstrument f\u00fcr Leute, die sich oft weder der Sch\u00e4den bewusst sind, die Plastik im Meer und f\u00fcr unsere Gesundheit anrichtet, noch dass es in ihrer Macht steht, etwas dagegen zu tun. Selbst in L\u00e4ndern, in denen die Problematik bekannt ist, k\u00f6nnen Aktivit\u00e4ten wie Abfall- und Markenz\u00e4hlungen des gesammelten M\u00fclls f\u00fcr viele Menschen augen\u00f6ffnend sein.<\/p>\n<p><strong>Was passiert mit dem gesammelten Abfall?<\/strong> Das ist DIE Frage! Wir stellen sie uns nicht nur an den Cleanups, sondern auch im Alltag. Wir ermutigen die Menschen, plastikfrei zu leben, wo immer es m\u00f6glich ist. Mehr Infos dazu <a href=\"https:\/\/trashhero.org\/where-does-the-trash-go\/\">hier<\/a>.<\/p>\n<\/div>\n<div class=\" element-short-top element-short-bottom\" data-os-animation=\"none\" data-os-animation-delay=\"0s\">\n<p><b>M\u00f6chtest du an einem w\u00f6chentlichen Cleanup teilnehmen?<\/b>\u00a0<a href=\"https:\/\/trashhero.org\/de\/unser-netzwerk\/\">Hier<\/a> siehst du, wann wir wo sind.<\/p>\n<p><b>M\u00f6chtest du selbst w\u00f6chentliche Cleanups in deiner Region organisieren?<\/b> Das ist einfacher, als du denkst! <a href=\"https:\/\/trashhero.org\/de\/chapter-sign-up\/\">Hier<\/a> erf\u00e4hrst du mehr dazu.<\/p>\n<p><strong>WEITER ZUM N\u00c4CHSTEN &#8211;&gt;<\/strong> <a href=\"https:\/\/trashhero.org\/de\/wassernachfuellnetzwerk\/\">Wassernachf\u00fcllnetz<\/a><br \/>\n<strong>ANDERE PROGRAMME &#8211;&gt;<\/strong> <a href=\"https:\/\/trashhero.org\/de\/trash-hero-kids-programm\/\">Trash Hero Kids<\/a><\/p>\n<\/div>\n<\/div><\/div><div class=\"col-md-4     text-default small-screen-default\"  ><div class=\" element-short-top element-short-bottom\" data-os-animation=\"none\" data-os-animation-delay=\"0s\">\n    <div class=\"row\"><div class=\"col-md-12\"><a class=\"thumbnail magnific\"  href=\"https:\/\/trashhero.org\/wp-content\/uploads\/2018\/10\/myanmar5.jpg\"><img decoding=\"async\" src=\"https:\/\/trashhero.org\/wp-content\/uploads\/2018\/10\/myanmar5-300x200.jpg\"><\/a><\/div><div class=\"col-md-12\"><a class=\"thumbnail magnific\"  href=\"https:\/\/trashhero.org\/wp-content\/uploads\/2018\/10\/komodo14.jpg\"><img decoding=\"async\" src=\"https:\/\/trashhero.org\/wp-content\/uploads\/2018\/10\/komodo14-300x300.jpg\"><\/a><\/div><div class=\"col-md-12\"><a class=\"thumbnail magnific\"  href=\"https:\/\/trashhero.org\/wp-content\/uploads\/2018\/10\/chanthaburi27.jpg\"><img decoding=\"async\" src=\"https:\/\/trashhero.org\/wp-content\/uploads\/2018\/10\/chanthaburi27-300x199.jpg\"><\/a><\/div><div class=\"col-md-12\"><a class=\"thumbnail magnific\"  href=\"https:\/\/trashhero.org\/wp-content\/uploads\/2018\/10\/kohchang-thomas.jpg\"><img decoding=\"async\" src=\"https:\/\/trashhero.org\/wp-content\/uploads\/2018\/10\/kohchang-thomas-300x200.jpg\"><\/a><\/div><div class=\"col-md-12\"><a class=\"thumbnail magnific\"  href=\"https:\/\/trashhero.org\/wp-content\/uploads\/2018\/10\/singapore-data.jpg\"><img decoding=\"async\" src=\"https:\/\/trashhero.org\/wp-content\/uploads\/2018\/10\/singapore-data-300x300.jpg\"><\/a><\/div><\/div>\n<\/div><\/div><\/div><\/div>        <\/div>\n    <\/div>\n<\/section>\n\n","protected":false},"excerpt":{"rendered":"W\u00f6chentliche Cleanups (Reinigungsaktionen) Keine Kosten. Keine Anmeldung. Einfach mitmachen Was ist die Idee? Mit der Unterst\u00fctzung lokaler Unternehmen kommen Menschen einmal in der Woche zusammen, um M\u00fcll zu sammeln (gespendete Ressourcen + Freiwillige = sauberere Umwelt).. Wann und wo finden die Cleanups statt? Zeit und Ort werden jeweils vom \u00f6rtlichen Trash Hero Chapter festgelegt (Die","protected":false},"author":8,"featured_media":0,"parent":0,"menu_order":0,"comment_status":"closed","ping_status":"closed","template":"","meta":{"footnotes":""},"class_list":["post-8767","page","type-page","status-publish","hentry"],"_links":{"self":[{"href":"https:\/\/trashhero.org\/de\/wp-json\/wp\/v2\/pages\/8767","targetHints":{"allow":["GET"]}}],"collection":[{"href":"https:\/\/trashhero.org\/de\/wp-json\/wp\/v2\/pages"}],"about":[{"href":"https:\/\/trashhero.org\/de\/wp-json\/wp\/v2\/types\/page"}],"author":[{"embeddable":true,"href":"https:\/\/trashhero.org\/de\/wp-json\/wp\/v2\/users\/8"}],"replies":[{"embeddable":true,"href":"https:\/\/trashhero.org\/de\/wp-json\/wp\/v2\/comments?post=8767"}],"version-history":[{"count":33,"href":"https:\/\/trashhero.org\/de\/wp-json\/wp\/v2\/pages\/8767\/revisions"}],"predecessor-version":[{"id":47649,"href":"https:\/\/trashhero.org\/de\/wp-json\/wp\/v2\/pages\/8767\/revisions\/47649"}],"wp:attachment":[{"href":"https:\/\/trashhero.org\/de\/wp-json\/wp\/v2\/media?parent=8767"}],"curies":[{"name":"wp","href":"https:\/\/api.w.org\/{rel}","templated":true}]}}