{"id":8773,"date":"2018-11-06T12:31:22","date_gmt":"2018-11-06T11:31:22","guid":{"rendered":"https:\/\/trashhero.org\/flaschen-taschen-programm\/"},"modified":"2025-03-20T07:35:06","modified_gmt":"2025-03-20T06:35:06","slug":"wassernachfuellnetzwerk","status":"publish","type":"page","link":"https:\/\/trashhero.org\/de\/wassernachfuellnetzwerk\/","title":{"rendered":"Wassernachf\u00fcllnetzwerk"},"content":{"rendered":"<section class=\"section swatch-white  section-text-no-shadow section-inner-no-shadow section-normal section-opaque\"  data-label=\"\">\n    \n    <div class=\"background-overlay grid-overlay-0 \" style=\"background-color: rgba(0,0,0,0);\"><\/div>\n\n    <div class=\"container\">\n        <div class=\"row vertical-top\">\n            <div class=\"col-md-12     text-default small-screen-default\"  ><div class=\"figure  element-short-top element-short-bottom image-filter-none image-filter-onhover fade-in text-center figcaption-middle fullwidth\" data-os-animation=\"none\" data-os-animation-delay=\"0s\">\n            <a href=\"https:\/\/trashhero.org\/wp-content\/uploads\/2018\/10\/kohkoodschool.jpg\" class=\"figure-image magnific image-all\" data-links=\"\" target=\"_self\">\n    \n    <img decoding=\"async\" src=\"https:\/\/trashhero.org\/wp-content\/uploads\/2018\/10\/kohkoodschool.jpg\"   class=\"fullwidth\" \/>    \n            <\/a>\n    \n<\/div><header class=\"text-left  element-short-top element-short-bottom not-condensed\" data-os-animation=\"none\" data-os-animation-delay=\"0s\" >\n    <h1 class=\"bigger regular no-bordered-header bordered-normal\" >\n        WASSERNACHF\u00dcLLNETZWERK    <\/h1>\n    <\/header>\n<div class=\"row \"><div class=\"col-md-8     text-default small-screen-default\"  ><div class=\" element-short-top element-short-bottom\" data-os-animation=\"none\" data-os-animation-delay=\"0s\">\n    <header class=\"text-left element-short-top element-short-bottom not-condensed\" data-os-animation=\"none\" data-os-animation-delay=\"0s\">\n<p class=\"normal\"><em>Weniger Plastik bedeutet weniger Umweltverschmutzung und bessere Gesundheitbedingungen.<\/em><\/p>\n<\/header>\n<div class=\" element-short-top element-short-bottom\" data-os-animation=\"none\" data-os-animation-delay=\"0s\">\n<p><b>Was ist besser als Abfall aufzusammeln?<\/b> Daf\u00fcr zu sorgen, dass der Abfall gar nicht in der Natur landet!<\/p>\n<p><b>Was ist die Idee?<\/b> Das Trash Hero Wassernachf\u00fcllnetzwerk soll Plastikm\u00fcll vermeiden. Wir bringen Unternehmen zusammen, die kostenloses Wasser zum Nachf\u00fcllen anbieten und optional eine sichere, erschwingliche Mehrwegflasche zum Nachf\u00fcllen verkaufen. Mit diesem System entf\u00e4llt der Bedarf an Einweg-Wasser in Flaschen vollst\u00e4ndig. An dem Programm sind sowohl Unternehmen als auch Verbraucher beteiligt, so dass es zu einem Projekt der gesamten Gemeinschaft wird.<\/p>\n<div id=\"attachment_10296\" style=\"width: 160px\" class=\"wp-caption alignleft\"><a href=\"https:\/\/trashhero.org\/wp-content\/uploads\/2019\/05\/infographic_EN.jpg\"><img loading=\"lazy\" decoding=\"async\" aria-describedby=\"caption-attachment-10296\" class=\"size-thumbnail wp-image-10294\" src=\"https:\/\/trashhero.org\/wp-content\/uploads\/2019\/05\/infographic_EN-150x150.jpg\" alt=\"\" width=\"150\" height=\"150\" srcset=\"https:\/\/trashhero.org\/wp-content\/uploads\/2019\/05\/infographic_EN-150x150.jpg 150w, https:\/\/trashhero.org\/wp-content\/uploads\/2019\/05\/infographic_EN-300x300.jpg 300w, https:\/\/trashhero.org\/wp-content\/uploads\/2019\/05\/infographic_EN-768x768.jpg 768w, https:\/\/trashhero.org\/wp-content\/uploads\/2019\/05\/infographic_EN-1024x1024.jpg 1024w, https:\/\/trashhero.org\/wp-content\/uploads\/2019\/05\/infographic_EN-600x600.jpg 600w\" sizes=\"auto, (max-width: 150px) 100vw, 150px\" \/><\/a><p id=\"caption-attachment-10296\" class=\"wp-caption-text\"><em>Klicke hier um zu vergr\u00f6sseren<\/em><\/p><\/div>\n<p><b>Wie funktioniert das Programm?<\/b> Wir ermutigen Unternehmen, sich dem Netzwerk anzuschliessen, indem wir ihnen einen kostenlosen Eintrag auf unserer <a href=\"https:\/\/trashhero.org\/de\/refill\/\">Online-Nachf\u00fcllkarte<\/a> anbieten und ihre Bem\u00fchungen auf lokalen Social-Media-Kan\u00e4len bewerben. Um die Umstellung auf Nachf\u00fcllen sowohl f\u00fcr die Unternehmen als auch f\u00fcr ihre Kunden zu unterst\u00fctzen, bietet Trash Hero optional hochwertige Wasserflaschen aus Edelstahl zum Selbstkostenpreis an. Durch den Weiterverkauf der Flaschen an die Kunden mit einem kleinen Gewinn werden die Kosten f\u00fcr die Bereitstellung des Wassers gedeckt. Die Kunden profitieren von einer coolen wiederverwendbaren Flasche und einer lebenslangen kostenlosen Versorgung mit Wasser \u00fcber das Netzwerk.<\/p>\n<p><b>Funktioniert es?<\/b> Seit Ende 2014 verkauften wir 113,088 Flaschen \u00fcber unsere Refill-Partner. Wir gehen davon aus, dass eine verkaufte Wiederverwendbare-Flasche durchschnittlich 365 Plastikwasserflaschen &#8222;einspart&#8220; (eine pro Tag f\u00fcr ein Jahr). Das bedeutet, dass wir durch das Projekt sch\u00e4tzungsweise 44,295,670 Einwegplastikflaschen vermieden haben. Derzeit haben wir weltweit 584 Nachf\u00fcllstellen im Netzwerk. Unser Ziel ist es, dies innerhalb der n\u00e4chsten drei Jahre auf mehr als 830 Nachf\u00fcllstationen weltweit auszudehnen, um den Verbrauch von Einwegplastik weiter zu reduzieren.<\/p>\n<p><b>Du willst eine Trash Hero Flasche kaufen oder nachf\u00fcllen?<\/b> Klick <a href=\"https:\/\/trashhero.org\/de\/refill\/\">hier<\/a>, um alle unsere Nachf\u00fcllpartner auf der Google-Karte zu finden.<\/p>\n<p><b>Kann ich ein Nachf\u00fcllpartner werden?<\/b> Ja, es ist einfacher als du denkst! Lies unsere FAQs, um alles zu erfahren, was du \u00fcber <a href=\"https:\/\/trashhero.org\/de\/refill-map-faq\/\">die Teilnahme an unserem Nachf\u00fcllnetzwerk<\/a> und den <a href=\"https:\/\/trashhero.org\/de\/trash-hero-flaschen-faq\/\">Verkauf der Trash Hero-Flasche<\/a> wissen musst. Wenn du bereit bist, dann <a href=\"https:\/\/trashhero.org\/de\/registriere-deine-nachfuellstation\/\">melde dich hier an<\/a>.<\/p>\n<p><b>Was sind die Vorteile des Wassernachf\u00fcllnetzes?<\/b> Die Umwelt profitiert, weil weniger Plastik verbraucht und weggeworfen wird und weil <a href=\"https:\/\/trashhero.org\/de\/95-geringerer-co2-fussabdruck-fuer-trash-hero-trinkflaschen-im-vergleich-mit-einweg-plastikflaschen\/\">weniger CO<sub>2<\/sub>-Emissionen entstehen.<\/a> Die Unternehmen profitieren davon, weil sie ihren Kunden ein umweltvertr\u00e4gliches Produkt anbieten k\u00f6nnen und dabei noch Gewinne erzielen. Und die Verbraucher profitieren davon, dass sie eine erschwingliche &#8222;gr\u00fcne&#8220; Wahl haben, die sich bereits nach 10 Nachf\u00fcllungen amortisiert! Es ist eine Win-Win-Situation!<\/p>\n<p>Um genau herauszufinden, welche Auswirkungen der Umstieg auf eine wiederverwendbare Trash Hero-Flasche haben k\u00f6nnte oder bereits hat, haben wir zwei Rechner entwickelt, die die Menge an Plastik, CO<sub>2<\/sub> und Geld messen, die \u00fcber den angegebenen Zeitraum eingespart wird. Die erste ist f\u00fcr <a href=\"https:\/\/trashhero.org\/de\/flaschen-impact-rechner\/\">Privatpersonen<\/a> und die zweite f\u00fcr <a href=\"https:\/\/trashhero.org\/de\/flaschen-impact-rechner-hotels\/\">Hotels<\/a>, die ihre Plastikwasserflaschen in den Zimmern durch unsere wiederverwendbare Version ersetzt haben. Probiere es aus: du wirst von den Ergebnissen \u00fcberrascht sein!<\/p>\n<p><strong>NEXT &#8211;&gt;<\/strong> <a href=\"https:\/\/trashhero.org\/de\/trash-hero-kids-programm\/\">Trash Hero Kids<\/a><br \/>\n<strong>Weitere Programme &#8211;&gt;<\/strong> <a href=\"https:\/\/trashhero.org\/cleanup-program\/\">Cleanups<\/a><br \/>\n<a href=\"https:\/\/trashhero.org\/community-programs\/\">Trash Hero Communities<\/a><\/p>\n<\/div>\n<\/div><\/div><div class=\"col-md-4     text-default small-screen-default\"  ><div class=\" element-short-top element-short-bottom\" data-os-animation=\"none\" data-os-animation-delay=\"0s\">\n    <div class=\"row\"><div class=\"col-md-12\"><a class=\"thumbnail magnific\"  href=\"https:\/\/trashhero.org\/wp-content\/uploads\/2021\/01\/2020-08-23-14.50.59.jpg\"><img decoding=\"async\" src=\"https:\/\/trashhero.org\/wp-content\/uploads\/2021\/01\/2020-08-23-14.50.59.jpg\"><\/a><\/div><div class=\"col-md-12\"><a class=\"thumbnail magnific\"  href=\"https:\/\/trashhero.org\/wp-content\/uploads\/2018\/10\/phuket-refill.jpg\"><img decoding=\"async\" src=\"https:\/\/trashhero.org\/wp-content\/uploads\/2018\/10\/phuket-refill.jpg\"><\/a><\/div><div class=\"col-md-12\"><a class=\"thumbnail magnific\"  href=\"https:\/\/trashhero.org\/wp-content\/uploads\/2023\/09\/kpg-refillpt-e1695824325508.jpg\"><img decoding=\"async\" src=\"https:\/\/trashhero.org\/wp-content\/uploads\/2023\/09\/kpg-refillpt-e1695824325508.jpg\"><\/a><\/div><\/div>\n<\/div><\/div><\/div><\/div>        <\/div>\n    <\/div>\n<\/section>\n\n","protected":false},"excerpt":{"rendered":"WASSERNACHF\u00dcLLNETZWERK Weniger Plastik bedeutet weniger Umweltverschmutzung und bessere Gesundheitbedingungen. Was ist besser als Abfall aufzusammeln? Daf\u00fcr zu sorgen, dass der Abfall gar nicht in der Natur landet! Was ist die Idee? Das Trash Hero Wassernachf\u00fcllnetzwerk soll Plastikm\u00fcll vermeiden. Wir bringen Unternehmen zusammen, die kostenloses Wasser zum Nachf\u00fcllen anbieten und optional eine sichere, erschwingliche Mehrwegflasche zum","protected":false},"author":8,"featured_media":0,"parent":0,"menu_order":0,"comment_status":"closed","ping_status":"closed","template":"","meta":{"footnotes":""},"class_list":["post-8773","page","type-page","status-publish","hentry"],"_links":{"self":[{"href":"https:\/\/trashhero.org\/de\/wp-json\/wp\/v2\/pages\/8773","targetHints":{"allow":["GET"]}}],"collection":[{"href":"https:\/\/trashhero.org\/de\/wp-json\/wp\/v2\/pages"}],"about":[{"href":"https:\/\/trashhero.org\/de\/wp-json\/wp\/v2\/types\/page"}],"author":[{"embeddable":true,"href":"https:\/\/trashhero.org\/de\/wp-json\/wp\/v2\/users\/8"}],"replies":[{"embeddable":true,"href":"https:\/\/trashhero.org\/de\/wp-json\/wp\/v2\/comments?post=8773"}],"version-history":[{"count":31,"href":"https:\/\/trashhero.org\/de\/wp-json\/wp\/v2\/pages\/8773\/revisions"}],"predecessor-version":[{"id":45002,"href":"https:\/\/trashhero.org\/de\/wp-json\/wp\/v2\/pages\/8773\/revisions\/45002"}],"wp:attachment":[{"href":"https:\/\/trashhero.org\/de\/wp-json\/wp\/v2\/media?parent=8773"}],"curies":[{"name":"wp","href":"https:\/\/api.w.org\/{rel}","templated":true}]}}