{"id":8782,"date":"2018-11-06T12:49:55","date_gmt":"2018-11-06T11:49:55","guid":{"rendered":"https:\/\/trashhero.org\/trash-hero-kids-programm\/"},"modified":"2026-01-28T15:42:08","modified_gmt":"2026-01-28T14:42:08","slug":"trash-hero-kids-programm","status":"publish","type":"page","link":"https:\/\/trashhero.org\/de\/trash-hero-kids-programm\/","title":{"rendered":"Trash Hero Kids Programm"},"content":{"rendered":"<section class=\"section swatch-white  section-text-no-shadow section-inner-no-shadow section-normal section-opaque\"  data-label=\"\">\n    \n    <div class=\"background-overlay grid-overlay-0 \" style=\"background-color: rgba(0,0,0,0);\"><\/div>\n\n    <div class=\"container\">\n        <div class=\"row vertical-top\">\n            <div class=\"col-md-12     text-default small-screen-default\"  ><div class=\"figure  element-short-top element-short-bottom image-filter-none image-filter-onhover fade-in text-center figcaption-middle fullwidth\" data-os-animation=\"none\" data-os-animation-delay=\"0s\">\n            <a href=\"https:\/\/trashhero.org\/wp-content\/uploads\/2018\/10\/maumere-kids.jpg\" class=\"figure-image magnific image-all\" data-links=\"\" target=\"_self\">\n    \n    <img decoding=\"async\" src=\"https:\/\/trashhero.org\/wp-content\/uploads\/2018\/10\/maumere-kids.jpg\"   class=\"fullwidth\" \/>    \n            <\/a>\n    \n<\/div><header class=\"text-left  element-short-top element-short-bottom not-condensed\" data-os-animation=\"none\" data-os-animation-delay=\"0s\" >\n    <h1 class=\"bigger regular no-bordered-header bordered-normal\" >\n        Trash Hero Kids Programm    <\/h1>\n    <\/header>\n<div class=\"row \"><div class=\"col-md-8     text-default small-screen-default\"  ><div class=\" element-short-top element-short-bottom\" data-os-animation=\"none\" data-os-animation-delay=\"0s\">\n    <header class=\"text-left element-short-top element-short-bottom not-condensed\" data-os-animation=\"none\" data-os-animation-delay=\"0s\">\n<p class=\"normal\"><em>Keiner zu klein, ein Trash Hero zu sein!<\/em><\/p>\n<\/header>\n<div class=\" element-short-top element-short-bottom\" data-os-animation=\"none\" data-os-animation-delay=\"0s\">\n<p>Bessere Zukunftsaussichten f\u00fcr unsere Umwelt erfordert ein gr\u00f6sseres Umweltbewusstsein der n\u00e4chsten Generationen. Mit anderen Worten, Kinder m\u00fcssen involviert werden! Und das k\u00f6nnen sie bei Trash Hero. Bis Ende Dezember 2025 haben mehr als 165,842 Kinder an unseren Handeln &amp; Bewusstsein Events teilgenommen.<\/p>\n<p><b><img loading=\"lazy\" decoding=\"async\" class=\"alignleft size-thumbnail wp-image-8783\" src=\"https:\/\/trashhero.org\/wp-content\/uploads\/2018\/01\/bookcover-150x150.jpg\" sizes=\"auto, (max-width: 150px) 100vw, 150px\" srcset=\"https:\/\/trashhero.org\/wp-content\/uploads\/2018\/01\/bookcover-150x150.jpg 150w, https:\/\/trashhero.org\/wp-content\/uploads\/2018\/01\/bookcover-300x300.jpg 300w, https:\/\/trashhero.org\/wp-content\/uploads\/2018\/01\/bookcover-100x100.jpg 100w, https:\/\/trashhero.org\/wp-content\/uploads\/2018\/01\/bookcover.jpg 320w\" alt=\"\" width=\"150\" height=\"150\" \/>Was ist die Idee? <\/b>Beim Trash Hero Kids Programm geht es um praxis- und erfahrungsorientiertes Lernen. Unser <a href=\"https:\/\/trashhero.org\/de\/das-trash-hero-kinderbuch\/\">Kinderbuch<\/a> bildet die Grundlage, um Kinder anzuregen und sie dann zu motivieren, eine Reihe von Herausforderungen zu bew\u00e4ltigen, um Abfall in ihrem t\u00e4glichen Leben zu sammeln und zu reduzieren. Dies f\u00fchrt zu langfristigen Verhaltens\u00e4nderungen. Als Belohnung f\u00fcr ihr Handeln erhalten die Kinder ein begehrtes Trash Hero T-Shirt geschenkt.<\/p>\n<p><b>Um welche Art von Aktivit\u00e4ten handelt es sich? <\/b>Die Kinder erhalten Punkte f\u00fcr die Teilnahme an Clenaups (die von Trash Hero oder anderen durchgef\u00fchrt werden), f\u00fcr die Verwendung von Alternativen zu Einwegplastikflaschen und Taschen, f\u00fcr den Verzicht auf Plastikstrohhalme und f\u00fcr Recycling und Upcycling. Die Aktivit\u00e4ten werden als Klasse oder Gemeinschaftsgruppe durchgef\u00fchrt, so dass es viel Motivation und auch Raum f\u00fcr einen gesunden Wettbewerb unter den Kindern gibt!<\/p>\n<p><strong>Wie k\u00f6nnen sich arme Gemeinschaften das Programm leisten?<\/strong> Das Material, inklusive den gedruckten B\u00fcchern und den T-Shirts werden kostenlos an Schulen Gemeinschaften in S\u00fcdostasien abgegeben. M\u00f6glich gemacht wird dies durch <a href=\"https:\/\/trashhero.org\/de\/spende\/\">Spenden<\/a> und einer im Dezember 2017 durchgef\u00fchrten Crowdfunding-Aktion. Die Aktivit\u00e4ten werden durch Lehrer und ehrenamtlicher Helfer unserer Chapters betreut.<\/p>\n<p><strong>Gibt es weitere Ausbildungsaktivit\u00e4ten von Trash Hero?<\/strong> Wir veranstalten regelm\u00e4ssig Cleanups mit lokalen Schulen, verteilen f\u00fcr Kinder verst\u00e4ndliche Poster dar\u00fcber, warum M\u00fcll fachgerecht entsorgt werden sollte und machen Pr\u00e4sentationen in Schulen dar\u00fcber, wie Abfall Str\u00e4nde und das Leben im Meer beeinflusst. Trash Hero-Kids haben an der Erstellung von pers\u00f6nlichen Videos mitgewirkt, darunter auch Videos die zeigen, wie sich M\u00fcll in ihren Gemeinschaften auswirkt.<\/p>\n<p>Auf dieser Webseite haben wir auch einen <a href=\"https:\/\/trashhero.org\/de\/trash-hero-kids\/\">speziellen Bereich f\u00fcr Kinder<\/a>, mit entsprechend gestalteten Informationen zum Thema Abfall und wie sie helfen k\u00f6nnen.<\/p>\n<p><b>K\u00f6nnt ihr bei uns in der Schule vorbeikommen?<\/b> Abh\u00e4ngig vom Standort der Schule, grunds\u00e4tzlich ja. Freiwillige k\u00f6nnen m\u00f6glicherweise Pr\u00e4sentationen in Ihrer Schule vor Ort durchf\u00fchren. Bitte daf\u00fcr das Trash Hero Chapter in deiner Region kontaktieren.<\/p>\n<p><strong>WEITER ZUM N\u00c4CHSTEN &#8211;&gt;<\/strong> <a href=\"https:\/\/trashhero.org\/de\/trashherocommunities\/\">Trash Hero Communities<\/a><br \/>\n<a href=\"https:\/\/trashhero.org\/de\/wochentliche-cleanups-reinigungsaktionen\/\">W\u00f6chentliche Cleanups (Reinigungsaktionen)<\/a><\/p>\n<\/div>\n<\/div><\/div><div class=\"col-md-4     text-default small-screen-default\"  ><div class=\"figure  element-short-top element-short-bottom os-animation image-filter-none image-filter-onhover fade-in text-center figcaption-middle fullwidth\" data-os-animation=\"pulse\" data-os-animation-delay=\"0s\">\n            <a href=\"\/kids\/\" class=\"figure-image  image-all\" data-links=\"\" target=\"_self\">\n    \n    <img decoding=\"async\" src=\"https:\/\/trashhero.org\/wp-content\/uploads\/2018\/10\/kids-link-1.jpg\"   class=\"fullwidth\" \/>        <div class=\"figure-overlay grid-overlay-0\">\n        <div class=\"figure-overlay-container\">\n                            <span class=\"figure-icon\">\n                    <svg version=\"1.1\" xmlns=\"http:\/\/www.w3.org\/2000\/svg\" xmlns:xlink=\"http:\/\/www.w3.org\/1999\/xlink\" viewBox=\"0 0 100 100\"  preserveaspectratio=\"none\">\n<g>\n\n        <line display=\"inline\" fill=\"none\"  stroke-width=\"1\" stroke-miterlimit=\"10\" x1=\"36.494\" y1=\"50.468\" x2=\"65.088\" y2=\"50.468\"\/>\n    <g display=\"inline\">\n        <polyline fill=\"none\"  stroke-width=\"1\" stroke-miterlimit=\"10\" points=\"55.01,60.757 65.556,50.468\n            55.01,40.181        \"\/>\n    <\/g>\n<\/g>\n<\/svg>\n                <\/span>\n                    <\/div>\n    <\/div>\n    \n            <\/a>\n    \n<\/div><div class=\" element-short-top element-short-bottom\" data-os-animation=\"none\" data-os-animation-delay=\"0s\">\n    <div class=\"row\"><div class=\"col-md-12\"><a class=\"thumbnail magnific\"  href=\"https:\/\/trashhero.org\/wp-content\/uploads\/2018\/10\/thkids-chumphon.jpg\"><img decoding=\"async\" src=\"https:\/\/trashhero.org\/wp-content\/uploads\/2018\/10\/thkids-chumphon.jpg\"><\/a><\/div><div class=\"col-md-12\"><a class=\"thumbnail magnific\"  href=\"https:\/\/trashhero.org\/wp-content\/uploads\/2018\/10\/gilimeno5.jpg\"><img decoding=\"async\" src=\"https:\/\/trashhero.org\/wp-content\/uploads\/2018\/10\/gilimeno5.jpg\"><\/a><\/div><div class=\"col-md-12\"><a class=\"thumbnail magnific\"  href=\"https:\/\/trashhero.org\/wp-content\/uploads\/2017\/08\/11845228_1704860926411988_2870922073511246715_o.jpg\"><img decoding=\"async\" src=\"https:\/\/trashhero.org\/wp-content\/uploads\/2017\/08\/11845228_1704860926411988_2870922073511246715_o.jpg\"><\/a><\/div><div class=\"col-md-12\"><a class=\"thumbnail magnific\"  href=\"https:\/\/trashhero.org\/wp-content\/uploads\/2018\/10\/trang-games3.jpg\"><img decoding=\"async\" src=\"https:\/\/trashhero.org\/wp-content\/uploads\/2018\/10\/trang-games3.jpg\"><\/a><\/div><\/div>\n<\/div><\/div><\/div><\/div>        <\/div>\n    <\/div>\n<\/section>\n\n","protected":false},"excerpt":{"rendered":"Trash Hero Kids Programm Keiner zu klein, ein Trash Hero zu sein! Bessere Zukunftsaussichten f\u00fcr unsere Umwelt erfordert ein gr\u00f6sseres Umweltbewusstsein der n\u00e4chsten Generationen. Mit anderen Worten, Kinder m\u00fcssen involviert werden! Und das k\u00f6nnen sie bei Trash Hero. Bis Ende Dezember 2025 haben mehr als 165,842 Kinder an unseren Handeln &amp; Bewusstsein Events teilgenommen. Was","protected":false},"author":8,"featured_media":0,"parent":0,"menu_order":0,"comment_status":"closed","ping_status":"closed","template":"","meta":{"footnotes":""},"class_list":["post-8782","page","type-page","status-publish","hentry"],"_links":{"self":[{"href":"https:\/\/trashhero.org\/de\/wp-json\/wp\/v2\/pages\/8782","targetHints":{"allow":["GET"]}}],"collection":[{"href":"https:\/\/trashhero.org\/de\/wp-json\/wp\/v2\/pages"}],"about":[{"href":"https:\/\/trashhero.org\/de\/wp-json\/wp\/v2\/types\/page"}],"author":[{"embeddable":true,"href":"https:\/\/trashhero.org\/de\/wp-json\/wp\/v2\/users\/8"}],"replies":[{"embeddable":true,"href":"https:\/\/trashhero.org\/de\/wp-json\/wp\/v2\/comments?post=8782"}],"version-history":[{"count":28,"href":"https:\/\/trashhero.org\/de\/wp-json\/wp\/v2\/pages\/8782\/revisions"}],"predecessor-version":[{"id":47651,"href":"https:\/\/trashhero.org\/de\/wp-json\/wp\/v2\/pages\/8782\/revisions\/47651"}],"wp:attachment":[{"href":"https:\/\/trashhero.org\/de\/wp-json\/wp\/v2\/media?parent=8782"}],"curies":[{"name":"wp","href":"https:\/\/api.w.org\/{rel}","templated":true}]}}