{"id":8790,"date":"2018-11-06T12:59:02","date_gmt":"2018-11-06T11:59:02","guid":{"rendered":"https:\/\/trashhero.org\/abfallmanagement\/"},"modified":"2024-06-24T13:58:50","modified_gmt":"2024-06-24T11:58:50","slug":"trashherocommunities","status":"publish","type":"page","link":"https:\/\/trashhero.org\/de\/trashherocommunities\/","title":{"rendered":"Trash Hero Communities"},"content":{"rendered":"<section class=\"section swatch-white  section-text-no-shadow section-inner-no-shadow section-normal section-opaque\"  data-label=\"\">\n    \n    <div class=\"background-overlay grid-overlay-0 \" style=\"background-color: rgba(0,0,0,0);\"><\/div>\n\n    <div class=\"container\">\n        <div class=\"row vertical-top\">\n            <div class=\"col-md-12     text-default small-screen-default\"  ><div class=\"figure  element-short-top element-short-bottom image-filter-none image-filter-onhover fade-in text-center figcaption-middle fullwidth\" data-os-animation=\"none\" data-os-animation-delay=\"0s\">\n            <a href=\"https:\/\/trashhero.org\/wp-content\/uploads\/2020\/01\/candidasa-banksampah.jpg\" class=\"figure-image magnific image-all\" data-links=\"\" target=\"_self\">\n    \n    <img decoding=\"async\" src=\"https:\/\/trashhero.org\/wp-content\/uploads\/2020\/01\/candidasa-banksampah.jpg\"   class=\"fullwidth\" \/>    \n            <\/a>\n    \n<\/div><header class=\"text-left  element-short-top element-short-bottom not-condensed\" data-os-animation=\"none\" data-os-animation-delay=\"0s\" >\n    <h1 class=\"bigger regular no-bordered-header bordered-normal\" >\n        TRASH HERO COMMUNITIES    <\/h1>\n    <\/header>\n<div class=\"row \"><div class=\"col-md-8     text-default small-screen-default\"  ><div class=\" element-short-top element-short-bottom\" data-os-animation=\"none\" data-os-animation-delay=\"0s\">\n    <header class=\"text-left element-short-top element-short-bottom not-condensed\" data-os-animation=\"none\" data-os-animation-delay=\"0s\">\n<p class=\"normal\"><em>Initiierung von Zero-Waste-Projekte auf lokaler Ebene.<\/em><\/p>\n<p>Sobald sie mit der Organisation regelm\u00e4ssiger Cleanups beginnen, engagieren sich unsere Freiwilligen oft sehr f\u00fcr die Abfallsituation in ihrer Umgebung. Dabei sind sie in einer guten Position, um etwas dagegen zu unternehmen, da sie im Laufe der Zeit Vertrauen und Glaubw\u00fcrdigkeit in der lokalen Gemeinschaft aufgebaut haben.<\/p>\n<p><strong>Was ist die Idee dahinter?<\/strong> Wir wollen dieses Potenzial nutzen, indem wir die F\u00e4higkeiten, das Wissen und das Verst\u00e4ndnis vermitteln, um den Grundstein f\u00fcr funktionierende Zero-Waste-Projekte zu legen. Diese Projekte k\u00f6nnten sich auf eine verbesserte Abfalltrennung und -verwaltung, die Verringerung des Plastikverbrauchs oder die Abfallvermeidung bei lokalen Festen und Veranstaltungen beziehen.<\/p>\n<\/header>\n<p><strong>Wie funktioniert es?<\/strong> Trash Hero World bildet seine Freiwilligen zu Zero-Waste-Botschaftern aus, die das Konzept und den Wert einer Kreislaufwirtschaft sowie die besten Praktiken auf lokaler Ebene verstehen. Schliesslich sollen sie in der Lage sein, sich f\u00fcr Projekte einzusetzen und dabei zu kooperieren, sowie &#8222;falsche L\u00f6sungen&#8220; zu erkennen und zu benennen, die den Zero-Waste-Prinzipien zuwiderlaufen.<\/p>\n<p>Zur Unterst\u00fctzung dieser Arbeit erstellen wir auch Bildungsmaterialien und helfen bei<a href=\"https:\/\/trashhero.org\/de\/trash-hero-bringt-the-story-of-plastic-einem-neuen-publikum-nahe\/\"> der \u00dcbersetzung bestehender Materialien in die jeweiligen Landessprachen<\/a>, damit sie weiter verbreitet werden k\u00f6nnen.<\/p>\n<p><strong>Was lehren wir?<\/strong> Wir bieten eine Kombination aus technischem Wissen, Interessenvertretung und Soft Skills: Abfallmanagement, Datenerfassung, Abfallvermeidung und Zero-Waste-Prinzipien, effektive Kommunikation, kritisches Denken und Probleml\u00f6sung sowie Einf\u00fchlungsverm\u00f6gen, Positivit\u00e4t, Geduld und Selbstvertrauen &#8211; alles wichtige Voraussetzungen f\u00fcr diese Art von Arbeit.<\/p>\n<p><strong>Funktioniert es?<\/strong> Mehrere unserer Chapters in S\u00fcdostasien konnten langfristige Projekte zur Abfallvermeidung ins Leben rufen, wie z. B. kommunale M\u00fclldeponien oder Kompostierungsprogramme. Andere beraten Gemeinden oder Veranstaltungsorganisatoren in Sachen Abfallvermeidung und -reduzierung. Alle leisten in ihrer Gemeinschaft und in den sozialen Medien \u00dcberzeugungsarbeit und tragen dazu bei, das Konzept der Abfallvermeidung zu verbreiten.<\/p>\n<div class=\" element-short-top element-short-bottom\" data-os-animation=\"none\" data-os-animation-delay=\"0s\">\n<p><strong>ANDERE PROGRAMME&#8211;&gt;<\/strong>\u00a0<a href=\"https:\/\/trashhero.org\/de\/wochentliche-cleanups-reinigungsaktionen\/\">W\u00f6chentliche Cleanups<\/a><br \/>\n<a href=\"https:\/\/trashhero.org\/de\/trash-hero-kids-programm\/\">Trash Hero Kids Programm<\/a><\/p>\n<\/div>\n<\/div><\/div><div class=\"col-md-4     text-default small-screen-default\"  ><div class=\" element-short-top element-short-bottom\" data-os-animation=\"none\" data-os-animation-delay=\"0s\">\n    <div class=\"row\"><div class=\"col-md-12\"><a class=\"thumbnail magnific\"  href=\"https:\/\/trashhero.org\/wp-content\/uploads\/2022\/08\/chumphon-plates-e1663683094539.jpg\"><img decoding=\"async\" src=\"https:\/\/trashhero.org\/wp-content\/uploads\/2022\/08\/chumphon-plates-600x540.jpg\"><\/a><\/div><div class=\"col-md-12\"><a class=\"thumbnail magnific\"  href=\"https:\/\/trashhero.org\/wp-content\/uploads\/2022\/08\/129453518_4190128767670647_3227171517636647435_n.jpg\"><img decoding=\"async\" src=\"https:\/\/trashhero.org\/wp-content\/uploads\/2022\/08\/129453518_4190128767670647_3227171517636647435_n-600x600.jpg\"><\/a><\/div><div class=\"col-md-12\"><a class=\"thumbnail magnific\"  href=\"https:\/\/trashhero.org\/wp-content\/uploads\/2022\/08\/Jan_CzechME.jpg\"><img decoding=\"async\" src=\"https:\/\/trashhero.org\/wp-content\/uploads\/2022\/08\/Jan_CzechME-600x600.jpg\"><\/a><\/div><div class=\"col-md-12\"><a class=\"thumbnail magnific\"  href=\"https:\/\/trashhero.org\/wp-content\/uploads\/2022\/08\/park-banntoshare.jpg\"><img decoding=\"async\" src=\"https:\/\/trashhero.org\/wp-content\/uploads\/2022\/08\/park-banntoshare-600x600.jpg\"><\/a><\/div><\/div>\n<\/div><\/div><\/div><\/div>        <\/div>\n    <\/div>\n<\/section>\n\n","protected":false},"excerpt":{"rendered":"TRASH HERO COMMUNITIES Initiierung von Zero-Waste-Projekte auf lokaler Ebene. Sobald sie mit der Organisation regelm\u00e4ssiger Cleanups beginnen, engagieren sich unsere Freiwilligen oft sehr f\u00fcr die Abfallsituation in ihrer Umgebung. Dabei sind sie in einer guten Position, um etwas dagegen zu unternehmen, da sie im Laufe der Zeit Vertrauen und Glaubw\u00fcrdigkeit in der lokalen Gemeinschaft aufgebaut","protected":false},"author":8,"featured_media":0,"parent":0,"menu_order":0,"comment_status":"closed","ping_status":"closed","template":"","meta":{"footnotes":""},"class_list":["post-8790","page","type-page","status-publish","hentry"],"_links":{"self":[{"href":"https:\/\/trashhero.org\/de\/wp-json\/wp\/v2\/pages\/8790","targetHints":{"allow":["GET"]}}],"collection":[{"href":"https:\/\/trashhero.org\/de\/wp-json\/wp\/v2\/pages"}],"about":[{"href":"https:\/\/trashhero.org\/de\/wp-json\/wp\/v2\/types\/page"}],"author":[{"embeddable":true,"href":"https:\/\/trashhero.org\/de\/wp-json\/wp\/v2\/users\/8"}],"replies":[{"embeddable":true,"href":"https:\/\/trashhero.org\/de\/wp-json\/wp\/v2\/comments?post=8790"}],"version-history":[{"count":12,"href":"https:\/\/trashhero.org\/de\/wp-json\/wp\/v2\/pages\/8790\/revisions"}],"predecessor-version":[{"id":42565,"href":"https:\/\/trashhero.org\/de\/wp-json\/wp\/v2\/pages\/8790\/revisions\/42565"}],"wp:attachment":[{"href":"https:\/\/trashhero.org\/de\/wp-json\/wp\/v2\/media?parent=8790"}],"curies":[{"name":"wp","href":"https:\/\/api.w.org\/{rel}","templated":true}]}}